{"id":19232,"date":"2026-02-04T21:55:23","date_gmt":"2026-02-04T20:55:23","guid":{"rendered":"https:\/\/obcocinas.es\/profissionais\/"},"modified":"2026-03-06T15:36:29","modified_gmt":"2026-03-06T14:36:29","slug":"profissionais","status":"publish","type":"page","link":"https:\/\/obcocinas.es\/pt\/profissionais\/","title":{"rendered":"Profissionais"},"content":{"rendered":"\n<div class=\"gb-element-34d1ced1\">\n<div class=\"wp-block-cover\" style=\"min-height:100%;aspect-ratio:unset;\"><img loading=\"lazy\" decoding=\"async\" width=\"2560\" height=\"1707\" sizes=\"auto, (max-width: 2172px) 100vw, 2172px\" class=\"wp-block-cover__image-background wp-image-18300 size-full\" alt=\"Profesionales viendo un cat\u00e1logo\" src=\"https:\/\/obcocinas.es\/wp-content\/uploads\/2026\/02\/MC_5683-scaled.webp\" data-object-fit=\"cover\" srcset=\"https:\/\/obcocinas.es\/wp-content\/uploads\/2026\/02\/MC_5683-scaled.webp 2560w, https:\/\/obcocinas.es\/wp-content\/uploads\/2026\/02\/MC_5683-1024x683.webp 1024w, https:\/\/obcocinas.es\/wp-content\/uploads\/2026\/02\/MC_5683-1536x1024.webp 1536w, https:\/\/obcocinas.es\/wp-content\/uploads\/2026\/02\/MC_5683-2048x1366.webp 2048w\" \/><span aria-hidden=\"true\" class=\"wp-block-cover__background has-background-dim-0 has-background-dim\" style=\"background-color:#7d736f\"><\/span><div class=\"wp-block-cover__inner-container is-layout-flow wp-block-cover-is-layout-flow\">\n<p class=\"has-text-align-center has-large-font-size\"><\/p>\n<\/div><\/div>\n<\/div>\n\n\n\n<div class=\"gb-element-2dcbf3b7\">\n<div class=\"gb-element-a4ba9e1b\">\n<h1 class=\"gb-text gb-text-f6667fad\">Quer ser distribuidor?<\/h1>\n\n\n\n<a class=\"gb-text gb-text-36362df6 ob-btn-main contacto\">ENTRE EM CONTACTO CONNOSCO<\/a>\n<\/div>\n<\/div>\n\n\n\n<div class=\"gb-element-7702ef1d\">\n<div class=\"gb-element-56aec13b\">\n<div class=\"gb-element-aad1cca0\">\n<div class=\"gb-element-5f7c68f7\"><\/div>\n\n\n\n<div class=\"gb-element-36db1b0d\"><\/div>\n\n\n\n<div class=\"gb-element-282eced4\"><\/div>\n\n\n\n<div class=\"gb-element-32da5cbc\"><\/div>\n\n\n\n<div class=\"gb-element-8a0e31e4\">\n<p class=\"gb-text gb-text-eb0f8090\">+400<\/p>\n\n\n\n<p class=\"gb-text gb-text-6c293fde\">pontos de venda em todo o mundo<\/p>\n<\/div>\n\n\n\n<div class=\"gb-element-919d247a\">\n<p class=\"gb-text gb-text-698d25a7\">115.000<\/p>\n\n\n\n<p class=\"gb-text gb-text-72f2d233\">m\u00f3dulos de cozinha fabricados por ano<\/p>\n<\/div>\n\n\n\n<div class=\"gb-element-cabd418d\">\n<div class=\"gb-element-b521dfbb\">\n<p class=\"gb-text gb-text-12cee62d\">40.000  <\/p>\n\n\n\n<span class=\"gb-text gb-text-049f9748\">m2<\/span>\n<\/div>\n\n\n\n<p class=\"gb-text gb-text-5191d466\">de instala\u00e7\u00f5es<\/p>\n<\/div>\n\n\n\n<div class=\"gb-element-2e00d923\">\n<p class=\"gb-text gb-text-fb7a9cdb\">+45<\/p>\n\n\n\n<p class=\"gb-text gb-text-08ce31fc\">anos de experi\u00eancia<\/p>\n<\/div>\n\n\n\n<div class=\"gb-element-ff70c888\">\n<div class=\"gb-element-a3c9295a\">\n<p class=\"gb-text gb-text-b51deb18\">+15<\/p>\n\n\n\n<span class=\"gb-text gb-text-f79bed7a\">pa\u00edses<\/span>\n<\/div>\n\n\n\n<p class=\"gb-text gb-text-3a713d50\">onde exportamos<\/p>\n<\/div>\n\n\n\n<div class=\"gb-element-970d7d92\">\n<div class=\"gb-element-32c25569\">\n<p class=\"gb-text gb-text-620dd78b\">1.000.000<\/p>\n\n\n\n<span class=\"gb-text gb-text-3ffcc88c\">watts<\/span>\n<\/div>\n\n\n\n<p class=\"gb-text gb-text-eff1d1f7\">de energia solar gerada<\/p>\n<\/div>\n<\/div>\n<\/div>\n<\/div>\n\n\n\n<div class=\"gb-element-baa8ad04\">\n<div class=\"gb-element-f4ce6198\">\n<img loading=\"lazy\" decoding=\"async\" width=\"2560\" height=\"1706\" class=\"gb-media-8bce93f1\" alt=\"empresa\" src=\"https:\/\/obcocinas.es\/wp-content\/uploads\/2026\/02\/empresa-scaled.webp\" title=\"empresa\" srcset=\"https:\/\/obcocinas.es\/wp-content\/uploads\/2026\/02\/empresa-scaled.webp 2560w, https:\/\/obcocinas.es\/wp-content\/uploads\/2026\/02\/empresa-1024x683.webp 1024w, https:\/\/obcocinas.es\/wp-content\/uploads\/2026\/02\/empresa-1536x1024.webp 1536w, https:\/\/obcocinas.es\/wp-content\/uploads\/2026\/02\/empresa-2048x1365.webp 2048w\" sizes=\"auto, (max-width: 2560px) 100vw, 2560px\" \/>\n<\/div>\n\n\n\n<div class=\"gb-element-cecfca83\">\n<h2 class=\"gb-text gb-text-a49f5062\">Qualidade, efici\u00eancia <br>e excel\u00eancia<\/h2>\n\n\n\n<div class=\"gb-element-dbd871c3\">\n<p style=\"margin-top:0px;margin-bottom:0px\">Na<strong> OB COCINAS<\/strong>, somos especialistas no design, fabrico e fornecimento de cozinhas de alta qualidade.<br><br><br>Com mais de<strong> 45 anos <\/strong>de experi\u00eancia, o nosso compromisso com qualidade, efici\u00eancia e excel\u00eancia no servi\u00e7o posiciona-nos como uma refer\u00eancia no setor.<br><br><br>Ao combinar tecnologia, automa\u00e7\u00e3o e processos produtivos eficientes, criamos cozinhas \u00fanicas, simples e elegantes.<\/p>\n<\/div>\n<\/div>\n<\/div>\n\n\n\n<div class=\"gb-element-d3fb5e9b\">\n<div class=\"gb-element-a2db1c6a\">\n<div class=\"gb-element-ab482ced\">\n<img loading=\"lazy\" decoding=\"async\" width=\"1280\" height=\"482\" class=\"gb-media-3f3d34c9\" alt=\"logo carb 2\" src=\"https:\/\/obcocinas.es\/wp-content\/uploads\/2026\/02\/Copia-de-logo-carb-2-negro.webp\" title=\"logo carb 2\" srcset=\"https:\/\/obcocinas.es\/wp-content\/uploads\/2026\/02\/Copia-de-logo-carb-2-negro.webp 1280w, https:\/\/obcocinas.es\/wp-content\/uploads\/2026\/02\/Copia-de-logo-carb-2-negro-1024x386.webp 1024w\" sizes=\"auto, (max-width: 1280px) 100vw, 1280px\" \/>\n<\/div>\n\n\n\n<div class=\"gb-element-afef0c05\">\n<img loading=\"lazy\" decoding=\"async\" width=\"400\" height=\"374\" class=\"gb-media-0638f12a\" alt=\"logo B Corp\" src=\"https:\/\/obcocinas.es\/wp-content\/uploads\/2026\/02\/Copia-de-B-Corp.webp\" title=\"logo B Corp\"\/>\n<\/div>\n\n\n\n<div class=\"gb-element-513a11a5\">\n<img loading=\"lazy\" decoding=\"async\" width=\"2560\" height=\"1236\" class=\"gb-media-ea0ed663\" alt=\"Logo ISO-9001\" src=\"https:\/\/obcocinas.es\/wp-content\/uploads\/2026\/02\/ISO-9001-RGB-negro-scaled.webp\" title=\"Logo ISO-9001\" srcset=\"https:\/\/obcocinas.es\/wp-content\/uploads\/2026\/02\/ISO-9001-RGB-negro-scaled.webp 2560w, https:\/\/obcocinas.es\/wp-content\/uploads\/2026\/02\/ISO-9001-RGB-negro-1024x494.webp 1024w, https:\/\/obcocinas.es\/wp-content\/uploads\/2026\/02\/ISO-9001-RGB-negro-1536x742.webp 1536w, https:\/\/obcocinas.es\/wp-content\/uploads\/2026\/02\/ISO-9001-RGB-negro-2048x989.webp 2048w\" sizes=\"auto, (max-width: 2560px) 100vw, 2560px\" \/>\n<\/div>\n\n\n\n<div class=\"gb-element-abb19fe2\">\n<img loading=\"lazy\" decoding=\"async\" width=\"563\" height=\"212\" class=\"gb-media-a947e334\" alt=\"LOGO-GARANTIA\" src=\"https:\/\/obcocinas.es\/wp-content\/uploads\/2026\/02\/Copia-de-LOGO-GARANTIA.webp\" title=\"LOGO-GARANTIA\"\/>\n<\/div>\n<\/div>\n<\/div>\n\n\n\n<div class=\"gb-element-0cf74a7e\">\n<div class=\"gb-element-197cf0d0\" id=\"view-catalog\">\n<div class=\"gb-element-7fc28851\">\n<div class=\"gb-element-ed89e417\">\n<div class=\"gb-element-a1a9663f\">\n<div class=\"gb-element-0dfefa10\">\n<div class=\"gb-element-387bc205\">\n<hr class=\"wp-block-separator has-text-color has-alpha-channel-opacity has-background\" style=\"margin-top:5px;background-color:#805ee8;color:#805ee8\"\/>\n<\/div>\n\n\n\n<p class=\"gb-text gb-text-26fae74a\">Entre em contacto connosco<\/p>\n<\/div>\n\n\n\n<h2 class=\"gb-text gb-text-6794779f\">Quer ser distribuidor?<\/h2>\n\n\n\n<p class=\"gb-text gb-text-c24ca27e\">Fa\u00e7a parte da nossa rede internacional de distribuidores<\/p>\n<\/div>\n\n\n\n<div class=\"gb-element-790e2d84\">\n<a class=\"gb-text gb-text-9a5cb6a8 ob-btn-main contacto\" href=\"https:\/\/obcocinas.es\/wp-content\/uploads\/2025\/11\/CATALOGO-DE-IMAGEN-2025.pdf\">SAIBA MAIS<\/a>\n<\/div>\n<\/div>\n<\/div>\n<\/div>\n<\/div>\n\n\n\n<div class=\"gb-element-04f3aae7 ob-projects\">\n<div class=\"gb-element-0cb7d43d ob-swiper-projects-container\">\n<div class=\"gb-element-f34fe11a\">\n<h2 class=\"gb-text gb-text-5303fce7\">Projetos<\/h2>\n\n\n\n<div class=\"gb-element-c82b46e0\"><\/div>\n<\/div>\n\n\n\n<div class=\"gb-query-ed4bcffa ob-swiper-projects\">\n\n\n\n<p class=\"gb-text\">N\u00e3o foram encontrados resultados.<\/p>\n\n<\/div>\n\n\n\n<div class=\"gb-element-9b1518ee ob-projects-pagination swiper-pagination\"><\/div>\n\n\n\n<div class=\"gb-element-7a6a5263\">\n<div class=\"gb-element-de654cab ob-projects-prev\">\n<img loading=\"lazy\" decoding=\"async\" width=\"14\" height=\"19\" class=\"gb-media-63d2856a\" alt=\"Flecha hacia la derecha\" src=\"https:\/\/obcocinas.es\/wp-content\/uploads\/2025\/11\/slider-arrow.svg\" title=\"slider-arrow\"\/>\n<\/div>\n\n\n\n<div class=\"gb-element-fdd056d2 ob-projects-next\">\n<img loading=\"lazy\" decoding=\"async\" width=\"14\" height=\"19\" class=\"gb-media-ddaa1d62\" alt=\"Flecha hacia la derecha\" src=\"https:\/\/obcocinas.es\/wp-content\/uploads\/2025\/11\/slider-arrow.svg\" title=\"slider-arrow\"\/>\n<\/div>\n<\/div>\n\n\n\n<div class=\"gb-element-cb331b6c ob-projects-progress\">\n<div class=\"gb-element-be0302fd ob-projects-progress-track\">\n<div class=\"gb-element-a9dd5106 ob-projects-progress-fill\" id=\"projectsProgressFill\"><\/div>\n<\/div>\n<\/div>\n<\/div>\n\n\n\n<div><\/div>\n<\/div>\n\n\n\n<div class=\"gb-element-5dbdf440\">\n<div class=\"gb-element-d2649208\">\n<div class=\"gb-element-3492877c\">\n<div class=\"gb-element-f00b71b4\">\n<h2 class=\"gb-text gb-text-6a8ca0b9\">A cozinha \u00e9 a linguagem <br>mais universal do mundo<\/h2>\n\n\n\n<a class=\"gb-text gb-text-3d1bf574 ob-btn-main\" href=\"https:\/\/obcocinas.es\/wp-content\/uploads\/2025\/11\/CATALOGO-DE-IMAGEN-2025.pdf\">Ver cat\u00e1logo<\/a>\n<\/div>\n\n\n\n<div class=\"gb-element-e26e2788\">\n<img loading=\"lazy\" decoding=\"async\" width=\"629\" height=\"786\" class=\"gb-media-0a0a3f6f\" alt=\"OB Cocinas libro\" src=\"https:\/\/obcocinas.es\/wp-content\/uploads\/2025\/11\/obcocinas-libro-.png\" title=\"obcocinas-libro\" srcset=\"https:\/\/obcocinas.es\/wp-content\/uploads\/2025\/11\/obcocinas-libro--png.avif 629w, https:\/\/obcocinas.es\/wp-content\/uploads\/2025\/11\/obcocinas-libro--240x300-png.avif 240w\" sizes=\"auto, (max-width: 629px) 100vw, 629px\" \/>\n<\/div>\n<\/div>\n<\/div>\n<\/div>\n\n\n\n<div style=\"height:30px\" aria-hidden=\"true\" class=\"wp-block-spacer\"><\/div>\n","protected":false},"excerpt":{"rendered":"<p>Quer ser distribuidor? ENTRE EM CONTACTO CONNOSCO +400 pontos de venda em todo o mundo 115.000 m\u00f3dulos de cozinha fabricados por ano 40.000 m2 de instala\u00e7\u00f5es +45 anos de experi\u00eancia +15 pa\u00edses onde exportamos 1.000.000 watts de energia solar gerada Qualidade, efici\u00eancia e excel\u00eancia Na OB COCINAS, somos especialistas no design, fabrico e fornecimento de [&hellip;]<\/p>\n","protected":false},"author":14,"featured_media":0,"parent":0,"menu_order":0,"comment_status":"closed","ping_status":"closed","template":"wp-custom-template-pagina-sem-titulo","meta":{"footnotes":""},"class_list":["post-19232","page","type-page","status-publish","hentry"],"_links":{"self":[{"href":"https:\/\/obcocinas.es\/pt\/wp-json\/wp\/v2\/pages\/19232","targetHints":{"allow":["GET"]}}],"collection":[{"href":"https:\/\/obcocinas.es\/pt\/wp-json\/wp\/v2\/pages"}],"about":[{"href":"https:\/\/obcocinas.es\/pt\/wp-json\/wp\/v2\/types\/page"}],"author":[{"embeddable":true,"href":"https:\/\/obcocinas.es\/pt\/wp-json\/wp\/v2\/users\/14"}],"replies":[{"embeddable":true,"href":"https:\/\/obcocinas.es\/pt\/wp-json\/wp\/v2\/comments?post=19232"}],"version-history":[{"count":4,"href":"https:\/\/obcocinas.es\/pt\/wp-json\/wp\/v2\/pages\/19232\/revisions"}],"predecessor-version":[{"id":19236,"href":"https:\/\/obcocinas.es\/pt\/wp-json\/wp\/v2\/pages\/19232\/revisions\/19236"}],"wp:attachment":[{"href":"https:\/\/obcocinas.es\/pt\/wp-json\/wp\/v2\/media?parent=19232"}],"curies":[{"name":"wp","href":"https:\/\/api.w.org\/{rel}","templated":true}]}}