{"id":13929,"date":"2025-11-09T13:51:02","date_gmt":"2025-11-09T12:51:02","guid":{"rendered":"https:\/\/obcocinas.es\/politica-de-privacidade\/"},"modified":"2026-05-04T10:55:01","modified_gmt":"2026-05-04T08:55:01","slug":"politica-de-privacidade","status":"publish","type":"page","link":"https:\/\/obcocinas.es\/pt\/politica-de-privacidade\/","title":{"rendered":"Pol\u00edtica de privacidade"},"content":{"rendered":"\n<p><strong>INTRODU\u00c7\u00c3O<\/strong><\/p>\n\n<p>A sua privacidade \u00e9 importante para n\u00f3s, por isso, atrav\u00e9s deste documento, explicamos-lhe que dados recolhemos dos utilizadores, como os utilizamos e para que, entre outras indica\u00e7\u00f5es.<\/p>\n\n<p>Para sua informa\u00e7\u00e3o, nunca pediremos mais informa\u00e7\u00f5es do que as que realmente necessitamos para os servi\u00e7os requeridos; nunca as partilharemos com terceiros, exceto por obriga\u00e7\u00e3o legal ou com a sua autoriza\u00e7\u00e3o pr\u00e9via; e nunca utilizaremos os seus dados para outra finalidade n\u00e3o indicada previamente.<\/p>\n\n<p>Como utilizadores, dever\u00e1 ler atentamente esta Pol\u00edtica de privacidade de forma regular, e sempre que introduza os seus dados pessoais, j\u00e1 que este documento pode sofrer modifica\u00e7\u00f5es, uma vez que o prestador pode modificar qualquer tipo de informa\u00e7\u00e3o que possa aparecer na web para cumprir com a normativa ou atualizar a pol\u00edtica, e sem que exista a obriga\u00e7\u00e3o de preavisar ou p\u00f4r em conhecimento dos utilizadores essas obriga\u00e7\u00f5es, sendo suficiente a publica\u00e7\u00e3o no s\u00edtio Web do prestador.<\/p>\n\n<p><strong>RESPONS\u00c1VEL PELO TRATAMENTO:<\/strong><\/p>\n\n<p>Identidade:<strong> MUEBLES OB, S.A. (<\/strong>tamb\u00e9m o prestador)<br\/>NIF:<strong> A14372874<\/strong><br\/>Morada:<strong> Camino de C\u00f3rdoba Km2, Villafranca de C\u00f3rdoba, 14420, C\u00f3rdoba<\/strong><br\/>Correio eletr\u00f3nico:<strong> dpd@kbc-group.com<\/strong><\/p>\n\n<p><strong>MUEBLES OB, S.A.<\/strong>, como respons\u00e1vel pelo s\u00edtio Web, em conformidade com o disposto no Regulamento (UE) 2016\/679 de 27 de abril de 2016 (RGPD) relativo \u00e0 prote\u00e7\u00e3o das pessoas singulares no que diz respeito ao tratamento de dados pessoais e \u00e0 livre circula\u00e7\u00e3o destes dados e demais legisla\u00e7\u00e3o vigente em mat\u00e9ria de prote\u00e7\u00e3o de dados pessoais, e pela Lei 34\/2002, de 11 de julho, de Servi\u00e7os da Sociedade da Informa\u00e7\u00e3o e do Com\u00e9rcio Eletr\u00f3nico (LSSICE), informa que tem implementadas as medidas de seguran\u00e7a necess\u00e1rias, de \u00edndole t\u00e9cnica e organizativas, para garantir e proteger a confidencialidade, integridade e disponibilidade dos dados introduzidos.<\/p>\n\n<p><strong>M\u00c9TODO DE OBTEN\u00c7\u00c3O DOS DADOS, QUE DADOS RECOLHEMOS e A SUA FINALIDADE:<\/strong><\/p>\n\n<p>Os dados que recolhemos, a forma como os obtemos e a finalidade do tratamento \u00e9 a seguinte:<\/p>\n\n<p><strong>1. Formul\u00e1rio de contacto:<\/strong><br\/>Dados requeridos: nome, e-mail, telefone, pa\u00eds, c\u00f3digo postal<br\/>Finalidade: para responder \u00e0s consultas e\/ou proporcionar informa\u00e7\u00f5es requeridas pelo Utilizador<br\/>Legitima\u00e7\u00e3o: consentimento do utilizador<\/p>\n\n<p><strong>2. Formul\u00e1rio de distribuidor mais pr\u00f3ximo:<\/strong><br\/>Dados requeridos: e-mail, telefone, pa\u00eds, c\u00f3digo postal<br\/>Finalidade: para indicar ao utilizador qual \u00e9 o seu distribuidor mais pr\u00f3ximo.<br\/>Legitima\u00e7\u00e3o: consentimento do utilizador<\/p>\n\n<p><strong>3. Formul\u00e1rio de registo:<\/strong><br\/>Dados requeridos: nome, e-mail<br\/>Finalidade: para a cria\u00e7\u00e3o de uma conta de utilizador nos casos em que o utilizador seja previamente cliente e o registo seja gerido pelo prestador.<br\/>Legitima\u00e7\u00e3o: consentimento do utilizador<\/p>\n\n<p><strong>4. Formul\u00e1rios de subscri\u00e7\u00e3o da newsletter:<\/strong><br\/>Dados requeridos: e-mail<br\/>Finalidade: Enviar-lhe informa\u00e7\u00e3o comercial do seu interesse sobre os nossos produtos e\/ou servi\u00e7os atrav\u00e9s do e-mail SMS, comunidades sociais ou qualquer outro meio eletr\u00f3nico ou f\u00edsico, caso o Utilizador o tenha consentido expressamente;<br\/>Legitima\u00e7\u00e3o: Consentimento do utilizador<\/p>\n\n<p><strong>5. Levar a cabo a rela\u00e7\u00e3o contratual e as gest\u00f5es administrativas, fiscais e contabil\u00edsticas<\/strong> an\u00e1logas e que sejam necess\u00e1rias em virtude da legisla\u00e7\u00e3o vigente<br\/>Dados requeridos: nome e apelidos, telefone, morada, n\u00famero de identifica\u00e7\u00e3o fiscal, e-mail, assinatura<br\/>Finalidade: levar a cabo a gest\u00e3o comercial fiscal e administrativa interna<br\/>Legitima\u00e7\u00e3o: Consentimento do interessado e rela\u00e7\u00e3o contratual<\/p>\n\n<p><strong>6. WhatsApp: <\/strong>na sec\u00e7\u00e3o WhatsApp da presente pol\u00edtica detalha-se a sua utiliza\u00e7\u00e3o.<\/p>\n\n<p>As fotografias que estejam publicadas na web s\u00e3o propriedade de <strong>MUEBLES OB, S.A.<\/strong><\/p>\n\n<p>Pode revogar em qualquer momento o seu consentimento remetendo um escrito com o assunto &#8220;Baja&#8221; para o e-mail indicado.<\/p>\n\n<p>De acordo com a LSSICE, <strong>MUEBLES OB, S.A.<\/strong> n\u00e3o realiza pr\u00e1ticas de SPAM, portanto, n\u00e3o envia e-mails comerciais que n\u00e3o tenham sido previamente solicitados ou autorizados pelo Utilizador. Em consequ\u00eancia, em todas as comunica\u00e7\u00f5es que receber\u00e1 do prestador, o utilizador tem a possibilidade de cancelar o seu consentimento expresso para receber as nossas comunica\u00e7\u00f5es. <\/p>\n\n<p>N\u00e3o trataremos os seus dados pessoais para nenhum outro fim dos descritos, exceto por obriga\u00e7\u00e3o legal ou requerimento judicial.<\/p>\n\n<p>N\u00e3o ser\u00e1 objeto de decis\u00f5es baseadas em tratamentos automatizados que produzam efeitos sobre os seus dados.<\/p>\n\n<p><strong>PRAZO DE CONSERVA\u00c7\u00c3O DOS DADOS:<\/strong><\/p>\n\n<p>Os seus dados ser\u00e3o conservados enquanto durar a rela\u00e7\u00e3o comercial connosco ou exercer o seu direito de cancelamento ou oposi\u00e7\u00e3o, ou limita\u00e7\u00e3o ao tratamento. No entanto, conservaremos os seus dados nos prazos legalmente previstos nas disposi\u00e7\u00f5es aplic\u00e1veis. <\/p>\n\n<p><strong>DESTINAT\u00c1RIOS DE CESS\u00d5ES OU TRANSFER\u00caNCIAS:<\/strong><\/p>\n\n<p><strong>MUEBLES OB, S.A.<\/strong> unicamente facultar\u00e1 informa\u00e7\u00e3o \u00e0s for\u00e7as e corpos de seguran\u00e7a sob ordem judicial ou por obriga\u00e7\u00e3o de uma norma legal, sem preju\u00edzo de poder bloquear ou cancelar a sua conta se puder haver ind\u00edcios da comiss\u00e3o de algum delito por parte do utilizador. A informa\u00e7\u00e3o facultada ser\u00e1 apenas a que disponha nesse momento o prestador. <\/p>\n\n<p>A informa\u00e7\u00e3o que nos proporcione atrav\u00e9s deste s\u00edtio Web ser\u00e1 alojada nos servidores de <strong>MUEBLES OB, S.A.<\/strong>, contratados \u00e0 empresa que presta o servi\u00e7o de alojamento da web. O tratamento dos dados da entidade encontra-se regulado mediante um contrato de encarregado do tratamento entre o prestador e esta empresa. <\/p>\n\n<p>Al\u00e9m disso, o prestador utiliza determinadas ferramentas para prestar servi\u00e7os necess\u00e1rios para o desenvolvimento da atividade, podendo armazenar os seus dados. Estas ferramentas s\u00e3o as seguintes: <\/p>\n\n<p><strong>Google Analytics<\/strong>: para realizar uma an\u00e1lise e m\u00e9trica do uso que os utilizadores fazem da web atrav\u00e9s das cookies. A informa\u00e7\u00e3o que geram e recopilam estas cookies sobre o uso (incluindo a morada IP) ser\u00e1 diretamente transmitida e arquivada por Google Inc., localizada em Delaware, 1600 Amphitheatre Parkway, montar\u00e9 View (California), CA 94043 dos Estados Unidos ( &#8221; Google &#8220;), nos seus servidores dos Estados Unidos.<\/p>\n\n<p><strong>DIREITOS DAS PESSOAS INTERESSADAS:<\/strong><\/p>\n\n<p>Como utilizador-interessado, pode solicitar o exerc\u00edcio dos seguintes direitos perante <strong>MUEBLES OB, S.A. <\/strong>apresentando um escrito para a morada do cabe\u00e7alho ou enviando um e-mail para dpd@kbc-group.com, indicando como Assunto: &#8220;PROTE\u00c7\u00c3O DE DADOS: DIREITOS DOS AFETADOS\u201d.<\/p>\n\n<p>Direitos:<\/p>\n\n<p><strong>Direito de acesso: <\/strong>permite ao interessado conhecer e obter informa\u00e7\u00e3o sobre os seus dados de car\u00e1cter pessoal submetidos a tratamento.<br\/><strong>Direito de retifica\u00e7\u00e3o ou supress\u00e3o: <\/strong>permite corrigir erros e modificar os dados que resultem ser inexatos ou incompletos.<br\/><strong>Direito de cancelamento: <\/strong>permite que se suprimam os dados que sejam inadequados ou excessivos<br\/><strong>Direito de oposi\u00e7\u00e3o: <\/strong>direito do interessado a que n\u00e3o se leve a cabo o tratamento dos seus dados de car\u00e1cter pessoal ou se cesse no mesmo.<br\/><strong>Limita\u00e7\u00e3o do tratamento: <\/strong>conleva a marca\u00e7\u00e3o dos dados pessoais conservados, com o fim de limitar o seu futuro tratamento, para o exerc\u00edcio ou a defesa de reclama\u00e7\u00f5es.<br\/><strong>Portabilidade dos dados: <\/strong>faculta\u00e7\u00e3o dos dados objeto de tratamento ao interessado, para que este possa transmitir a outro respons\u00e1vel, sem impedimentos.<br\/><strong>Direito a n\u00e3o ser objeto de decis\u00f5es individuais automatizadas (inclu\u00edda a elabora\u00e7\u00e3o de perfis):<\/strong> direito a n\u00e3o ser objeto de uma decis\u00e3o baseada no tratamento automatizado que produza efeitos ou afete significativamente<\/p>\n\n<p>Como utilizador, tem direito a retirar o consentimento dado em qualquer momento. A retirada do consentimento n\u00e3o afetar\u00e1 a licitude do tratamento efetuado antes da retirada do consentimento. <\/p>\n\n<p>Tamb\u00e9m tem direito a apresentar uma reclama\u00e7\u00e3o perante a autoridade de controlo se considerar que podem ter sido vulnerados os seus direitos em rela\u00e7\u00e3o \u00e0 prote\u00e7\u00e3o dos seus dados (aepd.es).<\/p>\n\n<p><strong>INFORMA\u00c7\u00c3O ADICIONAL<\/strong><\/p>\n\n<p><strong>MEDIDAS DE SEGURAN\u00c7A:<\/strong><\/p>\n\n<p>Os dados que nos faculte ser\u00e3o tratados de forma confidencial. O prestador adotou todas as medidas t\u00e9cnicas e organizativas e todos os n\u00edveis de prote\u00e7\u00e3o necess\u00e1rios para garantir a seguran\u00e7a no tratamento dos dados e evitar a sua altera\u00e7\u00e3o, perda, roubo, tratamento ou acesso n\u00e3o autorizado, de acordo com o estado da tecnologia e natureza dos dados armazenados.  Al\u00e9m disso, garante-se tamb\u00e9m que o tratamento e registo em ficheiros, programas, sistemas ou equipamentos, locais e centros cumprem com os requisitos e condi\u00e7\u00f5es de integridade e seguran\u00e7a estabelecidas na legisla\u00e7\u00e3o vigente.<\/p>\n\n<p><strong>IDIOMA<\/strong><\/p>\n\n<p>O idioma aplic\u00e1vel a esta pol\u00edtica de privacidade \u00e9 o castelhano. Portanto, caso haja alguma contradi\u00e7\u00e3o em alguma das vers\u00f5es facultadas noutros idiomas, prevalecer\u00e1 a vers\u00e3o em castelhano.<\/p>\n\n<p><strong>REDES SOCIAIS<\/strong><\/p>\n\n<p>Informamos que <strong>MUEBLES OB, S.A.<\/strong> pode ter presen\u00e7a em redes sociais. O tratamento dos dados que se leve a cabo das pessoas que se tornem seguidoras nas redes sociais (e\/ou realizem qualquer v\u00ednculo ou a\u00e7\u00e3o de conex\u00e3o atrav\u00e9s das redes sociais) das p\u00e1ginas oficiais de <strong>MUEBLES OB, S.A. <\/strong>reger-se-\u00e1 por esta sec\u00e7\u00e3o, assim como para aquelas condi\u00e7\u00f5es de uso, pol\u00edticas de privacidade e normativas de acesso que perten\u00e7am \u00e0 rede social que proceda em cada caso e aceites previamente pelo utilizador.<\/p>\n\n<p><strong>MUEBLES OB, S.A.<\/strong> tratar\u00e1 os seus dados com as finalidades de administrar corretamente a sua presen\u00e7a na rede social, informando de atividades, produtos ou servi\u00e7os do prestador, assim como para qualquer outra finalidade que as normativas das Redes Sociais permitam.<\/p>\n\n<p>Fica proibida a publica\u00e7\u00e3o de conte\u00fados:<\/p>\n\n<p>&#8211; Que sejam presumivelmente il\u00edcitos pela normativa nacional, comunit\u00e1ria ou internacional ou que realizem atividades presumivelmente il\u00edcitas ou contravenham os princ\u00edpios da boa-f\u00e9.<br\/>&#8211; Que atentem contra os direitos fundamentais das pessoas, faltem \u00e0 cortesia na rede, incomodem ou possam gerar opini\u00f5es negativas nos nossos utilizadores ou terceiros e em geral quaisquer que sejam os conte\u00fados que MUEBLES OB, S.A. considere inapropriados.<br\/>&#8211; E em geral que contravenham os princ\u00edpios de legalidade, honradez, responsabilidade, prote\u00e7\u00e3o da dignidade humana, prote\u00e7\u00e3o de menores, prote\u00e7\u00e3o da ordem p\u00fablica, a prote\u00e7\u00e3o da vida privada, a prote\u00e7\u00e3o do consumidor e os direitos de propriedade intelectual e industrial. Al\u00e9m disso, <strong>MUEBLES OB, S.A.<\/strong> reserva-se a potestade de retirar, sem pr\u00e9vio aviso do s\u00edtio Web ou da rede social corporativa aqueles conte\u00fados que se considerem inadequados.<\/p>\n\n<p>Em todo o caso, se Ud. remeter informa\u00e7\u00e3o pessoal atrav\u00e9s da rede social, <strong>MUEBLES OB, S.A.<\/strong> ficar\u00e1 isento de responsabilidade em rela\u00e7\u00e3o com as medidas de seguran\u00e7a aplic\u00e1veis \u00e0 presente plataforma e o utilizador, caso queira conhec\u00ea-las, deve consultar as correspondentes condi\u00e7\u00f5es particulares da rede em quest\u00e3o.<\/p>\n\n<p><strong>WHATSAPP<\/strong><\/p>\n\n<p>O tratamento dos dados que se leve a cabo das pessoas que realizem uma consulta atrav\u00e9s de WhatsApp de <strong>MUEBLES OB, S.A. <\/strong>reger-se-\u00e1 por esta sec\u00e7\u00e3o, assim como aquelas condi\u00e7\u00f5es de uso, pol\u00edticas de privacidade e normativas de acesso que perten\u00e7am \u00e0 aplica\u00e7\u00e3o que procedam em cada caso e aceites previamente pelo utilizador. <strong>MUEBLES OB, S.A.<\/strong>, tratar\u00e1 os seus dados com a finalidade de administrar corretamente a sua consulta, assim como qualquer outra finalidade da gest\u00e3o administrativa do servi\u00e7o. Os seus dados s\u00e3o partilhados com WhatsApp Ireland Limited, cujas medidas de seguran\u00e7a t\u00e9cnicas asseguram a confidencialidade, integridade e disponibilidade da sua informa\u00e7\u00e3o, segundo indica a sua pr\u00f3pria pol\u00edtica de privacidade. N\u00e3o se preveem mais cess\u00f5es, salvo por obriga\u00e7\u00e3o legal ou requerimento judicial. Os seus dados ser\u00e3o conservados enquanto durar a finalidade para a qual se obtiveram e, uma vez j\u00e1 n\u00e3o sejam necess\u00e1rios, manter-se-\u00e3o devidamente bloqueados, arquivados e conservados durante o tempo legalmente estabelecido. Fica proibido o uso do WhatsApp de <strong>MUEBLES OB, S.A.,<\/strong> para o envio de conte\u00fados que n\u00e3o sejam os necess\u00e1rios para a resposta \u00e0 consulta e que sejam il\u00edcitos pela normativa nacional ou internacional que atente contra os direitos fundamentais das pessoas e em geral que contravenham os princ\u00edpios de legalidade, honradez, responsabilidade, prote\u00e7\u00e3o da vida privada, a prote\u00e7\u00e3o do consumidor e os direitos de propriedade intelectual e industrial.<\/p>\n\n<p><strong>ALTERA\u00c7\u00d5ES NA PRESENTE POL\u00cdTICA DE PRIVACIDADE<\/strong><\/p>\n\n<p>A <strong>MUEBLES OB, S.A.<\/strong> reserva-se o direito a modificar a presente pol\u00edtica para adapt\u00e1-la a novidades legislativas ou jurisprudenciais.<\/p>\n\n<p><strong>REVOGABILIDADE<\/strong><\/p>\n\n<p>O consentimento prestado, tanto pelo tratamento como para a cess\u00e3o dos dados dos interessados, \u00e9 revog\u00e1vel em qualquer momento comunicando-o a <strong>MUEBLES OB, S.A.<\/strong> nos termos estabelecidos nesta Pol\u00edtica para o exerc\u00edcio dos direitos. Esta revoga\u00e7\u00e3o em nenhum caso ter\u00e1 car\u00e1cter retroativo.<\/p>\n\n<p><strong>LEGISLA\u00c7\u00c3O<\/strong><\/p>\n\n<p>Com car\u00e1cter geral, as rela\u00e7\u00f5es entre <strong>MUEBLES OB, S.A.<\/strong> com os Utilizadores dos seus servi\u00e7os telem\u00e1ticos, presentes nesta web, est\u00e3o submetidos \u00e0 legisla\u00e7\u00e3o e jurisdi\u00e7\u00e3o espanhola \u00e0 qual se submetem expressamente as partes, sendo competentes para a resolu\u00e7\u00e3o de todos os conflitos derivados ou relacionados com o seu uso os Julgados e Tribunais de C\u00f3rdoba.<\/p>\n","protected":false},"excerpt":{"rendered":"<p>INTRODU\u00c7\u00c3O A sua privacidade \u00e9 importante para n\u00f3s, por isso, atrav\u00e9s deste documento, explicamos-lhe que dados recolhemos dos utilizadores, como os utilizamos e para que, entre outras indica\u00e7\u00f5es. Para sua informa\u00e7\u00e3o, nunca pediremos mais informa\u00e7\u00f5es do que as que realmente necessitamos para os servi\u00e7os requeridos; nunca as partilharemos com terceiros, exceto por obriga\u00e7\u00e3o legal ou [&hellip;]<\/p>\n","protected":false},"author":1,"featured_media":0,"parent":0,"menu_order":0,"comment_status":"closed","ping_status":"open","template":"","meta":{"footnotes":""},"class_list":["post-13929","page","type-page","status-publish","hentry"],"_links":{"self":[{"href":"https:\/\/obcocinas.es\/pt\/wp-json\/wp\/v2\/pages\/13929","targetHints":{"allow":["GET"]}}],"collection":[{"href":"https:\/\/obcocinas.es\/pt\/wp-json\/wp\/v2\/pages"}],"about":[{"href":"https:\/\/obcocinas.es\/pt\/wp-json\/wp\/v2\/types\/page"}],"author":[{"embeddable":true,"href":"https:\/\/obcocinas.es\/pt\/wp-json\/wp\/v2\/users\/1"}],"replies":[{"embeddable":true,"href":"https:\/\/obcocinas.es\/pt\/wp-json\/wp\/v2\/comments?post=13929"}],"version-history":[{"count":1,"href":"https:\/\/obcocinas.es\/pt\/wp-json\/wp\/v2\/pages\/13929\/revisions"}],"predecessor-version":[{"id":19503,"href":"https:\/\/obcocinas.es\/pt\/wp-json\/wp\/v2\/pages\/13929\/revisions\/19503"}],"wp:attachment":[{"href":"https:\/\/obcocinas.es\/pt\/wp-json\/wp\/v2\/media?parent=13929"}],"curies":[{"name":"wp","href":"https:\/\/api.w.org\/{rel}","templated":true}]}}