{"id":13926,"date":"2025-11-10T23:22:58","date_gmt":"2025-11-10T22:22:58","guid":{"rendered":"https:\/\/obcocinas.es\/lojas\/"},"modified":"2026-05-12T15:11:19","modified_gmt":"2026-05-12T13:11:19","slug":"lojas","status":"publish","type":"page","link":"https:\/\/obcocinas.es\/pt\/lojas\/","title":{"rendered":"Onde comprar uma Cozinha OB"},"content":{"rendered":"\n<div class=\"gb-element-4584e048\">\n<h1 class=\"gb-text gb-text-5673e6ae\">Onde comprar uma Cozinha OB<\/h1>\n\n\n\n<p style=\"padding-top:0;padding-bottom:0\">Na OB Cocinas, h\u00e1 mais de 30 anos que concebemos cozinhas \u00e0 medida que combinam inova\u00e7\u00e3o, funcionalidade e estilo. O nosso localizador de lojas ir\u00e1 ajud\u00e1-lo a encontrar o revendedor oficial mais pr\u00f3ximo, onde poder\u00e1 comprovar em primeira m\u00e3o a qualidade dos nossos m\u00f3veis de cozinha, explorar as \u00faltimas cole\u00e7\u00f5es e receber aconselhamento personalizado dos nossos especialistas.<\/p>\n<\/div>\n\n\n<style type=\"text\/css\">\n  body #asl-storelocator.asl-cont.asl-template-0 {--sl-font-size: 13px;--sl-title-size: 15px;--sl-btn-size: 13px;--sl-primary: #000;--sl-header: #F7F7F7;--sl-header-color: #32373c;--sl-infobox-color: #555d66;--sl-infobox-bg: #000;--sl-infobox-a: #ffffff;--sl-action-btn-color: #000000;--sl-action-btn-bg: #ffffff;--sl-color: #ffffff;--sl-list-bg: rgba(31, 31, 31, 1);--sl-list-title: #ffffff;--sl-list-sub-title: #ffffff;--sl-highlighted: rgba(44, 44, 44, 1);}.asl-p-cont .asl-print-btn,.asl-cont .asl-print-btn {display: none !important;}  #asl-storelocator.asl-cont .sl-main-cont .asl-panel.pol-lg-12 {order: 0;}\n  #asl-storelocator.asl-cont .sl-main-cont .asl-panel.pol-lg-12 .asl-panel-inner{ position: relative;height: 450px;}\n  .asl-cont .onoffswitch .onoffswitch-label .onoffswitch-switch:before {content: \"OPEN\" !important;}\n  .asl-cont .onoffswitch .onoffswitch-label .onoffswitch-switch:after {content: \"ALL\" !important;}\n  @media (max-width: 767px) {\n    #asl-storelocator.asl-cont .asl-panel {order: 0;}\n  }\n  .asl-cont.sl-search-only .Filter_section + .sl-row {display: none;}\n  .asl-cont .sl-hide-branches,\n  .asl-cont .sl-hide-branches:hover {color: #FFF !important; text-decoration: none !important;cursor: pointer;}\n<\/style>\n<div id=\"asl-storelocator\" class=\"storelocator-main asl-cont asl-template-0 asl-layout-0 asl-bg-0 full-width no-asl-filters  asl-text-1\">\n  <div class=\"asl-wrapper\">\n    <div class=\"sl-container-fluid\">\n                  <div class=\"sl-row\">\n        <div class=\"pol-12\">\n            <div class=\"sl-main-cont\">\n                <div class=\"sl-row no-gutters sl-main-row\">\n                    <div id=\"asl-panel\" class=\"asl-panel pol-md-5 pol-lg-4 asl_locator-panel\" style = \"border:1px #000 solid;\">\n                        <div class=\"asl-overlay\" id=\"map-loading\">\n                            <div class=\"white\"><\/div>\n                            <div class=\"sl-loading\">\n                              <i class=\"animate-sl-spin icon-spin3\"><\/i>\n                              Loading...                            <\/div>\n                        <\/div>\n                                                <div class=\"inside search_filter\" style = \"padding:42px 35px!important\">\n<h2 style=\"font-size:var(--fontsize-32);font-family:inherit;\">Pontos de venda OB<\/h2>\n<p style=\"font-size:var(--fontsize-22);font-family:inherit;margin-bottom:12px!important;\">C\u00f3digo postal ou cidade<\/p>\n\n                          <div class=\"asl-store-search\">\n                            <input type=\"text\" value=\"\" id=\"auto-complete-search\" class=\"asl-search-address form-control\" placeholder=\"Enter a Location\" style = \"border: 1px solid #000;border-radius:0px!important;width:60%\">\n                            <button type=\"button\" class=\"span-geo\" style = \"border-radius:0px!important;right:unset;left:60%;\"><svg width=\"20\" height=\"20\" viewBox=\"0 0 20 20\" fill=\"none\" xmlns=\"http:\/\/www.w3.org\/2000\/svg\">\n<path d=\"M9 16C10.9333 16 12.5833 15.3208 13.95 13.9625C15.3167 12.6042 16 10.95 16 9C16 7.06667 15.3167 5.41667 13.95 4.05C12.5833 2.68333 10.9333 2 9 2C7.05 2 5.39583 2.68333 4.0375 4.05C2.67917 5.41667 2 7.06667 2 9C2 10.95 2.67917 12.6042 4.0375 13.9625C5.39583 15.3208 7.05 16 9 16ZM9 18C7.75 18 6.57917 17.7625 5.4875 17.2875C4.39583 16.8125 3.44583 16.1708 2.6375 15.3625C1.82917 14.5542 1.1875 13.6042 0.7125 12.5125C0.2375 11.4208 0 10.25 0 9C0 7.76667 0.2375 6.60417 0.7125 5.5125C1.1875 4.42083 1.82917 3.46667 2.6375 2.65C3.44583 1.83333 4.39583 1.1875 5.4875 0.7125C6.57917 0.2375 7.75 0 9 0C10.2333 0 11.3958 0.2375 12.4875 0.7125C13.5792 1.1875 14.5333 1.83333 15.35 2.65C16.1667 3.46667 16.8125 4.42083 17.2875 5.5125C17.7625 6.60417 18 7.76667 18 9C18 10.0667 17.825 11.075 17.475 12.025C17.125 12.975 16.6417 13.8417 16.025 14.625L20 18.6L18.575 20L14.6 16.05C13.8167 16.6667 12.95 17.1458 12 17.4875C11.05 17.8292 10.05 18 9 18Z\" fill=\"white\"\/>\n<\/svg>\n<\/button>\n                          <\/div>\n                        <\/div>\n                                                <!-- list -->\n                        <div class=\"asl-panel-inner\">\n                            <div class=\"top-title Num_of_store\" style = \"display:none;\">\n                              <span><span class=\"sl-head-title\">Number Of Shops<\/span>: <span class=\"count-result\">0<\/span><\/span>\n                                                          <\/div>\n                            <div class=\"sl-main-cont-box\">\n                              <div id=\"asl-list\" class=\"sl-list-wrapper\">\n                                <ul id=\"p-statelist\" class=\"sl-list\">\n                                <\/ul>\n                              <\/div>\n                            <\/div>\n                        <\/div>\n\n                        <div class=\"directions-cont hide\">\n                            <div class=\"agile-modal-header\">\n                                <button type=\"button\" class=\"close\"><span aria-hidden=\"true\">\u00d7<\/span><\/button>\n                                <h4>Store Direction<\/h4>\n                            <\/div>\n                            <div class=\"rendered-directions\" id=\"asl-rendered-dir\" style=\"direction: ltr;\"><\/div>\n                        <\/div>\n                    <\/div>\n                    <div class=\"pol-md-7 pol-lg-8 asl-map\">\n                        <div class=\"map-image\">\n                            <div id=\"asl-map-canv\" class=\"asl-map-canv\"><\/div>\n                            <div id=\"agile-modal-direction\" class=\"agile-modal fade\">\n    <div class=\"agile-modal-backdrop-in\"><\/div>\n    <div class=\"agile-modal-dialog in\">\n        <div class=\"agile-modal-content\">\n            <div class=\"sl-form-group d-flex justify-content-between\">\n                <h4 >GET DIRECTIONS<\/h4>\n                <button type=\"button\" class=\"close-directions sl-close\" data-dismiss=\"agile-modal\" aria-label=\"Close\">&times;<\/button>\n            <\/div>\n            <div class=\"sl-form-group\">\n                <label for=\"frm-lbl\">From:<\/label>\n                <input type=\"text\" class=\"form-control frm-place\" id=\"frm-lbl\" placeholder=\"Enter a Location\">\n            <\/div>\n            <div class=\"sl-form-group\">\n                <label for=\"to-lbl\">To:<\/label>\n                <input readonly=\"true\" type=\"text\"  class=\"directions-to form-control\" id=\"to-lbl\" placeholder=\"Prepopulated Destination Address\">\n            <\/div>\n            <div class=\"sl-form-group mb-0\">\n                <label for=\"rbtn-km\" class=\"checkbox-inline\">\n                    <input type=\"radio\" name=\"dist-type\"  id=\"rbtn-km\" value=\"0\"> Km                <\/label>\n                <label for=\"rbtn-mile\" class=\"checkbox-inline\">\n                    <input type=\"radio\" name=\"dist-type\" checked id=\"rbtn-mile\" value=\"1\"> Miles                <\/label>\n            <\/div>\n            <div class=\"sl-form-group mb-0\">\n                <button type=\"submit\" class=\"btn btn-default btn-submit\">GET DIRECTIONS<\/button>\n            <\/div>\n        <\/div>\n    <\/div>\n<\/div>\n\n<div id=\"asl-geolocation-agile-modal\" class=\"agile-modal fade\">\n  <div class=\"agile-modal-backdrop-in\"><\/div>\n  <div class=\"agile-modal-dialog in\">\n    <div class=\"agile-modal-content\">\n            <div class=\"sl-form-group d-flex justify-content-between\">\n        <h5>Use my location to find the closest Service Provider near me<\/h5>\n        <button type=\"button\" class=\"close-directions sl-close\" data-dismiss=\"agile-modal\" aria-label=\"Close\">&times;<\/button>\n      <\/div>\n      <div class=\"sl-form-group text-center mb-0\">\n        <button type=\"button\" id=\"asl-btn-geolocation\" class=\"btn btn-block btn-default\">USE LOCATION<\/button>\n      <\/div>\n          <\/div>\n  <\/div>\n<\/div>\n\n<div id=\"asl-desc-agile-modal\" class=\"agile-modal fade\">\n  <div class=\"agile-modal-backdrop-in\"><\/div>\n  <div class=\"agile-modal-dialog in\">\n    <div class=\"agile-modal-content\">\n      <div class=\"sl-row\">\n        <div class=\"pol-md-12\">\n          <div class=\"sl-form-group d-flex justify-content-between\">\n            <h4 class=\"sl-title\">Description<\/h4>\n            <button type=\"button\" class=\"close-directions sl-close\" data-dismiss=\"agile-modal\" aria-label=\"Close\">&times;<\/button>\n          <\/div>\n          <div class=\"sl-desc\"><\/div>\n        <\/div>\n      <\/div>\n    <\/div>\n  <\/div>\n<\/div>                        <\/div>\n                    <\/div>\n                <\/div>\n            <\/div>\n        <\/div>\n      <\/div>\n    <\/div>\n      <\/div>\n<\/div>\n<!-- This plugin is developed by \"Agile Store Locator for WordPress\" https:\/\/agilestorelocator.com -->\n\n\n\n<div class=\"gb-element-483e8037\">\n<h2 class=\"gb-text gb-text-40238739\">Lojas OB no mundo<\/h2>\n\n\n\n<div class=\"gb-element-73340d2f\">\n<h3 class=\"gb-text gb-text-d13a76ac\">Espanha<\/h3>\n\n\n\n<div data-gb-router-region=\"query-0e432c07\"><div class=\"gb-looper-0e826b0a ob-grid-states\">\n<div class=\"gb-loop-item post-14093 tiendas type-tiendas status-publish has-post-thumbnail hentry ciudad-a-coruna provincia-a-coruna pais-espana\">\n<p class=\"gb-text gb-text-20a04f96\"><a href=\"https:\/\/obcocinas.es\/pt\/lojas\/a-coruna\/\">A Coru\u00f1a<\/a><\/p>\n<\/div>\n<\/div>\n\n<\/div>\n<\/div>\n\n\n\n<div class=\"gb-element-15d2981e\">\n<h3 class=\"gb-text gb-text-94195890\"><a href=\"https:\/\/obcocinas.es\/pt\/portugal\/\">Portugal<\/a><\/h3>\n\n\n\n<div data-gb-router-region=\"query-91ba0e1b\"><div class=\"gb-looper-62302512 ob-grid-states\">\n<div class=\"gb-loop-item post-19181 tiendas type-tiendas status-publish has-post-thumbnail hentry pais-portugal\">\n<p class=\"gb-text gb-text-583c928a\"><a href=\"https:\/\/obcocinas.es\/pt\/lojas\/portugal\/\">Portugal<\/a><\/p>\n<\/div>\n<\/div>\n\n<\/div>\n<\/div>\n<\/div>\n","protected":false},"excerpt":{"rendered":"<p>Onde comprar uma Cozinha OB Na OB Cocinas, h\u00e1 mais de 30 anos que concebemos cozinhas \u00e0 medida que combinam inova\u00e7\u00e3o, funcionalidade e estilo. O nosso localizador de lojas ir\u00e1 ajud\u00e1-lo a encontrar o revendedor oficial mais pr\u00f3ximo, onde poder\u00e1 comprovar em primeira m\u00e3o a qualidade dos nossos m\u00f3veis de cozinha, explorar as \u00faltimas cole\u00e7\u00f5es [&hellip;]<\/p>\n","protected":false},"author":1,"featured_media":0,"parent":0,"menu_order":0,"comment_status":"closed","ping_status":"closed","template":"wp-custom-template-pagina-sem-titulo","meta":{"footnotes":""},"class_list":["post-13926","page","type-page","status-publish","hentry"],"_links":{"self":[{"href":"https:\/\/obcocinas.es\/pt\/wp-json\/wp\/v2\/pages\/13926","targetHints":{"allow":["GET"]}}],"collection":[{"href":"https:\/\/obcocinas.es\/pt\/wp-json\/wp\/v2\/pages"}],"about":[{"href":"https:\/\/obcocinas.es\/pt\/wp-json\/wp\/v2\/types\/page"}],"author":[{"embeddable":true,"href":"https:\/\/obcocinas.es\/pt\/wp-json\/wp\/v2\/users\/1"}],"replies":[{"embeddable":true,"href":"https:\/\/obcocinas.es\/pt\/wp-json\/wp\/v2\/comments?post=13926"}],"version-history":[{"count":3,"href":"https:\/\/obcocinas.es\/pt\/wp-json\/wp\/v2\/pages\/13926\/revisions"}],"predecessor-version":[{"id":19614,"href":"https:\/\/obcocinas.es\/pt\/wp-json\/wp\/v2\/pages\/13926\/revisions\/19614"}],"wp:attachment":[{"href":"https:\/\/obcocinas.es\/pt\/wp-json\/wp\/v2\/media?parent=13926"}],"curies":[{"name":"wp","href":"https:\/\/api.w.org\/{rel}","templated":true}]}}