{"id":13920,"date":"2025-11-10T23:23:48","date_gmt":"2025-11-10T22:23:48","guid":{"rendered":"https:\/\/obcocinas.es\/quem-somos\/"},"modified":"2025-11-10T23:23:48","modified_gmt":"2025-11-10T22:23:48","slug":"quem-somos","status":"publish","type":"page","link":"https:\/\/obcocinas.es\/pt\/quem-somos\/","title":{"rendered":"Quem somos"},"content":{"rendered":"\n<div class=\"gb-element-5bbb2b53\">\n<h2 class=\"gb-text gb-text-5303fce7\">Mais de quatro d\u00e9cadas a fabricar m\u00f3veis de cozinha<\/h2>\n\n\n\n<a class=\"gb-text gb-text-dd277c99\" href=\"https:\/\/obcocinas.es\/pt-pt\/quem-somos\/\">Saiba mais sobre a OB<\/a>\n\n\n\n<div class=\"gb-element-c82b46e0\"><\/div>\n<\/div>\n\n\n\n<div class=\"gb-element-7d84fac6\">\n<div class=\"wp-block-cover is-light video-controles-ob\" style=\"min-height:100%;aspect-ratio:unset;\"><video class=\"wp-block-cover__video-background intrinsic-ignore\" autoplay muted loop playsinline src=\"https:\/\/obcocinas.es\/wp-content\/uploads\/2025\/11\/Nuestra-fabrica.mp4\" data-object-fit=\"cover\"><\/video><span aria-hidden=\"true\" class=\"wp-block-cover__background has-background-dim-0 has-background-dim\" style=\"background-color:#FFF\"><\/span><div class=\"wp-block-cover__inner-container is-layout-flow wp-block-cover-is-layout-flow\">\n<p class=\"has-text-align-center has-large-font-size\"><\/p>\n<\/div><\/div>\n<\/div>\n\n\n\n<div class=\"gb-element-5945e50b\">\n<div class=\"gb-element-15703944\">\n<div class=\"gb-element-052a5746\">\n<div class=\"gb-element-dae1ad99\"><\/div>\n\n\n\n<div class=\"gb-element-111b6792\"><\/div>\n\n\n\n<div class=\"gb-element-c3ccf976\"><\/div>\n\n\n\n<div class=\"gb-element-b07b8a13\"><\/div>\n\n\n\n<div class=\"gb-element-a977b3c3\">\n<p class=\"gb-text gb-text-2473e67d\">+400<\/p>\n\n\n\n<p class=\"gb-text gb-text-065a19fc\">pontos de venda em todo o mundo<\/p>\n<\/div>\n\n\n\n<div class=\"gb-element-4ee5d37d\">\n<p class=\"gb-text gb-text-ebcc0750\">115.000<\/p>\n\n\n\n<p class=\"gb-text gb-text-0093804a\">m\u00f3dulos fabricados anualmente<\/p>\n<\/div>\n\n\n\n<div class=\"gb-element-cabd418d\">\n<div class=\"gb-element-b521dfbb\">\n<p class=\"gb-text gb-text-12cee62d\">40.000  <\/p>\n\n\n\n<span class=\"gb-text gb-text-049f9748\">m2<\/span>\n<\/div>\n\n\n\n<p class=\"gb-text gb-text-5191d466\">de instala\u00e7\u00f5es<\/p>\n<\/div>\n\n\n\n<div class=\"gb-element-598708f7\">\n<p class=\"gb-text gb-text-fb7a9cdb\">+45<\/p>\n\n\n\n<p class=\"gb-text gb-text-ee665c6c\">anos de experi\u00eancia<\/p>\n<\/div>\n\n\n\n<div class=\"gb-element-ff70c888\">\n<div class=\"gb-element-a3c9295a\">\n<p class=\"gb-text gb-text-b51deb18\">+15<\/p>\n\n\n\n<span class=\"gb-text gb-text-f79bed7a\">pa\u00edses<\/span>\n<\/div>\n\n\n\n<p class=\"gb-text gb-text-3a713d50\">onde exportamos<\/p>\n<\/div>\n\n\n\n<div class=\"gb-element-970d7d92\">\n<div class=\"gb-element-32c25569\">\n<p class=\"gb-text gb-text-620dd78b\">1.000.000<\/p>\n\n\n\n<span class=\"gb-text gb-text-3ffcc88c\">watts<\/span>\n<\/div>\n\n\n\n<p class=\"gb-text gb-text-eff1d1f7\">de energia solar gerada<\/p>\n<\/div>\n<\/div>\n<\/div>\n<\/div>\n\n\n\n<div class=\"gb-element-0435f7a7\">\n<div class=\"gb-element-5e193356\">\n<h2 class=\"gb-text\">Desde <mark style=\"background-color:rgba(0, 0, 0, 0);color:#805ee8\" class=\"has-inline-color\">1978<\/mark><\/h2>\n\n\n\n<div class=\"gb-element-fcd0536d\">\n<p class=\"gb-text\">A OB Cocinas transforma a forma como entendemos a cozinha. O que come\u00e7ou como um pequeno projeto em Villafranca de C\u00f3rdoba tornou-se uma refer\u00eancia nacional e internacional no fabrico de mobili\u00e1rio de cozinha. <\/p>\n<\/div>\n<\/div>\n\n\n\n<div class=\"gb-element-97fc3cdc\">\n<div class=\"gb-element-ef807437\">\n<img loading=\"lazy\" decoding=\"async\" width=\"1868\" height=\"1085\" class=\"gb-media-ca034b35\" alt=\"ob-muebles-hist\" src=\"https:\/\/obcocinas.es\/wp-content\/uploads\/2025\/11\/ob-muebles-hist.jpg\" title=\"ob-muebles-hist\" srcset=\"https:\/\/obcocinas.es\/wp-content\/uploads\/2025\/11\/ob-muebles-hist-jpg.avif 1868w, https:\/\/obcocinas.es\/wp-content\/uploads\/2025\/11\/ob-muebles-hist-1024x595-jpg.avif 1024w, https:\/\/obcocinas.es\/wp-content\/uploads\/2025\/11\/ob-muebles-hist-1536x892-jpg.avif 1536w\" sizes=\"auto, (max-width: 1868px) 100vw, 1868px\" \/>\n<\/div>\n\n\n\n<div class=\"gb-element-5fa49309\">\n<p class=\"gb-text\">Quatro d\u00e9cadas de trabalho cont\u00ednuo, inova\u00e7\u00e3o e compromisso permitiram-nos crescer sem perder a nossa ess\u00eancia: criar cozinhas que inspiram, acompanham e permanecem no tempo.<\/p>\n<\/div>\n<\/div>\n<\/div>\n\n\n\n<div class=\"gb-element-7d5288d0\">\n<div class=\"gb-element-602b4a38\">\n<p class=\"gb-text gb-text-ba3deca0\">2022<\/p>\n\n\n\n<h2 class=\"gb-text gb-text-6a931a63\">Da tradi\u00e7\u00e3o ao progresso<\/h2>\n<\/div>\n\n\n\n<div class=\"gb-element-4d1f66e2\">\n<div>\n<img loading=\"lazy\" decoding=\"async\" width=\"2560\" height=\"1708\" class=\"gb-media-38a94ae6\" alt=\"be42b4f7123a54a69a4a8198aa98466a5f2024fd\" src=\"https:\/\/obcocinas.es\/wp-content\/uploads\/2025\/11\/be42b4f7123a54a69a4a8198aa98466a5f2024fd-rsd.jpg\" title=\"be42b4f7123a54a69a4a8198aa98466a5f2024fd\" srcset=\"https:\/\/obcocinas.es\/wp-content\/uploads\/2025\/11\/be42b4f7123a54a69a4a8198aa98466a5f2024fd-rsd-jpg.avif 2560w, https:\/\/obcocinas.es\/wp-content\/uploads\/2025\/11\/be42b4f7123a54a69a4a8198aa98466a5f2024fd-rsd-1024x683.jpg 1024w, https:\/\/obcocinas.es\/wp-content\/uploads\/2025\/11\/be42b4f7123a54a69a4a8198aa98466a5f2024fd-rsd-1536x1025.jpg 1536w, https:\/\/obcocinas.es\/wp-content\/uploads\/2025\/11\/be42b4f7123a54a69a4a8198aa98466a5f2024fd-rsd-2048x1366.jpg 2048w\" sizes=\"auto, (max-width: 2560px) 100vw, 2560px\" \/>\n<\/div>\n\n\n\n<div class=\"gb-element-e3edbfcf\">\n<div class=\"gb-element-530a4110\">\n<p class=\"gb-text\">Durante os nossos primeiros anos, cada cozinha era fabricada com a mesma dedica\u00e7\u00e3o que nos caracteriza hoje. A const\u00e2ncia, a inova\u00e7\u00e3o e a confian\u00e7a dos nossos clientes levaram-nos a ampliar horizontes at\u00e9 nos tornarmos um dos fabricantes mais relevantes do setor em Espanha. <\/p>\n<\/div>\n\n\n\n<div class=\"gb-element-5a32aae0\">\n<p class=\"gb-text\">Em 2022, a OB Cocinas passou a fazer parte do <mark style=\"background-color:rgba(0, 0, 0, 0);color:#805ee8\" class=\"has-inline-color\"><strong>Grupo KBV<\/strong><\/mark>, uma integra\u00e7\u00e3o que representou um impulso decisivo para a nossa empresa, permitindo-nos aceder a novas sinergias, recursos estrat\u00e9gicos e uma vis\u00e3o global que nos ajudou a crescer mais e melhor. Tudo isto sem perder a proximidade e o esp\u00edrito familiar que nos caracteriza, mas com a solidez de pertencer a um grupo que aposta na qualidade, na responsabilidade e na melhoria cont\u00ednua.<\/p>\n<\/div>\n<\/div>\n<\/div>\n<\/div>\n\n\n\n<div class=\"gb-element-a2a4edfa\">\n<div class=\"gb-element-93f13eb3\">\n<div class=\"gb-element-0f86dca5\">\n<img loading=\"lazy\" decoding=\"async\" width=\"2560\" height=\"1440\" class=\"gb-media-81956116\" alt=\"17a456b6c915b4cff852050737e42e8f1e917fcc\" src=\"https:\/\/obcocinas.es\/wp-content\/uploads\/2025\/11\/17a456b6c915b4cff852050737e42e8f1e917fcc-rsd.jpg\" title=\"17a456b6c915b4cff852050737e42e8f1e917fcc\" srcset=\"https:\/\/obcocinas.es\/wp-content\/uploads\/2025\/11\/17a456b6c915b4cff852050737e42e8f1e917fcc-rsd-jpg.avif 2560w, https:\/\/obcocinas.es\/wp-content\/uploads\/2025\/11\/17a456b6c915b4cff852050737e42e8f1e917fcc-rsd-1024x576-jpg.avif 1024w, https:\/\/obcocinas.es\/wp-content\/uploads\/2025\/11\/17a456b6c915b4cff852050737e42e8f1e917fcc-rsd-1536x864-jpg.avif 1536w, https:\/\/obcocinas.es\/wp-content\/uploads\/2025\/11\/17a456b6c915b4cff852050737e42e8f1e917fcc-rsd-2048x1152-jpg.avif 2048w\" sizes=\"auto, (max-width: 2560px) 100vw, 2560px\" \/>\n<\/div>\n\n\n\n<div class=\"gb-element-72b4b428\">\n<h2 class=\"gb-text gb-text-f04500c6\">Uma f\u00e1brica de <mark style=\"background-color:rgba(0, 0, 0, 0);color:#805ee8\" class=\"has-inline-color\"><strong>40.000 m2<\/strong><\/mark> ao servi\u00e7o da inova\u00e7\u00e3o<\/h2>\n<\/div>\n<\/div>\n<\/div>\n\n\n\n<div class=\"gb-element-06c3df34\">\n<p class=\"gb-text\">Atualmente, contamos com instala\u00e7\u00f5es modernas que ocupam mais de 40.000 m\u00b2. Aqui a tradi\u00e7\u00e3o une-se \u00e0 mais recente tecnologia, permitindo-nos produzir com precis\u00e3o, efici\u00eancia e sustentabilidade. Este espa\u00e7o \u00e9 o cora\u00e7\u00e3o da OB Cocinas, onde cada projeto come\u00e7a a tomar forma.  <\/p>\n<\/div>\n\n\n\n<div class=\"gb-element-51df41e9\">\n<div>\n<h2 class=\"gb-text\">Uma marca global com alma local<\/h2>\n\n\n\n<div class=\"gb-element-dfd3d379\">\n<p class=\"gb-text\">Com distribuidores em toda a Espanha e presen\u00e7a em mais de <mark style=\"background-color:rgba(0, 0, 0, 0);color:#805ee8\" class=\"has-inline-color\"><strong>15 pa\u00edses<\/strong><\/mark> como Fran\u00e7a, Portugal, Estados Unidos, M\u00e9xico ou Senegal, hoje exportamos <strong><mark style=\"background-color:rgba(0, 0, 0, 0);color:#805ee8\" class=\"has-inline-color\">30% da nossa produ\u00e7\u00e3o<\/mark>.<\/strong> Apesar do nosso crescimento internacional, continuamos a trabalhar com a proximidade e a honestidade das nossas origens.<\/p>\n<\/div>\n<\/div>\n\n\n\n<div class=\"gb-element-639569f6\">\n<div class=\"gb-element-a60ad0a9\">\n<img loading=\"lazy\" decoding=\"async\" width=\"2560\" height=\"1707\" class=\"gb-media-2b724839\" alt=\"ac32e0a0582f302e47afe1e67fb056a142e14761\" src=\"https:\/\/obcocinas.es\/wp-content\/uploads\/2025\/11\/ac32e0a0582f302e47afe1e67fb056a142e14761-rsd.jpg\" title=\"ac32e0a0582f302e47afe1e67fb056a142e14761\" srcset=\"https:\/\/obcocinas.es\/wp-content\/uploads\/2025\/11\/ac32e0a0582f302e47afe1e67fb056a142e14761-rsd-jpg.avif 2560w, https:\/\/obcocinas.es\/wp-content\/uploads\/2025\/11\/ac32e0a0582f302e47afe1e67fb056a142e14761-rsd-1024x683-jpg.avif 1024w, https:\/\/obcocinas.es\/wp-content\/uploads\/2025\/11\/ac32e0a0582f302e47afe1e67fb056a142e14761-rsd-1536x1024-jpg.avif 1536w, https:\/\/obcocinas.es\/wp-content\/uploads\/2025\/11\/ac32e0a0582f302e47afe1e67fb056a142e14761-rsd-2048x1366-jpg.avif 2048w\" sizes=\"auto, (max-width: 2560px) 100vw, 2560px\" \/>\n<\/div>\n\n\n\n<div class=\"gb-element-aa9c472e\">\n<img loading=\"lazy\" decoding=\"async\" width=\"2560\" height=\"1919\" class=\"gb-media-33de2585\" alt=\"628934d9e5766a880f0cd709485fc3f8910b29c3\" src=\"https:\/\/obcocinas.es\/wp-content\/uploads\/2025\/11\/628934d9e5766a880f0cd709485fc3f8910b29c3-rsd.jpg\" title=\"628934d9e5766a880f0cd709485fc3f8910b29c3\" srcset=\"https:\/\/obcocinas.es\/wp-content\/uploads\/2025\/11\/628934d9e5766a880f0cd709485fc3f8910b29c3-rsd-jpg.avif 2560w, https:\/\/obcocinas.es\/wp-content\/uploads\/2025\/11\/628934d9e5766a880f0cd709485fc3f8910b29c3-rsd-1024x768.jpg 1024w, https:\/\/obcocinas.es\/wp-content\/uploads\/2025\/11\/628934d9e5766a880f0cd709485fc3f8910b29c3-rsd-1536x1151.jpg 1536w, https:\/\/obcocinas.es\/wp-content\/uploads\/2025\/11\/628934d9e5766a880f0cd709485fc3f8910b29c3-rsd-2048x1535.jpg 2048w\" sizes=\"auto, (max-width: 2560px) 100vw, 2560px\" \/>\n<\/div>\n<\/div>\n\n\n\n<div class=\"gb-element-46036f20\">\n<p class=\"gb-text gb-text-bdc843c2\">Com distribuidores em toda a Espanha e presen\u00e7a em mais de <mark style=\"background-color:rgba(0, 0, 0, 0);color:#805ee8\" class=\"has-inline-color\"><strong>15 pa\u00edses<\/strong><\/mark> como Fran\u00e7a, Portugal, Estados Unidos, M\u00e9xico ou Senegal, hoje exportamos <strong><mark style=\"background-color:rgba(0, 0, 0, 0);color:#805ee8\" class=\"has-inline-color\">30% da nossa produ\u00e7\u00e3o<\/mark>.<\/strong> Apesar do nosso crescimento internacional, continuamos a trabalhar com a proximidade e a honestidade das nossas origens.<\/p>\n<\/div>\n<\/div>\n\n\n\n<div class=\"gb-element-f76c9022\">\n<div class=\"gb-element-85603f01\">\n<img loading=\"lazy\" decoding=\"async\" width=\"400\" height=\"374\" class=\"gb-media-acf5f6ba\" alt=\"eeef88d7944abc2de194c4aba8effd2351490c00\" src=\"https:\/\/obcocinas.es\/wp-content\/uploads\/2025\/11\/eeef88d7944abc2de194c4aba8effd2351490c00.png\" title=\"eeef88d7944abc2de194c4aba8effd2351490c00\"\/>\n<\/div>\n\n\n\n<div class=\"gb-element-a1000273\">\n<img loading=\"lazy\" decoding=\"async\" width=\"338\" height=\"149\" class=\"gb-media-e27465e6\" alt=\"iso-9001\" src=\"https:\/\/obcocinas.es\/wp-content\/uploads\/2025\/11\/iso-9001.jpg\" title=\"iso-9001\"\/>\n<\/div>\n\n\n\n<div class=\"gb-element-75956c9c\">\n<img loading=\"lazy\" decoding=\"async\" width=\"563\" height=\"212\" class=\"gb-media-41dfabf1\" alt=\"0f69152d75f304aa108eee335e73bc54e095330f\" src=\"https:\/\/obcocinas.es\/wp-content\/uploads\/2025\/11\/0f69152d75f304aa108eee335e73bc54e095330f.png\" title=\"0f69152d75f304aa108eee335e73bc54e095330f\"\/>\n<\/div>\n<\/div>\n\n\n\n<div class=\"gb-element-2886afee\">\n<div class=\"gb-element-657ccb29\">\n<img loading=\"lazy\" decoding=\"async\" width=\"889\" height=\"853\" class=\"gb-media-bd82da0e\" alt=\"5c119fee4044ada308185438e85e92f0ed5298bb\" src=\"https:\/\/obcocinas.es\/wp-content\/uploads\/2025\/11\/5c119fee4044ada308185438e85e92f0ed5298bb.png\" title=\"5c119fee4044ada308185438e85e92f0ed5298bb\"\/>\n\n\n\n<div class=\"gb-element-2308619c\">\n<div class=\"gb-element-20e01598 camion-fondo\">\n<div class=\"gb-element-defa365c\">\n<p class=\"gb-text gb-text-edd700b5\">CONTACTE-NOS<\/p>\n\n\n\n<div class=\"gb-element-70cddd45\"><\/div>\n<\/div>\n\n\n\n<h2 class=\"gb-text gb-text-1293fe0a\">Quer ser um distribuidor?<\/h2>\n\n\n\n<p class=\"gb-text gb-text-499c9803\">Fa\u00e7a parte da nossa rede de distribuidores.<\/p>\n\n\n\n<a class=\"gb-text gb-text-73374fd9 ob-btn-main contacto\">Informe-se agora<\/a>\n<\/div>\n<\/div>\n<\/div>\n\n\n\n<p><\/p>\n<\/div>\n","protected":false},"excerpt":{"rendered":"<p>Mais de quatro d\u00e9cadas a fabricar m\u00f3veis de cozinha Saiba mais sobre a OB +400 pontos de venda em todo o mundo 115.000 m\u00f3dulos fabricados anualmente 40.000 m2 de instala\u00e7\u00f5es +45 anos de experi\u00eancia +15 pa\u00edses onde exportamos 1.000.000 watts de energia solar gerada Desde 1978 A OB Cocinas transforma a forma como entendemos a [&hellip;]<\/p>\n","protected":false},"author":1,"featured_media":13922,"parent":0,"menu_order":0,"comment_status":"closed","ping_status":"closed","template":"wp-custom-template-pagina-sem-titulo","meta":{"footnotes":""},"class_list":["post-13920","page","type-page","status-publish","has-post-thumbnail","hentry"],"_links":{"self":[{"href":"https:\/\/obcocinas.es\/pt\/wp-json\/wp\/v2\/pages\/13920","targetHints":{"allow":["GET"]}}],"collection":[{"href":"https:\/\/obcocinas.es\/pt\/wp-json\/wp\/v2\/pages"}],"about":[{"href":"https:\/\/obcocinas.es\/pt\/wp-json\/wp\/v2\/types\/page"}],"author":[{"embeddable":true,"href":"https:\/\/obcocinas.es\/pt\/wp-json\/wp\/v2\/users\/1"}],"replies":[{"embeddable":true,"href":"https:\/\/obcocinas.es\/pt\/wp-json\/wp\/v2\/comments?post=13920"}],"version-history":[{"count":0,"href":"https:\/\/obcocinas.es\/pt\/wp-json\/wp\/v2\/pages\/13920\/revisions"}],"wp:featuredmedia":[{"embeddable":true,"href":"https:\/\/obcocinas.es\/pt\/wp-json\/wp\/v2\/media\/13922"}],"wp:attachment":[{"href":"https:\/\/obcocinas.es\/pt\/wp-json\/wp\/v2\/media?parent=13920"}],"curies":[{"name":"wp","href":"https:\/\/api.w.org\/{rel}","templated":true}]}}