{"id":13918,"date":"2025-11-10T23:24:46","date_gmt":"2025-11-10T22:24:46","guid":{"rendered":"https:\/\/obcocinas.es\/planeador-de-cozinhas\/"},"modified":"2025-11-10T23:24:46","modified_gmt":"2025-11-10T22:24:46","slug":"planeador-de-cozinhas","status":"publish","type":"page","link":"https:\/\/obcocinas.es\/pt\/planeador-de-cozinhas\/","title":{"rendered":"Planeador de Cozinhas"},"content":{"rendered":"\n<div class=\"gb-element-a7472d80 ob-personalizador\">\n<img loading=\"lazy\" decoding=\"async\" width=\"1220\" height=\"900\" class=\"gb-media-90f60b40\" alt=\"Cocina en L con muebles gris y beige y encimera oscura veteada.\" src=\"https:\/\/obcocinas.es\/wp-content\/uploads\/2025\/11\/bc6f5894db1e0c0e858cb3592a32c384e1928a40-rsd.jpg\" title=\"bc6f5894db1e0c0e858cb3592a32c384e1928a40\" srcset=\"https:\/\/obcocinas.es\/wp-content\/uploads\/2025\/11\/bc6f5894db1e0c0e858cb3592a32c384e1928a40-rsd-jpg.avif 1220w, https:\/\/obcocinas.es\/wp-content\/uploads\/2025\/11\/bc6f5894db1e0c0e858cb3592a32c384e1928a40-rsd-1024x755-jpg.avif 1024w\" sizes=\"auto, (max-width: 1220px) 100vw, 1220px\" \/>\n\n\n\n<div class=\"gb-element-a31dd80c escalado-a-80\">\n<div class=\"gb-element-c768057e\">\n<h2 class=\"gb-text gb-text-c4ee32df\">Crie o seu ambiente com o planeador de cozinhas<\/h2>\n\n\n\n<p class=\"gb-text gb-text-1e03a108\">Converta a sua cozinha num espa\u00e7o \u00fanico, criado para si. Transforme a sua cozinha num espa\u00e7o \u00fanico e ao seu gosto. Escolha entre diferentes acabamentos e descubra combina\u00e7\u00f5es que reflitam o seu estilo. F\u00e1cil, gratuito, r\u00e1pido e sem complica\u00e7\u00f5es.   <\/p>\n\n\n\n<a class=\"gb-text gb-text-f3b41955 ob-btn-planner\" href=\"https:\/\/obcocinas.es\/pt\/configura-tu-cocina\/\">CONFIGURE A SUA COZINHA<\/a>\n<\/div>\n\n\n\n<div class=\"gb-element-7f64b7c6\">\n<div class=\"gb-element-8394a5dc\">\n<div class=\"gb-element-b5525313 kp-hotspot kp-bubble\">\n<div class=\"gb-element-598bbb65 kp-dot\"><\/div>\n\n\n\n<div class=\"gb-element-66d68a28 kp-callout\">\n<div class=\"gb-element-d3dc0f28\"><\/div>\n\n\n\n<span class=\"gb-text gb-text-f7a0abc5\">M\u00f3veis altos <\/span>\n<\/div>\n<\/div>\n\n\n\n<div class=\"gb-element-ba74b3c4 kp-hotspot kp-bubble\">\n<div class=\"gb-element-cf3edc17 kp-dot\"><\/div>\n\n\n\n<div class=\"gb-element-c0ff3bab kp-callout\">\n<div class=\"gb-element-c7594b86\"><\/div>\n\n\n\n<span class=\"gb-text gb-text-e9b03a18\">Torneiras<\/span>\n<\/div>\n<\/div>\n\n\n\n<div class=\"gb-element-636a4188 kp-hotspot kp-bubble\">\n<div class=\"gb-element-59f63445 kp-dot\"><\/div>\n\n\n\n<div class=\"gb-element-4f47d377 kp-callout\">\n<div class=\"gb-element-861e6d9e\"><\/div>\n\n\n\n<span class=\"gb-text gb-text-3d0c9495\">Bancada<\/span>\n<\/div>\n<\/div>\n\n\n\n<div class=\"gb-element-fe6f4dd5 kp-hotspot kp-bubble\">\n<div class=\"gb-element-02476148 kp-dot\"><\/div>\n\n\n\n<div class=\"gb-element-9004accb kp-callout\">\n<div class=\"gb-element-2d753a54\"><\/div>\n\n\n\n<span class=\"gb-text gb-text-7255885b\">M\u00f3veis baixos<\/span>\n<\/div>\n<\/div>\n\n\n\n<div class=\"gb-element-6efdfdbf kp-hotspot kp-bubble\">\n<div class=\"gb-element-ef725b55 kp-dot\"><\/div>\n\n\n\n<div class=\"gb-element-1f993408 kp-callout\">\n<div class=\"gb-element-4778805a\"><\/div>\n\n\n\n<span class=\"gb-text gb-text-52339277\">Puxadores<\/span>\n<\/div>\n<\/div>\n\n\n\n<div class=\"gb-element-69b75618 kp-hotspot kp-bubble\">\n<div class=\"gb-element-7751e001 kp-dot\"><\/div>\n\n\n\n<div class=\"gb-element-6810f8fd kp-callout\">\n<div class=\"gb-element-58440adc\"><\/div>\n\n\n\n<span class=\"gb-text gb-text-c7cf7bd3\">Puxadores<\/span>\n<\/div>\n<\/div>\n\n\n\n<img loading=\"lazy\" decoding=\"async\" width=\"1220\" height=\"900\" class=\"gb-media-9e0132e9\" alt=\"Cocina en L con muebles gris y beige y encimera oscura veteada.\" src=\"https:\/\/obcocinas.es\/wp-content\/uploads\/2025\/11\/bc6f5894db1e0c0e858cb3592a32c384e1928a40-rsd.jpg\" title=\"bc6f5894db1e0c0e858cb3592a32c384e1928a40\" srcset=\"https:\/\/obcocinas.es\/wp-content\/uploads\/2025\/11\/bc6f5894db1e0c0e858cb3592a32c384e1928a40-rsd-jpg.avif 1220w, https:\/\/obcocinas.es\/wp-content\/uploads\/2025\/11\/bc6f5894db1e0c0e858cb3592a32c384e1928a40-rsd-1024x755-jpg.avif 1024w\" sizes=\"auto, (max-width: 1220px) 100vw, 1220px\" \/>\n<\/div>\n\n\n\r\n    <div class=\"ob-kp-planner\">\r\n        <!--\r\n            viewBox 0 0 1220 900 \u2192 tama\u00f1o \"original\" de la imagen.\r\n            Todo lo que hay dentro (imagen, puntos, l\u00edneas, textos) se escala junto.\r\n        -->\r\n        <svg class=\"ob-kp-planner-svg\" viewBox=\"0 0 1220 900\" xmlns=\"http:\/\/www.w3.org\/2000\/svg\">\r\n\r\n            <!-- Imagen de fondo -->\r\n            <image href=\"https:\/\/obcocinas.es\/wp-content\/uploads\/2025\/11\/bc6f5894db1e0c0e858cb3592a32c384e1928a40-rsd.jpg\" x=\"0\" y=\"0\" width=\"1220\" height=\"900\"><\/image>\r\n\r\n            <!-- === MUEBLES BAJOS (izquierda) === -->\r\n            <g class=\"kp-hotspot kp-bubble\">\r\n                <!-- punto -->\r\n                <circle class=\"kp-dot-pulse\" cx=\"560\" cy=\"570\" r=\"10\"><\/circle>\r\n                <circle class=\"kp-dot\" cx=\"560\" cy=\"570\" r=\"10\"><\/circle>\r\n                <!-- callout -->\r\n                <g class=\"kp-callout\">\r\n                    <line class=\"kp-line\" x1=\"560\" y1=\"580\" x2=\"560\" y2=\"620\"><\/line>\r\n                    <rect class=\"kp-label-bg\" x=\"420\" y=\"620\" width=\"160\" height=\"32\"><\/rect>\r\n                    <text class=\"kp-label-text\" x=\"500\" y=\"640\" text-anchor=\"middle\">\r\n                        Arm\u00e1rios de base                    <\/text>\r\n                <\/g>\r\n            <\/g>\r\n\r\n            <!-- === MUEBLES ALTOS (arriba derecha) === -->\r\n            <g class=\"kp-hotspot kp-bubble\">\r\n                <circle class=\"kp-dot-pulse\" cx=\"540\" cy=\"220\" r=\"10\"><\/circle>\r\n                <circle class=\"kp-dot\" cx=\"540\" cy=\"220\" r=\"10\"><\/circle>\r\n                <g class=\"kp-callout\">\r\n                    <line class=\"kp-line\" x1=\"550\" y1=\"218\" x2=\"610\" y2=\"200\"><\/line>\r\n                    <rect class=\"kp-label-bg\" x=\"600\" y=\"185\" width=\"150\" height=\"32\"><\/rect>\r\n                    <text class=\"kp-label-text\" x=\"675\" y=\"205\" text-anchor=\"middle\">\r\n                        Arm\u00e1rios de parede                    <\/text>\r\n                <\/g>\r\n            <\/g>\r\n\r\n            <!-- === ENCIMERA (derecha media) === -->\r\n            <g class=\"kp-hotspot kp-bubble\">\r\n                <circle class=\"kp-dot-pulse\" cx=\"650\" cy=\"450\" r=\"10\"><\/circle>\r\n                <circle class=\"kp-dot\" cx=\"650\" cy=\"450\" r=\"10\"><\/circle>\r\n                <g class=\"kp-callout\">\r\n                    <line class=\"kp-line\" x1=\"650\" y1=\"460\" x2=\"650\" y2=\"520\"><\/line>\r\n                    <rect class=\"kp-label-bg\" x=\"550\" y=\"500\" width=\"120\" height=\"32\"><\/rect>\r\n                    <text class=\"kp-label-text\" x=\"610\" y=\"520\" text-anchor=\"middle\">\r\n                        Bancada                    <\/text>\r\n                <\/g>\r\n            <\/g>\r\n\r\n            <!-- === TIRADORES (derecha media) === -->\r\n            <g class=\"kp-hotspot kp-bubble\">\r\n                <circle class=\"kp-dot-pulse\" cx=\"835\" cy=\"580\" r=\"10\"><\/circle>\r\n                <circle class=\"kp-dot\" cx=\"835\" cy=\"580\" r=\"10\"><\/circle>\r\n                <g class=\"kp-callout\">\r\n                    <line class=\"kp-line\" x1=\"835\" y1=\"590\" x2=\"835\" y2=\"640\"><\/line>\r\n                    <rect class=\"kp-label-bg\" x=\"740\" y=\"630\" width=\"120\" height=\"32\"><\/rect>\r\n                    <text class=\"kp-label-text\" x=\"800\" y=\"650\" text-anchor=\"middle\">\r\n                        Puxadores                    <\/text>\r\n                <\/g>\r\n            <\/g>\r\n\r\n            <!-- === GRIFO (centro-derecha) === -->\r\n            <g class=\"kp-hotspot kp-bubble\">\r\n                <circle class=\"kp-dot-pulse\" cx=\"570\" cy=\"420\" r=\"10\"><\/circle>\r\n                <circle class=\"kp-dot\" cx=\"570\" cy=\"420\" r=\"10\"><\/circle>\r\n                <g class=\"kp-callout\">\r\n                    <line class=\"kp-line\" x1=\"580\" y1=\"418\" x2=\"650\" y2=\"400\"><\/line>\r\n                    <rect class=\"kp-label-bg\" x=\"650\" y=\"380\" width=\"180\" height=\"32\"><\/rect>\r\n                    <text class=\"kp-label-text\" x=\"740\" y=\"400\" text-anchor=\"middle\">\r\n                        Torneira e lava-loi\u00e7a                    <\/text>\r\n                <\/g>\r\n            <\/g>\r\n\r\n            <!-- === Z\u00d3CALO PAVIMENTO (abajo derecha) === -->\r\n            <g class=\"kp-hotspot kp-bubble\">\r\n                <circle class=\"kp-dot-pulse\" cx=\"700\" cy=\"660\" r=\"10\"><\/circle>\r\n                <circle class=\"kp-dot\" cx=\"700\" cy=\"660\" r=\"10\"><\/circle>\r\n                <g class=\"kp-callout\">\r\n                    <line class=\"kp-line\" x1=\"700\" y1=\"670\" x2=\"700\" y2=\"720\"><\/line>\r\n                    <rect class=\"kp-label-bg\" x=\"520\" y=\"700\" width=\"200\" height=\"32\"><\/rect>\r\n                    <text class=\"kp-label-text\" x=\"620\" y=\"720\" text-anchor=\"middle\">\r\n                        Rodap\u00e9 e pavimento                    <\/text>\r\n                <\/g>\r\n            <\/g>\r\n\r\n        <\/svg>\r\n\r\n    <\/div>\r\n    <\/div>\n<\/div>\n<\/div>\n\n\n\n<p><\/p>\n\n\n\n<div class=\"gb-element-8f0ba57b\">\n<div class=\"gb-element-e5dd6b2c\">\n<h2 class=\"gb-text gb-text-925a36af\">Gra\u00e7as \u00e0 nossa nova ferramenta, poder\u00e1 desenhar a sua cozinha online, em passos simples.<\/h2>\n\n\n\n<div class=\"gb-element-bad23a91\">\n<p class=\"gb-text\">Poder\u00e1 configurar:<\/p>\n<\/div>\n<\/div>\n<\/div>\n\n\n\n<div class=\"gb-element-d1fa6df8 ob-planner-svg\">    <div class=\"kitchen-svg-wrapper\">\r\n        <svg class=\"kitchen-svg\" viewBox=\"0 0 2172 1240\" xmlns=\"http:\/\/www.w3.org\/2000\/svg\">\r\n            <image href=\"https:\/\/obcocinas.es\/wp-content\/uploads\/2025\/11\/cocina-bubbles.png\" x=\"0\" y=\"0\" width=\"2172\" height=\"1240\" \/>\r\n\r\n            <!-- MUEBLES BAJOS -->\r\n            <circle class=\"hotspot-dot\" cx=\"625\" cy=\"900\" r=\"10\"><\/circle>\r\n            <line class=\"hotspot-line\" x1=\"610\" y1=\"900\" x2=\"100\" y2=\"900\"><\/line>\r\n            <rect class=\"hotspot-label-bg\" x=\"40\" y=\"880\" width=\"160\" height=\"32\"><\/rect>\r\n            <text class=\"hotspot-label-text\" x=\"120\" y=\"900\" text-anchor=\"middle\">\r\n                Arm\u00e1rios de base            <\/text>\r\n\r\n            <!-- TIPO DE APERTURA -->\r\n            <circle class=\"hotspot-dot\" cx=\"800\" cy=\"720\" r=\"10\"><\/circle>\r\n            <line class=\"hotspot-line\" x1=\"790\" y1=\"720\" x2=\"100\" y2=\"720\"><\/line>\r\n            <rect class=\"hotspot-label-bg\" x=\"30\" y=\"700\" width=\"180\" height=\"32\"><\/rect>\r\n            <text class=\"hotspot-label-text\" x=\"120\" y=\"720\" text-anchor=\"middle\">\r\n                Tipo de abertura            <\/text>\r\n\r\n            <!-- MUEBLES ALTOS -->\r\n            <circle class=\"hotspot-dot\" cx=\"1700\" cy=\"260\" r=\"10\"><\/circle>\r\n            <line class=\"hotspot-line\" x1=\"1700\" y1=\"260\" x2=\"2000\" y2=\"260\"><\/line>\r\n            <rect class=\"hotspot-label-bg\" x=\"1900\" y=\"245\" width=\"150\" height=\"32\"><\/rect>\r\n            <text class=\"hotspot-label-text\" x=\"1975\" y=\"265\" text-anchor=\"middle\">\r\n                Arm\u00e1rios de parede            <\/text>\r\n\r\n            <!-- ENCIMERA -->\r\n            <circle class=\"hotspot-dot\" cx=\"1700\" cy=\"580\" r=\"10\"><\/circle>\r\n            <line class=\"hotspot-line\" x1=\"1700\" y1=\"580\" x2=\"2000\" y2=\"580\"><\/line>\r\n            <rect class=\"hotspot-label-bg\" x=\"1910\" y=\"565\" width=\"120\" height=\"32\"><\/rect>\r\n            <text class=\"hotspot-label-text\" x=\"1975\" y=\"585\" text-anchor=\"middle\">\r\n                Bancada            <\/text>\r\n\r\n            <!-- GRIFO Y FREGADERO -->\r\n            <circle class=\"hotspot-dot\" cx=\"1495\" cy=\"640\" r=\"10\"><\/circle>\r\n            <line class=\"hotspot-line\" x1=\"1495\" y1=\"640\" x2=\"2000\" y2=\"640\"><\/line>\r\n            <rect class=\"hotspot-label-bg\" x=\"1850\" y=\"625\" width=\"200\" height=\"32\"><\/rect>\r\n            <text class=\"hotspot-label-text\" x=\"1950\" y=\"645\" text-anchor=\"middle\">\r\n                Torneira e lava-loi\u00e7a            <\/text>\r\n\r\n            <!-- Z\u00d3CALO Y PAVIMENTO -->\r\n            <circle class=\"hotspot-dot\" cx=\"1600\" cy=\"1035\" r=\"10\"><\/circle>\r\n            <line class=\"hotspot-line\" x1=\"1600\" y1=\"1035\" x2=\"2000\" y2=\"1035\"><\/line>\r\n            <rect class=\"hotspot-label-bg\" x=\"1975\" y=\"1015\" width=\"200\" height=\"32\"><\/rect>\r\n            <text class=\"hotspot-label-text\" x=\"2075\" y=\"1035\" text-anchor=\"middle\">\r\n                Rodap\u00e9 e pavimento            <\/text>\r\n        <\/svg>\r\n    <\/div>\r\n\r\n    <\/div>\n\n\n\n<div class=\"gb-element-ecd1da47\">\n<h2 class=\"gb-text gb-text-2f3c668d\">O que posso planear?<\/h2>\n\n\n\n<div class=\"gb-element-ebac9a55\">\n<p class=\"gb-text\">M\u00f3veis Superiores<br>Torneira e Lava-loi\u00e7a<br>Bancada<br>Tipo de Abertura<\/p>\n\n\n\n<p class=\"gb-text\">M\u00f3veis Inferiores<br>Rodap\u00e9<br>Pavimento<\/p>\n<\/div>\n<\/div>\n\n\n\n<div class=\"gb-element-1f5e41e2\">\n<h2 class=\"gb-text gb-text-27c55329\">Desenhe o ambiente da sua cozinha passo a passo:<\/h2>\n\n\n\n<div class=\"gb-element-834a8dc8\">\n<div class=\"gb-element-889571db\">\n<img loading=\"lazy\" decoding=\"async\" width=\"237\" height=\"564\" class=\"gb-media-cbc7005e\" alt=\"points\" src=\"https:\/\/obcocinas.es\/wp-content\/uploads\/2025\/11\/points.svg\" title=\"points\"\/>\n<\/div>\n\n\n\n<div class=\"gb-element-85be3390\">\n<div>\n<div class=\"gb-element-e21dcf45\">\n<div class=\"gb-text gb-text-29893443\">1.<\/div>\n\n\n\n<p class=\"gb-text gb-text-32eba9bf\"><strong>Escolha a distribui\u00e7\u00e3o<\/strong> da sua cozinha:<\/p>\n<\/div>\n\n\n\n<div class=\"gb-element-a19dd3b6\">\n<ul class=\"wp-block-list\">\n<li>Em paralelo<\/li>\n\n\n\n<li>Em L<\/li>\n\n\n\n<li>Com Ilha<\/li>\n\n\n\n<li>Linear<\/li>\n<\/ul>\n<\/div>\n<\/div>\n\n\n\n<div>\n<div class=\"gb-element-2a92eab2\">\n<div class=\"gb-text gb-text-4f8fbcd3\">2.<\/div>\n\n\n\n<p class=\"gb-text gb-text-f3e1f302\">Escolha entre <strong>diferentes acabamentos<\/strong> e encontre a combina\u00e7\u00e3o perfeita para a sua cozinha.<\/p>\n<\/div>\n<\/div>\n\n\n\n<div>\n<div class=\"gb-element-25522c0f\">\n<div class=\"gb-text gb-text-24152e22\">3.<\/div>\n\n\n\n<p class=\"gb-text gb-text-393fba2e\">Receba o seu <strong>design por e-mail<\/strong> e solicite o seu or\u00e7amento sem compromisso.<\/p>\n<\/div>\n<\/div>\n<\/div>\n<\/div>\n\n\n\n<div class=\"gb-element-88110ff1\">\n<div class=\"gb-element-105b0376\">\n<figure class=\"wp-block-video\"><video height=\"1040\" style=\"aspect-ratio: 1920 \/ 1040;\" width=\"1920\" autoplay loop muted src=\"https:\/\/obcocinas.es\/wp-content\/uploads\/2025\/11\/Secuencia-01_1.mp4\" playsinline><\/video><\/figure>\n<\/div>\n<\/div>\n\n\n\n<div class=\"gb-element-94c0e272\">\n<a class=\"gb-text gb-text-f2e47c4a ob-btn-main\" href=\"https:\/\/obcocinas.es\/standalone-kitchen-configurator\/\">Configure a sua cozinha<\/a>\n<\/div>\n<\/div>\n\n\n\n<div class=\"gb-element-0b158b97\">\n<img loading=\"lazy\" decoding=\"async\" width=\"1120\" height=\"832\" class=\"gb-media-5f46647f\" alt=\"d64410d270ce5abda1a3310809fd6563d08f9359\" src=\"https:\/\/obcocinas.es\/wp-content\/uploads\/2025\/11\/d64410d270ce5abda1a3310809fd6563d08f9359.png\" title=\"d64410d270ce5abda1a3310809fd6563d08f9359\" srcset=\"https:\/\/obcocinas.es\/wp-content\/uploads\/2025\/11\/d64410d270ce5abda1a3310809fd6563d08f9359-png.avif 1120w, https:\/\/obcocinas.es\/wp-content\/uploads\/2025\/11\/d64410d270ce5abda1a3310809fd6563d08f9359-1024x761-png.avif 1024w\" sizes=\"auto, (max-width: 1120px) 100vw, 1120px\" \/>\n\n\n\n<div class=\"gb-element-e2ec873c\"><\/div>\n\n\n\n<div class=\"gb-element-dbcf83ec\">\n<div class=\"gb-element-35d94040\">\n<h2 class=\"gb-text gb-text-b0375888\">Descubra a qualidade e o design da OB Cocinas<\/h2>\n\n\n\n<p class=\"gb-text\">Descubra a qualidade e o design da OB Cocinas: Projetar a cozinha dos seus sonhos nunca foi t\u00e3o f\u00e1cil. Experimente a ferramenta de personaliza\u00e7\u00e3o da OB Cocinas e descubra a sua qualidade e a variedade de acabamentos que tem para oferecer. Personalize, experimente e transforme o seu espa\u00e7o para conseguir a sua cozinha ideal.  <\/p>\n\n\n\n<a class=\"gb-text gb-text-bad7de6a\" href=\"https:\/\/obcocinas.es\/standalone-kitchen-configurator\/\">Configure a sua cozinha  &gt;&gt;<\/a>\n<\/div>\n<\/div>\n<\/div>\n\n\n\n<div class=\"gb-element-ad718448\"><\/div>\n\n\n\n<p><\/p>\n","protected":false},"excerpt":{"rendered":"<p>Gra\u00e7as \u00e0 nossa nova ferramenta, poder\u00e1 desenhar a sua cozinha online, em passos simples. Poder\u00e1 configurar: O que posso planear? M\u00f3veis SuperioresTorneira e Lava-loi\u00e7aBancadaTipo de Abertura M\u00f3veis InferioresRodap\u00e9Pavimento Desenhe o ambiente da sua cozinha passo a passo: 1. Escolha a distribui\u00e7\u00e3o da sua cozinha: 2. Escolha entre diferentes acabamentos e encontre a combina\u00e7\u00e3o perfeita para [&hellip;]<\/p>\n","protected":false},"author":1,"featured_media":0,"parent":0,"menu_order":0,"comment_status":"closed","ping_status":"closed","template":"wp-custom-template-pagina-sem-titulo","meta":{"footnotes":""},"class_list":["post-13918","page","type-page","status-publish","hentry"],"_links":{"self":[{"href":"https:\/\/obcocinas.es\/pt\/wp-json\/wp\/v2\/pages\/13918","targetHints":{"allow":["GET"]}}],"collection":[{"href":"https:\/\/obcocinas.es\/pt\/wp-json\/wp\/v2\/pages"}],"about":[{"href":"https:\/\/obcocinas.es\/pt\/wp-json\/wp\/v2\/types\/page"}],"author":[{"embeddable":true,"href":"https:\/\/obcocinas.es\/pt\/wp-json\/wp\/v2\/users\/1"}],"replies":[{"embeddable":true,"href":"https:\/\/obcocinas.es\/pt\/wp-json\/wp\/v2\/comments?post=13918"}],"version-history":[{"count":0,"href":"https:\/\/obcocinas.es\/pt\/wp-json\/wp\/v2\/pages\/13918\/revisions"}],"wp:attachment":[{"href":"https:\/\/obcocinas.es\/pt\/wp-json\/wp\/v2\/media?parent=13918"}],"curies":[{"name":"wp","href":"https:\/\/api.w.org\/{rel}","templated":true}]}}