{"id":13917,"date":"2025-11-19T13:46:14","date_gmt":"2025-11-19T12:46:14","guid":{"rendered":"https:\/\/obcocinas.es\/as-nossas-cozinhas\/"},"modified":"2025-12-04T07:39:05","modified_gmt":"2025-12-04T06:39:05","slug":"as-nossas-cozinhas","status":"publish","type":"page","link":"https:\/\/obcocinas.es\/pt\/as-nossas-cozinhas\/","title":{"rendered":"As nossas cozinhas"},"content":{"rendered":"\n<div class=\"gb-element-5538e0c5 ob-title-project\">\n<div class=\"gb-element-5bbb2b53\">\n<h1 class=\"gb-text gb-text-5303fce7\">As nossas cozinhas<\/h1>\n\n\n\n<div class=\"gb-element-c82b46e0\"><\/div>\n<\/div>\n\n\n\n<div class=\"gb-element-f273e971\">\n<p class=\"gb-text gb-text-4c593fb1\">Na OB, dedicamo-nos a projetar e fabricar m\u00f3veis de cozinha \u00e0 medida que refletem o seu estilo e se adaptam \u00e0s suas necessidades espec\u00edficas. Desde acabamentos elegantes at\u00e9 solu\u00e7\u00f5es inteligentes de armazenamento, cada cozinha que criamos est\u00e1 dotada de design e praticidade para o utilizador. <\/p>\n<\/div>\n<\/div>\n\n\n\n<div class=\"gb-element-270ad903\">\n<div><div class=\"gb-looper-07b47441\">\n<div class=\"gb-loop-item gb-loop-item-1263bcee ob-query-cocinas post-13991 cocinas type-cocinas status-publish has-post-thumbnail hentry\">\n<a class=\"gb-element-2bf8a32d\" href=\"https:\/\/obcocinas.es\/pt\/cozinhas\/cozinhas-com-ilha\/\">\n<img decoding=\"async\" data-media-id=\"18553\" class=\"gb-media-530798c1\" alt=\"Cocina elegante con muebles de madera y gran isla de piedra beige\" src=\"https:\/\/obcocinas.es\/wp-content\/uploads\/2025\/11\/apuntoreformas_-_cocina_madera_montreal_4.-pim2-2000_q-1-jpeg.avif\"\/>\n<\/a>\n\n\n\n<div class=\"gb-element-f3c24913\">\n<h2 class=\"gb-text gb-text-96734cfd\"><a href=\"https:\/\/obcocinas.es\/pt\/cozinhas\/cozinhas-com-ilha\/\">Cozinhas com Ilha<\/a><\/h2>\n<\/div>\n\n\n\n<div class=\"gb-element-4d53207d ob-query-raya\">\n<div class=\"gb-element-1024c75b\"><\/div>\n<\/div>\n\n\n\n<div class=\"gb-element-54a3a4a8\">\n<div class=\"gb-element-0947199f\"><\/div>\n<\/div>\n\n\n\n<div class=\"gb-element-a3f4948c\">\n<a class=\"gb-text gb-text-c929413e ob-btn-main\" href=\"https:\/\/obcocinas.es\/pt\/cozinhas\/cozinhas-com-ilha\/\">Descobrir<\/a>\n<\/div>\n<\/div>\n\n<div class=\"gb-loop-item gb-loop-item-1263bcee ob-query-cocinas post-13996 cocinas type-cocinas status-publish has-post-thumbnail hentry\">\n<a class=\"gb-element-2bf8a32d\" href=\"https:\/\/obcocinas.es\/pt\/cozinhas\/cozinhas-modernas\/\">\n<img decoding=\"async\" data-media-id=\"13998\" class=\"gb-media-530798c1\" alt=\"Cocina blanca con isla\" src=\"https:\/\/obcocinas.es\/wp-content\/uploads\/2025\/11\/dde88e8955e19c06fe612fffc2e488c1003ea62e-rsd-jpg.avif\"\/>\n<\/a>\n\n\n\n<div class=\"gb-element-f3c24913\">\n<h2 class=\"gb-text gb-text-96734cfd\"><a href=\"https:\/\/obcocinas.es\/pt\/cozinhas\/cozinhas-modernas\/\">Cozinhas Modernas<\/a><\/h2>\n<\/div>\n\n\n\n<div class=\"gb-element-4d53207d ob-query-raya\">\n<div class=\"gb-element-1024c75b\"><\/div>\n<\/div>\n\n\n\n<div class=\"gb-element-54a3a4a8\">\n<div class=\"gb-element-0947199f\"><\/div>\n<\/div>\n\n\n\n<div class=\"gb-element-a3f4948c\">\n<a class=\"gb-text gb-text-c929413e ob-btn-main\" href=\"https:\/\/obcocinas.es\/pt\/cozinhas\/cozinhas-modernas\/\">Descobrir<\/a>\n<\/div>\n<\/div>\n\n<div class=\"gb-loop-item gb-loop-item-1263bcee ob-query-cocinas post-13999 cocinas type-cocinas status-publish has-post-thumbnail hentry\">\n<a class=\"gb-element-2bf8a32d\" href=\"https:\/\/obcocinas.es\/pt\/cozinhas\/cozinhas-em-l\/\">\n<img decoding=\"async\" data-media-id=\"14001\" class=\"gb-media-530798c1\" alt=\"Cocina blanca\" src=\"https:\/\/obcocinas.es\/wp-content\/uploads\/2025\/11\/e0fb0fb502f8769e966798db517dc60f2b7dcbe4-rsd-1-jpg.avif\"\/>\n<\/a>\n\n\n\n<div class=\"gb-element-f3c24913\">\n<h2 class=\"gb-text gb-text-96734cfd\"><a href=\"https:\/\/obcocinas.es\/pt\/cozinhas\/cozinhas-em-l\/\">Cozinhas em L<\/a><\/h2>\n<\/div>\n\n\n\n<div class=\"gb-element-4d53207d ob-query-raya\">\n<div class=\"gb-element-1024c75b\"><\/div>\n<\/div>\n\n\n\n<div class=\"gb-element-54a3a4a8\">\n<div class=\"gb-element-0947199f\"><\/div>\n<\/div>\n\n\n\n<div class=\"gb-element-a3f4948c\">\n<a class=\"gb-text gb-text-c929413e ob-btn-main\" href=\"https:\/\/obcocinas.es\/pt\/cozinhas\/cozinhas-em-l\/\">Descobrir<\/a>\n<\/div>\n<\/div>\n\n<div class=\"gb-loop-item gb-loop-item-1263bcee ob-query-cocinas post-14002 cocinas type-cocinas status-publish has-post-thumbnail hentry\">\n<a class=\"gb-element-2bf8a32d\" href=\"https:\/\/obcocinas.es\/pt\/cozinhas\/cozinhas-em-madeira\/\">\n<img decoding=\"async\" data-media-id=\"14004\" class=\"gb-media-530798c1\" alt=\"Cocina de madera con isla\" src=\"https:\/\/obcocinas.es\/wp-content\/uploads\/2025\/11\/354b03651463507b24bfdf387ac3a219dd6fc8a8-rsd-jpg.avif\"\/>\n<\/a>\n\n\n\n<div class=\"gb-element-f3c24913\">\n<h2 class=\"gb-text gb-text-96734cfd\"><a href=\"https:\/\/obcocinas.es\/pt\/cozinhas\/cozinhas-em-madeira\/\">Cozinhas em Madeira<\/a><\/h2>\n<\/div>\n\n\n\n<div class=\"gb-element-4d53207d ob-query-raya\">\n<div class=\"gb-element-1024c75b\"><\/div>\n<\/div>\n\n\n\n<div class=\"gb-element-54a3a4a8\">\n<div class=\"gb-element-0947199f\"><\/div>\n<\/div>\n\n\n\n<div class=\"gb-element-a3f4948c\">\n<a class=\"gb-text gb-text-c929413e ob-btn-main\" href=\"https:\/\/obcocinas.es\/pt\/cozinhas\/cozinhas-em-madeira\/\">Descobrir<\/a>\n<\/div>\n<\/div>\n\n<div class=\"gb-loop-item gb-loop-item-1263bcee ob-query-cocinas post-14005 cocinas type-cocinas status-publish has-post-thumbnail hentry\">\n<a class=\"gb-element-2bf8a32d\" href=\"https:\/\/obcocinas.es\/pt\/cozinhas\/cozinhas-brancas\/\">\n<img decoding=\"async\" data-media-id=\"19293\" class=\"gb-media-530798c1\" alt=\"Cocina blanca con isla\" src=\"https:\/\/obcocinas.es\/wp-content\/uploads\/2025\/11\/Cocinas-blancas-1-jpg.avif\"\/>\n<\/a>\n\n\n\n<div class=\"gb-element-f3c24913\">\n<h2 class=\"gb-text gb-text-96734cfd\"><a href=\"https:\/\/obcocinas.es\/pt\/cozinhas\/cozinhas-brancas\/\">Cozinhas Brancas<\/a><\/h2>\n<\/div>\n\n\n\n<div class=\"gb-element-4d53207d ob-query-raya\">\n<div class=\"gb-element-1024c75b\"><\/div>\n<\/div>\n\n\n\n<div class=\"gb-element-54a3a4a8\">\n<div class=\"gb-element-0947199f\"><\/div>\n<\/div>\n\n\n\n<div class=\"gb-element-a3f4948c\">\n<a class=\"gb-text gb-text-c929413e ob-btn-main\" href=\"https:\/\/obcocinas.es\/pt\/cozinhas\/cozinhas-brancas\/\">Descobrir<\/a>\n<\/div>\n<\/div>\n<\/div>\n\n\n<div class=\"gb-element-9cac32a7 gb-query-loop-pagination\">\n\n\n\n<\/div>\n\n\n<\/div>\n<\/div>\n\n\n\n<div class=\"gb-element-f045684e\">\n<div class=\"gb-element-9da10180 ob-wherebuy\">\n<img loading=\"lazy\" decoding=\"async\" width=\"2560\" height=\"1707\" class=\"gb-media-69d1c496\" alt=\"Cocina de madera con isla\" src=\"https:\/\/obcocinas.es\/wp-content\/uploads\/2025\/11\/354b03651463507b24bfdf387ac3a219dd6fc8a8-rsd.jpg\" title=\"354b03651463507b24bfdf387ac3a219dd6fc8a8\" srcset=\"https:\/\/obcocinas.es\/wp-content\/uploads\/2025\/11\/354b03651463507b24bfdf387ac3a219dd6fc8a8-rsd-jpg.avif 2560w, https:\/\/obcocinas.es\/wp-content\/uploads\/2025\/11\/354b03651463507b24bfdf387ac3a219dd6fc8a8-rsd-1024x683-jpg.avif 1024w, https:\/\/obcocinas.es\/wp-content\/uploads\/2025\/11\/354b03651463507b24bfdf387ac3a219dd6fc8a8-rsd-1536x1024-jpg.avif 1536w, https:\/\/obcocinas.es\/wp-content\/uploads\/2025\/11\/354b03651463507b24bfdf387ac3a219dd6fc8a8-rsd-2048x1366-jpg.avif 2048w\" sizes=\"auto, (max-width: 2560px) 100vw, 2560px\" \/>\n\n\n\n<div class=\"gb-element-8967a66d ob-wherebuy-overlay\"><\/div>\n\n\n\n<div class=\"gb-element-b45eb23f\">\n<h2 class=\"gb-text gb-text-8a16b213\">Onde comprar uma cozinha OB<\/h2>\n\n\n\n<p class=\"gb-text gb-text-d0a6ea2d\">ENCONTRE O PONTO DE VENDA DE COZINHAS OB MAIS PR\u00d3XIMO DE SI<\/p>\n\n\n\n<a class=\"gb-text gb-text-73374fd9 ob-btn-main\" href=\"https:\/\/obcocinas.es\/pt\/lojas\/\">PROCURAR PONTO DE VENDA<\/a>\n<\/div>\n<\/div>\n\n\n\n<p><\/p>\n<\/div>\n","protected":false},"excerpt":{"rendered":"<p>As nossas cozinhas Na OB, dedicamo-nos a projetar e fabricar m\u00f3veis de cozinha \u00e0 medida que refletem o seu estilo e se adaptam \u00e0s suas necessidades espec\u00edficas. Desde acabamentos elegantes at\u00e9 solu\u00e7\u00f5es inteligentes de armazenamento, cada cozinha que criamos est\u00e1 dotada de design e praticidade para o utilizador.<\/p>\n","protected":false},"author":1,"featured_media":0,"parent":0,"menu_order":0,"comment_status":"closed","ping_status":"closed","template":"wp-custom-template-pagina-sem-titulo","meta":{"footnotes":""},"class_list":["post-13917","page","type-page","status-publish","hentry"],"_links":{"self":[{"href":"https:\/\/obcocinas.es\/pt\/wp-json\/wp\/v2\/pages\/13917","targetHints":{"allow":["GET"]}}],"collection":[{"href":"https:\/\/obcocinas.es\/pt\/wp-json\/wp\/v2\/pages"}],"about":[{"href":"https:\/\/obcocinas.es\/pt\/wp-json\/wp\/v2\/types\/page"}],"author":[{"embeddable":true,"href":"https:\/\/obcocinas.es\/pt\/wp-json\/wp\/v2\/users\/1"}],"replies":[{"embeddable":true,"href":"https:\/\/obcocinas.es\/pt\/wp-json\/wp\/v2\/comments?post=13917"}],"version-history":[{"count":1,"href":"https:\/\/obcocinas.es\/pt\/wp-json\/wp\/v2\/pages\/13917\/revisions"}],"predecessor-version":[{"id":15955,"href":"https:\/\/obcocinas.es\/pt\/wp-json\/wp\/v2\/pages\/13917\/revisions\/15955"}],"wp:attachment":[{"href":"https:\/\/obcocinas.es\/pt\/wp-json\/wp\/v2\/media?parent=13917"}],"curies":[{"name":"wp","href":"https:\/\/api.w.org\/{rel}","templated":true}]}}