{"id":13915,"date":"2025-11-19T19:57:53","date_gmt":"2025-11-19T18:57:53","guid":{"rendered":"https:\/\/obcocinas.es\/o-que-nos-inspira\/"},"modified":"2025-11-19T19:57:53","modified_gmt":"2025-11-19T18:57:53","slug":"o-que-nos-inspira","status":"publish","type":"page","link":"https:\/\/obcocinas.es\/pt\/o-que-nos-inspira\/","title":{"rendered":"O que nos inspira"},"content":{"rendered":"\n<div class=\"gb-element-5bbb2b53\">\n<div class=\"gb-element-c82b46e0\"><\/div>\n\n\n\n<div class=\"gb-element-41c50ec5\">\n<p class=\"gb-text gb-text-5303fce7\">O que nos inspira<\/p>\n<\/div>\n<\/div>\n\n\n\n<div>\n<img decoding=\"async\" data-media-id=\"13916\" class=\"gb-media-fcb37a9c\" alt=\"\" src=\"https:\/\/obcocinas.es\/wp-content\/uploads\/2025\/11\/d996dd25bf4d1289df197c06283f59f3d9dd3b86-rsd-jpg.avif\" title=\"bc6f5894db1e0c0e858cb3592a32c384e1928a40-rsd\"\/>\n<\/div>\n\n\n\n<div class=\"gb-element-f62771b3\">\n<div class=\"gb-element-d24b3b5a\">\n<h1 class=\"gb-text gb-text-36f53c5e\">A nossa filosofia: cozinhas que unem design, emo\u00e7\u00e3o e responsabilidade<\/h1>\n\n\n\n<div class=\"gb-element-6e8267ac\"><\/div>\n\n\n\n<p class=\"gb-text gb-text-da285a69\">Na OB Cocinas, acreditamos que uma cozinha \u00e9 muito mais do que um espa\u00e7o funcional: \u00e9 o cora\u00e7\u00e3o do lar. Por isso, a nossa filosofia combina tradi\u00e7\u00e3o, inova\u00e7\u00e3o e sustentabilidade, com um \u00fanico prop\u00f3sito: criar cozinhas que inspirem confian\u00e7a e transmitam beleza em cada detalhe. <\/p>\n<\/div>\n<\/div>\n\n\n\n<div class=\"gb-element-080c7cff\">\n<h2 class=\"gb-text gb-text-20dd0c22\">Valores que nos definem<\/h2>\n\n\n\n<div class=\"gb-element-b52b7861\">\n<p class=\"gb-text\">Na OB Cocinas, trabalhamos com uma ideia simples: os nossos valores tornam-se vis\u00edveis em cada detalhe, desde os materiais at\u00e9 ao acabamento final.<\/p>\n<\/div>\n<\/div>\n\n\n\n<div class=\"gb-element-5945e50b\">\n<div class=\"gb-element-10c5a3c6\">\n<div class=\"gb-element-15703944\">\n<div class=\"gb-element-dae1ad99\"><\/div>\n\n\n\n<div class=\"gb-element-111b6792\"><\/div>\n\n\n\n<div class=\"gb-element-c3ccf976\"><\/div>\n\n\n\n<div class=\"gb-element-b07b8a13\"><\/div>\n\n\n\n<div class=\"gb-element-052a5746\">\n<p class=\"gb-text gb-text-76610936\">SUSTENTABILIDADE<\/p>\n\n\n\n<p class=\"gb-text gb-text-afd3dcc8\">Selecionamos cuidadosamente os nossos fornecedores e concebemos processos que minimizam o impacto ambiental, otimizam o uso de recursos e priorizam materiais certificados e respons\u00e1veis. Para n\u00f3s, a sustentabilidade vai al\u00e9m do cuidado com o meio ambiente: \u00e9 um princ\u00edpio que guia a \u00e9tica, a boa governa\u00e7\u00e3o e a gest\u00e3o transparente, fomentando rela\u00e7\u00f5es respons\u00e1veis e de confian\u00e7a com todos os nossos colaboradores, parceiros e comunidades. Cada decis\u00e3o que tomamos procura gerar valor duradouro, equilibrando crescimento, inova\u00e7\u00e3o e responsabilidade para com as pessoas, o planeta e a sociedade como um todo. Esta abordagem permite-nos contribuir de forma significativa para um desenvolvimento mais consciente, resiliente e alinhado com os desafios e oportunidades do futuro.   <\/p>\n<\/div>\n<\/div>\n\n\n\n<div class=\"gb-element-03ee27f8\">\n<div class=\"gb-element-7750bfdc\"><\/div>\n\n\n\n<div class=\"gb-element-eebed7b1\"><\/div>\n\n\n\n<div class=\"gb-element-0d83efa0\"><\/div>\n\n\n\n<div class=\"gb-element-ff7b6449\"><\/div>\n\n\n\n<div class=\"gb-element-9795915c\">\n<p class=\"gb-text gb-text-f0d982a8\">QUALIDADE EM CADA ACABAMENTO<\/p>\n\n\n\n<p class=\"gb-text gb-text-c1d4273b\">Apenas trabalhamos com materiais comprovados e de origem fi\u00e1vel: madeiras nobres, acabamentos resistentes, ferragens de precis\u00e3o. A honestidade come\u00e7a no que se v\u00ea e se toca. <\/p>\n<\/div>\n<\/div>\n\n\n\n<div class=\"gb-element-fd45cc9f\">\n<div class=\"gb-element-9f62957b\"><\/div>\n\n\n\n<div class=\"gb-element-4405ca8d\"><\/div>\n\n\n\n<div class=\"gb-element-a3d8cea2\"><\/div>\n\n\n\n<div class=\"gb-element-f9bdb33c\"><\/div>\n\n\n\n<div class=\"gb-element-b2e3c119\">\n<p class=\"gb-text gb-text-6b856af1\">DESIGN COM SENTIDO<\/p>\n\n\n\n<p class=\"gb-text gb-text-a1354820\">Os nossos projetos procuram um equil\u00edbrio claro: que a cozinha seja pr\u00e1tica no seu uso di\u00e1rio, com uma est\u00e9tica cuidada que acrescente valor ao espa\u00e7o, uma durabilidade que a mantenha no tempo e um estilo pensado para se manter atual para al\u00e9m das modas.<\/p>\n<\/div>\n<\/div>\n\n\n\n<div class=\"gb-element-43665666\">\n<div class=\"gb-element-e677dd79\"><\/div>\n\n\n\n<div class=\"gb-element-cbe5d74c\"><\/div>\n\n\n\n<div class=\"gb-element-133cc9c3\"><\/div>\n\n\n\n<div class=\"gb-element-852f4f74\"><\/div>\n\n\n\n<div class=\"gb-element-e550424a\">\n<p class=\"gb-text gb-text-0bb39485\">ARTESANATO EVOLU\u00cdDO<\/p>\n\n\n\n<p class=\"gb-text gb-text-f049a03e\">Respeitamos o saber fazer tradicional, mas potenci\u00e1mo-lo com tecnologia de vanguarda que garante precis\u00e3o nos acabamentos, prazos ajustados e um produto final mais fi\u00e1vel.<\/p>\n<\/div>\n<\/div>\n\n\n\n<div class=\"gb-element-1216f9a2\">\n<div class=\"gb-element-c85ec5da\"><\/div>\n\n\n\n<div class=\"gb-element-8985c4cc\"><\/div>\n\n\n\n<div class=\"gb-element-a24d99f0\"><\/div>\n\n\n\n<div class=\"gb-element-e1710d71\"><\/div>\n\n\n\n<div class=\"gb-element-865322e3\">\n<p class=\"gb-text gb-text-2f0ae03f\">UM PROJETO PARA CADA LAR<\/p>\n\n\n\n<p class=\"gb-text gb-text-8ac15331\">A personaliza\u00e7\u00e3o n\u00e3o \u00e9 um extra: \u00e9 a nossa forma de trabalhar. Cada cozinha adapta-se \u00e0s dimens\u00f5es, necessidades e estilo de vida de quem a vai desfrutar. <\/p>\n<\/div>\n<\/div>\n\n\n\n<div class=\"gb-element-5c3e7111\">\n<div class=\"gb-element-48694be2\"><\/div>\n\n\n\n<div class=\"gb-element-5489bb61\"><\/div>\n\n\n\n<div class=\"gb-element-2de3346f\"><\/div>\n\n\n\n<div class=\"gb-element-536707d2\"><\/div>\n\n\n\n<div class=\"gb-element-60fe5625\">\n<p class=\"gb-text gb-text-e03cb33d\">PRECIS\u00c3O E FIABILIDADE<\/p>\n\n\n\n<p class=\"gb-text gb-text-d559a09c\">Cada porta, gaveta e acabamento passa por controlos e testes que garantem resist\u00eancia, durabilidade e uma utiliza\u00e7\u00e3o sem complica\u00e7\u00f5es. Prestamos aten\u00e7\u00e3o a cada ajuste para garantir um resultado preciso e de m\u00e1xima qualidade, porque a diferen\u00e7a est\u00e1 nos detalhes. <\/p>\n<\/div>\n<\/div>\n<\/div>\n<\/div>\n\n\n\n<div>\n<img loading=\"lazy\" decoding=\"async\" width=\"2560\" height=\"1707\" class=\"gb-media-16917ad6\" alt=\"e6026a4cc57ac8fccf86ad4fe12d1a0981d6281e\" src=\"https:\/\/obcocinas.es\/wp-content\/uploads\/2025\/11\/e6026a4cc57ac8fccf86ad4fe12d1a0981d6281e-rsd.jpg\" title=\"e6026a4cc57ac8fccf86ad4fe12d1a0981d6281e\" srcset=\"https:\/\/obcocinas.es\/wp-content\/uploads\/2025\/11\/e6026a4cc57ac8fccf86ad4fe12d1a0981d6281e-rsd-jpg.avif 2560w, https:\/\/obcocinas.es\/wp-content\/uploads\/2025\/11\/e6026a4cc57ac8fccf86ad4fe12d1a0981d6281e-rsd-1024x683-jpg.avif 1024w, https:\/\/obcocinas.es\/wp-content\/uploads\/2025\/11\/e6026a4cc57ac8fccf86ad4fe12d1a0981d6281e-rsd-1536x1024-jpg.avif 1536w, https:\/\/obcocinas.es\/wp-content\/uploads\/2025\/11\/e6026a4cc57ac8fccf86ad4fe12d1a0981d6281e-rsd-2048x1366-jpg.avif 2048w\" sizes=\"auto, (max-width: 2560px) 100vw, 2560px\" \/>\n<\/div>\n\n\n\n<div class=\"gb-element-fa9ad712\">\n<h2 class=\"gb-text gb-text-37cd85e8\">Desenhamos a pensar nas pessoas<\/h2>\n\n\n\n<div class=\"gb-element-c361dabb\">\n<p class=\"gb-text\">Cada projeto come\u00e7a por entender quem o vai viver. As suas necessidades, os seus h\u00e1bitos e a sua forma de se relacionar com a cozinha s\u00e3o o ponto de partida para desenhar um espa\u00e7o que reflita o seu estilo e que o acompanhe no seu dia a dia. <\/p>\n<\/div>\n<\/div>\n\n\n\n<div class=\"gb-element-0fd56e4d\">\n<div class=\"gb-element-657ccb29\">\n<img loading=\"lazy\" decoding=\"async\" width=\"889\" height=\"853\" class=\"gb-media-bd82da0e\" alt=\"5c119fee4044ada308185438e85e92f0ed5298bb\" src=\"https:\/\/obcocinas.es\/wp-content\/uploads\/2025\/11\/5c119fee4044ada308185438e85e92f0ed5298bb.png\" title=\"5c119fee4044ada308185438e85e92f0ed5298bb\"\/>\n\n\n\n<div class=\"gb-element-2308619c\">\n<div class=\"gb-element-20e01598 camion-fondo\">\n<div class=\"gb-element-defa365c\">\n<p class=\"gb-text gb-text-edd700b5\">CONTACTE-NOS<\/p>\n\n\n\n<div class=\"gb-element-70cddd45\"><\/div>\n<\/div>\n\n\n\n<h2 class=\"gb-text gb-text-1293fe0a\">Quer ser um distribuidor?<\/h2>\n\n\n\n<p class=\"gb-text gb-text-499c9803\">Fa\u00e7a parte da nossa rede de distribuidores.<\/p>\n\n\n\n<a class=\"gb-text gb-text-73374fd9 ob-btn-main contacto\">Informe-se agora<\/a>\n<\/div>\n<\/div>\n<\/div>\n\n\n\n<p><\/p>\n<\/div>\n","protected":false},"excerpt":{"rendered":"<p>O que nos inspira A nossa filosofia: cozinhas que unem design, emo\u00e7\u00e3o e responsabilidade Na OB Cocinas, acreditamos que uma cozinha \u00e9 muito mais do que um espa\u00e7o funcional: \u00e9 o cora\u00e7\u00e3o do lar. Por isso, a nossa filosofia combina tradi\u00e7\u00e3o, inova\u00e7\u00e3o e sustentabilidade, com um \u00fanico prop\u00f3sito: criar cozinhas que inspirem confian\u00e7a e transmitam [&hellip;]<\/p>\n","protected":false},"author":1,"featured_media":13916,"parent":0,"menu_order":0,"comment_status":"closed","ping_status":"closed","template":"wp-custom-template-pagina-sem-titulo","meta":{"footnotes":""},"class_list":["post-13915","page","type-page","status-publish","has-post-thumbnail","hentry"],"_links":{"self":[{"href":"https:\/\/obcocinas.es\/pt\/wp-json\/wp\/v2\/pages\/13915","targetHints":{"allow":["GET"]}}],"collection":[{"href":"https:\/\/obcocinas.es\/pt\/wp-json\/wp\/v2\/pages"}],"about":[{"href":"https:\/\/obcocinas.es\/pt\/wp-json\/wp\/v2\/types\/page"}],"author":[{"embeddable":true,"href":"https:\/\/obcocinas.es\/pt\/wp-json\/wp\/v2\/users\/1"}],"replies":[{"embeddable":true,"href":"https:\/\/obcocinas.es\/pt\/wp-json\/wp\/v2\/comments?post=13915"}],"version-history":[{"count":0,"href":"https:\/\/obcocinas.es\/pt\/wp-json\/wp\/v2\/pages\/13915\/revisions"}],"wp:featuredmedia":[{"embeddable":true,"href":"https:\/\/obcocinas.es\/pt\/wp-json\/wp\/v2\/media\/13916"}],"wp:attachment":[{"href":"https:\/\/obcocinas.es\/pt\/wp-json\/wp\/v2\/media?parent=13915"}],"curies":[{"name":"wp","href":"https:\/\/api.w.org\/{rel}","templated":true}]}}