{"id":13914,"date":"2025-11-19T21:32:53","date_gmt":"2025-11-19T20:32:53","guid":{"rendered":"https:\/\/obcocinas.es\/sustentabilidade\/"},"modified":"2025-11-19T21:32:53","modified_gmt":"2025-11-19T20:32:53","slug":"sustentabilidade","status":"publish","type":"page","link":"https:\/\/obcocinas.es\/pt\/sustentabilidade\/","title":{"rendered":"Sustentabilidade"},"content":{"rendered":"\n<div class=\"gb-element-7d84fac6\">\n<img decoding=\"async\" data-media-id=\"13912\" class=\"gb-media-fcb37a9c\" alt=\"\" src=\"https:\/\/obcocinas.es\/wp-content\/uploads\/2025\/11\/4794bdfb98dec164b5351c46c938d7771dcd34ad-rsd-jpg.avif\" title=\"bc6f5894db1e0c0e858cb3592a32c384e1928a40-rsd\"\/>\n\n\n\n<div class=\"gb-element-22ca3a06\">\n<div class=\"gb-element-b22965a2\">\n<h1 class=\"gb-text gb-text-eb66a694\">Sustentabilidade: um compromisso presente em cada cozinha OB<\/h1>\n\n\n\n<div class=\"gb-element-13173b27\">\n<p class=\"gb-text\">Na OB Cocinas, entendemos que criar uma cozinha vai muito al\u00e9m do design e da funcionalidade: \u00e9 uma oportunidade para gerar um impacto positivo no ambiente, nas pessoas e na forma como gerimos o nosso trabalho. A sustentabilidade guia cada decis\u00e3o que tomamos, desde a sele\u00e7\u00e3o de mat\u00e9rias-primas at\u00e9 \u00e0 distribui\u00e7\u00e3o final, garantindo que cada cozinha combine inova\u00e7\u00e3o, qualidade e responsabilidade em todas as suas dimens\u00f5es. <\/p>\n<\/div>\n<\/div>\n<\/div>\n<\/div>\n\n\n\n<div class=\"gb-element-449c085b\">\n<div class=\"gb-element-19e8fc47\">\n<h1 class=\"gb-text gb-text-4c57b4a9\">Sustentabilidade: um compromisso presente em cada cozinha OB<\/h1>\n\n\n\n<div class=\"gb-element-b8e06e5d\">\n<p class=\"gb-text\">Na OB Cocinas, entendemos que criar uma cozinha vai muito al\u00e9m do design e da funcionalidade: \u00e9 uma oportunidade para gerar um impacto positivo no ambiente, nas pessoas e na forma como gerimos o nosso trabalho. A sustentabilidade guia cada decis\u00e3o que tomamos, desde a sele\u00e7\u00e3o de mat\u00e9rias-primas at\u00e9 \u00e0 distribui\u00e7\u00e3o final, garantindo que cada cozinha combine inova\u00e7\u00e3o, qualidade e responsabilidade em todas as suas dimens\u00f5es. <\/p>\n\n\n\n<p class=\"gb-text gb-text-8b380957\">Para n\u00f3s, ser sustent\u00e1veis significa equilibrar a excel\u00eancia no produto com um compromisso profundo com a \u00e9tica, a gest\u00e3o respons\u00e1vel e a prote\u00e7\u00e3o ambiental. Implica otimizar recursos, reduzir o impacto ambiental, cuidar da sa\u00fade de quem usa as nossas cozinhas e manter rela\u00e7\u00f5es transparentes e confi\u00e1veis com colaboradores, fornecedores e parceiros. Na OB Cocinas, cada a\u00e7\u00e3o reflete o nosso prop\u00f3sito de construir um futuro mais consciente e sustent\u00e1vel, demonstrando que a inova\u00e7\u00e3o e a responsabilidade podem ir sempre de m\u00e3os dadas.  <\/p>\n<\/div>\n<\/div>\n<\/div>\n\n\n\n<div class=\"gb-element-2dcbf3b7\">\n<div class=\"gb-element-a4ba9e1b\">\n<h2 class=\"gb-text gb-text-9b66e337\">Uma fabrica\u00e7\u00e3o respons\u00e1vel<\/h2>\n<\/div>\n\n\n\n<div class=\"gb-element-b7c80de6\">\n<p class=\"gb-text gb-text-438d1e23\">As nossas instala\u00e7\u00f5es de mais de 40.000 m\u00b2 est\u00e3o projetadas para minimizar o impacto ambiental. Investimos em maquinaria de \u00faltima gera\u00e7\u00e3o que otimiza a energia e reduz o desperd\u00edcio, e geramos parte da eletricidade com pain\u00e9is solares. Al\u00e9m disso, trabalhamos com pain\u00e9is que garantem uma origem respons\u00e1vel da madeira e baixas emiss\u00f5es.  <\/p>\n\n\n\n<p class=\"gb-text\">Este compromisso consolidou-se em 2008 com a certifica\u00e7\u00e3o ISO 9001 em gest\u00e3o de qualidade e em 2025 com a obten\u00e7\u00e3o do certificado B Corp, que refor\u00e7ou os nossos processos, aumentou os controlos e elevou a colabora\u00e7\u00e3o com fornecedores de confian\u00e7a.<\/p>\n<\/div>\n<\/div>\n\n\n\n<div class=\"gb-element-f76c9022\">\n<img loading=\"lazy\" decoding=\"async\" width=\"400\" height=\"374\" class=\"gb-media-acf5f6ba\" alt=\"eeef88d7944abc2de194c4aba8effd2351490c00\" src=\"https:\/\/obcocinas.es\/wp-content\/uploads\/2025\/11\/eeef88d7944abc2de194c4aba8effd2351490c00.png\" title=\"eeef88d7944abc2de194c4aba8effd2351490c00\"\/>\n\n\n\n<img loading=\"lazy\" decoding=\"async\" width=\"338\" height=\"149\" class=\"gb-media-e27465e6\" alt=\"iso-9001\" src=\"https:\/\/obcocinas.es\/wp-content\/uploads\/2025\/11\/iso-9001.jpg\" title=\"iso-9001\"\/>\n\n\n\n<img loading=\"lazy\" decoding=\"async\" width=\"563\" height=\"212\" class=\"gb-media-41dfabf1\" alt=\"0f69152d75f304aa108eee335e73bc54e095330f\" src=\"https:\/\/obcocinas.es\/wp-content\/uploads\/2025\/11\/0f69152d75f304aa108eee335e73bc54e095330f.png\" title=\"0f69152d75f304aa108eee335e73bc54e095330f\"\/>\n<\/div>\n\n\n\n<div class=\"gb-element-cc17f4ec\">\n<img loading=\"lazy\" decoding=\"async\" width=\"2560\" height=\"1917\" class=\"gb-media-f76f2f05\" alt=\"0ac6b3246783bd1dd398136564f53bbce332d7a8\" src=\"https:\/\/obcocinas.es\/wp-content\/uploads\/2025\/11\/0ac6b3246783bd1dd398136564f53bbce332d7a8-rsd.jpg\" title=\"0ac6b3246783bd1dd398136564f53bbce332d7a8\" srcset=\"https:\/\/obcocinas.es\/wp-content\/uploads\/2025\/11\/0ac6b3246783bd1dd398136564f53bbce332d7a8-rsd-jpg.avif 2560w, https:\/\/obcocinas.es\/wp-content\/uploads\/2025\/11\/0ac6b3246783bd1dd398136564f53bbce332d7a8-rsd-1024x767.jpg 1024w, https:\/\/obcocinas.es\/wp-content\/uploads\/2025\/11\/0ac6b3246783bd1dd398136564f53bbce332d7a8-rsd-1536x1150.jpg 1536w, https:\/\/obcocinas.es\/wp-content\/uploads\/2025\/11\/0ac6b3246783bd1dd398136564f53bbce332d7a8-rsd-2048x1534.jpg 2048w\" sizes=\"auto, (max-width: 2560px) 100vw, 2560px\" \/>\n<\/div>\n\n\n\n<div class=\"gb-element-119b17fc\">\n<div class=\"gb-element-4a5df973\">\n<div class=\"gb-element-95b0aec6\">\n<div class=\"gb-element-58c2c8ac\">\n<h2 class=\"gb-text gb-text-dd2090f1\">Responsabilidade com as pessoas<\/h2>\n\n\n\n<div class=\"gb-element-351e59a6\">\n<p class=\"gb-text\">A sustentabilidade tamb\u00e9m significa cuidar de quem faz e desfruta das nossas cozinhas. Garantimos condi\u00e7\u00f5es laborais seguras, forma\u00e7\u00e3o cont\u00ednua e rela\u00e7\u00f5es est\u00e1veis com fornecedores locais. Al\u00e9m disso, priorizamos materiais que reduzem as emiss\u00f5es, protegendo a sa\u00fade nos lares.  <\/p>\n<\/div>\n<\/div>\n\n\n\n<div class=\"gb-element-a08b492e\">\n<img loading=\"lazy\" decoding=\"async\" width=\"1365\" height=\"2048\" class=\"gb-media-36d9ec03\" alt=\"_MCG4251\" src=\"https:\/\/obcocinas.es\/wp-content\/uploads\/2025\/11\/MCG4251-rsd.jpg\" title=\"_MCG4251\" srcset=\"https:\/\/obcocinas.es\/wp-content\/uploads\/2025\/11\/MCG4251-rsd-jpg.avif 1365w, https:\/\/obcocinas.es\/wp-content\/uploads\/2025\/11\/MCG4251-rsd-200x300.jpg 200w, https:\/\/obcocinas.es\/wp-content\/uploads\/2025\/11\/MCG4251-rsd-683x1024-jpg.avif 683w, https:\/\/obcocinas.es\/wp-content\/uploads\/2025\/11\/MCG4251-rsd-1024x1536-jpg.avif 1024w\" sizes=\"auto, (max-width: 1365px) 100vw, 1365px\" \/>\n<\/div>\n\n\n\n<div class=\"gb-element-64fab553\">\n<h2 class=\"gb-text gb-text-e2847683\">\u00c9tica e transpar\u00eancia na gest\u00e3o<\/h2>\n\n\n\n<div class=\"gb-element-5972cc60\">\n<p class=\"gb-text\">A \u00e9tica e a transpar\u00eancia guiam a nossa forma de trabalhar. Cumprimos a normativa, gerimos cada projeto com integridade e mantemos rela\u00e7\u00f5es respons\u00e1veis com clientes, distribuidores e parceiros, garantindo confian\u00e7a e coer\u00eancia em todas as nossas decis\u00f5es. <\/p>\n<\/div>\n<\/div>\n\n\n\n<div class=\"gb-element-918ea9ca\">\n<h2 class=\"gb-text gb-text-9e9bd236\">Design sustent\u00e1vel que inspira<\/h2>\n\n\n\n<div class=\"gb-element-c2481944\">\n<p class=\"gb-text\">Para n\u00f3s, a sustentabilidade faz parte do ADN de cada cozinha. Projetamos espa\u00e7os atemporais que combinam est\u00e9tica e responsabilidade, demonstrando que o sustent\u00e1vel tamb\u00e9m pode ser sin\u00f3nimo de beleza e durabilidade. <\/p>\n<\/div>\n<\/div>\n<\/div>\n\n\n\n<div class=\"gb-element-16398d8f\">\n<img loading=\"lazy\" decoding=\"async\" width=\"1365\" height=\"2048\" class=\"gb-media-9b260f19\" alt=\"_MCG4251\" src=\"https:\/\/obcocinas.es\/wp-content\/uploads\/2025\/11\/MCG4251-rsd.jpg\" title=\"_MCG4251\" srcset=\"https:\/\/obcocinas.es\/wp-content\/uploads\/2025\/11\/MCG4251-rsd-jpg.avif 1365w, https:\/\/obcocinas.es\/wp-content\/uploads\/2025\/11\/MCG4251-rsd-200x300.jpg 200w, https:\/\/obcocinas.es\/wp-content\/uploads\/2025\/11\/MCG4251-rsd-683x1024-jpg.avif 683w, https:\/\/obcocinas.es\/wp-content\/uploads\/2025\/11\/MCG4251-rsd-1024x1536-jpg.avif 1024w\" sizes=\"auto, (max-width: 1365px) 100vw, 1365px\" \/>\n<\/div>\n<\/div>\n<\/div>\n\n\n\n<div class=\"gb-element-ccff8fb8\">\n<div class=\"gb-element-21ce8a32\">\n<div class=\"gb-element-a67fb23e\">\n<h2 class=\"gb-text gb-text-c9294329\">Compromisso com as pessoas<\/h2>\n\n\n\n<p class=\"gb-text\">A sustentabilidade tamb\u00e9m significa cuidar de quem faz e desfruta das nossas cozinhas. Garantimos condi\u00e7\u00f5es laborais seguras, forma\u00e7\u00e3o cont\u00ednua e rela\u00e7\u00f5es est\u00e1veis com fornecedores locais. Al\u00e9m disso, priorizamos materiais que reduzem as emiss\u00f5es, protegendo a sa\u00fade nos lares.  <\/p>\n<\/div>\n\n\n\n<div class=\"gb-element-0dbfc7f4\">\n<img loading=\"lazy\" decoding=\"async\" width=\"2560\" height=\"1708\" class=\"gb-media-004b9b61\" alt=\"969d0869cb066239bfdddb45643e9e52914da983\" src=\"https:\/\/obcocinas.es\/wp-content\/uploads\/2025\/11\/969d0869cb066239bfdddb45643e9e52914da983-rsd.jpg\" title=\"969d0869cb066239bfdddb45643e9e52914da983\" srcset=\"https:\/\/obcocinas.es\/wp-content\/uploads\/2025\/11\/969d0869cb066239bfdddb45643e9e52914da983-rsd-jpg.avif 2560w, https:\/\/obcocinas.es\/wp-content\/uploads\/2025\/11\/969d0869cb066239bfdddb45643e9e52914da983-rsd-1024x683.jpg 1024w, https:\/\/obcocinas.es\/wp-content\/uploads\/2025\/11\/969d0869cb066239bfdddb45643e9e52914da983-rsd-1536x1025.jpg 1536w, https:\/\/obcocinas.es\/wp-content\/uploads\/2025\/11\/969d0869cb066239bfdddb45643e9e52914da983-rsd-2048x1366.jpg 2048w\" sizes=\"auto, (max-width: 2560px) 100vw, 2560px\" \/>\n<\/div>\n\n\n\n<div class=\"gb-element-f613f4e7\">\n<h2 class=\"gb-text gb-text-784d473f\">\u00c9tica e transpar\u00eancia na gest\u00e3o<\/h2>\n\n\n\n<p class=\"gb-text\">A \u00e9tica e a transpar\u00eancia guiam a nossa forma de trabalhar. Cumprimos a normativa, gerimos cada projeto com integridade e mantemos rela\u00e7\u00f5es respons\u00e1veis com clientes, distribuidores e parceiros, garantindo confian\u00e7a e coer\u00eancia em todas as nossas decis\u00f5es. <\/p>\n<\/div>\n\n\n\n<div class=\"gb-element-1a06480a\">\n<h2 class=\"gb-text gb-text-c12625c9\">Design sustent\u00e1vel que inspira<\/h2>\n\n\n\n<p class=\"gb-text\">Para n\u00f3s, a sustentabilidade faz parte do ADN de cada cozinha. Projetamos espa\u00e7os atemporais que combinam est\u00e9tica e responsabilidade, demonstrando que o sustent\u00e1vel tamb\u00e9m pode ser sin\u00f3nimo de beleza e durabilidade. <\/p>\n<\/div>\n<\/div>\n<\/div>\n\n\n\n<div class=\"gb-element-aa782324\">\n<img loading=\"lazy\" decoding=\"async\" width=\"2560\" height=\"1707\" class=\"gb-media-d7d56cb6\" alt=\"1b6129b6b1fe760be921135a4e903ce141976f09\" src=\"https:\/\/obcocinas.es\/wp-content\/uploads\/2025\/11\/1b6129b6b1fe760be921135a4e903ce141976f09-rsd.jpg\" title=\"1b6129b6b1fe760be921135a4e903ce141976f09\" srcset=\"https:\/\/obcocinas.es\/wp-content\/uploads\/2025\/11\/1b6129b6b1fe760be921135a4e903ce141976f09-rsd-jpg.avif 2560w, https:\/\/obcocinas.es\/wp-content\/uploads\/2025\/11\/1b6129b6b1fe760be921135a4e903ce141976f09-rsd-1024x683-jpg.avif 1024w, https:\/\/obcocinas.es\/wp-content\/uploads\/2025\/11\/1b6129b6b1fe760be921135a4e903ce141976f09-rsd-1536x1024-jpg.avif 1536w, https:\/\/obcocinas.es\/wp-content\/uploads\/2025\/11\/1b6129b6b1fe760be921135a4e903ce141976f09-rsd-2048x1366-jpg.avif 2048w\" sizes=\"auto, (max-width: 2560px) 100vw, 2560px\" \/>\n<\/div>\n\n\n\n<div class=\"gb-element-08f53f86 hidden\">\n<img loading=\"lazy\" decoding=\"async\" width=\"2560\" height=\"1707\" class=\"gb-media-8b697a23\" alt=\"1b6129b6b1fe760be921135a4e903ce141976f09\" src=\"https:\/\/obcocinas.es\/wp-content\/uploads\/2025\/11\/1b6129b6b1fe760be921135a4e903ce141976f09-rsd.jpg\" title=\"1b6129b6b1fe760be921135a4e903ce141976f09\" srcset=\"https:\/\/obcocinas.es\/wp-content\/uploads\/2025\/11\/1b6129b6b1fe760be921135a4e903ce141976f09-rsd-jpg.avif 2560w, https:\/\/obcocinas.es\/wp-content\/uploads\/2025\/11\/1b6129b6b1fe760be921135a4e903ce141976f09-rsd-1024x683-jpg.avif 1024w, https:\/\/obcocinas.es\/wp-content\/uploads\/2025\/11\/1b6129b6b1fe760be921135a4e903ce141976f09-rsd-1536x1024-jpg.avif 1536w, https:\/\/obcocinas.es\/wp-content\/uploads\/2025\/11\/1b6129b6b1fe760be921135a4e903ce141976f09-rsd-2048x1366-jpg.avif 2048w\" sizes=\"auto, (max-width: 2560px) 100vw, 2560px\" \/>\n<\/div>\n\n\n\n<div class=\"gb-element-562b4abe\">\n<div class=\"gb-element-084e4535\">\n<h2 class=\"gb-text gb-text-c1da2c31\">O nosso compromisso com o futuro<\/h2>\n\n\n\n<div class=\"gb-element-4968802f\"><\/div>\n\n\n\n<p>Cada cozinha OB reflete a nossa vis\u00e3o: que o design e a responsabilidade podem caminhar juntos. Sabemos que ainda h\u00e1 um caminho a percorrer, mas cada avan\u00e7o na produ\u00e7\u00e3o, nas pessoas e na gest\u00e3o \u00e9 um passo para um futuro mais sustent\u00e1vel para todos. <\/p>\n<\/div>\n<\/div>\n\n\n\n<div class=\"gb-element-657ccb29\">\n<img loading=\"lazy\" decoding=\"async\" width=\"889\" height=\"853\" class=\"gb-media-bd82da0e\" alt=\"5c119fee4044ada308185438e85e92f0ed5298bb\" src=\"https:\/\/obcocinas.es\/wp-content\/uploads\/2025\/11\/5c119fee4044ada308185438e85e92f0ed5298bb.png\" title=\"5c119fee4044ada308185438e85e92f0ed5298bb\"\/>\n\n\n\n<div class=\"gb-element-2308619c\">\n<div class=\"gb-element-20e01598 camion-fondo\">\n<div class=\"gb-element-defa365c\">\n<p class=\"gb-text gb-text-edd700b5\">CONTACTE-NOS<\/p>\n\n\n\n<div class=\"gb-element-70cddd45\"><\/div>\n<\/div>\n\n\n\n<h2 class=\"gb-text gb-text-1293fe0a\">Quer ser um distribuidor?<\/h2>\n\n\n\n<p class=\"gb-text gb-text-499c9803\">Fa\u00e7a parte da nossa rede de distribuidores.<\/p>\n\n\n\n<a class=\"gb-text gb-text-73374fd9 ob-btn-main contacto\">Informe-se agora<\/a>\n<\/div>\n<\/div>\n<\/div>\n\n\n\n<p><\/p>\n\n\n\n<div class=\"gb-element-2c2d9624\">\n<div class=\"gb-element-efc58dfc\">\n<div class=\"gb-element-f0d488b3\">\n<div>\n<img loading=\"lazy\" decoding=\"async\" width=\"2560\" height=\"679\" class=\"gb-media-53bffe7f\" alt=\"92f97c14917a27241b8738b6cc1fecf402551b0f\" src=\"https:\/\/obcocinas.es\/wp-content\/uploads\/2025\/11\/92f97c14917a27241b8738b6cc1fecf402551b0f-scaled.png\" title=\"92f97c14917a27241b8738b6cc1fecf402551b0f\" srcset=\"https:\/\/obcocinas.es\/wp-content\/uploads\/2025\/11\/92f97c14917a27241b8738b6cc1fecf402551b0f-scaled-png.avif 2560w, https:\/\/obcocinas.es\/wp-content\/uploads\/2025\/11\/92f97c14917a27241b8738b6cc1fecf402551b0f-1024x272-png.avif 1024w, https:\/\/obcocinas.es\/wp-content\/uploads\/2025\/11\/92f97c14917a27241b8738b6cc1fecf402551b0f-1536x407-png.avif 1536w, https:\/\/obcocinas.es\/wp-content\/uploads\/2025\/11\/92f97c14917a27241b8738b6cc1fecf402551b0f-2048x543.png 2048w\" sizes=\"auto, (max-width: 2560px) 100vw, 2560px\" \/>\n<\/div>\n\n\n\n<div class=\"gb-element-d6374c39\">\n<img loading=\"lazy\" decoding=\"async\" width=\"300\" height=\"78\" class=\"gb-media-6aad4ccb\" alt=\"865fb68ad9a42465e8d23585a2825a247a494ec1\" src=\"https:\/\/obcocinas.es\/wp-content\/uploads\/2025\/11\/865fb68ad9a42465e8d23585a2825a247a494ec1.png\" title=\"865fb68ad9a42465e8d23585a2825a247a494ec1\"\/>\n\n\n\n<img loading=\"lazy\" decoding=\"async\" width=\"2560\" height=\"757\" class=\"gb-media-2d993dba\" alt=\"0e5ed304ce6b74cbb5c05062472535530fbd6fb5\" src=\"https:\/\/obcocinas.es\/wp-content\/uploads\/2025\/11\/0e5ed304ce6b74cbb5c05062472535530fbd6fb5.png\" title=\"0e5ed304ce6b74cbb5c05062472535530fbd6fb5\" srcset=\"https:\/\/obcocinas.es\/wp-content\/uploads\/2025\/11\/0e5ed304ce6b74cbb5c05062472535530fbd6fb5-png.avif 2560w, https:\/\/obcocinas.es\/wp-content\/uploads\/2025\/11\/0e5ed304ce6b74cbb5c05062472535530fbd6fb5-1024x303-png.avif 1024w, https:\/\/obcocinas.es\/wp-content\/uploads\/2025\/11\/0e5ed304ce6b74cbb5c05062472535530fbd6fb5-1536x454-png.avif 1536w, https:\/\/obcocinas.es\/wp-content\/uploads\/2025\/11\/0e5ed304ce6b74cbb5c05062472535530fbd6fb5-2048x606-png.avif 2048w\" sizes=\"auto, (max-width: 2560px) 100vw, 2560px\" \/>\n\n\n\n<img loading=\"lazy\" decoding=\"async\" width=\"2560\" height=\"838\" class=\"gb-media-d6bdd1b1\" alt=\"4436f2d22d78bb5c4f22ef7296283c910dddbb78\" src=\"https:\/\/obcocinas.es\/wp-content\/uploads\/2025\/11\/4436f2d22d78bb5c4f22ef7296283c910dddbb78.png\" title=\"4436f2d22d78bb5c4f22ef7296283c910dddbb78\" srcset=\"https:\/\/obcocinas.es\/wp-content\/uploads\/2025\/11\/4436f2d22d78bb5c4f22ef7296283c910dddbb78-png.avif 2560w, https:\/\/obcocinas.es\/wp-content\/uploads\/2025\/11\/4436f2d22d78bb5c4f22ef7296283c910dddbb78-1024x335-png.avif 1024w, https:\/\/obcocinas.es\/wp-content\/uploads\/2025\/11\/4436f2d22d78bb5c4f22ef7296283c910dddbb78-1536x503.png 1536w, https:\/\/obcocinas.es\/wp-content\/uploads\/2025\/11\/4436f2d22d78bb5c4f22ef7296283c910dddbb78-2048x670.png 2048w\" sizes=\"auto, (max-width: 2560px) 100vw, 2560px\" \/>\n<\/div>\n<\/div>\n\n\n\n<div class=\"gb-element-f3ceac37\">\n<div>\n<img loading=\"lazy\" decoding=\"async\" width=\"2401\" height=\"627\" class=\"gb-media-163f82d0\" alt=\"f190da8447af2c82f400069e7cacfff7bcaaadf1\" src=\"https:\/\/obcocinas.es\/wp-content\/uploads\/2025\/11\/f190da8447af2c82f400069e7cacfff7bcaaadf1.png\" title=\"f190da8447af2c82f400069e7cacfff7bcaaadf1\" srcset=\"https:\/\/obcocinas.es\/wp-content\/uploads\/2025\/11\/f190da8447af2c82f400069e7cacfff7bcaaadf1-png.avif 2401w, https:\/\/obcocinas.es\/wp-content\/uploads\/2025\/11\/f190da8447af2c82f400069e7cacfff7bcaaadf1-1024x267.png 1024w, https:\/\/obcocinas.es\/wp-content\/uploads\/2025\/11\/f190da8447af2c82f400069e7cacfff7bcaaadf1-1536x401.png 1536w, https:\/\/obcocinas.es\/wp-content\/uploads\/2025\/11\/f190da8447af2c82f400069e7cacfff7bcaaadf1-2048x535.png 2048w\" sizes=\"auto, (max-width: 2401px) 100vw, 2401px\" \/>\n<\/div>\n\n\n\n<div class=\"gb-element-abce5582\">\n<p class=\"gb-text gb-text-2017a24f\">INSTALA\u00c7\u00c3O PLANTA SOLAR FOTOVOLTAICA PARA AUTOCONSUMO DE 990,5 KW.\n<br>Projeto acolhido ao programa de incentivos ligados ao autoconsumo e armazenamento, com fontes de energia renov\u00e1vel, bem como \u00e0 implanta\u00e7\u00e3o de sistemas t\u00e9rmicos renov\u00e1veis no setor residencial no \u00e2mbito do Plano de Recupera\u00e7\u00e3o, Transforma\u00e7\u00e3o e Resili\u00eancia, financiado pela Uni\u00e3o Europeia &#8211; NextGenerationEU<\/p>\n<\/div>\n<\/div>\n<\/div>\n<\/div>\n\n\n\n<div class=\"gb-element-fe64d07f\">\n<div class=\"gb-element-71fd5534\">\n<div class=\"gb-element-132ed434\">\n<img loading=\"lazy\" decoding=\"async\" width=\"839\" height=\"563\" class=\"gb-media-b67fbe18\" alt=\"0146005e35009a11ce3c13b6ddad7e25785862f7\" src=\"https:\/\/obcocinas.es\/wp-content\/uploads\/2025\/11\/0146005e35009a11ce3c13b6ddad7e25785862f7.png\" title=\"0146005e35009a11ce3c13b6ddad7e25785862f7\"\/>\n\n\n\n<img loading=\"lazy\" decoding=\"async\" width=\"2401\" height=\"627\" class=\"gb-media-38a4506b\" alt=\"f190da8447af2c82f400069e7cacfff7bcaaadf1\" src=\"https:\/\/obcocinas.es\/wp-content\/uploads\/2025\/11\/f190da8447af2c82f400069e7cacfff7bcaaadf1.png\" title=\"f190da8447af2c82f400069e7cacfff7bcaaadf1\" srcset=\"https:\/\/obcocinas.es\/wp-content\/uploads\/2025\/11\/f190da8447af2c82f400069e7cacfff7bcaaadf1-png.avif 2401w, https:\/\/obcocinas.es\/wp-content\/uploads\/2025\/11\/f190da8447af2c82f400069e7cacfff7bcaaadf1-1024x267.png 1024w, https:\/\/obcocinas.es\/wp-content\/uploads\/2025\/11\/f190da8447af2c82f400069e7cacfff7bcaaadf1-1536x401.png 1536w, https:\/\/obcocinas.es\/wp-content\/uploads\/2025\/11\/f190da8447af2c82f400069e7cacfff7bcaaadf1-2048x535.png 2048w\" sizes=\"auto, (max-width: 2401px) 100vw, 2401px\" \/>\n\n\n\n<img loading=\"lazy\" decoding=\"async\" width=\"750\" height=\"303\" class=\"gb-media-8e43d30b\" alt=\"9cc86737543e6d6707bd8523dfc2073c856f1e16\" src=\"https:\/\/obcocinas.es\/wp-content\/uploads\/2025\/11\/9cc86737543e6d6707bd8523dfc2073c856f1e16.png\" title=\"9cc86737543e6d6707bd8523dfc2073c856f1e16\"\/>\n<\/div>\n\n\n\n<div class=\"gb-element-d5e1bd3e\">\n<div class=\"gb-element-f93b6515\">\n<p class=\"gb-text gb-text-4f2bf503\">A Muebles OB, S.A.U. recebeu uma ajuda da Uni\u00e3o Europeia com financiamento do Programa Operacional FEDER da Andaluzia 2014-2020, financiada como parte da resposta da Uni\u00e3o \u00e0 pandemia de C0VID-19 (REACT-UE), para compensar o sobrecusto energ\u00e9tico de g\u00e1s natural e\/ou eletricidade a PME e trabalhadores independentes especialmente afetados pelo aumento dos pre\u00e7os do g\u00e1s natural e da eletricidade provocados pelo impacto da guerra de agress\u00e3o da R\u00fassia contra a Ucr\u00e2nia.<\/p>\n<\/div>\n<\/div>\n<\/div>\n<\/div>\n\n\n\n<div class=\"gb-element-2727b53c\">\n<div class=\"gb-element-de0b1faf\">\n<div class=\"gb-element-388bd57d\">\n<div>\n<img loading=\"lazy\" decoding=\"async\" width=\"750\" height=\"303\" class=\"gb-media-ecb81a85\" alt=\"9cc86737543e6d6707bd8523dfc2073c856f1e16\" src=\"https:\/\/obcocinas.es\/wp-content\/uploads\/2025\/11\/9cc86737543e6d6707bd8523dfc2073c856f1e16.png\" title=\"9cc86737543e6d6707bd8523dfc2073c856f1e16\"\/>\n<\/div>\n\n\n\n<div class=\"gb-element-1e77fe11\">\n<p class=\"gb-text gb-text-3ddbf8db\">A Muebles OB S.A.U, no \u00e2mbito do Programa ICEX Next, contou com o apoio do ICEX e com o cofinanciamento do fundo europeu FEDER. A finalidade deste apoio \u00e9 contribuir para o desenvolvimento internacional da empresa e do seu meio envolvente. O projeto desenvolvido serviu para cofinanciar a participa\u00e7\u00e3o da empresa na Feira \u201cEsprit Cuisine\u201d em Paris e analisar o seu posicionamento estrat\u00e9gico para a internacionaliza\u00e7\u00e3o dos seus produtos.  <\/p>\n<\/div>\n<\/div>\n<\/div>\n<\/div>\n\n\n\n<div class=\"gb-element-e7a0f7af\"><\/div>\n","protected":false},"excerpt":{"rendered":"<p>Sustentabilidade: um compromisso presente em cada cozinha OB Na OB Cocinas, entendemos que criar uma cozinha vai muito al\u00e9m do design e da funcionalidade: \u00e9 uma oportunidade para gerar um impacto positivo no ambiente, nas pessoas e na forma como gerimos o nosso trabalho. A sustentabilidade guia cada decis\u00e3o que tomamos, desde a sele\u00e7\u00e3o de [&hellip;]<\/p>\n","protected":false},"author":1,"featured_media":13912,"parent":0,"menu_order":0,"comment_status":"closed","ping_status":"closed","template":"wp-custom-template-pagina-sem-titulo","meta":{"footnotes":""},"class_list":["post-13914","page","type-page","status-publish","has-post-thumbnail","hentry"],"_links":{"self":[{"href":"https:\/\/obcocinas.es\/pt\/wp-json\/wp\/v2\/pages\/13914","targetHints":{"allow":["GET"]}}],"collection":[{"href":"https:\/\/obcocinas.es\/pt\/wp-json\/wp\/v2\/pages"}],"about":[{"href":"https:\/\/obcocinas.es\/pt\/wp-json\/wp\/v2\/types\/page"}],"author":[{"embeddable":true,"href":"https:\/\/obcocinas.es\/pt\/wp-json\/wp\/v2\/users\/1"}],"replies":[{"embeddable":true,"href":"https:\/\/obcocinas.es\/pt\/wp-json\/wp\/v2\/comments?post=13914"}],"version-history":[{"count":0,"href":"https:\/\/obcocinas.es\/pt\/wp-json\/wp\/v2\/pages\/13914\/revisions"}],"wp:featuredmedia":[{"embeddable":true,"href":"https:\/\/obcocinas.es\/pt\/wp-json\/wp\/v2\/media\/13912"}],"wp:attachment":[{"href":"https:\/\/obcocinas.es\/pt\/wp-json\/wp\/v2\/media?parent=13914"}],"curies":[{"name":"wp","href":"https:\/\/api.w.org\/{rel}","templated":true}]}}