{"id":13911,"date":"2025-11-20T03:01:01","date_gmt":"2025-11-20T02:01:01","guid":{"rendered":"https:\/\/obcocinas.es\/somos-b-corp\/"},"modified":"2025-11-20T03:01:01","modified_gmt":"2025-11-20T02:01:01","slug":"somos-b-corp","status":"publish","type":"page","link":"https:\/\/obcocinas.es\/pt\/somos-b-corp\/","title":{"rendered":"Somos B Corp"},"content":{"rendered":"\n<div class=\"gb-element-f34fe11a\">\n<div class=\"gb-element-c82b46e0\"><\/div>\n\n\n\n<p class=\"gb-text gb-text-5303fce7\">Somos B Corp<\/p>\n<\/div>\n\n\n\n<div class=\"gb-element-7d84fac6\">\n<img decoding=\"async\" data-media-id=\"13913\" class=\"gb-media-fcb37a9c\" alt=\"\" src=\"https:\/\/obcocinas.es\/wp-content\/uploads\/2025\/11\/50d096157739864ceec2aa6edfe0a6e0eb4045ef-rsd-jpg.avif\" title=\"bc6f5894db1e0c0e858cb3592a32c384e1928a40-rsd\"\/>\n\n\n\n<div class=\"gb-element-b2db31f3\"><\/div>\n\n\n\n<div class=\"gb-element-22ca3a06\">\n<div class=\"gb-element-a6ee6a7b\">\n<h1 class=\"gb-text gb-text-bcc606d3\">A OB Cocinas \u00e9 uma empresa certificada B Corp<\/h1>\n\n\n\n<h2 class=\"gb-text gb-text-873ded0b\">Qualidade, sustentabilidade e compromisso: o nosso caminho para um futuro melhor.<\/h2>\n<\/div>\n<\/div>\n<\/div>\n\n\n\n<div>\n<div class=\"gb-element-4a5df973\">\n<div class=\"gb-element-58c2c8ac\">\n<h2 class=\"gb-text gb-text-dd2090f1\">O que \u00e9 a certifica\u00e7\u00e3o B Corp?<\/h2>\n<\/div>\n\n\n\n<div class=\"gb-element-16398d8f\">\n<img loading=\"lazy\" decoding=\"async\" width=\"880\" height=\"603\" class=\"gb-media-36d9ec03\" alt=\"6e2ad01465cbef1263bc21b820bd7fc7ad648e6d\" src=\"https:\/\/obcocinas.es\/wp-content\/uploads\/2025\/11\/6e2ad01465cbef1263bc21b820bd7fc7ad648e6d-rsd.jpg\" title=\"6e2ad01465cbef1263bc21b820bd7fc7ad648e6d\"\/>\n<\/div>\n\n\n\n<div class=\"gb-element-64fab553\">\n<p class=\"gb-text\">A certifica\u00e7\u00e3o B CORP \u00e9 um reconhecimento internacional atribu\u00eddo a uma comunidade global de empresas que cumprem elevados padr\u00f5es de impacto social e ambiental. Esta certifica\u00e7\u00e3o n\u00e3o mede apenas a qualidade do produto ou servi\u00e7o, mas tamb\u00e9m o impacto positivo que a empresa gera nos seus colaboradores, clientes, comunidade e ambiente. Ser uma empresa B Corp significa liderar um modelo de neg\u00f3cio baseado na sustentabilidade, na \u00e9tica e na transpar\u00eancia, demonstrando que \u00e9 poss\u00edvel alcan\u00e7ar o sucesso econ\u00f3mico enquanto se contribui ativamente para a constru\u00e7\u00e3o de um mundo mais justo e sustent\u00e1vel.<\/p>\n\n\n\n<p class=\"gb-text\">\u00c9 um orgulho anunciar que a KBV se torna o primeiro fabricante de mobili\u00e1rio de cozinha espanhol a obter a certifica\u00e7\u00e3o B Corp. Obter este certificado \u00e9 um processo rigoroso que poucas empresas conseguem superar. Implica submeter-se a uma avalia\u00e7\u00e3o rigorosa, com centenas de indicadores que analisam a fundo o impacto da empresa em todas as suas \u00e1reas: desde o modelo de neg\u00f3cio at\u00e9 \u00e0 gest\u00e3o da equipa, as rela\u00e7\u00f5es com a comunidade, o respeito ambiental e a transpar\u00eancia. Esta conquista \u00e9 um testemunho do nosso compromisso cont\u00ednuo com a excel\u00eancia e a sustentabilidade. Por isso, alcan\u00e7ar este marco tem um valor t\u00e3o especial para n\u00f3s.<\/p>\n<\/div>\n<\/div>\n<\/div>\n\n\n\n<div class=\"gb-element-10ae6c00\">\n<div class=\"gb-element-9e924953\">\n<h2 class=\"gb-text gb-text-a883bb05\">A filosofia que nos levou a ser B Corp<\/h2>\n\n\n\n<p class=\"gb-text\">Desde o in\u00edcio, na OB Cocinas, sempre tivemos claro que fabricar cozinhas de design, qualidade e durabilidade \u00e9 apenas parte da nossa miss\u00e3o. Tamb\u00e9m nos move a responsabilidade de cuidar do planeta e de atuar com \u00e9tica e respeito para com todas as pessoas envolvidas na nossa cadeia de valor. Converter-nos numa empresa certificada B Corp representa um passo fundamental para consolidar estes valores e coloc\u00e1-los em pr\u00e1tica de forma tang\u00edvel e verific\u00e1vel.<\/p>\n\n\n\n<p>Esta certifica\u00e7\u00e3o \u00e9 o reflexo do nosso compromisso com:<\/p>\n<\/div>\n<\/div>\n\n\n\n<div>\n<div class=\"gb-element-36d4c117\">\n<div class=\"gb-element-2ceb0d6f\">\n<h2 class=\"gb-text gb-text-15e6f757\">Esta certifica\u00e7\u00e3o \u00e9 o reflexo do nosso compromisso com:<\/h2>\n\n\n\n<div class=\"gb-element-b2f25319\">\n<p class=\"gb-text\">A sustentabilidade ambiental: Utilizamos materiais respons\u00e1veis e gerimos processos que minimizam o impacto ecol\u00f3gico.<\/p>\n\n\n\n<p>O bem-estar da nossa equipa: Fomentamos um ambiente de trabalho justo, seguro e motivador para todas as pessoas que fazem parte da OB Cocinas.<\/p>\n\n\n\n<p>A transpar\u00eancia e a \u00e9tica: Adotamos pr\u00e1ticas respons\u00e1veis na gest\u00e3o empresarial e na nossa rela\u00e7\u00e3o com clientes e fornecedores.<\/p>\n\n\n\n<p>O compromisso social: Colaboramos ativamente com a nossa comunidade para gerar um impacto positivo para al\u00e9m do neg\u00f3cio.<\/p>\n\n\n\n<p>A confian\u00e7a dos nossos clientes: Ouvimos as suas necessidades e oferecemos solu\u00e7\u00f5es de qualidade, funcionais e respons\u00e1veis para garantir a sua satisfa\u00e7\u00e3o a longo prazo. <\/p>\n<\/div>\n<\/div>\n\n\n\n<div class=\"gb-element-d3e24236\">\n<h2 class=\"gb-text gb-text-255eeadc\">OB Cocinas, parte de um movimento global<\/h2>\n\n\n\n<div class=\"gb-element-fd7071cd\">\n<p class=\"gb-text\">A certifica\u00e7\u00e3o B Corp \u00e9 muito mais do que um distintivo: \u00e9 fazer parte de uma comunidade internacional de mais de 8.000 empresas em mais de 95 pa\u00edses e 160 setores que partilham um mesmo objetivo: usar o poder dos neg\u00f3cios para gerar um impacto positivo real na sociedade e no planeta. Juntas, estas empresas est\u00e3o a transformar a maneira como se faz empresa, demonstrando que \u00e9 poss\u00edvel crescer e ser rent\u00e1vel sem comprometer os valores nem o ambiente.<\/p>\n<\/div>\n<\/div>\n\n\n\n<div class=\"gb-element-16645e85\">\n<h2 class=\"gb-text gb-text-0c2764fa\">O que implica esta certifica\u00e7\u00e3o para si?<\/h2>\n\n\n\n<div class=\"gb-element-be8a8401\">\n<p class=\"gb-text\">Ao escolher uma cozinha da OB Cocinas, n\u00e3o est\u00e1 apenas a investir num design elegante e numa qualidade duradoura, mas tamb\u00e9m num produto que respeita o meio ambiente e promove o bem-estar social. A nossa certifica\u00e7\u00e3o B Corp garante que a sua cozinha foi fabricada com materiais sustent\u00e1veis e processos respons\u00e1veis, reduzindo o impacto ambiental. Al\u00e9m disso, representa o nosso compromisso com a \u00e9tica e a transpar\u00eancia, para que desfrute de um lar saud\u00e1vel e sustent\u00e1vel. Ter uma cozinha OB Cocinas \u00e9 apostar num estilo de vida mais consciente, cuidando do seu ambiente e dando o seu contributo para um futuro melhor.<\/p>\n<\/div>\n<\/div>\n\n\n\n<div class=\"gb-element-49fed8d2\">\n<h2 class=\"gb-text gb-text-c5ff0ae8\">O nosso compromisso mant\u00e9m-se firme<\/h2>\n\n\n\n<div class=\"gb-element-8efd2776\">\n<p class=\"gb-text\">Obter a certifica\u00e7\u00e3o B Corp \u00e9 um marco que celebramos com orgulho, mas tamb\u00e9m \u00e9 o in\u00edcio de um caminho que exige melhoria cont\u00ednua e responsabilidade constante. Como parte do grupo KBV, a OB Cocinas continuar\u00e1 a esfor\u00e7ar-se para inovar, otimizar processos e fomentar uma cultura empresarial que inspire a nossa equipa, clientes e fornecedores.<\/p>\n<\/div>\n<\/div>\n<\/div>\n<\/div>\n\n\n\n<div class=\"gb-element-888194a6\">\n<img loading=\"lazy\" decoding=\"async\" width=\"1920\" height=\"1280\" class=\"gb-media-3f14d7d3\" alt=\"91091a3e293992cd84e215032e9f7884ee108701\" src=\"https:\/\/obcocinas.es\/wp-content\/uploads\/2025\/11\/91091a3e293992cd84e215032e9f7884ee108701-rsd.jpg\" title=\"91091a3e293992cd84e215032e9f7884ee108701\" srcset=\"https:\/\/obcocinas.es\/wp-content\/uploads\/2025\/11\/91091a3e293992cd84e215032e9f7884ee108701-rsd-jpg.avif 1920w, https:\/\/obcocinas.es\/wp-content\/uploads\/2025\/11\/91091a3e293992cd84e215032e9f7884ee108701-rsd-1024x683.jpg 1024w, https:\/\/obcocinas.es\/wp-content\/uploads\/2025\/11\/91091a3e293992cd84e215032e9f7884ee108701-rsd-1536x1024.jpg 1536w\" sizes=\"auto, (max-width: 1920px) 100vw, 1920px\" \/>\n<\/div>\n\n\n\n<div class=\"gb-element-8b5b9c7d\">\n<div class=\"gb-element-657ccb29\">\n<img loading=\"lazy\" decoding=\"async\" width=\"889\" height=\"853\" class=\"gb-media-bd82da0e\" alt=\"5c119fee4044ada308185438e85e92f0ed5298bb\" src=\"https:\/\/obcocinas.es\/wp-content\/uploads\/2025\/11\/5c119fee4044ada308185438e85e92f0ed5298bb.png\" title=\"5c119fee4044ada308185438e85e92f0ed5298bb\"\/>\n\n\n\n<div class=\"gb-element-2308619c\">\n<div class=\"gb-element-20e01598 camion-fondo\">\n<div class=\"gb-element-defa365c\">\n<p class=\"gb-text gb-text-edd700b5\">CONTACTE-NOS<\/p>\n\n\n\n<div class=\"gb-element-70cddd45\"><\/div>\n<\/div>\n\n\n\n<h2 class=\"gb-text gb-text-1293fe0a\">Quer ser um distribuidor?<\/h2>\n\n\n\n<p class=\"gb-text gb-text-499c9803\">Fa\u00e7a parte da nossa rede de distribuidores.<\/p>\n\n\n\n<a class=\"gb-text gb-text-73374fd9 ob-btn-main contacto\">Informe-se agora<\/a>\n<\/div>\n<\/div>\n<\/div>\n\n\n\n<p><\/p>\n<\/div>\n","protected":false},"excerpt":{"rendered":"<p>Somos B Corp A OB Cocinas \u00e9 uma empresa certificada B Corp Qualidade, sustentabilidade e compromisso: o nosso caminho para um futuro melhor. O que \u00e9 a certifica\u00e7\u00e3o B Corp? A certifica\u00e7\u00e3o B CORP \u00e9 um reconhecimento internacional atribu\u00eddo a uma comunidade global de empresas que cumprem elevados padr\u00f5es de impacto social e ambiental. Esta [&hellip;]<\/p>\n","protected":false},"author":1,"featured_media":13913,"parent":0,"menu_order":0,"comment_status":"closed","ping_status":"closed","template":"wp-custom-template-pagina-sem-titulo","meta":{"footnotes":""},"class_list":["post-13911","page","type-page","status-publish","has-post-thumbnail","hentry"],"_links":{"self":[{"href":"https:\/\/obcocinas.es\/pt\/wp-json\/wp\/v2\/pages\/13911","targetHints":{"allow":["GET"]}}],"collection":[{"href":"https:\/\/obcocinas.es\/pt\/wp-json\/wp\/v2\/pages"}],"about":[{"href":"https:\/\/obcocinas.es\/pt\/wp-json\/wp\/v2\/types\/page"}],"author":[{"embeddable":true,"href":"https:\/\/obcocinas.es\/pt\/wp-json\/wp\/v2\/users\/1"}],"replies":[{"embeddable":true,"href":"https:\/\/obcocinas.es\/pt\/wp-json\/wp\/v2\/comments?post=13911"}],"version-history":[{"count":0,"href":"https:\/\/obcocinas.es\/pt\/wp-json\/wp\/v2\/pages\/13911\/revisions"}],"wp:featuredmedia":[{"embeddable":true,"href":"https:\/\/obcocinas.es\/pt\/wp-json\/wp\/v2\/media\/13913"}],"wp:attachment":[{"href":"https:\/\/obcocinas.es\/pt\/wp-json\/wp\/v2\/media?parent=13911"}],"curies":[{"name":"wp","href":"https:\/\/api.w.org\/{rel}","templated":true}]}}