{"id":13910,"date":"2025-11-21T01:40:50","date_gmt":"2025-11-21T00:40:50","guid":{"rendered":"https:\/\/obcocinas.es\/noticias\/"},"modified":"2026-05-12T15:42:39","modified_gmt":"2026-05-12T13:42:39","slug":"noticias","status":"publish","type":"page","link":"https:\/\/obcocinas.es\/pt\/noticias\/","title":{"rendered":"Not\u00edcias"},"content":{"rendered":"\n<div class=\"gb-element-5538e0c5 ob-title-project\">\n<h1 class=\"gb-text gb-text-5303fce7\">Not\u00edcias<\/h1>\n\n\n\n<div class=\"gb-element-c82b46e0\"><\/div>\n<\/div>\n\n\n\n<div class=\"gb-element-204a86b4 container-filtros\"><ul style=\"text-transform:uppercase;\" class=\"wp-block-categories-list filto-categorias wp-block-categories\">\t<li class=\"cat-item cat-item-1333\"><a href=\"https:\/\/obcocinas.es\/pt\/blog\/category\/consejos\/\">Consejos<\/a>\n<\/li>\n\t<li class=\"cat-item cat-item-1336\"><a href=\"https:\/\/obcocinas.es\/pt\/blog\/category\/corporativo\/\">Corporativo<\/a>\n<\/li>\n\t<li class=\"cat-item cat-item-1334\"><a href=\"https:\/\/obcocinas.es\/pt\/blog\/category\/inspiracion\/\">Inspiraci\u00f3n<\/a>\n<\/li>\n\t<li class=\"cat-item cat-item-1335\"><a href=\"https:\/\/obcocinas.es\/pt\/blog\/category\/nuestras-cocinas\/\">Nuestras cocinas<\/a>\n<\/li>\n\t<li class=\"cat-item cat-item-1\"><a href=\"https:\/\/obcocinas.es\/pt\/blog\/category\/sin-categoria\/\">Sin categor\u00eda<\/a>\n<\/li>\n<\/ul>\n\n<form role=\"search\" method=\"get\" action=\"https:\/\/obcocinas.es\/pt\/\" style=\"margin-top:0;margin-bottom:0;margin-left:0;margin-right:0;\" class=\"wp-block-search__button-outside wp-block-search__text-button wp-block-search\"    ><label class=\"wp-block-search__label screen-reader-text\" for=\"wp-block-search__input-1\" >Buscador de noticias<\/label><div class=\"wp-block-search__inside-wrapper\"  style=\"width: 459px\"><input class=\"wp-block-search__input\" id=\"wp-block-search__input-1\" placeholder=\"Procurar\" value=\"\" type=\"search\" name=\"s\" required \/><button aria-label=\"Procurar\" class=\"wp-block-search__button has-background wp-element-button\" type=\"submit\"  style=\"background-color: #8a6eff\">Procurar<\/button><\/div><\/form><\/div>\n\n\n\n<div class=\"gb-element-82dd7907\">\n<div><div class=\"gb-looper-edd2a240\">\n<div class=\"gb-loop-item post-14550 post type-post status-publish format-standard has-post-thumbnail hentry category-consejos\">\n<a href=\"https:\/\/obcocinas.es\/pt\/blog\/ideias-para-usar-o-espao-em-cozinhas-pequenas\/\"><img decoding=\"async\" data-media-id=\"14551\" class=\"gb-media-48017a73\" src=\"https:\/\/obcocinas.es\/wp-content\/uploads\/2025\/11\/portada_ob_cocinas_-_ideas_para_aprovechar_el_espacio_en_cocinas_pequenas_-_muebles_fran.-pim2-2000_q65-jpg.avif\" alt=\"Ideias para aproveitar ao m\u00e1ximo o espa\u00e7o em cozinhas pequenas\"\/><\/a>\n\n\n\n<div class=\"gb-element-079eb05f\">\n<h2 class=\"gb-text gb-text-0bb57b52\"><a href=\"https:\/\/obcocinas.es\/pt\/blog\/ideias-para-usar-o-espao-em-cozinhas-pequenas\/\">Ideias para aproveitar ao m\u00e1ximo o espa\u00e7o em cozinhas pequenas<\/a><\/h2>\n\n\n\n<a class=\"gb-text gb-text-5268e653\" href=\"https:\/\/obcocinas.es\/pt\/blog\/ideias-para-usar-o-espao-em-cozinhas-pequenas\/\">Descobrir mais<\/a>\n<\/div>\n<\/div>\n\n<div class=\"gb-loop-item post-14245 post type-post status-publish format-standard has-post-thumbnail hentry category-consejos category-inspiracion\">\n<a href=\"https:\/\/obcocinas.es\/pt\/blog\/cozinhas-abertas-tipos-pros-e-contras\/\"><img decoding=\"async\" data-media-id=\"14246\" class=\"gb-media-48017a73\" src=\"https:\/\/obcocinas.es\/wp-content\/uploads\/2025\/11\/cabecera.-pim2-2000_q65-2-jpg.avif\" alt=\"Cozinhas abertas: tipos, pr\u00f3s e contras\"\/><\/a>\n\n\n\n<div class=\"gb-element-079eb05f\">\n<h2 class=\"gb-text gb-text-0bb57b52\"><a href=\"https:\/\/obcocinas.es\/pt\/blog\/cozinhas-abertas-tipos-pros-e-contras\/\">Cozinhas abertas: tipos, pr\u00f3s e contras<\/a><\/h2>\n\n\n\n<a class=\"gb-text gb-text-5268e653\" href=\"https:\/\/obcocinas.es\/pt\/blog\/cozinhas-abertas-tipos-pros-e-contras\/\">Descobrir mais<\/a>\n<\/div>\n<\/div>\n\n<div class=\"gb-loop-item post-18866 post type-post status-publish format-standard has-post-thumbnail hentry category-inspiracion\">\n<a href=\"https:\/\/obcocinas.es\/pt\/blog\/el-poder-del-color-en-la-cocina-mas-alla-del-blanco\/\"><img decoding=\"async\" data-media-id=\"18865\" class=\"gb-media-48017a73\" src=\"https:\/\/obcocinas.es\/wp-content\/uploads\/2026\/02\/260325-BLOG-Larramendi-Jauregui-jpg.avif\" alt=\"El poder del color en la cocina: m\u00e1s all\u00e1 del blanco\"\/><\/a>\n\n\n\n<div class=\"gb-element-079eb05f\">\n<h2 class=\"gb-text gb-text-0bb57b52\"><a href=\"https:\/\/obcocinas.es\/pt\/blog\/el-poder-del-color-en-la-cocina-mas-alla-del-blanco\/\">El poder del color en la cocina: m\u00e1s all\u00e1 del blanco<\/a><\/h2>\n\n\n\n<a class=\"gb-text gb-text-5268e653\" href=\"https:\/\/obcocinas.es\/pt\/blog\/el-poder-del-color-en-la-cocina-mas-alla-del-blanco\/\">Descobrir mais<\/a>\n<\/div>\n<\/div>\n\n<div class=\"gb-loop-item post-18849 post type-post status-publish format-standard has-post-thumbnail hentry category-consejos\">\n<a href=\"https:\/\/obcocinas.es\/pt\/blog\/estas-a-tiempo-evita-estos-errores-en-tu-nueva-cocina\/\"><img loading=\"lazy\" decoding=\"async\" width=\"2560\" height=\"1707\" data-media-id=\"18848\" class=\"gb-media-48017a73\" src=\"https:\/\/obcocinas.es\/wp-content\/uploads\/2026\/02\/260319-BLOG-Mobelrias-Castroman-Exposicion-Berlin-crema-Montreal-y-Valentina-5-scaled.jpg\" alt=\"Est\u00e1s a tiempo: evita estos errores en tu nueva cocina\" srcset=\"https:\/\/obcocinas.es\/wp-content\/uploads\/2026\/02\/260319-BLOG-Mobelrias-Castroman-Exposicion-Berlin-crema-Montreal-y-Valentina-5-scaled.jpg 2560w, https:\/\/obcocinas.es\/wp-content\/uploads\/2026\/02\/260319-BLOG-Mobelrias-Castroman-Exposicion-Berlin-crema-Montreal-y-Valentina-5-1024x683-jpg.avif 1024w, https:\/\/obcocinas.es\/wp-content\/uploads\/2026\/02\/260319-BLOG-Mobelrias-Castroman-Exposicion-Berlin-crema-Montreal-y-Valentina-5-1536x1024-jpg.avif 1536w, https:\/\/obcocinas.es\/wp-content\/uploads\/2026\/02\/260319-BLOG-Mobelrias-Castroman-Exposicion-Berlin-crema-Montreal-y-Valentina-5-2048x1365-jpg.avif 2048w\" sizes=\"auto, (max-width: 2560px) 100vw, 2560px\" \/><\/a>\n\n\n\n<div class=\"gb-element-079eb05f\">\n<h2 class=\"gb-text gb-text-0bb57b52\"><a href=\"https:\/\/obcocinas.es\/pt\/blog\/estas-a-tiempo-evita-estos-errores-en-tu-nueva-cocina\/\">Est\u00e1s a tiempo: evita estos errores en tu nueva cocina<\/a><\/h2>\n\n\n\n<a class=\"gb-text gb-text-5268e653\" href=\"https:\/\/obcocinas.es\/pt\/blog\/estas-a-tiempo-evita-estos-errores-en-tu-nueva-cocina\/\">Descobrir mais<\/a>\n<\/div>\n<\/div>\n\n<div class=\"gb-loop-item post-18833 post type-post status-publish format-standard has-post-thumbnail hentry category-nuestras-cocinas tag-cocinas-de-madera\">\n<a href=\"https:\/\/obcocinas.es\/pt\/blog\/a-fondo-una-cocina-que-se-vive-con-cocinas-domporte\/\"><img decoding=\"async\" data-media-id=\"18832\" class=\"gb-media-48017a73\" src=\"https:\/\/obcocinas.es\/wp-content\/uploads\/2026\/02\/0309-BLOG-3-scaled-jpg.avif\" alt=\"A fondo: una cocina que se vive con Cocinas Domporte\"\/><\/a>\n\n\n\n<div class=\"gb-element-079eb05f\">\n<h2 class=\"gb-text gb-text-0bb57b52\"><a href=\"https:\/\/obcocinas.es\/pt\/blog\/a-fondo-una-cocina-que-se-vive-con-cocinas-domporte\/\">A fondo: una cocina que se vive con Cocinas Domporte<\/a><\/h2>\n\n\n\n<a class=\"gb-text gb-text-5268e653\" href=\"https:\/\/obcocinas.es\/pt\/blog\/a-fondo-una-cocina-que-se-vive-con-cocinas-domporte\/\">Descobrir mais<\/a>\n<\/div>\n<\/div>\n\n<div class=\"gb-loop-item post-18781 post type-post status-publish format-standard has-post-thumbnail hentry category-consejos category-inspiracion\">\n<a href=\"https:\/\/obcocinas.es\/pt\/blog\/isla-o-peninsula-como-elegir-la-mejor-opcion-para-tu-cocina\/\"><img decoding=\"async\" data-media-id=\"18780\" class=\"gb-media-48017a73\" src=\"https:\/\/obcocinas.es\/wp-content\/uploads\/2026\/02\/260225-Juncal-Urbina-jpg.avif\" alt=\"Isla o pen\u00ednsula: c\u00f3mo elegir la mejor opci\u00f3n para tu cocina\"\/><\/a>\n\n\n\n<div class=\"gb-element-079eb05f\">\n<h2 class=\"gb-text gb-text-0bb57b52\"><a href=\"https:\/\/obcocinas.es\/pt\/blog\/isla-o-peninsula-como-elegir-la-mejor-opcion-para-tu-cocina\/\">Isla o pen\u00ednsula: c\u00f3mo elegir la mejor opci\u00f3n para tu cocina<\/a><\/h2>\n\n\n\n<a class=\"gb-text gb-text-5268e653\" href=\"https:\/\/obcocinas.es\/pt\/blog\/isla-o-peninsula-como-elegir-la-mejor-opcion-para-tu-cocina\/\">Descobrir mais<\/a>\n<\/div>\n<\/div>\n\n<div class=\"gb-loop-item post-18816 post type-post status-publish format-standard has-post-thumbnail hentry category-inspiracion category-nuestras-cocinas\">\n<a href=\"https:\/\/obcocinas.es\/pt\/blog\/a-fondo-combinacion-de-materiales-con-apunto-reformas\/\"><img decoding=\"async\" data-media-id=\"18815\" class=\"gb-media-48017a73\" src=\"https:\/\/obcocinas.es\/wp-content\/uploads\/2026\/02\/260219-BLOG-A-fondo-a-punto-reformas-4-scaled-jpeg.avif\" alt=\"A fondo: combinaci\u00f3n de materiales con Apunto Reformas\"\/><\/a>\n\n\n\n<div class=\"gb-element-079eb05f\">\n<h2 class=\"gb-text gb-text-0bb57b52\"><a href=\"https:\/\/obcocinas.es\/pt\/blog\/a-fondo-combinacion-de-materiales-con-apunto-reformas\/\">A fondo: combinaci\u00f3n de materiales con Apunto Reformas<\/a><\/h2>\n\n\n\n<a class=\"gb-text gb-text-5268e653\" href=\"https:\/\/obcocinas.es\/pt\/blog\/a-fondo-combinacion-de-materiales-con-apunto-reformas\/\">Descobrir mais<\/a>\n<\/div>\n<\/div>\n\n<div class=\"gb-loop-item post-18504 post type-post status-publish format-standard has-post-thumbnail hentry category-consejos category-sin-categoria tag-diseno-de-cocinas\">\n<a href=\"https:\/\/obcocinas.es\/pt\/blog\/diseno-de-cocinas-pensado-para-durar\/\"><img decoding=\"async\" data-media-id=\"18503\" class=\"gb-media-48017a73\" src=\"https:\/\/obcocinas.es\/wp-content\/uploads\/2026\/02\/260209-i9cozinhas-scaled-jpg.avif\" alt=\"Dise\u00f1o de cocinas pensado para durar\"\/><\/a>\n\n\n\n<div class=\"gb-element-079eb05f\">\n<h2 class=\"gb-text gb-text-0bb57b52\"><a href=\"https:\/\/obcocinas.es\/pt\/blog\/diseno-de-cocinas-pensado-para-durar\/\">Dise\u00f1o de cocinas pensado para durar<\/a><\/h2>\n\n\n\n<a class=\"gb-text gb-text-5268e653\" href=\"https:\/\/obcocinas.es\/pt\/blog\/diseno-de-cocinas-pensado-para-durar\/\">Descobrir mais<\/a>\n<\/div>\n<\/div>\n\n<div class=\"gb-loop-item post-18458 post type-post status-publish format-standard has-post-thumbnail hentry category-consejos category-inspiracion category-sin-categoria\">\n<a href=\"https:\/\/obcocinas.es\/pt\/blog\/cocina-pequena-planificala-bien\/\"><img decoding=\"async\" data-media-id=\"18457\" class=\"gb-media-48017a73\" src=\"https:\/\/obcocinas.es\/wp-content\/uploads\/2026\/01\/Apal-vitoria-hueso-y-amazonas-2-1-jpg.avif\" alt=\"\u00bfCocina peque\u00f1a? \u00a1Planif\u00edcala bien!\"\/><\/a>\n\n\n\n<div class=\"gb-element-079eb05f\">\n<h2 class=\"gb-text gb-text-0bb57b52\"><a href=\"https:\/\/obcocinas.es\/pt\/blog\/cocina-pequena-planificala-bien\/\">\u00bfCocina peque\u00f1a? \u00a1Planif\u00edcala bien!<\/a><\/h2>\n\n\n\n<a class=\"gb-text gb-text-5268e653\" href=\"https:\/\/obcocinas.es\/pt\/blog\/cocina-pequena-planificala-bien\/\">Descobrir mais<\/a>\n<\/div>\n<\/div>\n\n<div class=\"gb-loop-item post-18479 post type-post status-publish format-standard has-post-thumbnail hentry category-inspiracion\">\n<a href=\"https:\/\/obcocinas.es\/pt\/blog\/maderas-claras-u-oscuras-que-aportan-a-tu-cocina\/\"><img decoding=\"async\" data-media-id=\"18478\" class=\"gb-media-48017a73\" src=\"https:\/\/obcocinas.es\/wp-content\/uploads\/2026\/01\/Maderas-claras-u-oscuras-que-aportan-a-tu-cocina-jpeg.avif\" alt=\"Maderas claras u oscuras: qu\u00e9 aportan a tu cocina\"\/><\/a>\n\n\n\n<div class=\"gb-element-079eb05f\">\n<h2 class=\"gb-text gb-text-0bb57b52\"><a href=\"https:\/\/obcocinas.es\/pt\/blog\/maderas-claras-u-oscuras-que-aportan-a-tu-cocina\/\">Maderas claras u oscuras: qu\u00e9 aportan a tu cocina<\/a><\/h2>\n\n\n\n<a class=\"gb-text gb-text-5268e653\" href=\"https:\/\/obcocinas.es\/pt\/blog\/maderas-claras-u-oscuras-que-aportan-a-tu-cocina\/\">Descobrir mais<\/a>\n<\/div>\n<\/div>\n<\/div>\n\n\n<div class=\"gb-element-60528a63 gb-query-loop-pagination\">\n\n<nav class=\"gb-query-page-numbers-df0160d7\"><span aria-current=\"page\" class=\"page-numbers current\">1<\/span>\n<a class=\"page-numbers\" href=\"?query-ed4bcffa-page=2\">2<\/a>\n<a class=\"page-numbers\" href=\"?query-ed4bcffa-page=3\">3<\/a>\n<a class=\"page-numbers\" href=\"?query-ed4bcffa-page=4\">4<\/a>\n<span class=\"page-numbers dots\">&hellip;<\/span>\n<a class=\"page-numbers\" href=\"?query-ed4bcffa-page=20\">20<\/a><\/nav>\n\n\n<a class=\"gb-text gb-text-abe7f152\" href=\"\/pt\/wp-json\/wp\/v2\/pages\/13910?query-ed4bcffa-page=2\">Seguinte<\/a>\n<\/div>\n\n\n<\/div>\n<\/div>\n","protected":false},"excerpt":{"rendered":"<p>Not\u00edcias<\/p>\n","protected":false},"author":1,"featured_media":0,"parent":0,"menu_order":0,"comment_status":"closed","ping_status":"closed","template":"wp-custom-template-pagina-sem-titulo","meta":{"footnotes":""},"class_list":["post-13910","page","type-page","status-publish","hentry"],"_links":{"self":[{"href":"https:\/\/obcocinas.es\/pt\/wp-json\/wp\/v2\/pages\/13910","targetHints":{"allow":["GET"]}}],"collection":[{"href":"https:\/\/obcocinas.es\/pt\/wp-json\/wp\/v2\/pages"}],"about":[{"href":"https:\/\/obcocinas.es\/pt\/wp-json\/wp\/v2\/types\/page"}],"author":[{"embeddable":true,"href":"https:\/\/obcocinas.es\/pt\/wp-json\/wp\/v2\/users\/1"}],"replies":[{"embeddable":true,"href":"https:\/\/obcocinas.es\/pt\/wp-json\/wp\/v2\/comments?post=13910"}],"version-history":[{"count":4,"href":"https:\/\/obcocinas.es\/pt\/wp-json\/wp\/v2\/pages\/13910\/revisions"}],"predecessor-version":[{"id":19630,"href":"https:\/\/obcocinas.es\/pt\/wp-json\/wp\/v2\/pages\/13910\/revisions\/19630"}],"wp:attachment":[{"href":"https:\/\/obcocinas.es\/pt\/wp-json\/wp\/v2\/media?parent=13910"}],"curies":[{"name":"wp","href":"https:\/\/api.w.org\/{rel}","templated":true}]}}