{"id":13909,"date":"2025-11-21T02:00:22","date_gmt":"2025-11-21T01:00:22","guid":{"rendered":"https:\/\/obcocinas.es\/politicas-de-cookies\/"},"modified":"2026-05-04T10:55:38","modified_gmt":"2026-05-04T08:55:38","slug":"politicas-de-cookies","status":"publish","type":"page","link":"https:\/\/obcocinas.es\/pt\/politicas-de-cookies\/","title":{"rendered":"Pol\u00edticas de Cookies"},"content":{"rendered":"\n<p><strong>INTRODU\u00c7\u00c3O<\/strong><\/p>\n\n<p>O site da <strong>MUEBLES OB, S.A.<\/strong> utiliza cookies pr\u00f3prios e de terceiros. Uma cookie \u00e9 um ficheiro que se descarrega no seu computador ao aceder a determinadas p\u00e1ginas web. As cookies permitem a uma p\u00e1gina web, entre outras finalidades, assegurar o correto funcionamento da p\u00e1gina, permitir ao Utilizador um acesso mais r\u00e1pido aos servi\u00e7os selecionados, armazenar e recuperar informa\u00e7\u00f5es sobre os h\u00e1bitos de navega\u00e7\u00e3o de um utilizador ou do seu equipamento e inclusive, dependendo da informa\u00e7\u00e3o que contenham e da forma como utilize o seu equipamento, podem ser utilizadas para reconhecer o utilizador. As cookies associam-se unicamente a um utilizador an\u00f3nimo e ao seu computador ou dispositivo e n\u00e3o proporcionam refer\u00eancias que permitam conhecer os seus dados pessoais, salvo permiss\u00e3o expressa do mesmo.<\/p>\n\n<p>O utilizador pode, em qualquer momento, aceitar ou rejeitar as cookies instaladas que n\u00e3o sejam estritamente necess\u00e1rias para o correto funcionamento da web e o acesso do Utilizador aos seus servi\u00e7os, atrav\u00e9s do painel de ajuste de cookies proporcionado na nossa web. Assim, poder\u00e1 configurar o seu navegador em qualquer momento sem que isso prejudique a possibilidade do Utilizador de aceder aos conte\u00fados. No entanto, informamos que a rejei\u00e7\u00e3o das cookies pode diminuir o bom funcionamento da web.  <\/p>\n\n<p><strong>COOKIES AFETADAS PELA NORMATIVA E COOKIES ISENTAS<\/strong><\/p>\n\n<p>Segundo a diretiva da UE, as cookies que requerem o consentimento informado por parte do utilizador s\u00e3o as cookies de anal\u00edtica, as de publicidade e afilia\u00e7\u00e3o, ficando excetuadas as de car\u00e1cter t\u00e9cnico e as necess\u00e1rias para o funcionamento do s\u00edtio web ou a presta\u00e7\u00e3o de servi\u00e7os expressamente solicitados pelo utilizador.<\/p>\n\n<p><strong>TIPO DE COOKIES<\/strong><\/p>\n\n<p>a) Segundo a <strong>entidade que as gere<\/strong>, h\u00e1 Cookies <strong>pr\u00f3prias<\/strong> (aquelas que se enviam para o equipamento terminal do utilizador desde um equipamento ou dom\u00ednio gerido pelo pr\u00f3prio editor e desde o qual se presta o servi\u00e7o Sol\u00b7licitado pelo utilizador) e de <strong>terceiros<\/strong> (as que se enviam para o equipamento terminal do utilizador desde um equipamento ou dom\u00ednio que n\u00e3o \u00e9 gerido pelo editor, mas sim por outra entidade que trata os dados obtidos mediante as cookies).<\/p>\n\n<p>b) Segundo o <strong>tempo que permanecem ativas<\/strong>, est\u00e3o as de <strong>sess\u00e3o<\/strong> (concebidas para pedir e armazenar dados enquanto o utilizador acede a uma p\u00e1gina web) e as <strong>persistentes<\/strong> (em que os dados se armazenam no terminal e podem ser acedidos e tratados durante um per\u00edodo definido pelo respons\u00e1vel da cookie &#8211; pode ir de uns minutos a v\u00e1rios anos).<\/p>\n\n<p>c) Segundo a <strong>finalidade<\/strong> para a qual tratam a informa\u00e7\u00e3o que recolhem, podem ser:<br\/><strong>&#8211; Cookies t\u00e9cnicas <\/strong>(necess\u00e1rias para o uso da web e a presta\u00e7\u00e3o do servi\u00e7o contratado),<br\/><strong>&#8211; Cookies de personaliza\u00e7\u00e3o <\/strong>(que permitem ao utilizador aceder ao servi\u00e7o com caracter\u00edsticas predefinidas, tais como o idioma, tipo de navegador, configura\u00e7\u00e3o regional, etc.)<br\/><strong>&#8211; Cookies de an\u00e1lise <\/strong>(recolhem informa\u00e7\u00e3o do uso que se realiza da web),<br\/><strong>&#8211; Cookies publicit\u00e1rias <\/strong>(recolhem informa\u00e7\u00e3o sobre as prefer\u00eancias e escolhas pessoais dos utilizadores),<br\/><strong>&#8211; Cookies de afiliados<\/strong> (permitem fazer um seguimento das visitas procedentes de outras webs, com as quais o s\u00edtio web estabelece um contrato de afilia\u00e7\u00e3o).<\/p>\n\n<p>Enquanto navega pela nossa web, podem armazenar-se no seu navegador as cookies das nossas redes sociais. A seguir, indicamos os links sobre as cookies das redes sociais que utilizamos nesta web:<br\/>&#8211; Cookies de Facebook, ver mais informa\u00e7\u00e3o na sua pol\u00edtica de cookies<br\/>&#8211; Cookies de Youtube, ver mais informa\u00e7\u00e3o na sua pol\u00edtica de cookies<br\/>&#8211; Cookies de Twitter, ver mais informa\u00e7\u00e3o na sua pol\u00edtica de cookies<br\/>&#8211; Cookies de Instagram, ver mais informa\u00e7\u00e3o na sua pol\u00edtica de cookies<br\/>&#8211; Cookies de Linkedin, ver mais informa\u00e7\u00e3o na sua pol\u00edtica de cookies<br\/>&#8211; Cookies de Pinterest, ver mais informa\u00e7\u00e3o na sua pol\u00edtica de cookies <\/p>\n\n<p><strong>REVOGA\u00c7\u00c3O<\/strong><\/p>\n\n<p>Em qualquer momento poder\u00e1 aceder \u00e0 configura\u00e7\u00e3o do seu navegador aceitando ou rejeitando todas as cookies, ou bem selecionar aquelas que a instala\u00e7\u00e3o admite e as que n\u00e3o, seguindo um dos seguintes procedimentos, que depende do navegador que utilize:<\/p>\n\n<p><strong>Google Chrome<\/strong> (no Menu Ferramentas):<br\/>Configura\u00e7\u00e3o&gt; Mostrar op\u00e7\u00f5es avan\u00e7adas&gt; Privacidade (Configura\u00e7\u00e3o de conte\u00fado)&gt; Cookies:<br\/>https:\/\/support.google.com\/chrome\/answer\/95647?co=GENIE.Platform%3DDesktop&amp;hl=es<\/p>\n\n<p><strong>Microsoft Internet Explorer<\/strong> (no Menu Ferramentas):<br\/>Op\u00e7\u00f5es de Internet&gt; Privacidade&gt; Avan\u00e7ada:<br\/>https:\/\/support.microsoft.com\/es-es\/help\/17442\/windows-internet-explorer-delete-manage-cookies<\/p>\n\n<p><strong>Firefox:<\/strong><br\/>Op\u00e7\u00f5es&gt; Privacidade&gt; Cookies:<br\/>https:\/\/support.mozilla.org\/es\/kb\/habilitar-y-deshabilitar-cookies-sitios-web-rastrear-preferencias<\/p>\n\n<p><strong>Opera:<\/strong><br\/>Configura\u00e7\u00e3o&gt; Op\u00e7\u00f5es&gt; Avan\u00e7ada&gt; Cookies<br\/>http:\/\/help.opera.com\/Windows\/12.00\/es-ES\/cookies.html<\/p>\n\n<p>Estes navegadores est\u00e3o sujeitos a altera\u00e7\u00f5es ou modifica\u00e7\u00f5es, pelo que n\u00e3o podemos garantir que se ajustem completamente \u00e0 vers\u00e3o do seu navegador. Tamb\u00e9m pode ser que utilize outro navegador n\u00e3o contemplado nestes links como Konqueror, Arora, Flock, etc. Para evitar estes desajustes, pode aceder diretamente desde as op\u00e7\u00f5es do seu navegador, geralmente no menu de &#8220;Op\u00e7\u00f5es&#8221; na sec\u00e7\u00e3o de &#8220;Privacidade&#8221;. (Por favor, consulte a ajuda do seu navegador para mais informa\u00e7\u00e3o).   <\/p>\n\n<p><strong>ALTERA\u00c7\u00d5ES NA PRESENTE POL\u00cdTICA DE COOKIES<\/strong><\/p>\n\n<p>A <strong>MUEBLES OB, S.A.<\/strong> reserva-se o direito a modificar a presente pol\u00edtica para adapt\u00e1-la a novidades legislativas ou jurisprudenciais.<\/p>\n\n<p><strong>DESATIVA\u00c7\u00c3O \/ ATIVA\u00c7\u00c3O E ELIMINA\u00c7\u00c3O DE COOKIES<\/strong><\/p>\n\n<p>Para restringir ou bloquear as cookies, faz-se atrav\u00e9s da configura\u00e7\u00e3o do navegador.<\/p>\n\n<p>Se n\u00e3o deseja que os s\u00edtios web coloquem nenhuma cookie no seu equipamento, pode adaptar a configura\u00e7\u00e3o do navegador de modo que se lhe notifique antes de que se coloque nenhuma cookie. Do mesmo modo, pode adaptar a configura\u00e7\u00e3o de forma que o navegador rejeite todas as cookies, ou unicamente as cookies de terceiros. Tamb\u00e9m pode eliminar qualquer uma das cookies que j\u00e1 se encontrem no equipamento. Recorde que dever\u00e1 adaptar-se por separado a configura\u00e7\u00e3o de cada navegador e equipamento que utilize.   <\/p>\n\n<p>Recorde que se n\u00e3o deseja receber cookies, j\u00e1 n\u00e3o poderemos garantir que o nosso s\u00edtio web funcione como \u00e9 devido. Talvez algumas fun\u00e7\u00f5es do s\u00edtio se percam e \u00e9 poss\u00edvel que j\u00e1 n\u00e3o possa ver certos s\u00edtios web. Al\u00e9m disso, rejeitar as cookies n\u00e3o significa que j\u00e1 n\u00e3o v\u00e1 ver an\u00fancios publicit\u00e1rios. Simplesmente os an\u00fancios n\u00e3o se ajustar\u00e3o aos seus interesses e se repetir\u00e3o com mais frequ\u00eancia.   <\/p>\n\n<p>Cada navegador tem um m\u00e9todo diferente para adaptar a configura\u00e7\u00e3o. Se for necess\u00e1rio, consulte a fun\u00e7\u00e3o de ajuda do navegador para estabelecer a configura\u00e7\u00e3o correta. <\/p>\n\n<p>Para desativar as cookies no telefone m\u00f3vel, consulte o manual do dispositivo para obter mais informa\u00e7\u00e3o.<\/p>\n\n<p>Pode obter mais informa\u00e7\u00e3o sobre as cookies na Internet, <a href=\"http:\/\/www.aboutcookies.org\/\" target=\"_blank\" rel=\"noopener\">http:\/\/www.aboutcookies.org\/<\/a>.<\/p>\n\n<p>Tendo em conta a forma como funciona a Internet e os s\u00edtios web, nem sempre contamos com informa\u00e7\u00e3o das cookies que colocam terceiras partes atrav\u00e9s do nosso s\u00edtio web. Isto aplica-se especialmente a casos em que a p\u00e1gina web cont\u00e9m o que se denominam elementos integrados: textos, documentos, imagens ou breves filmes que se armazenam em outra parte, mas se mostram no nosso s\u00edtio web ou mediante o mesmo. <\/p>\n\n<p>Portanto, no caso de que se encontre com este tipo de cookies neste s\u00edtio web e n\u00e3o estejam enumeradas na lista anterior, rogamos que nos comunique. Ou bem ponha-se em contacto diretamente com o terceiro para pedir-lhe informa\u00e7\u00e3o sobre as cookies que coloca, a finalidade e a dura\u00e7\u00e3o da cookie, e como garantiu a sua privacidade. <\/p>\n\n<p><strong>INFORMA\u00c7\u00c3O RELACIONADA COM O TRATAMENTO DE DADOS PESSOAIS (ART.13 RGPD) <\/strong><\/p>\n\n<p><strong>Quem \u00e9 o respons\u00e1vel pelo tratamento dos seus dados pessoais?<\/strong><\/p>\n\n<p>A <strong>MUEBLES OB, S.A.<\/strong> \u00e9 o respons\u00e1vel pelo tratamento dos dados pessoais que o utilizador nos proporciona, sito em Camino de C\u00f3rdoba Km2, Villafranca de C\u00f3rdoba, 14420, C\u00f3rdoba e com CIF A14372874 e mail de contacto dpd@kbc-group.com.<\/p>\n\n<p><strong>Para que utilizamos os seus dados pessoais?<\/strong><\/p>\n\n<p>A informa\u00e7\u00e3o recolhida atrav\u00e9s das cookies pr\u00f3prias (cookies de sess\u00e3o e de entrada de utilizador) costuma utilizar-se para rastrear as a\u00e7\u00f5es do utilizador ao preencher os formul\u00e1rios online em v\u00e1rias p\u00e1ginas, ou como cesto de compras para fazer o seguimento dos artigos que o utilizador selecionou ao premir um bot\u00e3o, ou para personalizar a interface do utilizador ao visitar a p\u00e1gina web.<\/p>\n\n<p>A informa\u00e7\u00e3o recolhida atrav\u00e9s das cookies de terceiros \u00e9 a seguinte:<br\/>&#8211; Atrav\u00e9s das cookies anal\u00edticas analisam-se os seus h\u00e1bitos de navega\u00e7\u00e3o para melhorar os servi\u00e7os prestados;<br\/>&#8211; Atrav\u00e9s das cookies comportamentais recolhe-se informa\u00e7\u00e3o sobre as prefer\u00eancias do utilizador para gerir os espa\u00e7os publicit\u00e1rios da forma mais eficaz poss\u00edvel;<br\/>&#8211; e atrav\u00e9s das cookies publicit\u00e1rias mede-se o rendimento dos an\u00fancios e proporcionam-se recomenda\u00e7\u00f5es relativas a produtos baseadas em dados estat\u00edsticos.<\/p>\n\n<p>Para ver exatamente o uso das cookies veja-se o quadro sobre o uso das cookies nesta web.<\/p>\n\n<p><strong>Qual \u00e9 a base legal para o tratamento dos seus dados pessoais?<\/strong><br\/>A legitima\u00e7\u00e3o para o tratamento dos seus dados pessoais vem dada pelo seu consentimento, outorgado no momento de p\u00f4r-se em contacto connosco, para a utiliza\u00e7\u00e3o de cookies anal\u00edticas, comportamentais e publicit\u00e1rias; para as cookies de sess\u00e3o ou personaliza\u00e7\u00e3o, a legitima\u00e7\u00e3o para o tratamento vem dada pelo interesse leg\u00edtimo do prestador (respons\u00e1vel pelo tratamento).<\/p>\n\n<p><strong>A quem comunicamos os seus dados?<\/strong><br\/>N\u00e3o se ceder\u00e3o nem comunicar\u00e3o dados a terceiros, salvo por obriga\u00e7\u00e3o legal ou aos terceiros indicados no caso de uso de cookies geridas por estes.<\/p>\n\n<p><strong>Qual \u00e9 o prazo de conserva\u00e7\u00e3o dos seus dados?<\/strong><br\/>O prazo de conserva\u00e7\u00e3o dos dados recolhidos \u00e9 o indicado no quadro sobre o uso das cookies nesta web.<\/p>\n\n<p><strong>Quais s\u00e3o os seus direitos?<\/strong><br\/>Os direitos que amparam o utilizador s\u00e3o os de acesso, retifica\u00e7\u00e3o, supress\u00e3o, portabilidade dos mesmos, retirada do consentimento (sem que isso afete a licitude do tratamento outorgado previamente \u00e0 sua retirada), oposi\u00e7\u00e3o ao tratamento, limita\u00e7\u00e3o (em determinadas circunst\u00e2ncias) e a apresentar uma reclama\u00e7\u00e3o perante a autoridade de controlo (a Ag\u00eancia Espanhola de prote\u00e7\u00e3o de dados, <a href=\"http:\/\/www.aepd.es\/\" target=\"_blank\" rel=\"noopener\">www.aepd.es<\/a>).<\/p>\n\n<p>Esta p\u00e1gina web usa cookies. As cookies deste s\u00edtio web usam-se para personalizar o conte\u00fado e os an\u00fancios, oferecer fun\u00e7\u00f5es de redes sociais e analisar o tr\u00e1fego. Al\u00e9m disso, partilhamos informa\u00e7\u00e3o sobre o uso que fa\u00e7a do s\u00edtio web com os nossos parceiros de redes sociais, publicidade e an\u00e1lise web, quem pode combin\u00e1-la com outra informa\u00e7\u00e3o que lhes tenha proporcionado ou que tenham recolhido a partir do uso que tenha feito dos seus servi\u00e7os.  <\/p>\n\n<p>As cookies s\u00e3o pequenos ficheiros de texto que as p\u00e1ginas web podem utilizar para fazer mais eficiente a experi\u00eancia do utilizador.<br\/><br\/>A lei afirma que podemos armazenar cookies no seu dispositivo se forem estritamente necess\u00e1rias para o funcionamento desta p\u00e1gina. Para todos os demais tipos de cookies necessitamos da sua permiss\u00e3o. <br\/><br\/>Esta p\u00e1gina utiliza tipos diferentes de cookies. Algumas cookies s\u00e3o colocadas por servi\u00e7os de terceiros que aparecem nas nossas p\u00e1ginas. <br\/><br\/>Em qualquer momento pode alterar ou retirar o seu consentimento desde a Declara\u00e7\u00e3o de cookies no nosso s\u00edtio web.<br\/><br\/>Obtenha mais informa\u00e7\u00e3o sobre quem somos, como pode contactar-nos e como processamos os dados pessoais na nossa Pol\u00edtica de privacidade.<br\/><br\/>Ao contactar-nos relativamente ao seu consentimento, por favor, indique o ID e a data do seu consentimento.<\/p>\n\n<p>O seu consentimento aplica-se aos seguintes dom\u00ednios: obcocinas.es<\/p>\n\n<p>O seu estado atual: Permitir todos. <\/p>\n\n<p id=\"CookieDeclarationConsentIdAndDate\">ID do seu consentimento: KeW152I9Cg8N4RxYq5po2XI9YsMl19XVfPpBzSllAH3sMMZYWBQLUQ==Data do consentimento: quarta-feira, 2 de julho de 2025, 12:26:11 GMT-4<\/p>\n","protected":false},"excerpt":{"rendered":"<p>INTRODU\u00c7\u00c3O O site da MUEBLES OB, S.A. utiliza cookies pr\u00f3prios e de terceiros. Uma cookie \u00e9 um ficheiro que se descarrega no seu computador ao aceder a determinadas p\u00e1ginas web. As cookies permitem a uma p\u00e1gina web, entre outras finalidades, assegurar o correto funcionamento da p\u00e1gina, permitir ao Utilizador um acesso mais r\u00e1pido aos servi\u00e7os [&hellip;]<\/p>\n","protected":false},"author":1,"featured_media":0,"parent":0,"menu_order":0,"comment_status":"closed","ping_status":"closed","template":"","meta":{"footnotes":""},"class_list":["post-13909","page","type-page","status-publish","hentry"],"_links":{"self":[{"href":"https:\/\/obcocinas.es\/pt\/wp-json\/wp\/v2\/pages\/13909","targetHints":{"allow":["GET"]}}],"collection":[{"href":"https:\/\/obcocinas.es\/pt\/wp-json\/wp\/v2\/pages"}],"about":[{"href":"https:\/\/obcocinas.es\/pt\/wp-json\/wp\/v2\/types\/page"}],"author":[{"embeddable":true,"href":"https:\/\/obcocinas.es\/pt\/wp-json\/wp\/v2\/users\/1"}],"replies":[{"embeddable":true,"href":"https:\/\/obcocinas.es\/pt\/wp-json\/wp\/v2\/comments?post=13909"}],"version-history":[{"count":1,"href":"https:\/\/obcocinas.es\/pt\/wp-json\/wp\/v2\/pages\/13909\/revisions"}],"predecessor-version":[{"id":19504,"href":"https:\/\/obcocinas.es\/pt\/wp-json\/wp\/v2\/pages\/13909\/revisions\/19504"}],"wp:attachment":[{"href":"https:\/\/obcocinas.es\/pt\/wp-json\/wp\/v2\/media?parent=13909"}],"curies":[{"name":"wp","href":"https:\/\/api.w.org\/{rel}","templated":true}]}}