{"id":13908,"date":"2025-11-21T02:01:13","date_gmt":"2025-11-21T01:01:13","guid":{"rendered":"https:\/\/obcocinas.es\/aviso-legal\/"},"modified":"2026-05-04T10:54:20","modified_gmt":"2026-05-04T08:54:20","slug":"aviso-legal","status":"publish","type":"page","link":"https:\/\/obcocinas.es\/pt\/aviso-legal\/","title":{"rendered":"Aviso legal"},"content":{"rendered":"\n<p>Para dar cumprimento ao artigo 10.\u00ba da Lei 34\/2002, de Servi\u00e7os da Sociedade da Informa\u00e7\u00e3o e do Com\u00e9rcio Eletr\u00f3nico, informamos os utilizadores dos nossos dados:<\/p>\n\n<p>Denomina\u00e7\u00e3o Social: <strong>MUEBLES OB, S.A.<\/strong><br\/>Domic\u00edlio Social: <strong>Camino de C\u00f3rdoba Km2, Villafranca de C\u00f3rdoba, 14420, C\u00f3rdoba<\/strong><br\/>NIF: <strong>A14372874<\/strong><br\/>E-Mail: <strong>dpd@kbc-group.com<\/strong><br\/>Web: <strong>www.obcocinas.es<\/strong><br\/>Dados de Registo: <strong>Esta sociedade encontra-se inscrita no Registo Comercial de C\u00f3rdoba no Tomo 818, Folha 187, folha CO-6294<\/strong><\/p>\n\n<p><strong>1 OBJETO<\/strong><\/p>\n\n<p><strong>MUEBLES OB, S.A.<\/strong> (doravante tamb\u00e9m o prestador) enquanto respons\u00e1vel pelo s\u00edtio Web, disponibiliza aos utilizadores o presente documento, que regula o uso do s\u00edtio Web <strong>www.obcocinas.es<\/strong>, com o qual pretendemos dar cumprimento \u00e0s obriga\u00e7\u00f5es que disp\u00f5e a Lei 34\/2002, de servi\u00e7os da Sociedade da Informa\u00e7\u00e3o e do Com\u00e9rcio Eletr\u00f3nico (LSSICE ou LSSI), assim como informar todos os utilizadores do s\u00edtio Web relativamente a quais s\u00e3o as condi\u00e7\u00f5es de uso do s\u00edtio Web.<\/p>\n\n<p>Atrav\u00e9s da Web, a <strong>MUEBLES OB, S.A.<\/strong> facilita aos utilizadores o acesso e utiliza\u00e7\u00e3o de diferentes servi\u00e7os e conte\u00fados colocados \u00e0 disposi\u00e7\u00e3o atrav\u00e9s da Web.<\/p>\n\n<p>Toda a pessoa que aceda a esta Web assume o papel de utilizador (doravante o utilizador), e implica a aceita\u00e7\u00e3o total e sem reservas de todas e cada uma das disposi\u00e7\u00f5es inclu\u00eddas neste Aviso Legal, assim como quaisquer outras disposi\u00e7\u00f5es legais que sejam de aplica\u00e7\u00e3o.<\/p>\n\n<p>Enquanto utilizadores, devem ler atentamente o presente Aviso Legal em qualquer uma das ocasi\u00f5es em que entrem na Web, j\u00e1 que esta pode sofrer modifica\u00e7\u00f5es, uma vez que o prestador se reserva o direito de modificar qualquer tipo de informa\u00e7\u00e3o que possa aparecer na Web, sem que haja a obriga\u00e7\u00e3o de preavisar ou p\u00f4r em conhecimento dos utilizadores ditas obriga\u00e7\u00f5es, sendo suficiente a publica\u00e7\u00e3o no s\u00edtio Web do prestador.<\/p>\n\n<p><strong>2. CONDI\u00c7\u00d5ES DE ACESSO E USO DA WEB<\/strong><\/p>\n\n<p><strong>2.1. Car\u00e1ter gratuito do acesso e uso da web.<\/strong><br\/>O uso da web de <strong>MUEBLES OB, S.A. <\/strong>tem car\u00e1ter gratuito para todos os utilizadores.<\/p>\n\n<p><strong>2.2. Registo de Utilizador.<\/strong><br\/>Com car\u00e1ter geral, a presta\u00e7\u00e3o dos Servi\u00e7os n\u00e3o exige a pr\u00e9via subscri\u00e7\u00e3o ou registo dos Utilizadores. Mesmo assim, a <g id=\"gid_1\">MUEBLES OB, S.A.<\/g> condiciona o uso de alguns dos servi\u00e7os ao pr\u00e9vio preenchimento do correspondente registo de Utilizador. Este registo ser\u00e1 efetuado na forma expressamente indicada na pr\u00f3pria sec\u00e7\u00e3o do servi\u00e7o.  <\/p>\n\n<p><strong>2.3. Veracidade da informa\u00e7\u00e3o.<\/strong><br\/>Toda a informa\u00e7\u00e3o que o Utilizador faculta deve ser veraz. Para estes efeitos, o Utilizador garante a autenticidade dos dados comunicados atrav\u00e9s dos formul\u00e1rios para a subscri\u00e7\u00e3o dos Servi\u00e7os. Ser\u00e1 responsabilidade do Utilizador manter toda a informa\u00e7\u00e3o facultada \u00e0 <g id=\"gid_1\">MUEBLES OB, S.A. <\/g>permanentemente atualizada de forma que responda, em cada momento, \u00e0 sua situa\u00e7\u00e3o real. Em todo o caso, o Utilizador ser\u00e1 o \u00fanico respons\u00e1vel pelas manifesta\u00e7\u00f5es falsas ou inexatas que realize e pelos preju\u00edzos que cause ao prestador ou a terceiros.   <\/p>\n\n<p><strong>2.4. Menores de idade.<\/strong><br\/>Para o uso dos servi\u00e7os, os menores de idade devem obter sempre previamente o consentimento dos pais, tutores ou representantes legais, respons\u00e1veis \u00faltimos de todos os atos realizados pelos menores a seu cargo. A responsabilidade na determina\u00e7\u00e3o de conte\u00fados concretos aos quais acedem os menores corresponde a estes, \u00e9 por isso que se acedem a conte\u00fados n\u00e3o apropriados para a Internet, dever\u00e3o estabelecer nos seus computadores mecanismos, em particular programas inform\u00e1ticos, filtros e bloqueios, que permitam limitar os conte\u00fados dispon\u00edveis e, ainda que n\u00e3o sejam infal\u00edveis, s\u00e3o de especial utilidade para controlar e restringir os materiais aos quais podem aceder os menores. <\/p>\n\n<p><strong>2.5. Obriga\u00e7\u00e3o de fazer uso correto da web.<\/strong><br\/>O Utilizador compromete-se a utilizar a web de conformidade com a Lei e com o presente Aviso Legal, assim como com a moral e os bons costumes. Com efeito, o Utilizador abster-se-\u00e1 de utilizar a p\u00e1gina com fins il\u00edcitos ou proibidos, lesivos de direitos e interesses de terceiros, ou que de qualquer forma possam danificar, inutilizar, sobrecarregar, deteriorar ou impedir a normal utiliza\u00e7\u00e3o de equipamentos inform\u00e1ticos ou documentos, arquivos e toda a classe de conte\u00fados armazenados em qualquer equipamento inform\u00e1tico do prestador. <\/p>\n\n<p>Em particular, e a t\u00edtulo indicativo, mas n\u00e3o exaustivo, o Utilizador compromete-se a n\u00e3o transmitir, difundir ou p\u00f4r \u00e0 disposi\u00e7\u00e3o de terceiros informa\u00e7\u00f5es, dados, conte\u00fados, mensagens, gr\u00e1ficos, desenhos, arquivos de som ou imagem, fotografias, grava\u00e7\u00f5es, software e, em geral, qualquer classe de material que:<br\/>(A) seja contr\u00e1ria, menospreze ou atente contra os direitos fundamentais e as liberdades p\u00fablicas reconhecidas constitucionalmente, em tratados internacionais e outras normas vigentes;<br\/>(B) induza, incite ou promova atua\u00e7\u00f5es criminosas, denegat\u00f3rias, difamat\u00f3rias, violentas ou, em geral, contr\u00e1rias \u00e0 lei, \u00e0 moral e \u00e0 ordem p\u00fablica;<br\/>(C) induza, incite ou promova atua\u00e7\u00f5es, atitudes ou pensamentos discriminat\u00f3rios por raz\u00e3o de sexo, ra\u00e7a, religi\u00e3o, cren\u00e7as, idade ou condi\u00e7\u00e3o;<br\/>(D) seja contr\u00e1rio ao direito \u00e0 honra, \u00e0 intimidade pessoal ou familiar ou \u00e0 pr\u00f3pria imagem das pessoas;<br\/>(E) de qualquer maneira prejudique a credibilidade do prestador ou de terceiros;<br\/>e (F) constitua publicidade il\u00edcita, enganosa ou desleal.<\/p>\n\n<p><strong>3. EXCLUS\u00c3O DE GARANTIAS E RESPONSABILIDADE<\/strong><\/p>\n\n<p>O prestador exime-se de qualquer tipo de responsabilidade derivada da informa\u00e7\u00e3o publicada no nosso s\u00edtio Web, sempre que esta informa\u00e7\u00e3o tenha sido manipulada ou introduzida por um terceiro alheio.<\/p>\n\n<p>Esta web foi revista e testada para que funcione corretamente. Em princ\u00edpio, pode-se garantir o correto funcionamento os 365 dias do ano, 24 horas por dia. No entanto, o prestador n\u00e3o descarta a possibilidade de que existam determinados erros de programa\u00e7\u00e3o, ou que sucedam causas de for\u00e7a maior, cat\u00e1strofes naturais, greves, ou circunst\u00e2ncias semelhantes que impossibilitem o acesso \u00e0 p\u00e1gina web.  <\/p>\n\n<p>A <strong>MUEBLES OB, S.A.<\/strong> n\u00e3o outorga nenhuma garantia nem se responsabiliza, em nenhum caso, pelos danos e preju\u00edzos de qualquer natureza que possam vir \u00e0 cola\u00e7\u00e3o da falta de disponibilidade, manuten\u00e7\u00e3o e efetivo funcionamento da web ou dos seus servi\u00e7os e conte\u00fados; da exist\u00eancia de v\u00edrus, programas maliciosos ou lesivos nos conte\u00fados; do uso il\u00edcito, negligente, fraudulento ou contr\u00e1rio a este Aviso legal e condi\u00e7\u00f5es de uso; ou da falta de licitude, qualidade, fiabilidade, utilidade e disponibilidade dos servi\u00e7os prestados por terceiros e colocados \u00e0 disposi\u00e7\u00e3o dos utilizadores no s\u00edtio Web.<\/p>\n\n<p>O prestador n\u00e3o se responsabiliza sob nenhum conceito pelos danos que possam dimanar do uso ilegal ou indevido da presente p\u00e1gina web.<\/p>\n\n<p><strong>4. COOKIES<\/strong><\/p>\n\n<p>O s\u00edtio Web do prestador pode utilizar cookies (pequenos arquivos de informa\u00e7\u00e3o que o servidor envia para o computador de quem acede \u00e0 p\u00e1gina) para levar a cabo determinadas fun\u00e7\u00f5es que s\u00e3o consideradas imprescind\u00edveis para o correto funcionamento e visualiza\u00e7\u00e3o do s\u00edtio. As cookies utilizadas t\u00eam, em todo o caso, car\u00e1ter tempor\u00e1rio, com a \u00fanica finalidade de tornar mais eficaz a navega\u00e7\u00e3o, e desaparecem ao terminar a sess\u00e3o do utilizador. Em nenhum caso ser\u00e3o utilizadas as cookies para recolher informa\u00e7\u00e3o de car\u00e1ter pessoal. Para mais informa\u00e7\u00e3o, consulte a nossa <a href=\"https:\/\/obcocinas.es\/cookies\">Pol\u00edtica de Cookies<\/a>.   <\/p>\n\n<p><strong>5. LIGA\u00c7\u00d5ES (LINKS)<\/strong><\/p>\n\n<p>Desde o s\u00edtio Web \u00e9 poss\u00edvel que se redirecione para conte\u00fados patrocinados, an\u00fancios e\/ou liga\u00e7\u00f5es de afiliados e\/ou de terceiras webs.<\/p>\n\n<p>Entre as liga\u00e7\u00f5es facultadas, existe a possibilidade de informar ou fazer refer\u00eancia a produtos e\/ou servi\u00e7os de terceiros. Dado que desde a web n\u00e3o podemos controlar os conte\u00fados introduzidos pelos terceiros, a <g id=\"gid_0\">MUEBLES OB, S.A.<\/g> n\u00e3o assume nenhum tipo de responsabilidade relativamente a ditos conte\u00fados, nem garante a experi\u00eancia, integridade ou qualidade dos seus produtos. Em todo o caso, o prestador manifesta que proceder\u00e1 \u00e0 retirada imediata de qualquer conte\u00fado que possa contravenir a legisla\u00e7\u00e3o nacional ou internacional, a moral ou a ordem p\u00fablica, procedendo \u00e0 retirada imediata da redire\u00e7\u00e3o para estas webs, pondo em conhecimento das autoridades competentes o conte\u00fado em quest\u00e3o. A <strong>MUEBLES OB, S.A.<\/strong> ter\u00e1 publicadas estas liga\u00e7\u00f5es at\u00e9 que sejam eliminadas ou suspensas pelo prestador ou pelo anunciante, e n\u00e3o ser\u00e1 respons\u00e1vel ainda que estes an\u00fancios possam ser indexados por outros buscadores alheios a esta web.  <\/p>\n\n<p>O prestador n\u00e3o se responsabiliza pela informa\u00e7\u00e3o e conte\u00fados armazenados, a t\u00edtulo enunciativo mas n\u00e3o limitativo, em f\u00f3runs, chats, geradores de blogs, coment\u00e1rios, redes sociais ou qualquer outro meio que permita a terceiros publicar conte\u00fados de forma independente na p\u00e1gina web do prestador. N\u00e3o obstante e em cumprimento do disposto no art. 11 e 16 da LSSICE, o prestador p\u00f5e-se \u00e0 disposi\u00e7\u00e3o de todos os utilizadores, autoridades e for\u00e7as de seguran\u00e7a, e colaborando de forma ativa na retirada ou, quando seja necess\u00e1rio, o bloqueio de todos aqueles conte\u00fados que possam afetar ou contravenir a legisla\u00e7\u00e3o nacional, ou internacional, direitos de terceiros ou a moral e a ordem p\u00fablica. No caso de o utilizador considerar que pode existir algum conte\u00fado que possa ser suscet\u00edvel desta classifica\u00e7\u00e3o, roga-se que o notifique de forma imediata ao administrador do s\u00edtio Web.  <\/p>\n\n<p>No entanto, a <strong>MUEBLES OB, S.A. <\/strong>informa-o que qualquer rela\u00e7\u00e3o contratual ou extracontratual que o utilizador formalize com estes terceiros, afiliados ou anunciantes mediante o link proporcionado por esta web, ser\u00e1 v\u00e1lido \u00fanica e exclusivamente entre o utilizador e o anunciante e\/ou terceira pessoa e a <strong>MUEBLES OB, S.A. <\/strong>n\u00e3o ter\u00e1 nenhum tipo de responsabilidade sobre os danos ou preju\u00edzos que possam ser ocasionados pela presta\u00e7\u00e3o de servi\u00e7os e\/ou rela\u00e7\u00f5es contratuais ou extracontratuais realizadas entre o utilizador e os anunciantes ou terceiros contactados atrav\u00e9s deste portal, j\u00e1 que o prestador s\u00f3 atua como intermedi\u00e1rio ou meio publicit\u00e1rio.<\/p>\n\n<p><strong>6. PROTE\u00c7\u00c3O DE DADOS PESSOAIS<\/strong><\/p>\n\n<p>O prestador est\u00e1 profundamente comprometido com o cumprimento da normativa de prote\u00e7\u00e3o de dados pessoais e garante o cumprimento integral das obriga\u00e7\u00f5es dispostas, assim como a implementa\u00e7\u00e3o das medidas de seguran\u00e7a dispostas no Regulamento Europeu de Prote\u00e7\u00e3o de dados e a normativa espanhola de prote\u00e7\u00e3o de dados. Para mais informa\u00e7\u00e3o, consulte a nossa <a href=\"https:\/\/obcocinas.es\/privacidad\">Pol\u00edtica de Privacidade<\/a>. <\/p>\n\n<p><strong>7. PROPRIEDADE INTELECTUAL E INDUSTRIAL<\/strong><\/p>\n\n<p>O s\u00edtio Web, incluindo a t\u00edtulo enunciativo, mas n\u00e3o limitativo: a programa\u00e7\u00e3o, edi\u00e7\u00e3o, compila\u00e7\u00e3o e demais elementos necess\u00e1rios para o seu funcionamento, os designs, logotipos, textos, fotografias e\/ou gr\u00e1ficos s\u00e3o propriedade do prestador ou, no caso de que seja necess\u00e1rio, disp\u00f5e da licen\u00e7a ou autoriza\u00e7\u00e3o expressa por parte dos autores. Todos os conte\u00fados do s\u00edtio Web encontram-se devidamente protegidos pela normativa de propriedade intelectual e industrial. <\/p>\n\n<p>Independentemente da finalidade para a qual sejam destinados, a reprodu\u00e7\u00e3o total ou parcial, uso, distribui\u00e7\u00e3o e comunica\u00e7\u00e3o p\u00fablica requerem da autoriza\u00e7\u00e3o escrita pr\u00e9via por parte do prestador. Qualquer uso n\u00e3o autorizado previamente por parte do prestador ser\u00e1 considerado um incumprimento grave dos direitos de propriedade intelectual ou industrial do autor. <\/p>\n\n<p>Os designs, logotipos, texto e\/ou gr\u00e1ficos alheios ao prestador e que possam aparecer no s\u00edtio Web, pertencem aos seus respetivos propriet\u00e1rios, sendo eles mesmos respons\u00e1veis por qualquer poss\u00edvel controv\u00e9rsia que possa advir relativamente aos mesmos. Em todo o caso, o prestador conta com a autoriza\u00e7\u00e3o expressa e pr\u00e9via por parte dos mesmos. <\/p>\n\n<p>O prestador reconhece a favor dos seus titulares os correspondentes direitos de propriedade industrial e intelectual, n\u00e3o implicando a men\u00e7\u00e3o ou aparecimento no s\u00edtio Web, da exist\u00eancia de direitos ou responsabilidade do prestador sobre os mesmos, como tamb\u00e9m n\u00e3o respaldo, patroc\u00ednio ou recomenda\u00e7\u00e3o por parte do mesmo.<\/p>\n\n<p>Para realizar qualquer tipo de observa\u00e7\u00e3o relativamente a poss\u00edveis incumprimentos dos direitos de propriedade intelectual ou industrial, assim como sobre qualquer um dos conte\u00fados do s\u00edtio Web, pode faz\u00ea-lo atrav\u00e9s do correio eletr\u00f3nico acima mencionado.<\/p>\n\n<p><strong>8. LEI APLIC\u00c1VEL E JURISDI\u00c7\u00c3O<\/strong><\/p>\n\n<p>Para a resolu\u00e7\u00e3o das controv\u00e9rsias ou quest\u00f5es relacionadas com a presente p\u00e1gina web ou das atividades nesta desenvolvidas, ser\u00e1 de aplica\u00e7\u00e3o a legisla\u00e7\u00e3o espanhola, \u00e0 qual se submetem expressamente as partes, sendo competentes para a resolu\u00e7\u00e3o de todos os conflitos derivados ou relacionados com o seu uso os Julgados e Tribunais de C\u00f3rdoba.<\/p>\n\n<p>Avisos legais elaborados e validados por PymeLegal, S.L. \u2013 <a href=\"https:\/\/www.pymelegal.es\/\" target=\"_blank\" rel=\"noopener\">www.pymelegal.es<\/a><\/p>\n","protected":false},"excerpt":{"rendered":"<p>Para dar cumprimento ao artigo 10.\u00ba da Lei 34\/2002, de Servi\u00e7os da Sociedade da Informa\u00e7\u00e3o e do Com\u00e9rcio Eletr\u00f3nico, informamos os utilizadores dos nossos dados: Denomina\u00e7\u00e3o Social: MUEBLES OB, S.A.Domic\u00edlio Social: Camino de C\u00f3rdoba Km2, Villafranca de C\u00f3rdoba, 14420, C\u00f3rdobaNIF: A14372874E-Mail: dpd@kbc-group.comWeb: www.obcocinas.esDados de Registo: Esta sociedade encontra-se inscrita no Registo Comercial de C\u00f3rdoba no [&hellip;]<\/p>\n","protected":false},"author":1,"featured_media":0,"parent":0,"menu_order":0,"comment_status":"closed","ping_status":"closed","template":"","meta":{"footnotes":""},"class_list":["post-13908","page","type-page","status-publish","hentry"],"_links":{"self":[{"href":"https:\/\/obcocinas.es\/pt\/wp-json\/wp\/v2\/pages\/13908","targetHints":{"allow":["GET"]}}],"collection":[{"href":"https:\/\/obcocinas.es\/pt\/wp-json\/wp\/v2\/pages"}],"about":[{"href":"https:\/\/obcocinas.es\/pt\/wp-json\/wp\/v2\/types\/page"}],"author":[{"embeddable":true,"href":"https:\/\/obcocinas.es\/pt\/wp-json\/wp\/v2\/users\/1"}],"replies":[{"embeddable":true,"href":"https:\/\/obcocinas.es\/pt\/wp-json\/wp\/v2\/comments?post=13908"}],"version-history":[{"count":1,"href":"https:\/\/obcocinas.es\/pt\/wp-json\/wp\/v2\/pages\/13908\/revisions"}],"predecessor-version":[{"id":19501,"href":"https:\/\/obcocinas.es\/pt\/wp-json\/wp\/v2\/pages\/13908\/revisions\/19501"}],"wp:attachment":[{"href":"https:\/\/obcocinas.es\/pt\/wp-json\/wp\/v2\/media?parent=13908"}],"curies":[{"name":"wp","href":"https:\/\/api.w.org\/{rel}","templated":true}]}}