{"id":5984,"date":"2025-11-09T13:51:02","date_gmt":"2025-11-09T12:51:02","guid":{"rendered":"https:\/\/obcocinas.codeloper.dev\/politique-de-confidentialite\/"},"modified":"2026-02-26T20:17:27","modified_gmt":"2026-02-26T19:17:27","slug":"politique-de-confidentialite","status":"publish","type":"page","link":"https:\/\/obcocinas.es\/fr\/politique-de-confidentialite\/","title":{"rendered":"Politique de confidentialit\u00e9"},"content":{"rendered":"\n<p><strong>INTRODUCTION<\/strong><\/p>\n\n<p>Votre vie priv\u00e9e est importante pour nous. Par cons\u00e9quent, dans ce document, nous vous expliquons quelles donn\u00e9es nous collectons aupr\u00e8s des utilisateurs, comment nous les utilisons et \u00e0 quelles fins, entre autres indications.<\/p>\n\n<p>Pour votre information, nous ne demanderons jamais plus d&rsquo;informations que ce dont nous avons r\u00e9ellement besoin pour les services requis\u00a0; nous ne les partagerons jamais avec des tiers, sauf en cas d&rsquo;obligation l\u00e9gale ou avec votre autorisation pr\u00e9alable\u00a0; et nous n&rsquo;utiliserons jamais vos donn\u00e9es \u00e0 d&rsquo;autres fins que celles indiqu\u00e9es pr\u00e9c\u00e9demment.<\/p>\n\n<p>En tant qu&rsquo;utilisateurs, vous devez lire attentivement cette politique de confidentialit\u00e9 r\u00e9guli\u00e8rement, et chaque fois que vous saisissez vos donn\u00e9es personnelles, car ce document peut \u00eatre modifi\u00e9, \u00e9tant donn\u00e9 que le fournisseur de services peut modifier tout type d&rsquo;informations susceptibles d&rsquo;appara\u00eetre sur le Web afin de se conformer \u00e0 la r\u00e9glementation ou de mettre \u00e0 jour la politique, et sans qu&rsquo;il y ait d&rsquo;obligation d&rsquo;avertir ou de porter \u00e0 la connaissance des utilisateurs lesdites obligations, la publication sur le site Web du fournisseur de services \u00e9tant suffisante.<\/p>\n\n<p><strong>RESPONSABLE DU TRAITEMENT\u00a0:<\/strong><\/p>\n\n<p>Identit\u00e9\u00a0: <strong>MUEBLES OB, S.A. (<\/strong>\u00e9galement le fournisseur de services)<br\/>NIF\u00a0: <strong>A14372874<\/strong><br\/>Adresse postale\u00a0: <strong>Camino de C\u00f3rdoba Km2, Villafranca de C\u00f3rdoba, 14420, C\u00f3rdoba<\/strong><br\/>Adresse \u00e9lectronique\u00a0: <strong>dpd@kbc-group.com<\/strong><\/p>\n\n<p><strong>MUEBLES OB, S.A.<\/strong>, en tant que responsable du site Web, conform\u00e9ment aux dispositions du r\u00e8glement (UE) 2016\/679 du 27 avril 2016 (RGPD) relatif \u00e0 la protection des personnes physiques \u00e0 l&rsquo;\u00e9gard du traitement des donn\u00e9es \u00e0 caract\u00e8re personnel et \u00e0 la libre circulation de ces donn\u00e9es, et aux autres r\u00e9glementations en vigueur en mati\u00e8re de protection des donn\u00e9es \u00e0 caract\u00e8re personnel, et en vertu de la loi 34\/2002 du 11 juillet sur les services de la soci\u00e9t\u00e9 de l&rsquo;information et du commerce \u00e9lectronique (LSSICE), vous informe qu&rsquo;elle a mis en \u0153uvre les mesures de s\u00e9curit\u00e9 n\u00e9cessaires, de nature technique et organisationnelle, pour garantir et prot\u00e9ger la confidentialit\u00e9, l&rsquo;int\u00e9grit\u00e9 et la disponibilit\u00e9 des donn\u00e9es saisies.<\/p>\n\n<p><strong>M\u00c9THODE D&rsquo;OBTENTION DES DONN\u00c9ES, QUELLES DONN\u00c9ES COLLECTONS-NOUS et SA FINALIT\u00c9\u00a0:<\/strong><\/p>\n\n<p>Les donn\u00e9es que nous collectons, la mani\u00e8re dont nous les obtenons et la finalit\u00e9 du traitement sont les suivantes\u00a0:<\/p>\n\n<p><strong>1. Formulaire de contact\u00a0:<\/strong><br\/>Donn\u00e9es requises\u00a0: nom, adresse \u00e9lectronique, t\u00e9l\u00e9phone, pays, code postal<br\/>Finalit\u00e9\u00a0: pour r\u00e9pondre aux questions et\/ou fournir les informations demand\u00e9es par l&rsquo;utilisateur<br\/>Justification\u00a0: consentement de l&rsquo;utilisateur<\/p>\n\n<p><strong>2. Formulaire de distributeur le plus proche\u00a0:<\/strong><br\/>Donn\u00e9es requises\u00a0: adresse \u00e9lectronique, t\u00e9l\u00e9phone, pays, code postal<br\/>Finalit\u00e9\u00a0: pour indiquer \u00e0 l&rsquo;utilisateur quel est son distributeur le plus proche.<br\/>Justification\u00a0: consentement de l&rsquo;utilisateur<\/p>\n\n<p><strong>3. Formulaire d&rsquo;inscription\u00a0:<\/strong><br\/>Donn\u00e9es requises\u00a0: nom, adresse \u00e9lectronique<br\/>Finalit\u00e9\u00a0: pour la cr\u00e9ation d&rsquo;un compte d&rsquo;utilisateur dans les cas o\u00f9 l&rsquo;utilisateur est pr\u00e9alablement client et que l&rsquo;inscription est g\u00e9r\u00e9e par le fournisseur de services.<br\/>Justification\u00a0: consentement de l&rsquo;utilisateur<\/p>\n\n<p><strong>4. Formulaires d&rsquo;abonnement \u00e0 la newsletter\u00a0:<\/strong><br\/>Donn\u00e9es requises\u00a0: adresse \u00e9lectronique<br\/>Finalit\u00e9\u00a0: vous envoyer des informations commerciales de votre int\u00e9r\u00eat sur nos produits et\/ou services par courrier \u00e9lectronique, SMS, communaut\u00e9s sociales ou tout autre moyen \u00e9lectronique ou physique, si l&rsquo;utilisateur y a express\u00e9ment consenti\u00a0;<br\/>Justification\u00a0: consentement de l&rsquo;utilisateur<\/p>\n\n<p><strong>5. Mener \u00e0 bien la relation contractuelle et les d\u00e9marches administratives, fiscales et comptables<\/strong> analogues et n\u00e9cessaires en vertu de la l\u00e9gislation en vigueur<br\/>Donn\u00e9es requises\u00a0: nom et pr\u00e9nom, t\u00e9l\u00e9phone, adresse, num\u00e9ro de carte d&rsquo;identit\u00e9, adresse \u00e9lectronique, signature<br\/>Finalit\u00e9\u00a0: mener \u00e0 bien la gestion commerciale fiscale et administrative interne<br\/>Justification\u00a0: consentement de la personne concern\u00e9e et relation contractuelle<\/p>\n\n<p><strong>6. WhatsApp\u00a0:<\/strong> l&rsquo;utilisation de WhatsApp est d\u00e9taill\u00e9e dans la section WhatsApp de la pr\u00e9sente politique.<\/p>\n\n<p>Les photographies qui sont affich\u00e9es sur le Web sont la propri\u00e9t\u00e9 de <strong>MUEBLES OB, S.A.<\/strong><\/p>\n\n<p>Vous pouvez r\u00e9voquer votre consentement \u00e0 tout moment en envoyant un \u00e9crit avec l&rsquo;objet \u00ab\u00a0D\u00e9sinscription\u00a0\u00bb \u00e0 l&rsquo;adresse \u00e9lectronique indiqu\u00e9e.<\/p>\n\n<p>Conform\u00e9ment \u00e0 la LSSICE, <strong>MUEBLES OB, S.A.<\/strong> ne r\u00e9alise pas de pratiques de SPAM, par cons\u00e9quent, elle n&rsquo;envoie pas de courriers commerciaux par courrier \u00e9lectronique qui n&rsquo;ont pas \u00e9t\u00e9 pr\u00e9alablement sollicit\u00e9s ou autoris\u00e9s par l&rsquo;utilisateur. En cons\u00e9quence, dans toutes les communications que vous recevrez du fournisseur de services, l&rsquo;utilisateur a la possibilit\u00e9 d&rsquo;annuler son consentement expr\u00e8s pour recevoir nos communications. <\/p>\n\n<p>Nous ne traiterons pas vos donn\u00e9es personnelles \u00e0 d&rsquo;autres fins que celles d\u00e9crites, sauf en cas d&rsquo;obligation l\u00e9gale ou de demande judiciaire.<\/p>\n\n<p>Vous ne ferez pas l&rsquo;objet de d\u00e9cisions fond\u00e9es sur des traitements automatis\u00e9s qui produisent des effets sur vos donn\u00e9es.<\/p>\n\n<p><strong>DUR\u00c9E DE CONSERVATION DES DONN\u00c9ES\u00a0:<\/strong><\/p>\n\n<p>Vos donn\u00e9es seront conserv\u00e9es pendant toute la dur\u00e9e de la relation commerciale avec nous ou jusqu&rsquo;\u00e0 ce que vous exerciez votre droit d&rsquo;annulation ou d&rsquo;opposition, ou de limitation du traitement. Toutefois, nous conserverons vos donn\u00e9es dans les d\u00e9lais l\u00e9galement pr\u00e9vus dans les dispositions applicables. <\/p>\n\n<p><strong>DESTINATAIRES DES CESSIONS OU DES TRANSFERTS\u00a0:<\/strong><\/p>\n\n<p><strong>MUEBLES OB, S.A.<\/strong> ne fournira des informations aux forces et corps de s\u00e9curit\u00e9 que sur ordre judiciaire ou en vertu d&rsquo;une obligation l\u00e9gale, sans pr\u00e9judice de la possibilit\u00e9 de bloquer ou d&rsquo;annuler votre compte s&rsquo;il peut y avoir des indices de la commission d&rsquo;un d\u00e9lit de la part de l&rsquo;utilisateur. Les informations fournies seront uniquement celles dont dispose le fournisseur de services \u00e0 ce moment-l\u00e0. <\/p>\n\n<p>Les informations que vous nous fournissez par le biais de ce site Web seront h\u00e9berg\u00e9es sur les serveurs de <strong>MUEBLES OB, S.A.<\/strong>, contract\u00e9s aupr\u00e8s de l&rsquo;entreprise qui fournit le service d&rsquo;h\u00e9bergement du Web. Le traitement des donn\u00e9es de l&rsquo;entit\u00e9 est r\u00e9gi par un contrat de responsable du traitement entre le fournisseur de services et cette entreprise. <\/p>\n\n<p>De m\u00eame, le fournisseur de services utilise certains outils pour fournir les services n\u00e9cessaires au d\u00e9veloppement de l&rsquo;activit\u00e9, pouvant stocker vos donn\u00e9es. Ces outils sont les suivants\u00a0: <\/p>\n\n<p><strong>Google Analytics<\/strong>\u00a0: pour r\u00e9aliser une analyse et une m\u00e9trique de l&rsquo;utilisation que les utilisateurs font du Web par le biais des cookies. Les informations que g\u00e9n\u00e8rent et collectent ces cookies sur l&rsquo;utilisation (y compris l&rsquo;adresse IP) seront directement transmises et archiv\u00e9es par Google Inc., situ\u00e9e \u00e0 Delaware, 1600 Amphitheatre Parkway, Mountain View (Californie), CA 94043 des \u00c9tats-Unis (\u00ab\u00a0Google\u00a0\u00bb), sur ses serveurs des \u00c9tats-Unis.<\/p>\n\n<p><strong>DROITS DES PERSONNES CONCERN\u00c9ES\u00a0:<\/strong><\/p>\n\n<p>En tant qu&rsquo;utilisateur-int\u00e9ress\u00e9, vous pouvez demander l&rsquo;exercice des droits suivants aupr\u00e8s de <strong>MUEBLES OB, S.A.<\/strong> en pr\u00e9sentant un \u00e9crit \u00e0 l&rsquo;adresse postale de l&rsquo;en-t\u00eate ou en envoyant un courrier \u00e9lectronique \u00e0 dpd@kbc-group.com, en indiquant comme objet\u00a0: \u00ab\u00a0PROTECTION DES DONN\u00c9ES\u00a0: DROITS DES PERSONNES CONCERN\u00c9ES\u00a0\u00bb.<\/p>\n\n<p>Droits\u00a0:<\/p>\n\n<p><strong>Droit d&rsquo;acc\u00e8s\u00a0:<\/strong> permet \u00e0 la personne concern\u00e9e de conna\u00eetre et d&rsquo;obtenir des informations sur ses donn\u00e9es \u00e0 caract\u00e8re personnel soumises au traitement.<br\/><strong>Droit de rectification ou de suppression\u00a0:<\/strong> permet de corriger les erreurs et de modifier les donn\u00e9es qui s&rsquo;av\u00e8rent inexactes ou incompl\u00e8tes.<br\/><strong>Droit d&rsquo;annulation\u00a0:<\/strong> permet de supprimer les donn\u00e9es qui sont inappropri\u00e9es ou excessives<br\/><strong>Droit d&rsquo;opposition\u00a0:<\/strong> droit de la personne concern\u00e9e \u00e0 ce que le traitement de ses donn\u00e9es \u00e0 caract\u00e8re personnel ne soit pas effectu\u00e9 ou \u00e0 ce qu&rsquo;il cesse.<br\/><strong>Limitation du traitement\u00a0:<\/strong> entra\u00eene le marquage des donn\u00e9es personnelles conserv\u00e9es, afin de limiter leur futur traitement, pour l&rsquo;exercice ou la d\u00e9fense de r\u00e9clamations.<br\/><strong>Portabilit\u00e9 des donn\u00e9es\u00a0:<\/strong> facilitation des donn\u00e9es faisant l&rsquo;objet du traitement \u00e0 la personne concern\u00e9e, afin que celle-ci puisse les transmettre \u00e0 un autre responsable, sans emp\u00eachement.<br\/><strong>Droit de ne pas faire l&rsquo;objet de d\u00e9cisions individuelles automatis\u00e9es (y compris l&rsquo;\u00e9laboration de profils)\u00a0:<\/strong> droit de ne pas faire l&rsquo;objet d&rsquo;une d\u00e9cision fond\u00e9e sur le traitement automatis\u00e9 qui produit des effets ou affecte de mani\u00e8re significative<\/p>\n\n<p>En tant qu&rsquo;utilisateur, vous avez le droit de retirer le consentement donn\u00e9 \u00e0 tout moment. Le retrait du consentement n&rsquo;affectera pas la lic\u00e9it\u00e9 du traitement effectu\u00e9 avant le retrait du consentement. <\/p>\n\n<p>Vous avez \u00e9galement le droit de d\u00e9poser une r\u00e9clamation aupr\u00e8s de l&rsquo;autorit\u00e9 de contr\u00f4le si vous estimez que vos droits en mati\u00e8re de protection de vos donn\u00e9es ont pu \u00eatre viol\u00e9s (aepd.es).<\/p>\n\n<p><strong>INFORMATIONS SUPPL\u00c9MENTAIRES<\/strong><\/p>\n\n<p><strong>MESURES DE S\u00c9CURIT\u00c9\u00a0:<\/strong><\/p>\n\n<p>Les donn\u00e9es que vous nous fournissez seront trait\u00e9es de mani\u00e8re confidentielle. Le fournisseur de services a adopt\u00e9 toutes les mesures techniques et organisationnelles et tous les niveaux de protection n\u00e9cessaires pour garantir la s\u00e9curit\u00e9 du traitement des donn\u00e9es et \u00e9viter leur alt\u00e9ration, perte, vol, traitement ou acc\u00e8s non autoris\u00e9, conform\u00e9ment \u00e0 l&rsquo;\u00e9tat de la technologie et \u00e0 la nature des donn\u00e9es stock\u00e9es. De m\u00eame, il est \u00e9galement garanti que le traitement et l&rsquo;enregistrement dans des fichiers, programmes, syst\u00e8mes ou \u00e9quipements, locaux et centres, sont conformes aux exigences et conditions d&rsquo;int\u00e9grit\u00e9 et de s\u00e9curit\u00e9 \u00e9tablies dans la r\u00e9glementation en vigueur.  <\/p>\n\n<p><strong>LANGUE<\/strong><\/p>\n\n<p>La langue applicable \u00e0 cette politique de confidentialit\u00e9 est l&rsquo;espagnol. Par cons\u00e9quent, en cas de contradiction dans l&rsquo;une des versions fournies dans d&rsquo;autres langues, la version en espagnol pr\u00e9vaudra. <\/p>\n\n<p><strong>R\u00c9SEAUX SOCIAUX<\/strong><\/p>\n\n<p>Nous vous informons que <strong>MUEBLES OB, S.A.<\/strong> peut \u00eatre pr\u00e9sent sur les r\u00e9seaux sociaux. Le traitement des donn\u00e9es qui est effectu\u00e9 des personnes qui deviennent des abonn\u00e9s sur les r\u00e9seaux sociaux (et \/ ou r\u00e9alisent tout lien ou action de connexion par le biais des r\u00e9seaux sociaux) des pages officielles de <strong>MUEBLES OB, S.A.<\/strong> sera r\u00e9gi par cette section, ainsi que par les conditions d&rsquo;utilisation, les politiques de confidentialit\u00e9 et les r\u00e9glementations d&rsquo;acc\u00e8s qui appartiennent au r\u00e9seau social qui proc\u00e8de dans chaque cas et accept\u00e9es pr\u00e9alablement par l&rsquo;utilisateur. <\/p>\n\n<p><strong>MUEBLES OB, S.A.<\/strong> traitera vos donn\u00e9es aux fins d&rsquo;administrer correctement sa pr\u00e9sence sur le r\u00e9seau social, en informant des activit\u00e9s, des produits ou des services du fournisseur de services, ainsi qu&rsquo;\u00e0 toute autre fin que les r\u00e9glementations des r\u00e9seaux sociaux permettent.<\/p>\n\n<p>La publication de contenus est interdite\u00a0:<\/p>\n\n<p>&#8211; Qui sont pr\u00e9sum\u00e9s illicites par la r\u00e9glementation nationale, communautaire ou internationale ou qui r\u00e9alisent des activit\u00e9s pr\u00e9sum\u00e9es illicites ou contreviennent aux principes de la bonne foi.<br\/>&#8211; Qui portent atteinte aux droits fondamentaux des personnes, manquent de courtoisie sur le r\u00e9seau, d\u00e9rangent ou peuvent g\u00e9n\u00e9rer des opinions n\u00e9gatives chez nos utilisateurs ou des tiers et en g\u00e9n\u00e9ral quels que soient les contenus que MUEBLES OB, S.A. consid\u00e8re inappropri\u00e9s.<br\/>&#8211; Et en g\u00e9n\u00e9ral qui contreviennent aux principes de l\u00e9galit\u00e9, d&rsquo;honn\u00eatet\u00e9, de responsabilit\u00e9, de protection de la dignit\u00e9 humaine, de protection des mineurs, de protection de l&rsquo;ordre public, de la protection de la vie priv\u00e9e, de la protection du consommateur et des droits de propri\u00e9t\u00e9 intellectuelle et industrielle. De m\u00eame, <strong>MUEBLES OB, S.A.<\/strong> se r\u00e9serve le droit de retirer, sans pr\u00e9avis du site Web ou du r\u00e9seau social corporatif, les contenus qui sont consid\u00e9r\u00e9s comme inappropri\u00e9s. <\/p>\n\n<p>Dans tous les cas, si vous envoyez des informations personnelles par le biais du r\u00e9seau social, <strong>MUEBLES OB, S.A.<\/strong> sera exon\u00e9r\u00e9 de responsabilit\u00e9 en relation avec les mesures de s\u00e9curit\u00e9 applicables \u00e0 la pr\u00e9sente plateforme et l&rsquo;utilisateur, au cas o\u00f9 il voudrait les conna\u00eetre, doit consulter les conditions particuli\u00e8res correspondantes du r\u00e9seau en question.<\/p>\n\n<p><strong>WHATSAPP<\/strong><\/p>\n\n<p>Le traitement des donn\u00e9es qui est effectu\u00e9 des personnes qui r\u00e9alisent une consultation par le biais de WhatsApp de <strong>MUEBLES OB, S.A.<\/strong> sera r\u00e9gi par cette section, ainsi que par les conditions d&rsquo;utilisation, les politiques de confidentialit\u00e9 et les r\u00e9glementations d&rsquo;acc\u00e8s qui appartiennent \u00e0 l&rsquo;application qui proc\u00e8dent dans chaque cas et accept\u00e9es pr\u00e9alablement par l&rsquo;utilisateur. <strong>MUEBLES OB, S.A.<\/strong>, traitera vos donn\u00e9es aux fins d&rsquo;administrer correctement votre consultation, ainsi que toute autre fin de la gestion administrative du service. Vos donn\u00e9es sont partag\u00e9es avec WhatsApp Ireland Limited, dont les mesures de s\u00e9curit\u00e9 techniques assurent la confidentialit\u00e9, l&rsquo;int\u00e9grit\u00e9 et la disponibilit\u00e9 de vos informations, selon ce qu&rsquo;indique sa propre politique de confidentialit\u00e9. Il n&rsquo;est pas pr\u00e9vu d&rsquo;autres cessions, sauf en cas d&rsquo;obligation l\u00e9gale ou de demande judiciaire. Vos donn\u00e9es seront conserv\u00e9es pendant toute la dur\u00e9e de la finalit\u00e9 pour laquelle elles ont \u00e9t\u00e9 obtenues et, une fois qu&rsquo;elles ne seront plus n\u00e9cessaires, elles seront maintenues d\u00fbment bloqu\u00e9es, archiv\u00e9es et conserv\u00e9es pendant la dur\u00e9e l\u00e9galement \u00e9tablie. L&rsquo;utilisation du WhatsApp de <strong>MUEBLES OB, S.A.,<\/strong> pour l&rsquo;envoi de contenus qui ne sont pas n\u00e9cessaires pour la r\u00e9ponse \u00e0 la consultation et qui sont illicites par la r\u00e9glementation nationale ou internationale qui porte atteinte aux droits fondamentaux des personnes et en g\u00e9n\u00e9ral qui contreviennent aux principes de l\u00e9galit\u00e9, d&rsquo;honn\u00eatet\u00e9, de responsabilit\u00e9, de protection de la vie priv\u00e9e, de la protection du consommateur et des droits de propri\u00e9t\u00e9 intellectuelle et industrielle est interdite.   <\/p>\n\n<p><strong>MODIFICATIONS DE LA PR\u00c9SENTE POLITIQUE DE CONFIDENTIALIT\u00c9<\/strong><\/p>\n\n<p><strong>MUEBLES OB, S.A.<\/strong> se r\u00e9serve le droit de modifier la pr\u00e9sente politique pour l&rsquo;adapter aux nouveaut\u00e9s l\u00e9gislatives ou jurisprudentielles.<\/p>\n\n<p><strong>R\u00c9VOCABILIT\u00c9<\/strong><\/p>\n\n<p>Le consentement donn\u00e9, tant pour le traitement que pour la cession des donn\u00e9es des personnes concern\u00e9es, est r\u00e9vocable \u00e0 tout moment en le communiquant \u00e0 <strong>MUEBLES OB, S.A.<\/strong> dans les termes \u00e9tablis dans cette politique pour l&rsquo;exercice des droits. Cette r\u00e9vocation n&rsquo;aura en aucun cas un caract\u00e8re r\u00e9troactif. <\/p>\n\n<p><strong>L\u00c9GISLATION<\/strong><\/p>\n\n<p>D&rsquo;une mani\u00e8re g\u00e9n\u00e9rale, les relations entre <strong>MUEBLES OB, S.A.<\/strong> avec les utilisateurs de ses services t\u00e9l\u00e9matiques, pr\u00e9sents sur ce Web, sont soumises \u00e0 la l\u00e9gislation et \u00e0 la juridiction espagnole auxquelles les parties se soumettent express\u00e9ment, les tribunaux de Cordoue \u00e9tant comp\u00e9tents pour la r\u00e9solution de tous les conflits d\u00e9coulant de ou li\u00e9s \u00e0 son utilisation.<\/p>\n","protected":false},"excerpt":{"rendered":"<p>INTRODUCTION Votre vie priv\u00e9e est importante pour nous. Par cons\u00e9quent, dans ce document, nous vous expliquons quelles donn\u00e9es nous collectons aupr\u00e8s des utilisateurs, comment nous les utilisons et \u00e0 quelles fins, entre autres indications. Pour votre information, nous ne demanderons jamais plus d&rsquo;informations que ce dont nous avons r\u00e9ellement besoin pour les services requis\u00a0; nous [&hellip;]<\/p>\n","protected":false},"author":1,"featured_media":0,"parent":0,"menu_order":0,"comment_status":"closed","ping_status":"open","template":"","meta":{"footnotes":""},"class_list":["post-5984","page","type-page","status-publish","hentry"],"_links":{"self":[{"href":"https:\/\/obcocinas.es\/fr\/wp-json\/wp\/v2\/pages\/5984","targetHints":{"allow":["GET"]}}],"collection":[{"href":"https:\/\/obcocinas.es\/fr\/wp-json\/wp\/v2\/pages"}],"about":[{"href":"https:\/\/obcocinas.es\/fr\/wp-json\/wp\/v2\/types\/page"}],"author":[{"embeddable":true,"href":"https:\/\/obcocinas.es\/fr\/wp-json\/wp\/v2\/users\/1"}],"replies":[{"embeddable":true,"href":"https:\/\/obcocinas.es\/fr\/wp-json\/wp\/v2\/comments?post=5984"}],"version-history":[{"count":1,"href":"https:\/\/obcocinas.es\/fr\/wp-json\/wp\/v2\/pages\/5984\/revisions"}],"predecessor-version":[{"id":5985,"href":"https:\/\/obcocinas.es\/fr\/wp-json\/wp\/v2\/pages\/5984\/revisions\/5985"}],"wp:attachment":[{"href":"https:\/\/obcocinas.es\/fr\/wp-json\/wp\/v2\/media?parent=5984"}],"curies":[{"name":"wp","href":"https:\/\/api.w.org\/{rel}","templated":true}]}}