{"id":5857,"date":"2025-11-20T03:01:01","date_gmt":"2025-11-20T02:01:01","guid":{"rendered":"https:\/\/obcocinas.codeloper.dev\/nous-sommes-b-corp\/"},"modified":"2025-11-30T23:25:09","modified_gmt":"2025-11-30T22:25:09","slug":"nous-sommes-b-corp","status":"publish","type":"page","link":"https:\/\/obcocinas.es\/fr\/nous-sommes-b-corp\/","title":{"rendered":"Nous sommes B Corp"},"content":{"rendered":"\n<div class=\"gb-element-f34fe11a\">\n<div class=\"gb-element-c82b46e0\"><\/div>\n\n\n\n<p class=\"gb-text gb-text-5303fce7\">Nous sommes B Corp<\/p>\n<\/div>\n\n\n\n<div class=\"gb-element-7d84fac6\">\n<img decoding=\"async\" data-media-id=\"5861\" class=\"gb-media-fcb37a9c\" alt=\"\" src=\"https:\/\/obcocinas.es\/wp-content\/uploads\/2025\/11\/50d096157739864ceec2aa6edfe0a6e0eb4045ef-rsd-jpg.avif\" title=\"bc6f5894db1e0c0e858cb3592a32c384e1928a40-rsd\"\/>\n\n\n\n<div class=\"gb-element-b2db31f3\"><\/div>\n\n\n\n<div class=\"gb-element-22ca3a06\">\n<div class=\"gb-element-a6ee6a7b\">\n<h1 class=\"gb-text gb-text-bcc606d3\">OB Cocinas est une entreprise certifi\u00e9e B Corp<\/h1>\n\n\n\n<h2 class=\"gb-text gb-text-873ded0b\">Qualit\u00e9, durabilit\u00e9 et engagement : notre chemin vers un avenir meilleur.<\/h2>\n<\/div>\n<\/div>\n<\/div>\n\n\n\n<div>\n<div class=\"gb-element-4a5df973\">\n<div class=\"gb-element-58c2c8ac\">\n<h2 class=\"gb-text gb-text-dd2090f1\">Qu&rsquo;est-ce que la certification B Corp ?<\/h2>\n<\/div>\n\n\n\n<div class=\"gb-element-16398d8f\">\n<img loading=\"lazy\" decoding=\"async\" width=\"880\" height=\"603\" class=\"gb-media-36d9ec03\" alt=\"6e2ad01465cbef1263bc21b820bd7fc7ad648e6d\" src=\"https:\/\/obcocinas.es\/wp-content\/uploads\/2025\/11\/6e2ad01465cbef1263bc21b820bd7fc7ad648e6d-rsd.jpg\" title=\"6e2ad01465cbef1263bc21b820bd7fc7ad648e6d\"\/>\n<\/div>\n\n\n\n<div class=\"gb-element-64fab553\">\n<p class=\"gb-text\">La certification B CORP est une reconnaissance internationale d\u00e9cern\u00e9e \u00e0 une communaut\u00e9 mondiale d&rsquo;entreprises qui respectent des normes \u00e9lev\u00e9es en mati\u00e8re d&rsquo;impact social et environnemental. Cette certification ne mesure pas seulement la qualit\u00e9 du produit ou du service, mais aussi l&rsquo;impact positif que l&rsquo;entreprise g\u00e9n\u00e8re sur ses employ\u00e9s, ses clients, sa communaut\u00e9 et l&rsquo;environnement. \u00catre une entreprise B Corp signifie diriger un mod\u00e8le d&rsquo;entreprise bas\u00e9 sur la durabilit\u00e9, l&rsquo;\u00e9thique et la transparence, d\u00e9montrant qu&rsquo;il est possible d&rsquo;atteindre le succ\u00e8s \u00e9conomique tout en contribuant activement \u00e0 la construction d&rsquo;un monde plus juste et durable.<\/p>\n\n\n\n<p class=\"gb-text\">Nous sommes fiers d&rsquo;annoncer que KBV devient le premier fabricant espagnol de meubles de cuisine \u00e0 obtenir la certification B Corp. L&rsquo;obtention de ce certificat est un processus rigoureux que peu d&rsquo;entreprises parviennent \u00e0 surmonter. Elle implique de se soumettre \u00e0 une \u00e9valuation rigoureuse, avec des centaines d&rsquo;indicateurs qui analysent en profondeur l&rsquo;impact de l&rsquo;entreprise dans tous ses domaines : du mod\u00e8le d&rsquo;entreprise \u00e0 la gestion de l&rsquo;\u00e9quipe, en passant par les relations avec la communaut\u00e9, le respect de l&rsquo;environnement et la transparence. Cette r\u00e9ussite t\u00e9moigne de notre engagement continu envers l&rsquo;excellence et la durabilit\u00e9. C&rsquo;est pourquoi atteindre cette \u00e9tape a une valeur si particuli\u00e8re pour nous.<\/p>\n<\/div>\n<\/div>\n<\/div>\n\n\n\n<div class=\"gb-element-10ae6c00\">\n<div class=\"gb-element-9e924953\">\n<h2 class=\"gb-text gb-text-a883bb05\">La philosophie qui nous a conduits \u00e0 devenir B Corp<\/h2>\n\n\n\n<p class=\"gb-text\">Depuis nos d\u00e9buts, chez OB Cocinas, nous avons toujours su que fabriquer des cuisines design, de qualit\u00e9 et durables n&rsquo;est qu&rsquo;une partie de notre mission. Nous sommes \u00e9galement motiv\u00e9s par la responsabilit\u00e9 de prendre soin de la plan\u00e8te et d&rsquo;agir avec \u00e9thique et respect envers toutes les personnes impliqu\u00e9es dans notre cha\u00eene de valeur. Devenir une entreprise certifi\u00e9e B Corp repr\u00e9sente une \u00e9tape fondamentale pour consolider ces valeurs et les mettre en pratique de mani\u00e8re tangible et v\u00e9rifiable.<\/p>\n\n\n\n<p>Cette certification refl\u00e8te notre engagement envers :<\/p>\n<\/div>\n<\/div>\n\n\n\n<div>\n<div class=\"gb-element-36d4c117\">\n<div class=\"gb-element-2ceb0d6f\">\n<h2 class=\"gb-text gb-text-15e6f757\">Cette certification refl\u00e8te notre engagement envers :<\/h2>\n\n\n\n<div class=\"gb-element-b2f25319\">\n<p class=\"gb-text\">La durabilit\u00e9 environnementale : Nous utilisons des mat\u00e9riaux responsables et g\u00e9rons des processus qui minimisent l&rsquo;impact \u00e9cologique.<\/p>\n\n\n\n<p>Le bien-\u00eatre de notre \u00e9quipe : Nous encourageons un environnement de travail juste, s\u00fbr et motivant pour toutes les personnes qui font partie d&rsquo;OB Cocinas.<\/p>\n\n\n\n<p>La transparence et l&rsquo;\u00e9thique : Nous adoptons des pratiques responsables dans la gestion de l&rsquo;entreprise et dans notre relation avec les clients et les fournisseurs.<\/p>\n\n\n\n<p>L&rsquo;engagement social : Nous collaborons activement avec notre communaut\u00e9 pour g\u00e9n\u00e9rer un impact positif au-del\u00e0 de l&rsquo;entreprise.<\/p>\n\n\n\n<p>La confiance de nos clients : Nous \u00e9coutons leurs besoins et offrons des solutions de qualit\u00e9, fonctionnelles et responsables pour garantir leur satisfaction \u00e0 long terme. <\/p>\n<\/div>\n<\/div>\n\n\n\n<div class=\"gb-element-d3e24236\">\n<h2 class=\"gb-text gb-text-255eeadc\">OB Cocinas, membre d&rsquo;un mouvement mondial<\/h2>\n\n\n\n<div class=\"gb-element-fd7071cd\">\n<p class=\"gb-text\">La certification B Corp est bien plus qu&rsquo;un label : c&rsquo;est faire partie d&rsquo;une communaut\u00e9 internationale de plus de 8 000 entreprises dans plus de 95 pays et 160 secteurs qui partagent un m\u00eame objectif : utiliser le pouvoir des entreprises pour g\u00e9n\u00e9rer un impact positif r\u00e9el sur la soci\u00e9t\u00e9 et la plan\u00e8te. Ensemble, ces entreprises transforment la mani\u00e8re dont les entreprises sont g\u00e9r\u00e9es, d\u00e9montrant qu&rsquo;il est possible de cro\u00eetre et d&rsquo;\u00eatre rentable sans compromettre les valeurs ni l&rsquo;environnement.<\/p>\n<\/div>\n<\/div>\n\n\n\n<div class=\"gb-element-16645e85\">\n<h2 class=\"gb-text gb-text-0c2764fa\">Qu&rsquo;implique cette certification pour vous ?<\/h2>\n\n\n\n<div class=\"gb-element-be8a8401\">\n<p class=\"gb-text\">En choisissant une cuisine OB Cocinas, vous n&rsquo;investissez pas seulement dans un design \u00e9l\u00e9gant et une qualit\u00e9 durable, mais aussi dans un produit qui respecte l&rsquo;environnement et promeut le bien-\u00eatre social. Notre certification B Corp garantit que votre cuisine a \u00e9t\u00e9 fabriqu\u00e9e avec des mat\u00e9riaux durables et des processus responsables, r\u00e9duisant ainsi l&rsquo;impact environnemental. De plus, elle repr\u00e9sente notre engagement envers l&rsquo;\u00e9thique et la transparence, afin que vous profitiez d&rsquo;un foyer sain et durable. Avoir une cuisine OB Cocinas, c&rsquo;est opter pour un style de vie plus conscient, en prenant soin de votre environnement et en apportant votre pierre \u00e0 l&rsquo;\u00e9difice pour un avenir meilleur.<\/p>\n<\/div>\n<\/div>\n\n\n\n<div class=\"gb-element-49fed8d2\">\n<h2 class=\"gb-text gb-text-c5ff0ae8\">Notre engagement reste ferme<\/h2>\n\n\n\n<div class=\"gb-element-8efd2776\">\n<p class=\"gb-text\">L&rsquo;obtention de la certification B Corp est une \u00e9tape que nous c\u00e9l\u00e9brons avec fiert\u00e9, mais c&rsquo;est aussi le d\u00e9but d&rsquo;un chemin qui exige une am\u00e9lioration continue et une responsabilit\u00e9 constante. En tant que membre du groupe KBV, OB Cocinas continuera de s&rsquo;efforcer d&rsquo;innover, d&rsquo;optimiser les processus et de promouvoir une culture d&rsquo;entreprise qui inspire notre \u00e9quipe, nos clients et nos fournisseurs.<\/p>\n<\/div>\n<\/div>\n<\/div>\n<\/div>\n\n\n\n<div class=\"gb-element-888194a6\">\n<img loading=\"lazy\" decoding=\"async\" width=\"1920\" height=\"1280\" class=\"gb-media-3f14d7d3\" alt=\"91091a3e293992cd84e215032e9f7884ee108701\" src=\"https:\/\/obcocinas.es\/wp-content\/uploads\/2025\/11\/91091a3e293992cd84e215032e9f7884ee108701-rsd.jpg\" title=\"91091a3e293992cd84e215032e9f7884ee108701\" srcset=\"https:\/\/obcocinas.es\/wp-content\/uploads\/2025\/11\/91091a3e293992cd84e215032e9f7884ee108701-rsd-jpg.avif 1920w, https:\/\/obcocinas.es\/wp-content\/uploads\/2025\/11\/91091a3e293992cd84e215032e9f7884ee108701-rsd-1024x683.jpg 1024w, https:\/\/obcocinas.es\/wp-content\/uploads\/2025\/11\/91091a3e293992cd84e215032e9f7884ee108701-rsd-1536x1024.jpg 1536w\" sizes=\"auto, (max-width: 1920px) 100vw, 1920px\" \/>\n<\/div>\n\n\n\n<div class=\"gb-element-8b5b9c7d\">\n<div class=\"gb-element-657ccb29\">\n<img loading=\"lazy\" decoding=\"async\" width=\"889\" height=\"853\" class=\"gb-media-bd82da0e\" alt=\"5c119fee4044ada308185438e85e92f0ed5298bb\" src=\"https:\/\/obcocinas.es\/wp-content\/uploads\/2025\/11\/5c119fee4044ada308185438e85e92f0ed5298bb.png\" title=\"5c119fee4044ada308185438e85e92f0ed5298bb\"\/>\n\n\n\n<div class=\"gb-element-2308619c\">\n<div class=\"gb-element-20e01598 camion-fondo\">\n<div class=\"gb-element-defa365c\">\n<p class=\"gb-text gb-text-edd700b5\">CONTACTEZ-NOUS<\/p>\n\n\n\n<div class=\"gb-element-70cddd45\"><\/div>\n<\/div>\n\n\n\n<h2 class=\"gb-text gb-text-1293fe0a\">Vous souhaitez devenir distributeur&nbsp;?<\/h2>\n\n\n\n<p class=\"gb-text gb-text-499c9803\">Rejoignez notre r\u00e9seau de distributeurs.<\/p>\n\n\n\n<a class=\"gb-text gb-text-73374fd9 ob-btn-main contacto\">Renseignez-vous maintenant<\/a>\n<\/div>\n<\/div>\n<\/div>\n\n\n\n<p><\/p>\n<\/div>\n","protected":false},"excerpt":{"rendered":"<p>Nous sommes B Corp OB Cocinas est une entreprise certifi\u00e9e B Corp Qualit\u00e9, durabilit\u00e9 et engagement : notre chemin vers un avenir meilleur. Qu&rsquo;est-ce que la certification B Corp ? La certification B CORP est une reconnaissance internationale d\u00e9cern\u00e9e \u00e0 une communaut\u00e9 mondiale d&rsquo;entreprises qui respectent des normes \u00e9lev\u00e9es en mati\u00e8re d&rsquo;impact social et environnemental. [&hellip;]<\/p>\n","protected":false},"author":1,"featured_media":5861,"parent":0,"menu_order":0,"comment_status":"closed","ping_status":"closed","template":"wp-custom-template-page-sans-titre","meta":{"footnotes":""},"class_list":["post-5857","page","type-page","status-publish","has-post-thumbnail","hentry"],"_links":{"self":[{"href":"https:\/\/obcocinas.es\/fr\/wp-json\/wp\/v2\/pages\/5857","targetHints":{"allow":["GET"]}}],"collection":[{"href":"https:\/\/obcocinas.es\/fr\/wp-json\/wp\/v2\/pages"}],"about":[{"href":"https:\/\/obcocinas.es\/fr\/wp-json\/wp\/v2\/types\/page"}],"author":[{"embeddable":true,"href":"https:\/\/obcocinas.es\/fr\/wp-json\/wp\/v2\/users\/1"}],"replies":[{"embeddable":true,"href":"https:\/\/obcocinas.es\/fr\/wp-json\/wp\/v2\/comments?post=5857"}],"version-history":[{"count":2,"href":"https:\/\/obcocinas.es\/fr\/wp-json\/wp\/v2\/pages\/5857\/revisions"}],"predecessor-version":[{"id":6874,"href":"https:\/\/obcocinas.es\/fr\/wp-json\/wp\/v2\/pages\/5857\/revisions\/6874"}],"wp:featuredmedia":[{"embeddable":true,"href":"https:\/\/obcocinas.es\/fr\/wp-json\/wp\/v2\/media\/5861"}],"wp:attachment":[{"href":"https:\/\/obcocinas.es\/fr\/wp-json\/wp\/v2\/media?parent=5857"}],"curies":[{"name":"wp","href":"https:\/\/api.w.org\/{rel}","templated":true}]}}