{"id":5835,"date":"2025-11-19T13:46:14","date_gmt":"2025-11-19T12:46:14","guid":{"rendered":"https:\/\/obcocinas.codeloper.dev\/nos-cuisines\/"},"modified":"2025-11-30T23:32:19","modified_gmt":"2025-11-30T22:32:19","slug":"nos-cuisines","status":"publish","type":"page","link":"https:\/\/obcocinas.es\/fr\/nos-cuisines\/","title":{"rendered":"Nos cuisines"},"content":{"rendered":"\n<div class=\"gb-element-5538e0c5 ob-title-project\">\n<div class=\"gb-element-5bbb2b53\">\n<h1 class=\"gb-text gb-text-5303fce7\">Nos cuisines<\/h1>\n\n\n\n<div class=\"gb-element-c82b46e0\"><\/div>\n<\/div>\n\n\n\n<div class=\"gb-element-f273e971\">\n<p class=\"gb-text gb-text-4c593fb1\">Chez OB, nous nous consacrons \u00e0 concevoir et fabriquer des meubles de cuisine sur mesure qui refl\u00e8tent votre style et s&rsquo;adaptent \u00e0 vos besoins sp\u00e9cifiques. Des finitions \u00e9l\u00e9gantes aux solutions de rangement intelligentes, chaque cuisine que nous cr\u00e9ons est dot\u00e9e de design et de fonctionnalit\u00e9 pour l&rsquo;utilisateur. <\/p>\n<\/div>\n<\/div>\n\n\n\n<div class=\"gb-element-270ad903\">\n<div><div class=\"gb-looper-07b47441\">\n<div class=\"gb-loop-item gb-loop-item-1263bcee ob-query-cocinas post-6603 cocinas type-cocinas status-publish has-post-thumbnail hentry\">\n<a class=\"gb-element-2bf8a32d\" href=\"https:\/\/obcocinas.es\/fr\/cuisines\/cuisines-avec-ilot\/\">\n<img decoding=\"async\" data-media-id=\"18560\" class=\"gb-media-530798c1\" alt=\"Cocina elegante con muebles de madera y gran isla de piedra beige\" src=\"https:\/\/obcocinas.es\/wp-content\/uploads\/2025\/11\/apuntoreformas_-_cocina_madera_montreal_4.-pim2-2000_q-1-jpeg.avif\"\/>\n<\/a>\n\n\n\n<div class=\"gb-element-f3c24913\">\n<h2 class=\"gb-text gb-text-96734cfd\"><a href=\"https:\/\/obcocinas.es\/fr\/cuisines\/cuisines-avec-ilot\/\">Cuisines avec \u00celot<\/a><\/h2>\n<\/div>\n\n\n\n<div class=\"gb-element-4d53207d ob-query-raya\">\n<div class=\"gb-element-1024c75b\"><\/div>\n<\/div>\n\n\n\n<div class=\"gb-element-54a3a4a8\">\n<div class=\"gb-element-0947199f\"><\/div>\n<\/div>\n\n\n\n<div class=\"gb-element-a3f4948c\">\n<a class=\"gb-text gb-text-c929413e ob-btn-main\" href=\"https:\/\/obcocinas.es\/fr\/cuisines\/cuisines-avec-ilot\/\">D\u00e9couvrir<\/a>\n<\/div>\n<\/div>\n\n<div class=\"gb-loop-item gb-loop-item-1263bcee ob-query-cocinas post-6648 cocinas type-cocinas status-publish has-post-thumbnail hentry\">\n<a class=\"gb-element-2bf8a32d\" href=\"https:\/\/obcocinas.es\/fr\/cuisines\/cuisines-ouvertes\/\">\n<img decoding=\"async\" data-media-id=\"6606\" class=\"gb-media-530798c1\" alt=\"Cocinas con isla\" src=\"https:\/\/obcocinas.es\/wp-content\/uploads\/2025\/11\/9f4fc92dd57843757ed29129e2540a640287b648-rsd-jpg.avif\"\/>\n<\/a>\n\n\n\n<div class=\"gb-element-f3c24913\">\n<h2 class=\"gb-text gb-text-96734cfd\"><a href=\"https:\/\/obcocinas.es\/fr\/cuisines\/cuisines-ouvertes\/\">Cuisines ouvertes<\/a><\/h2>\n<\/div>\n\n\n\n<div class=\"gb-element-4d53207d ob-query-raya\">\n<div class=\"gb-element-1024c75b\"><\/div>\n<\/div>\n\n\n\n<div class=\"gb-element-54a3a4a8\">\n<div class=\"gb-element-0947199f\"><\/div>\n<\/div>\n\n\n\n<div class=\"gb-element-a3f4948c\">\n<a class=\"gb-text gb-text-c929413e ob-btn-main\" href=\"https:\/\/obcocinas.es\/fr\/cuisines\/cuisines-ouvertes\/\">D\u00e9couvrir<\/a>\n<\/div>\n<\/div>\n\n<div class=\"gb-loop-item gb-loop-item-1263bcee ob-query-cocinas post-6579 cocinas type-cocinas status-publish has-post-thumbnail hentry\">\n<a class=\"gb-element-2bf8a32d\" href=\"https:\/\/obcocinas.es\/fr\/cuisines\/cuisines-modernes\/\">\n<img decoding=\"async\" data-media-id=\"6602\" class=\"gb-media-530798c1\" alt=\"Cocina blanca con isla\" src=\"https:\/\/obcocinas.es\/wp-content\/uploads\/2025\/11\/dde88e8955e19c06fe612fffc2e488c1003ea62e-rsd-jpg.avif\"\/>\n<\/a>\n\n\n\n<div class=\"gb-element-f3c24913\">\n<h2 class=\"gb-text gb-text-96734cfd\"><a href=\"https:\/\/obcocinas.es\/fr\/cuisines\/cuisines-modernes\/\">Cuisines Modernes<\/a><\/h2>\n<\/div>\n\n\n\n<div class=\"gb-element-4d53207d ob-query-raya\">\n<div class=\"gb-element-1024c75b\"><\/div>\n<\/div>\n\n\n\n<div class=\"gb-element-54a3a4a8\">\n<div class=\"gb-element-0947199f\"><\/div>\n<\/div>\n\n\n\n<div class=\"gb-element-a3f4948c\">\n<a class=\"gb-text gb-text-c929413e ob-btn-main\" href=\"https:\/\/obcocinas.es\/fr\/cuisines\/cuisines-modernes\/\">D\u00e9couvrir<\/a>\n<\/div>\n<\/div>\n\n<div class=\"gb-loop-item gb-loop-item-1263bcee ob-query-cocinas post-6495 cocinas type-cocinas status-publish has-post-thumbnail hentry\">\n<a class=\"gb-element-2bf8a32d\" href=\"https:\/\/obcocinas.es\/fr\/cuisines\/cuisines-en-l\/\">\n<img decoding=\"async\" data-media-id=\"6513\" class=\"gb-media-530798c1\" alt=\"Cocina blanca\" src=\"https:\/\/obcocinas.es\/wp-content\/uploads\/2025\/11\/e0fb0fb502f8769e966798db517dc60f2b7dcbe4-rsd-1-jpg.avif\"\/>\n<\/a>\n\n\n\n<div class=\"gb-element-f3c24913\">\n<h2 class=\"gb-text gb-text-96734cfd\"><a href=\"https:\/\/obcocinas.es\/fr\/cuisines\/cuisines-en-l\/\">Cuisines en L<\/a><\/h2>\n<\/div>\n\n\n\n<div class=\"gb-element-4d53207d ob-query-raya\">\n<div class=\"gb-element-1024c75b\"><\/div>\n<\/div>\n\n\n\n<div class=\"gb-element-54a3a4a8\">\n<div class=\"gb-element-0947199f\"><\/div>\n<\/div>\n\n\n\n<div class=\"gb-element-a3f4948c\">\n<a class=\"gb-text gb-text-c929413e ob-btn-main\" href=\"https:\/\/obcocinas.es\/fr\/cuisines\/cuisines-en-l\/\">D\u00e9couvrir<\/a>\n<\/div>\n<\/div>\n\n<div class=\"gb-loop-item gb-loop-item-1263bcee ob-query-cocinas post-6556 cocinas type-cocinas status-publish has-post-thumbnail hentry\">\n<a class=\"gb-element-2bf8a32d\" href=\"https:\/\/obcocinas.es\/fr\/cuisines\/cuisines-en-bois\/\">\n<img decoding=\"async\" data-media-id=\"6578\" class=\"gb-media-530798c1\" alt=\"Cocina de madera con isla\" src=\"https:\/\/obcocinas.es\/wp-content\/uploads\/2025\/11\/354b03651463507b24bfdf387ac3a219dd6fc8a8-rsd-jpg.avif\"\/>\n<\/a>\n\n\n\n<div class=\"gb-element-f3c24913\">\n<h2 class=\"gb-text gb-text-96734cfd\"><a href=\"https:\/\/obcocinas.es\/fr\/cuisines\/cuisines-en-bois\/\">Cuisines en bois<\/a><\/h2>\n<\/div>\n\n\n\n<div class=\"gb-element-4d53207d ob-query-raya\">\n<div class=\"gb-element-1024c75b\"><\/div>\n<\/div>\n\n\n\n<div class=\"gb-element-54a3a4a8\">\n<div class=\"gb-element-0947199f\"><\/div>\n<\/div>\n\n\n\n<div class=\"gb-element-a3f4948c\">\n<a class=\"gb-text gb-text-c929413e ob-btn-main\" href=\"https:\/\/obcocinas.es\/fr\/cuisines\/cuisines-en-bois\/\">D\u00e9couvrir<\/a>\n<\/div>\n<\/div>\n\n<div class=\"gb-loop-item gb-loop-item-1263bcee ob-query-cocinas post-6462 cocinas type-cocinas status-publish has-post-thumbnail hentry\">\n<a class=\"gb-element-2bf8a32d\" href=\"https:\/\/obcocinas.es\/fr\/cuisines\/cuisines-blanches\/\">\n<img decoding=\"async\" data-media-id=\"19291\" class=\"gb-media-530798c1\" alt=\"Cocina blanca con isla\" src=\"https:\/\/obcocinas.es\/wp-content\/uploads\/2025\/11\/Cocinas-blancas-1-jpg.avif\"\/>\n<\/a>\n\n\n\n<div class=\"gb-element-f3c24913\">\n<h2 class=\"gb-text gb-text-96734cfd\"><a href=\"https:\/\/obcocinas.es\/fr\/cuisines\/cuisines-blanches\/\">Cuisines blanches<\/a><\/h2>\n<\/div>\n\n\n\n<div class=\"gb-element-4d53207d ob-query-raya\">\n<div class=\"gb-element-1024c75b\"><\/div>\n<\/div>\n\n\n\n<div class=\"gb-element-54a3a4a8\">\n<div class=\"gb-element-0947199f\"><\/div>\n<\/div>\n\n\n\n<div class=\"gb-element-a3f4948c\">\n<a class=\"gb-text gb-text-c929413e ob-btn-main\" href=\"https:\/\/obcocinas.es\/fr\/cuisines\/cuisines-blanches\/\">D\u00e9couvrir<\/a>\n<\/div>\n<\/div>\n<\/div>\n\n\n<div class=\"gb-element-9cac32a7 gb-query-loop-pagination\">\n\n\n\n<\/div>\n\n\n<\/div>\n<\/div>\n\n\n\n<div class=\"gb-element-f045684e\">\n<div class=\"gb-element-9da10180 ob-wherebuy\">\n<img loading=\"lazy\" decoding=\"async\" width=\"2560\" height=\"1707\" class=\"gb-media-69d1c496\" alt=\"Cocina de madera con isla\" src=\"https:\/\/obcocinas.es\/wp-content\/uploads\/2025\/11\/354b03651463507b24bfdf387ac3a219dd6fc8a8-rsd.jpg\" title=\"354b03651463507b24bfdf387ac3a219dd6fc8a8\" srcset=\"https:\/\/obcocinas.es\/wp-content\/uploads\/2025\/11\/354b03651463507b24bfdf387ac3a219dd6fc8a8-rsd-jpg.avif 2560w, https:\/\/obcocinas.es\/wp-content\/uploads\/2025\/11\/354b03651463507b24bfdf387ac3a219dd6fc8a8-rsd-1024x683-jpg.avif 1024w, https:\/\/obcocinas.es\/wp-content\/uploads\/2025\/11\/354b03651463507b24bfdf387ac3a219dd6fc8a8-rsd-1536x1024-jpg.avif 1536w, https:\/\/obcocinas.es\/wp-content\/uploads\/2025\/11\/354b03651463507b24bfdf387ac3a219dd6fc8a8-rsd-2048x1366-jpg.avif 2048w\" sizes=\"auto, (max-width: 2560px) 100vw, 2560px\" \/>\n\n\n\n<div class=\"gb-element-8967a66d ob-wherebuy-overlay\"><\/div>\n\n\n\n<div class=\"gb-element-b45eb23f\">\n<h2 class=\"gb-text gb-text-8a16b213\">O\u00f9 acheter une cuisine OB<\/h2>\n\n\n\n<p class=\"gb-text gb-text-d0a6ea2d\">TROUVEZ LE POINT DE VENTE DE CUISINES OB LE PLUS PROCHE DE CHEZ VOUS<\/p>\n\n\n\n<a class=\"gb-text gb-text-73374fd9 ob-btn-main\" href=\"https:\/\/obcocinas.es\/fr\/magasins\/\">RECHERCHER UN POINT DE VENTE<\/a>\n<\/div>\n<\/div>\n<\/div>\n","protected":false},"excerpt":{"rendered":"<p>Nos cuisines Chez OB, nous nous consacrons \u00e0 concevoir et fabriquer des meubles de cuisine sur mesure qui refl\u00e8tent votre style et s&rsquo;adaptent \u00e0 vos besoins sp\u00e9cifiques. Des finitions \u00e9l\u00e9gantes aux solutions de rangement intelligentes, chaque cuisine que nous cr\u00e9ons est dot\u00e9e de design et de fonctionnalit\u00e9 pour l&rsquo;utilisateur.<\/p>\n","protected":false},"author":1,"featured_media":0,"parent":0,"menu_order":0,"comment_status":"closed","ping_status":"closed","template":"wp-custom-template-page-sans-titre","meta":{"footnotes":""},"class_list":["post-5835","page","type-page","status-publish","hentry"],"_links":{"self":[{"href":"https:\/\/obcocinas.es\/fr\/wp-json\/wp\/v2\/pages\/5835","targetHints":{"allow":["GET"]}}],"collection":[{"href":"https:\/\/obcocinas.es\/fr\/wp-json\/wp\/v2\/pages"}],"about":[{"href":"https:\/\/obcocinas.es\/fr\/wp-json\/wp\/v2\/types\/page"}],"author":[{"embeddable":true,"href":"https:\/\/obcocinas.es\/fr\/wp-json\/wp\/v2\/users\/1"}],"replies":[{"embeddable":true,"href":"https:\/\/obcocinas.es\/fr\/wp-json\/wp\/v2\/comments?post=5835"}],"version-history":[{"count":2,"href":"https:\/\/obcocinas.es\/fr\/wp-json\/wp\/v2\/pages\/5835\/revisions"}],"predecessor-version":[{"id":6871,"href":"https:\/\/obcocinas.es\/fr\/wp-json\/wp\/v2\/pages\/5835\/revisions\/6871"}],"wp:attachment":[{"href":"https:\/\/obcocinas.es\/fr\/wp-json\/wp\/v2\/media?parent=5835"}],"curies":[{"name":"wp","href":"https:\/\/api.w.org\/{rel}","templated":true}]}}