{"id":5810,"date":"2025-11-10T23:23:48","date_gmt":"2025-11-10T22:23:48","guid":{"rendered":"https:\/\/obcocinas.codeloper.dev\/qui-sommes-nous\/"},"modified":"2025-11-30T23:23:13","modified_gmt":"2025-11-30T22:23:13","slug":"qui-sommes-nous","status":"publish","type":"page","link":"https:\/\/obcocinas.es\/fr\/qui-sommes-nous\/","title":{"rendered":"Qui sommes-nous"},"content":{"rendered":"\n<div class=\"gb-element-5bbb2b53\">\n<h2 class=\"gb-text gb-text-5303fce7\">Plus de quatre d\u00e9cennies \u00e0 fabriquer des meubles de cuisine<\/h2>\n\n\n\n<a class=\"gb-text gb-text-dd277c99\" href=\"https:\/\/obcocinas.es\/fr\/qui-sommes-nous\/\">En savoir plus sur OB<\/a>\n\n\n\n<div class=\"gb-element-c82b46e0\"><\/div>\n<\/div>\n\n\n\n<div class=\"gb-element-7d84fac6\">\n<div class=\"wp-block-cover is-light video-controles-ob\" style=\"min-height:100%;aspect-ratio:unset;\"><video class=\"wp-block-cover__video-background intrinsic-ignore\" autoplay muted loop playsinline src=\"https:\/\/obcocinas.es\/wp-content\/uploads\/2025\/11\/Nuestra-fabrica.mp4\" data-object-fit=\"cover\"><\/video><span aria-hidden=\"true\" class=\"wp-block-cover__background has-background-dim-0 has-background-dim\" style=\"background-color:#FFF\"><\/span><div class=\"wp-block-cover__inner-container is-layout-flow wp-block-cover-is-layout-flow\">\n<p class=\"has-text-align-center has-large-font-size\"><\/p>\n<\/div><\/div>\n<\/div>\n\n\n\n<div class=\"gb-element-5945e50b\">\n<div class=\"gb-element-15703944\">\n<div class=\"gb-element-052a5746\">\n<div class=\"gb-element-dae1ad99\"><\/div>\n\n\n\n<div class=\"gb-element-111b6792\"><\/div>\n\n\n\n<div class=\"gb-element-c3ccf976\"><\/div>\n\n\n\n<div class=\"gb-element-b07b8a13\"><\/div>\n\n\n\n<div class=\"gb-element-a977b3c3\">\n<p class=\"gb-text gb-text-2473e67d\">+400<\/p>\n\n\n\n<p class=\"gb-text gb-text-065a19fc\">points de vente dans le monde entier<\/p>\n<\/div>\n\n\n\n<div class=\"gb-element-4ee5d37d\">\n<p class=\"gb-text gb-text-ebcc0750\">115.000<\/p>\n\n\n\n<p class=\"gb-text gb-text-0093804a\">modules fabriqu\u00e9s annuellement<\/p>\n<\/div>\n\n\n\n<div class=\"gb-element-cabd418d\">\n<div class=\"gb-element-b521dfbb\">\n<p class=\"gb-text gb-text-12cee62d\">40.000  <\/p>\n\n\n\n<span class=\"gb-text gb-text-049f9748\">m2<\/span>\n<\/div>\n\n\n\n<p class=\"gb-text gb-text-5191d466\">d&rsquo;installations<\/p>\n<\/div>\n\n\n\n<div class=\"gb-element-598708f7\">\n<p class=\"gb-text gb-text-fb7a9cdb\">+45<\/p>\n\n\n\n<p class=\"gb-text gb-text-ee665c6c\">ann\u00e9es d&rsquo;exp\u00e9rience<\/p>\n<\/div>\n\n\n\n<div class=\"gb-element-ff70c888\">\n<div class=\"gb-element-a3c9295a\">\n<p class=\"gb-text gb-text-b51deb18\">+15<\/p>\n\n\n\n<span class=\"gb-text gb-text-f79bed7a\">pays<\/span>\n<\/div>\n\n\n\n<p class=\"gb-text gb-text-3a713d50\">o\u00f9 nous exportons<\/p>\n<\/div>\n\n\n\n<div class=\"gb-element-970d7d92\">\n<div class=\"gb-element-32c25569\">\n<p class=\"gb-text gb-text-620dd78b\">1.000.000<\/p>\n\n\n\n<span class=\"gb-text gb-text-3ffcc88c\">watts<\/span>\n<\/div>\n\n\n\n<p class=\"gb-text gb-text-eff1d1f7\">d&rsquo;\u00e9nergie solaire g\u00e9n\u00e9r\u00e9e<\/p>\n<\/div>\n<\/div>\n<\/div>\n<\/div>\n\n\n\n<div class=\"gb-element-0435f7a7\">\n<div class=\"gb-element-5e193356\">\n<h2 class=\"gb-text\">Depuis <mark style=\"background-color:rgba(0, 0, 0, 0);color:#805ee8\" class=\"has-inline-color\">1978<\/mark><\/h2>\n\n\n\n<div class=\"gb-element-fcd0536d\">\n<p class=\"gb-text\">OB Cocinas transforme notre fa\u00e7on de concevoir la cuisine. Ce qui a commenc\u00e9 comme un petit projet \u00e0 Villafranca de C\u00f3rdoba est devenu une r\u00e9f\u00e9rence nationale et internationale dans la fabrication de mobilier de cuisine. <\/p>\n<\/div>\n<\/div>\n\n\n\n<div class=\"gb-element-97fc3cdc\">\n<div class=\"gb-element-ef807437\">\n<img loading=\"lazy\" decoding=\"async\" width=\"1868\" height=\"1085\" class=\"gb-media-ca034b35\" alt=\"ob-muebles-hist\" src=\"https:\/\/obcocinas.es\/wp-content\/uploads\/2025\/11\/ob-muebles-hist.jpg\" title=\"ob-muebles-hist\" srcset=\"https:\/\/obcocinas.es\/wp-content\/uploads\/2025\/11\/ob-muebles-hist-jpg.avif 1868w, https:\/\/obcocinas.es\/wp-content\/uploads\/2025\/11\/ob-muebles-hist-1024x595-jpg.avif 1024w, https:\/\/obcocinas.es\/wp-content\/uploads\/2025\/11\/ob-muebles-hist-1536x892-jpg.avif 1536w\" sizes=\"auto, (max-width: 1868px) 100vw, 1868px\" \/>\n<\/div>\n\n\n\n<div class=\"gb-element-5fa49309\">\n<p class=\"gb-text\">Quatre d\u00e9cennies de travail continu, d&rsquo;innovation et d&rsquo;engagement nous ont permis de cro\u00eetre sans perdre notre essence : cr\u00e9er des cuisines qui inspirent, accompagnent et perdurent dans le temps.<\/p>\n<\/div>\n<\/div>\n<\/div>\n\n\n\n<div class=\"gb-element-7d5288d0\">\n<div class=\"gb-element-602b4a38\">\n<p class=\"gb-text gb-text-ba3deca0\">2022<\/p>\n\n\n\n<h2 class=\"gb-text gb-text-6a931a63\">De la tradition au progr\u00e8s<\/h2>\n<\/div>\n\n\n\n<div class=\"gb-element-4d1f66e2\">\n<div>\n<img loading=\"lazy\" decoding=\"async\" width=\"2560\" height=\"1708\" class=\"gb-media-38a94ae6\" alt=\"be42b4f7123a54a69a4a8198aa98466a5f2024fd\" src=\"https:\/\/obcocinas.es\/wp-content\/uploads\/2025\/11\/be42b4f7123a54a69a4a8198aa98466a5f2024fd-rsd.jpg\" title=\"be42b4f7123a54a69a4a8198aa98466a5f2024fd\" srcset=\"https:\/\/obcocinas.es\/wp-content\/uploads\/2025\/11\/be42b4f7123a54a69a4a8198aa98466a5f2024fd-rsd-jpg.avif 2560w, https:\/\/obcocinas.es\/wp-content\/uploads\/2025\/11\/be42b4f7123a54a69a4a8198aa98466a5f2024fd-rsd-1024x683.jpg 1024w, https:\/\/obcocinas.es\/wp-content\/uploads\/2025\/11\/be42b4f7123a54a69a4a8198aa98466a5f2024fd-rsd-1536x1025.jpg 1536w, https:\/\/obcocinas.es\/wp-content\/uploads\/2025\/11\/be42b4f7123a54a69a4a8198aa98466a5f2024fd-rsd-2048x1366.jpg 2048w\" sizes=\"auto, (max-width: 2560px) 100vw, 2560px\" \/>\n<\/div>\n\n\n\n<div class=\"gb-element-e3edbfcf\">\n<div class=\"gb-element-530a4110\">\n<p class=\"gb-text\">Durant nos premi\u00e8res ann\u00e9es, chaque cuisine \u00e9tait fabriqu\u00e9e avec le m\u00eame d\u00e9vouement qui nous caract\u00e9rise aujourd&rsquo;hui. La constance, l&rsquo;innovation et la confiance de nos clients nous ont amen\u00e9s \u00e0 \u00e9largir nos horizons jusqu&rsquo;\u00e0 devenir l&rsquo;un des fabricants les plus importants du secteur en Espagne. <\/p>\n<\/div>\n\n\n\n<div class=\"gb-element-5a32aae0\">\n<p class=\"gb-text\">En 2022, OB Cocinas a rejoint le <mark style=\"background-color:rgba(0, 0, 0, 0);color:#805ee8\" class=\"has-inline-color\"><strong>Grupo KBV<\/strong><\/mark>, une int\u00e9gration qui a donn\u00e9 une impulsion d\u00e9cisive \u00e0 notre entreprise, nous permettant d&rsquo;acc\u00e9der \u00e0 de nouvelles synergies, des ressources strat\u00e9giques et une vision globale qui nous a aid\u00e9s \u00e0 cro\u00eetre davantage et mieux. Tout cela sans perdre la proximit\u00e9 et l&rsquo;esprit familial qui nous caract\u00e9risent, mais avec la solidit\u00e9 d&rsquo;appartenir \u00e0 un groupe qui mise sur la qualit\u00e9, la responsabilit\u00e9 et l&rsquo;am\u00e9lioration continue.<\/p>\n<\/div>\n<\/div>\n<\/div>\n<\/div>\n\n\n\n<div class=\"gb-element-a2a4edfa\">\n<div class=\"gb-element-93f13eb3\">\n<div class=\"gb-element-0f86dca5\">\n<img loading=\"lazy\" decoding=\"async\" width=\"2560\" height=\"1440\" class=\"gb-media-81956116\" alt=\"17a456b6c915b4cff852050737e42e8f1e917fcc\" src=\"https:\/\/obcocinas.es\/wp-content\/uploads\/2025\/11\/17a456b6c915b4cff852050737e42e8f1e917fcc-rsd.jpg\" title=\"17a456b6c915b4cff852050737e42e8f1e917fcc\" srcset=\"https:\/\/obcocinas.es\/wp-content\/uploads\/2025\/11\/17a456b6c915b4cff852050737e42e8f1e917fcc-rsd-jpg.avif 2560w, https:\/\/obcocinas.es\/wp-content\/uploads\/2025\/11\/17a456b6c915b4cff852050737e42e8f1e917fcc-rsd-1024x576-jpg.avif 1024w, https:\/\/obcocinas.es\/wp-content\/uploads\/2025\/11\/17a456b6c915b4cff852050737e42e8f1e917fcc-rsd-1536x864-jpg.avif 1536w, https:\/\/obcocinas.es\/wp-content\/uploads\/2025\/11\/17a456b6c915b4cff852050737e42e8f1e917fcc-rsd-2048x1152-jpg.avif 2048w\" sizes=\"auto, (max-width: 2560px) 100vw, 2560px\" \/>\n<\/div>\n\n\n\n<div class=\"gb-element-72b4b428\">\n<h2 class=\"gb-text gb-text-f04500c6\">Une usine de <mark style=\"background-color:rgba(0, 0, 0, 0);color:#805ee8\" class=\"has-inline-color\"><strong>40 000 m2<\/strong><\/mark> au service de l&rsquo;innovation<\/h2>\n<\/div>\n<\/div>\n<\/div>\n\n\n\n<div class=\"gb-element-06c3df34\">\n<p class=\"gb-text\">Actuellement, nous disposons d&rsquo;installations modernes qui occupent plus de 40 000 m\u00b2. Ici, la tradition s&rsquo;unit \u00e0 la derni\u00e8re technologie, nous permettant de produire avec pr\u00e9cision, efficacit\u00e9 et durabilit\u00e9. Cet espace est le c\u0153ur d&rsquo;OB Cocinas, o\u00f9 chaque projet commence \u00e0 prendre forme.  <\/p>\n<\/div>\n\n\n\n<div class=\"gb-element-51df41e9\">\n<div>\n<h2 class=\"gb-text\">Une marque mondiale avec une \u00e2me locale<\/h2>\n\n\n\n<div class=\"gb-element-dfd3d379\">\n<p class=\"gb-text\">Avec des distributeurs dans toute l&rsquo;Espagne et une pr\u00e9sence dans plus de <mark style=\"background-color:rgba(0, 0, 0, 0);color:#805ee8\" class=\"has-inline-color\"><strong>15 pays<\/strong><\/mark> comme la France, le Portugal, les \u00c9tats-Unis, le Mexique ou le S\u00e9n\u00e9gal, nous exportons aujourd&rsquo;hui <strong><mark style=\"background-color:rgba(0, 0, 0, 0);color:#805ee8\" class=\"has-inline-color\">30 % de notre production<\/mark>.<\/strong> Malgr\u00e9 notre croissance internationale, nous continuons \u00e0 travailler avec la proximit\u00e9 et l&rsquo;honn\u00eatet\u00e9 de nos origines.<\/p>\n<\/div>\n<\/div>\n\n\n\n<div class=\"gb-element-639569f6\">\n<div class=\"gb-element-a60ad0a9\">\n<img loading=\"lazy\" decoding=\"async\" width=\"2560\" height=\"1707\" class=\"gb-media-2b724839\" alt=\"ac32e0a0582f302e47afe1e67fb056a142e14761\" src=\"https:\/\/obcocinas.es\/wp-content\/uploads\/2025\/11\/ac32e0a0582f302e47afe1e67fb056a142e14761-rsd.jpg\" title=\"ac32e0a0582f302e47afe1e67fb056a142e14761\" srcset=\"https:\/\/obcocinas.es\/wp-content\/uploads\/2025\/11\/ac32e0a0582f302e47afe1e67fb056a142e14761-rsd-jpg.avif 2560w, https:\/\/obcocinas.es\/wp-content\/uploads\/2025\/11\/ac32e0a0582f302e47afe1e67fb056a142e14761-rsd-1024x683-jpg.avif 1024w, https:\/\/obcocinas.es\/wp-content\/uploads\/2025\/11\/ac32e0a0582f302e47afe1e67fb056a142e14761-rsd-1536x1024-jpg.avif 1536w, https:\/\/obcocinas.es\/wp-content\/uploads\/2025\/11\/ac32e0a0582f302e47afe1e67fb056a142e14761-rsd-2048x1366-jpg.avif 2048w\" sizes=\"auto, (max-width: 2560px) 100vw, 2560px\" \/>\n<\/div>\n\n\n\n<div class=\"gb-element-aa9c472e\">\n<img loading=\"lazy\" decoding=\"async\" width=\"2560\" height=\"1919\" class=\"gb-media-33de2585\" alt=\"628934d9e5766a880f0cd709485fc3f8910b29c3\" src=\"https:\/\/obcocinas.es\/wp-content\/uploads\/2025\/11\/628934d9e5766a880f0cd709485fc3f8910b29c3-rsd.jpg\" title=\"628934d9e5766a880f0cd709485fc3f8910b29c3\" srcset=\"https:\/\/obcocinas.es\/wp-content\/uploads\/2025\/11\/628934d9e5766a880f0cd709485fc3f8910b29c3-rsd-jpg.avif 2560w, https:\/\/obcocinas.es\/wp-content\/uploads\/2025\/11\/628934d9e5766a880f0cd709485fc3f8910b29c3-rsd-1024x768.jpg 1024w, https:\/\/obcocinas.es\/wp-content\/uploads\/2025\/11\/628934d9e5766a880f0cd709485fc3f8910b29c3-rsd-1536x1151.jpg 1536w, https:\/\/obcocinas.es\/wp-content\/uploads\/2025\/11\/628934d9e5766a880f0cd709485fc3f8910b29c3-rsd-2048x1535.jpg 2048w\" sizes=\"auto, (max-width: 2560px) 100vw, 2560px\" \/>\n<\/div>\n<\/div>\n\n\n\n<div class=\"gb-element-46036f20\">\n<p class=\"gb-text gb-text-bdc843c2\">Avec des distributeurs dans toute l&rsquo;Espagne et une pr\u00e9sence dans plus de <mark style=\"background-color:rgba(0, 0, 0, 0);color:#805ee8\" class=\"has-inline-color\"><strong>15 pays<\/strong><\/mark> comme la France, le Portugal, les \u00c9tats-Unis, le Mexique ou le S\u00e9n\u00e9gal, nous exportons aujourd&rsquo;hui <strong><mark style=\"background-color:rgba(0, 0, 0, 0);color:#805ee8\" class=\"has-inline-color\">30 % de notre production<\/mark>.<\/strong> Malgr\u00e9 notre croissance internationale, nous continuons \u00e0 travailler avec la proximit\u00e9 et l&rsquo;honn\u00eatet\u00e9 de nos origines.<\/p>\n<\/div>\n<\/div>\n\n\n\n<div class=\"gb-element-f76c9022\">\n<div class=\"gb-element-85603f01\">\n<img loading=\"lazy\" decoding=\"async\" width=\"400\" height=\"374\" class=\"gb-media-acf5f6ba\" alt=\"eeef88d7944abc2de194c4aba8effd2351490c00\" src=\"https:\/\/obcocinas.es\/wp-content\/uploads\/2025\/11\/eeef88d7944abc2de194c4aba8effd2351490c00.png\" title=\"eeef88d7944abc2de194c4aba8effd2351490c00\"\/>\n<\/div>\n\n\n\n<div class=\"gb-element-a1000273\">\n<img loading=\"lazy\" decoding=\"async\" width=\"338\" height=\"149\" class=\"gb-media-e27465e6\" alt=\"iso-9001\" src=\"https:\/\/obcocinas.es\/wp-content\/uploads\/2025\/11\/iso-9001.jpg\" title=\"iso-9001\"\/>\n<\/div>\n\n\n\n<div class=\"gb-element-75956c9c\">\n<img loading=\"lazy\" decoding=\"async\" width=\"563\" height=\"212\" class=\"gb-media-41dfabf1\" alt=\"0f69152d75f304aa108eee335e73bc54e095330f\" src=\"https:\/\/obcocinas.es\/wp-content\/uploads\/2025\/11\/0f69152d75f304aa108eee335e73bc54e095330f.png\" title=\"0f69152d75f304aa108eee335e73bc54e095330f\"\/>\n<\/div>\n<\/div>\n\n\n\n<div class=\"gb-element-2886afee\">\n<p><\/p>\n\n\n\n<div class=\"gb-element-657ccb29\">\n<img loading=\"lazy\" decoding=\"async\" width=\"889\" height=\"853\" class=\"gb-media-bd82da0e\" alt=\"5c119fee4044ada308185438e85e92f0ed5298bb\" src=\"https:\/\/obcocinas.es\/wp-content\/uploads\/2025\/11\/5c119fee4044ada308185438e85e92f0ed5298bb.png\" title=\"5c119fee4044ada308185438e85e92f0ed5298bb\"\/>\n\n\n\n<div class=\"gb-element-2308619c\">\n<div class=\"gb-element-20e01598 camion-fondo\">\n<div class=\"gb-element-defa365c\">\n<p class=\"gb-text gb-text-edd700b5\">CONTACTEZ-NOUS<\/p>\n\n\n\n<div class=\"gb-element-70cddd45\"><\/div>\n<\/div>\n\n\n\n<h2 class=\"gb-text gb-text-1293fe0a\">Vous souhaitez devenir distributeur&nbsp;?<\/h2>\n\n\n\n<p class=\"gb-text gb-text-499c9803\">Rejoignez notre r\u00e9seau de distributeurs.<\/p>\n\n\n\n<a class=\"gb-text gb-text-73374fd9 ob-btn-main contacto\">Renseignez-vous maintenant<\/a>\n<\/div>\n<\/div>\n<\/div>\n\n\n\n<p><\/p>\n<\/div>\n\n\n\n<p><\/p>\n","protected":false},"excerpt":{"rendered":"<p>Plus de quatre d\u00e9cennies \u00e0 fabriquer des meubles de cuisine En savoir plus sur OB +400 points de vente dans le monde entier 115.000 modules fabriqu\u00e9s annuellement 40.000 m2 d&rsquo;installations +45 ann\u00e9es d&rsquo;exp\u00e9rience +15 pays o\u00f9 nous exportons 1.000.000 watts d&rsquo;\u00e9nergie solaire g\u00e9n\u00e9r\u00e9e Depuis 1978 OB Cocinas transforme notre fa\u00e7on de concevoir la cuisine. Ce [&hellip;]<\/p>\n","protected":false},"author":1,"featured_media":5814,"parent":0,"menu_order":0,"comment_status":"closed","ping_status":"closed","template":"wp-custom-template-page-sans-titre","meta":{"footnotes":""},"class_list":["post-5810","page","type-page","status-publish","has-post-thumbnail","hentry"],"_links":{"self":[{"href":"https:\/\/obcocinas.es\/fr\/wp-json\/wp\/v2\/pages\/5810","targetHints":{"allow":["GET"]}}],"collection":[{"href":"https:\/\/obcocinas.es\/fr\/wp-json\/wp\/v2\/pages"}],"about":[{"href":"https:\/\/obcocinas.es\/fr\/wp-json\/wp\/v2\/types\/page"}],"author":[{"embeddable":true,"href":"https:\/\/obcocinas.es\/fr\/wp-json\/wp\/v2\/users\/1"}],"replies":[{"embeddable":true,"href":"https:\/\/obcocinas.es\/fr\/wp-json\/wp\/v2\/comments?post=5810"}],"version-history":[{"count":6,"href":"https:\/\/obcocinas.es\/fr\/wp-json\/wp\/v2\/pages\/5810\/revisions"}],"predecessor-version":[{"id":10605,"href":"https:\/\/obcocinas.es\/fr\/wp-json\/wp\/v2\/pages\/5810\/revisions\/10605"}],"wp:featuredmedia":[{"embeddable":true,"href":"https:\/\/obcocinas.es\/fr\/wp-json\/wp\/v2\/media\/5814"}],"wp:attachment":[{"href":"https:\/\/obcocinas.es\/fr\/wp-json\/wp\/v2\/media?parent=5810"}],"curies":[{"name":"wp","href":"https:\/\/api.w.org\/{rel}","templated":true}]}}