{"id":5751,"date":"2025-11-19T21:32:53","date_gmt":"2025-11-19T20:32:53","guid":{"rendered":"https:\/\/obcocinas.codeloper.dev\/durabilite\/"},"modified":"2025-11-30T23:24:24","modified_gmt":"2025-11-30T22:24:24","slug":"durabilite","status":"publish","type":"page","link":"https:\/\/obcocinas.es\/fr\/durabilite\/","title":{"rendered":"Durabilit\u00e9"},"content":{"rendered":"\n<div class=\"gb-element-7d84fac6\">\n<img decoding=\"async\" data-media-id=\"5754\" class=\"gb-media-fcb37a9c\" alt=\"\" src=\"https:\/\/obcocinas.es\/wp-content\/uploads\/2025\/11\/4794bdfb98dec164b5351c46c938d7771dcd34ad-rsd-jpg.avif\" title=\"bc6f5894db1e0c0e858cb3592a32c384e1928a40-rsd\"\/>\n\n\n\n<div class=\"gb-element-22ca3a06\">\n<div class=\"gb-element-b22965a2\">\n<h1 class=\"gb-text gb-text-eb66a694\">Durabilit\u00e9 : un engagement pr\u00e9sent dans chaque cuisine OB<\/h1>\n\n\n\n<div class=\"gb-element-13173b27\">\n<p class=\"gb-text\">Chez OB Cocinas, nous comprenons que cr\u00e9er une cuisine va bien au-del\u00e0 de la conception et de la fonctionnalit\u00e9 : c&rsquo;est une opportunit\u00e9 de g\u00e9n\u00e9rer un impact positif sur l&rsquo;environnement, sur les personnes et sur la fa\u00e7on dont nous g\u00e9rons notre travail. La durabilit\u00e9 guide chaque d\u00e9cision que nous prenons, de la s\u00e9lection des mati\u00e8res premi\u00e8res \u00e0 la distribution finale, garantissant que chaque cuisine combine innovation, qualit\u00e9 et responsabilit\u00e9 dans toutes ses dimensions. <\/p>\n<\/div>\n<\/div>\n<\/div>\n<\/div>\n\n\n\n<div class=\"gb-element-449c085b\">\n<div class=\"gb-element-19e8fc47\">\n<h1 class=\"gb-text gb-text-4c57b4a9\">Durabilit\u00e9 : un engagement pr\u00e9sent dans chaque cuisine OB<\/h1>\n\n\n\n<div class=\"gb-element-b8e06e5d\">\n<p class=\"gb-text\">Chez OB Cocinas, nous comprenons que cr\u00e9er une cuisine va bien au-del\u00e0 de la conception et de la fonctionnalit\u00e9 : c&rsquo;est une opportunit\u00e9 de g\u00e9n\u00e9rer un impact positif sur l&rsquo;environnement, sur les personnes et sur la fa\u00e7on dont nous g\u00e9rons notre travail. La durabilit\u00e9 guide chaque d\u00e9cision que nous prenons, de la s\u00e9lection des mati\u00e8res premi\u00e8res \u00e0 la distribution finale, garantissant que chaque cuisine combine innovation, qualit\u00e9 et responsabilit\u00e9 dans toutes ses dimensions. <\/p>\n\n\n\n<p class=\"gb-text gb-text-8b380957\">Pour nous, \u00eatre durables signifie \u00e9quilibrer l&rsquo;excellence du produit avec un engagement profond envers l&rsquo;\u00e9thique, la gestion responsable et la protection de l&rsquo;environnement. Cela implique d&rsquo;optimiser les ressources, de r\u00e9duire l&rsquo;impact environnemental, de prendre soin de la sant\u00e9 de ceux qui utilisent nos cuisines et de maintenir des relations transparentes et fiables avec les collaborateurs, les fournisseurs et les partenaires. Chez OB Cocinas, chaque action refl\u00e8te notre objectif de construire un avenir plus conscient et durable, d\u00e9montrant que l&rsquo;innovation et la responsabilit\u00e9 peuvent toujours aller de pair.  <\/p>\n<\/div>\n<\/div>\n<\/div>\n\n\n\n<div class=\"gb-element-2dcbf3b7\">\n<div class=\"gb-element-a4ba9e1b\">\n<h2 class=\"gb-text gb-text-9b66e337\">Une fabrication responsable<\/h2>\n<\/div>\n\n\n\n<div class=\"gb-element-b7c80de6\">\n<p class=\"gb-text gb-text-438d1e23\">Nos installations de plus de 40 000 m\u00b2 sont con\u00e7ues pour minimiser l&rsquo;impact environnemental. Nous investissons dans des machines de derni\u00e8re g\u00e9n\u00e9ration qui optimisent l&rsquo;\u00e9nergie et r\u00e9duisent les d\u00e9chets, et nous produisons une partie de l&rsquo;\u00e9lectricit\u00e9 avec des panneaux solaires. De plus, nous travaillons avec des panneaux qui garantissent une origine responsable du bois et de faibles \u00e9missions.  <\/p>\n\n\n\n<p class=\"gb-text\">Cet engagement s&rsquo;est consolid\u00e9 en 2008 avec la certification ISO 9001 en gestion de la qualit\u00e9 et en 2025 avec l&rsquo;obtention du certificat B Corp, qui a renforc\u00e9 nos processus, augment\u00e9 les contr\u00f4les et accru la collaboration avec des fournisseurs de confiance.<\/p>\n<\/div>\n<\/div>\n\n\n\n<div class=\"gb-element-f76c9022\">\n<img loading=\"lazy\" decoding=\"async\" width=\"400\" height=\"374\" class=\"gb-media-acf5f6ba\" alt=\"eeef88d7944abc2de194c4aba8effd2351490c00\" src=\"https:\/\/obcocinas.es\/wp-content\/uploads\/2025\/11\/eeef88d7944abc2de194c4aba8effd2351490c00.png\" title=\"eeef88d7944abc2de194c4aba8effd2351490c00\"\/>\n\n\n\n<img loading=\"lazy\" decoding=\"async\" width=\"338\" height=\"149\" class=\"gb-media-e27465e6\" alt=\"iso-9001\" src=\"https:\/\/obcocinas.es\/wp-content\/uploads\/2025\/11\/iso-9001.jpg\" title=\"iso-9001\"\/>\n\n\n\n<img loading=\"lazy\" decoding=\"async\" width=\"563\" height=\"212\" class=\"gb-media-41dfabf1\" alt=\"0f69152d75f304aa108eee335e73bc54e095330f\" src=\"https:\/\/obcocinas.es\/wp-content\/uploads\/2025\/11\/0f69152d75f304aa108eee335e73bc54e095330f.png\" title=\"0f69152d75f304aa108eee335e73bc54e095330f\"\/>\n<\/div>\n\n\n\n<div class=\"gb-element-cc17f4ec\">\n<img loading=\"lazy\" decoding=\"async\" width=\"2560\" height=\"1917\" class=\"gb-media-f76f2f05\" alt=\"0ac6b3246783bd1dd398136564f53bbce332d7a8\" src=\"https:\/\/obcocinas.es\/wp-content\/uploads\/2025\/11\/0ac6b3246783bd1dd398136564f53bbce332d7a8-rsd.jpg\" title=\"0ac6b3246783bd1dd398136564f53bbce332d7a8\" srcset=\"https:\/\/obcocinas.es\/wp-content\/uploads\/2025\/11\/0ac6b3246783bd1dd398136564f53bbce332d7a8-rsd-jpg.avif 2560w, https:\/\/obcocinas.es\/wp-content\/uploads\/2025\/11\/0ac6b3246783bd1dd398136564f53bbce332d7a8-rsd-1024x767.jpg 1024w, https:\/\/obcocinas.es\/wp-content\/uploads\/2025\/11\/0ac6b3246783bd1dd398136564f53bbce332d7a8-rsd-1536x1150.jpg 1536w, https:\/\/obcocinas.es\/wp-content\/uploads\/2025\/11\/0ac6b3246783bd1dd398136564f53bbce332d7a8-rsd-2048x1534.jpg 2048w\" sizes=\"auto, (max-width: 2560px) 100vw, 2560px\" \/>\n<\/div>\n\n\n\n<div class=\"gb-element-119b17fc\">\n<div class=\"gb-element-4a5df973\">\n<div class=\"gb-element-95b0aec6\">\n<div class=\"gb-element-58c2c8ac\">\n<h2 class=\"gb-text gb-text-dd2090f1\">Responsabilit\u00e9 envers les personnes<\/h2>\n\n\n\n<div class=\"gb-element-351e59a6\">\n<p class=\"gb-text\">La durabilit\u00e9 signifie \u00e9galement prendre soin de ceux qui fabriquent et appr\u00e9cient nos cuisines. Nous garantissons des conditions de travail s\u00fbres, une formation continue et des relations stables avec les fournisseurs locaux. De plus, nous privil\u00e9gions les mat\u00e9riaux qui r\u00e9duisent les \u00e9missions, prot\u00e9geant ainsi la sant\u00e9 dans les foyers.  <\/p>\n<\/div>\n<\/div>\n\n\n\n<div class=\"gb-element-a08b492e\">\n<img loading=\"lazy\" decoding=\"async\" width=\"1365\" height=\"2048\" class=\"gb-media-36d9ec03\" alt=\"_MCG4251\" src=\"https:\/\/obcocinas.es\/wp-content\/uploads\/2025\/11\/MCG4251-rsd.jpg\" title=\"_MCG4251\" srcset=\"https:\/\/obcocinas.es\/wp-content\/uploads\/2025\/11\/MCG4251-rsd-jpg.avif 1365w, https:\/\/obcocinas.es\/wp-content\/uploads\/2025\/11\/MCG4251-rsd-200x300.jpg 200w, https:\/\/obcocinas.es\/wp-content\/uploads\/2025\/11\/MCG4251-rsd-683x1024-jpg.avif 683w, https:\/\/obcocinas.es\/wp-content\/uploads\/2025\/11\/MCG4251-rsd-1024x1536-jpg.avif 1024w\" sizes=\"auto, (max-width: 1365px) 100vw, 1365px\" \/>\n<\/div>\n\n\n\n<div class=\"gb-element-64fab553\">\n<h2 class=\"gb-text gb-text-e2847683\">\u00c9thique et transparence dans la gestion<\/h2>\n\n\n\n<div class=\"gb-element-5972cc60\">\n<p class=\"gb-text\">L&rsquo;\u00e9thique et la transparence guident notre fa\u00e7on de travailler. Nous respectons la r\u00e9glementation, g\u00e9rons chaque projet avec int\u00e9grit\u00e9 et entretenons des relations responsables avec les clients, les distributeurs et les partenaires, assurant ainsi confiance et coh\u00e9rence dans toutes nos d\u00e9cisions. <\/p>\n<\/div>\n<\/div>\n\n\n\n<div class=\"gb-element-918ea9ca\">\n<h2 class=\"gb-text gb-text-9e9bd236\">Un design durable qui inspire<\/h2>\n\n\n\n<div class=\"gb-element-c2481944\">\n<p class=\"gb-text\">Pour nous, la durabilit\u00e9 fait partie de l&rsquo;ADN de chaque cuisine. Nous concevons des espaces intemporels qui combinent esth\u00e9tique et responsabilit\u00e9, d\u00e9montrant que le durable peut aussi \u00eatre synonyme de beaut\u00e9 et de durabilit\u00e9. <\/p>\n<\/div>\n<\/div>\n<\/div>\n\n\n\n<div class=\"gb-element-16398d8f\">\n<img loading=\"lazy\" decoding=\"async\" width=\"1365\" height=\"2048\" class=\"gb-media-9b260f19\" alt=\"_MCG4251\" src=\"https:\/\/obcocinas.es\/wp-content\/uploads\/2025\/11\/MCG4251-rsd.jpg\" title=\"_MCG4251\" srcset=\"https:\/\/obcocinas.es\/wp-content\/uploads\/2025\/11\/MCG4251-rsd-jpg.avif 1365w, https:\/\/obcocinas.es\/wp-content\/uploads\/2025\/11\/MCG4251-rsd-200x300.jpg 200w, https:\/\/obcocinas.es\/wp-content\/uploads\/2025\/11\/MCG4251-rsd-683x1024-jpg.avif 683w, https:\/\/obcocinas.es\/wp-content\/uploads\/2025\/11\/MCG4251-rsd-1024x1536-jpg.avif 1024w\" sizes=\"auto, (max-width: 1365px) 100vw, 1365px\" \/>\n<\/div>\n<\/div>\n<\/div>\n\n\n\n<div class=\"gb-element-ccff8fb8\">\n<div class=\"gb-element-21ce8a32\">\n<div class=\"gb-element-a67fb23e\">\n<h2 class=\"gb-text gb-text-c9294329\">Engagement envers les personnes<\/h2>\n\n\n\n<p class=\"gb-text\">La durabilit\u00e9 signifie \u00e9galement prendre soin de ceux qui fabriquent et appr\u00e9cient nos cuisines. Nous garantissons des conditions de travail s\u00fbres, une formation continue et des relations stables avec les fournisseurs locaux. De plus, nous privil\u00e9gions les mat\u00e9riaux qui r\u00e9duisent les \u00e9missions, prot\u00e9geant ainsi la sant\u00e9 dans les foyers.  <\/p>\n<\/div>\n\n\n\n<div class=\"gb-element-0dbfc7f4\">\n<img loading=\"lazy\" decoding=\"async\" width=\"2560\" height=\"1708\" class=\"gb-media-004b9b61\" alt=\"969d0869cb066239bfdddb45643e9e52914da983\" src=\"https:\/\/obcocinas.es\/wp-content\/uploads\/2025\/11\/969d0869cb066239bfdddb45643e9e52914da983-rsd.jpg\" title=\"969d0869cb066239bfdddb45643e9e52914da983\" srcset=\"https:\/\/obcocinas.es\/wp-content\/uploads\/2025\/11\/969d0869cb066239bfdddb45643e9e52914da983-rsd-jpg.avif 2560w, https:\/\/obcocinas.es\/wp-content\/uploads\/2025\/11\/969d0869cb066239bfdddb45643e9e52914da983-rsd-1024x683.jpg 1024w, https:\/\/obcocinas.es\/wp-content\/uploads\/2025\/11\/969d0869cb066239bfdddb45643e9e52914da983-rsd-1536x1025.jpg 1536w, https:\/\/obcocinas.es\/wp-content\/uploads\/2025\/11\/969d0869cb066239bfdddb45643e9e52914da983-rsd-2048x1366.jpg 2048w\" sizes=\"auto, (max-width: 2560px) 100vw, 2560px\" \/>\n<\/div>\n\n\n\n<div class=\"gb-element-f613f4e7\">\n<h2 class=\"gb-text gb-text-784d473f\">\u00c9thique et transparence dans la gestion<\/h2>\n\n\n\n<p class=\"gb-text\">L&rsquo;\u00e9thique et la transparence guident notre fa\u00e7on de travailler. Nous respectons la r\u00e9glementation, g\u00e9rons chaque projet avec int\u00e9grit\u00e9 et entretenons des relations responsables avec les clients, les distributeurs et les partenaires, assurant ainsi confiance et coh\u00e9rence dans toutes nos d\u00e9cisions. <\/p>\n<\/div>\n\n\n\n<div class=\"gb-element-1a06480a\">\n<h2 class=\"gb-text gb-text-c12625c9\">Un design durable qui inspire<\/h2>\n\n\n\n<p class=\"gb-text\">Pour nous, la durabilit\u00e9 fait partie de l&rsquo;ADN de chaque cuisine. Nous concevons des espaces intemporels qui combinent esth\u00e9tique et responsabilit\u00e9, d\u00e9montrant que le durable peut aussi \u00eatre synonyme de beaut\u00e9 et de durabilit\u00e9. <\/p>\n<\/div>\n<\/div>\n<\/div>\n\n\n\n<div class=\"gb-element-aa782324\">\n<img loading=\"lazy\" decoding=\"async\" width=\"2560\" height=\"1707\" class=\"gb-media-d7d56cb6\" alt=\"1b6129b6b1fe760be921135a4e903ce141976f09\" src=\"https:\/\/obcocinas.es\/wp-content\/uploads\/2025\/11\/1b6129b6b1fe760be921135a4e903ce141976f09-rsd.jpg\" title=\"1b6129b6b1fe760be921135a4e903ce141976f09\" srcset=\"https:\/\/obcocinas.es\/wp-content\/uploads\/2025\/11\/1b6129b6b1fe760be921135a4e903ce141976f09-rsd-jpg.avif 2560w, https:\/\/obcocinas.es\/wp-content\/uploads\/2025\/11\/1b6129b6b1fe760be921135a4e903ce141976f09-rsd-1024x683-jpg.avif 1024w, https:\/\/obcocinas.es\/wp-content\/uploads\/2025\/11\/1b6129b6b1fe760be921135a4e903ce141976f09-rsd-1536x1024-jpg.avif 1536w, https:\/\/obcocinas.es\/wp-content\/uploads\/2025\/11\/1b6129b6b1fe760be921135a4e903ce141976f09-rsd-2048x1366-jpg.avif 2048w\" sizes=\"auto, (max-width: 2560px) 100vw, 2560px\" \/>\n<\/div>\n\n\n\n<div class=\"gb-element-08f53f86 hidden\">\n<img loading=\"lazy\" decoding=\"async\" width=\"2560\" height=\"1707\" class=\"gb-media-8b697a23\" alt=\"1b6129b6b1fe760be921135a4e903ce141976f09\" src=\"https:\/\/obcocinas.es\/wp-content\/uploads\/2025\/11\/1b6129b6b1fe760be921135a4e903ce141976f09-rsd.jpg\" title=\"1b6129b6b1fe760be921135a4e903ce141976f09\" srcset=\"https:\/\/obcocinas.es\/wp-content\/uploads\/2025\/11\/1b6129b6b1fe760be921135a4e903ce141976f09-rsd-jpg.avif 2560w, https:\/\/obcocinas.es\/wp-content\/uploads\/2025\/11\/1b6129b6b1fe760be921135a4e903ce141976f09-rsd-1024x683-jpg.avif 1024w, https:\/\/obcocinas.es\/wp-content\/uploads\/2025\/11\/1b6129b6b1fe760be921135a4e903ce141976f09-rsd-1536x1024-jpg.avif 1536w, https:\/\/obcocinas.es\/wp-content\/uploads\/2025\/11\/1b6129b6b1fe760be921135a4e903ce141976f09-rsd-2048x1366-jpg.avif 2048w\" sizes=\"auto, (max-width: 2560px) 100vw, 2560px\" \/>\n<\/div>\n\n\n\n<div class=\"gb-element-562b4abe\">\n<div class=\"gb-element-084e4535\">\n<h2 class=\"gb-text gb-text-c1da2c31\">Notre engagement envers l&rsquo;avenir<\/h2>\n\n\n\n<div class=\"gb-element-4968802f\"><\/div>\n\n\n\n<p>Chaque cuisine OB refl\u00e8te notre vision : que le design et la responsabilit\u00e9 peuvent aller de pair. Nous savons qu&rsquo;il reste encore du chemin \u00e0 parcourir, mais chaque avanc\u00e9e en mati\u00e8re de production, de personnes et de gestion est un pas vers un avenir plus durable pour tous. <\/p>\n<\/div>\n<\/div>\n\n\n\n<div class=\"gb-element-657ccb29\">\n<img loading=\"lazy\" decoding=\"async\" width=\"889\" height=\"853\" class=\"gb-media-bd82da0e\" alt=\"5c119fee4044ada308185438e85e92f0ed5298bb\" src=\"https:\/\/obcocinas.es\/wp-content\/uploads\/2025\/11\/5c119fee4044ada308185438e85e92f0ed5298bb.png\" title=\"5c119fee4044ada308185438e85e92f0ed5298bb\"\/>\n\n\n\n<div class=\"gb-element-2308619c\">\n<div class=\"gb-element-20e01598 camion-fondo\">\n<div class=\"gb-element-defa365c\">\n<p class=\"gb-text gb-text-edd700b5\">CONTACTEZ-NOUS<\/p>\n\n\n\n<div class=\"gb-element-70cddd45\"><\/div>\n<\/div>\n\n\n\n<h2 class=\"gb-text gb-text-1293fe0a\">Vous souhaitez devenir distributeur&nbsp;?<\/h2>\n\n\n\n<p class=\"gb-text gb-text-499c9803\">Rejoignez notre r\u00e9seau de distributeurs.<\/p>\n\n\n\n<a class=\"gb-text gb-text-73374fd9 ob-btn-main contacto\">Renseignez-vous maintenant<\/a>\n<\/div>\n<\/div>\n<\/div>\n\n\n\n<p><\/p>\n\n\n\n<div class=\"gb-element-2c2d9624\">\n<div class=\"gb-element-efc58dfc\">\n<div class=\"gb-element-f0d488b3\">\n<div>\n<img loading=\"lazy\" decoding=\"async\" width=\"2560\" height=\"679\" class=\"gb-media-53bffe7f\" alt=\"92f97c14917a27241b8738b6cc1fecf402551b0f\" src=\"https:\/\/obcocinas.es\/wp-content\/uploads\/2025\/11\/92f97c14917a27241b8738b6cc1fecf402551b0f-scaled.png\" title=\"92f97c14917a27241b8738b6cc1fecf402551b0f\" srcset=\"https:\/\/obcocinas.es\/wp-content\/uploads\/2025\/11\/92f97c14917a27241b8738b6cc1fecf402551b0f-scaled-png.avif 2560w, https:\/\/obcocinas.es\/wp-content\/uploads\/2025\/11\/92f97c14917a27241b8738b6cc1fecf402551b0f-1024x272-png.avif 1024w, https:\/\/obcocinas.es\/wp-content\/uploads\/2025\/11\/92f97c14917a27241b8738b6cc1fecf402551b0f-1536x407-png.avif 1536w, https:\/\/obcocinas.es\/wp-content\/uploads\/2025\/11\/92f97c14917a27241b8738b6cc1fecf402551b0f-2048x543.png 2048w\" sizes=\"auto, (max-width: 2560px) 100vw, 2560px\" \/>\n<\/div>\n\n\n\n<div class=\"gb-element-d6374c39\">\n<img loading=\"lazy\" decoding=\"async\" width=\"300\" height=\"78\" class=\"gb-media-6aad4ccb\" alt=\"865fb68ad9a42465e8d23585a2825a247a494ec1\" src=\"https:\/\/obcocinas.es\/wp-content\/uploads\/2025\/11\/865fb68ad9a42465e8d23585a2825a247a494ec1.png\" title=\"865fb68ad9a42465e8d23585a2825a247a494ec1\"\/>\n\n\n\n<img loading=\"lazy\" decoding=\"async\" width=\"2560\" height=\"757\" class=\"gb-media-2d993dba\" alt=\"0e5ed304ce6b74cbb5c05062472535530fbd6fb5\" src=\"https:\/\/obcocinas.es\/wp-content\/uploads\/2025\/11\/0e5ed304ce6b74cbb5c05062472535530fbd6fb5.png\" title=\"0e5ed304ce6b74cbb5c05062472535530fbd6fb5\" srcset=\"https:\/\/obcocinas.es\/wp-content\/uploads\/2025\/11\/0e5ed304ce6b74cbb5c05062472535530fbd6fb5-png.avif 2560w, https:\/\/obcocinas.es\/wp-content\/uploads\/2025\/11\/0e5ed304ce6b74cbb5c05062472535530fbd6fb5-1024x303-png.avif 1024w, https:\/\/obcocinas.es\/wp-content\/uploads\/2025\/11\/0e5ed304ce6b74cbb5c05062472535530fbd6fb5-1536x454-png.avif 1536w, https:\/\/obcocinas.es\/wp-content\/uploads\/2025\/11\/0e5ed304ce6b74cbb5c05062472535530fbd6fb5-2048x606-png.avif 2048w\" sizes=\"auto, (max-width: 2560px) 100vw, 2560px\" \/>\n\n\n\n<img loading=\"lazy\" decoding=\"async\" width=\"2560\" height=\"838\" class=\"gb-media-d6bdd1b1\" alt=\"4436f2d22d78bb5c4f22ef7296283c910dddbb78\" src=\"https:\/\/obcocinas.es\/wp-content\/uploads\/2025\/11\/4436f2d22d78bb5c4f22ef7296283c910dddbb78.png\" title=\"4436f2d22d78bb5c4f22ef7296283c910dddbb78\" srcset=\"https:\/\/obcocinas.es\/wp-content\/uploads\/2025\/11\/4436f2d22d78bb5c4f22ef7296283c910dddbb78-png.avif 2560w, https:\/\/obcocinas.es\/wp-content\/uploads\/2025\/11\/4436f2d22d78bb5c4f22ef7296283c910dddbb78-1024x335-png.avif 1024w, https:\/\/obcocinas.es\/wp-content\/uploads\/2025\/11\/4436f2d22d78bb5c4f22ef7296283c910dddbb78-1536x503.png 1536w, https:\/\/obcocinas.es\/wp-content\/uploads\/2025\/11\/4436f2d22d78bb5c4f22ef7296283c910dddbb78-2048x670.png 2048w\" sizes=\"auto, (max-width: 2560px) 100vw, 2560px\" \/>\n<\/div>\n<\/div>\n\n\n\n<div class=\"gb-element-f3ceac37\">\n<div>\n<img loading=\"lazy\" decoding=\"async\" width=\"2401\" height=\"627\" class=\"gb-media-163f82d0\" alt=\"f190da8447af2c82f400069e7cacfff7bcaaadf1\" src=\"https:\/\/obcocinas.es\/wp-content\/uploads\/2025\/11\/f190da8447af2c82f400069e7cacfff7bcaaadf1.png\" title=\"f190da8447af2c82f400069e7cacfff7bcaaadf1\" srcset=\"https:\/\/obcocinas.es\/wp-content\/uploads\/2025\/11\/f190da8447af2c82f400069e7cacfff7bcaaadf1-png.avif 2401w, https:\/\/obcocinas.es\/wp-content\/uploads\/2025\/11\/f190da8447af2c82f400069e7cacfff7bcaaadf1-1024x267.png 1024w, https:\/\/obcocinas.es\/wp-content\/uploads\/2025\/11\/f190da8447af2c82f400069e7cacfff7bcaaadf1-1536x401.png 1536w, https:\/\/obcocinas.es\/wp-content\/uploads\/2025\/11\/f190da8447af2c82f400069e7cacfff7bcaaadf1-2048x535.png 2048w\" sizes=\"auto, (max-width: 2401px) 100vw, 2401px\" \/>\n<\/div>\n\n\n\n<div class=\"gb-element-abce5582\">\n<p class=\"gb-text gb-text-2017a24f\">INSTALLATION D&rsquo;UNE CENTRALE SOLAIRE PHOTOVOLTA\u00cfQUE POUR L&rsquo;AUTOCONSOMMATION DE 990,5 KW.\u2028<br>Projet relevant du programme d&rsquo;incitations li\u00e9es \u00e0 l&rsquo;autoconsommation et au stockage, avec des sources d&rsquo;\u00e9nergie renouvelable, ainsi qu&rsquo;\u00e0 la mise en place de syst\u00e8mes thermiques renouvelables dans le secteur r\u00e9sidentiel dans le cadre du Plan de relance, de transformation et de r\u00e9silience, financ\u00e9 par l&rsquo;Union europ\u00e9enne &#8211; NextGenerationEU<\/p>\n<\/div>\n<\/div>\n<\/div>\n<\/div>\n\n\n\n<div class=\"gb-element-fe64d07f\">\n<div class=\"gb-element-71fd5534\">\n<div class=\"gb-element-132ed434\">\n<img loading=\"lazy\" decoding=\"async\" width=\"839\" height=\"563\" class=\"gb-media-b67fbe18\" alt=\"0146005e35009a11ce3c13b6ddad7e25785862f7\" src=\"https:\/\/obcocinas.es\/wp-content\/uploads\/2025\/11\/0146005e35009a11ce3c13b6ddad7e25785862f7.png\" title=\"0146005e35009a11ce3c13b6ddad7e25785862f7\"\/>\n\n\n\n<img loading=\"lazy\" decoding=\"async\" width=\"2401\" height=\"627\" class=\"gb-media-38a4506b\" alt=\"f190da8447af2c82f400069e7cacfff7bcaaadf1\" src=\"https:\/\/obcocinas.es\/wp-content\/uploads\/2025\/11\/f190da8447af2c82f400069e7cacfff7bcaaadf1.png\" title=\"f190da8447af2c82f400069e7cacfff7bcaaadf1\" srcset=\"https:\/\/obcocinas.es\/wp-content\/uploads\/2025\/11\/f190da8447af2c82f400069e7cacfff7bcaaadf1-png.avif 2401w, https:\/\/obcocinas.es\/wp-content\/uploads\/2025\/11\/f190da8447af2c82f400069e7cacfff7bcaaadf1-1024x267.png 1024w, https:\/\/obcocinas.es\/wp-content\/uploads\/2025\/11\/f190da8447af2c82f400069e7cacfff7bcaaadf1-1536x401.png 1536w, https:\/\/obcocinas.es\/wp-content\/uploads\/2025\/11\/f190da8447af2c82f400069e7cacfff7bcaaadf1-2048x535.png 2048w\" sizes=\"auto, (max-width: 2401px) 100vw, 2401px\" \/>\n\n\n\n<img loading=\"lazy\" decoding=\"async\" width=\"750\" height=\"303\" class=\"gb-media-8e43d30b\" alt=\"9cc86737543e6d6707bd8523dfc2073c856f1e16\" src=\"https:\/\/obcocinas.es\/wp-content\/uploads\/2025\/11\/9cc86737543e6d6707bd8523dfc2073c856f1e16.png\" title=\"9cc86737543e6d6707bd8523dfc2073c856f1e16\"\/>\n<\/div>\n\n\n\n<div class=\"gb-element-d5e1bd3e\">\n<div class=\"gb-element-f93b6515\">\n<p class=\"gb-text gb-text-4f2bf503\">Muebles OB, S.A.U. a re\u00e7u une aide de l&rsquo;Union europ\u00e9enne au titre du programme op\u00e9rationnel FEDER d&rsquo;Andalousie 201 4-2020, financ\u00e9e dans le cadre de la r\u00e9ponse de l&rsquo;Union \u00e0 la pand\u00e9mie de C0VID-19 (REACT-UE), afin de compenser le surco\u00fbt \u00e9nerg\u00e9tique du gaz naturel et\/ou de l&rsquo;\u00e9lectricit\u00e9 pour les PME et les travailleurs ind\u00e9pendants particuli\u00e8rement touch\u00e9s par l&rsquo;augmentation des prix du gaz naturel et de l&rsquo;\u00e9lectricit\u00e9 provoqu\u00e9e par l&rsquo;impact de la guerre d&rsquo;agression de la Russie contre l&rsquo;Ukraine.<\/p>\n<\/div>\n<\/div>\n<\/div>\n<\/div>\n\n\n\n<div class=\"gb-element-2727b53c\">\n<div class=\"gb-element-de0b1faf\">\n<div class=\"gb-element-388bd57d\">\n<div>\n<img loading=\"lazy\" decoding=\"async\" width=\"750\" height=\"303\" class=\"gb-media-ecb81a85\" alt=\"9cc86737543e6d6707bd8523dfc2073c856f1e16\" src=\"https:\/\/obcocinas.es\/wp-content\/uploads\/2025\/11\/9cc86737543e6d6707bd8523dfc2073c856f1e16.png\" title=\"9cc86737543e6d6707bd8523dfc2073c856f1e16\"\/>\n<\/div>\n\n\n\n<div class=\"gb-element-1e77fe11\">\n<p class=\"gb-text gb-text-3ddbf8db\">Muebles OB S.A.U, dans le cadre du programme ICEX Next, a b\u00e9n\u00e9fici\u00e9 du soutien d&rsquo;ICEX et du cofinancement du fonds europ\u00e9en FEDER. L&rsquo;objectif de ce soutien est de contribuer au d\u00e9veloppement international de l&rsquo;entreprise et de son environnement. Le projet d\u00e9velopp\u00e9 a servi \u00e0 cofinancer la participation de l&rsquo;entreprise au salon \u00ab Esprit Cuisine \u00bb \u00e0 Paris et \u00e0 analyser son positionnement strat\u00e9gique pour l&rsquo;internationalisation de ses produits.  <\/p>\n<\/div>\n<\/div>\n<\/div>\n<\/div>\n\n\n\n<div class=\"gb-element-e7a0f7af\"><\/div>\n","protected":false},"excerpt":{"rendered":"<p>Durabilit\u00e9 : un engagement pr\u00e9sent dans chaque cuisine OB Chez OB Cocinas, nous comprenons que cr\u00e9er une cuisine va bien au-del\u00e0 de la conception et de la fonctionnalit\u00e9 : c&rsquo;est une opportunit\u00e9 de g\u00e9n\u00e9rer un impact positif sur l&rsquo;environnement, sur les personnes et sur la fa\u00e7on dont nous g\u00e9rons notre travail. La durabilit\u00e9 guide chaque [&hellip;]<\/p>\n","protected":false},"author":1,"featured_media":5754,"parent":0,"menu_order":0,"comment_status":"closed","ping_status":"closed","template":"wp-custom-template-page-sans-titre","meta":{"footnotes":""},"class_list":["post-5751","page","type-page","status-publish","has-post-thumbnail","hentry"],"_links":{"self":[{"href":"https:\/\/obcocinas.es\/fr\/wp-json\/wp\/v2\/pages\/5751","targetHints":{"allow":["GET"]}}],"collection":[{"href":"https:\/\/obcocinas.es\/fr\/wp-json\/wp\/v2\/pages"}],"about":[{"href":"https:\/\/obcocinas.es\/fr\/wp-json\/wp\/v2\/types\/page"}],"author":[{"embeddable":true,"href":"https:\/\/obcocinas.es\/fr\/wp-json\/wp\/v2\/users\/1"}],"replies":[{"embeddable":true,"href":"https:\/\/obcocinas.es\/fr\/wp-json\/wp\/v2\/comments?post=5751"}],"version-history":[{"count":4,"href":"https:\/\/obcocinas.es\/fr\/wp-json\/wp\/v2\/pages\/5751\/revisions"}],"predecessor-version":[{"id":6830,"href":"https:\/\/obcocinas.es\/fr\/wp-json\/wp\/v2\/pages\/5751\/revisions\/6830"}],"wp:featuredmedia":[{"embeddable":true,"href":"https:\/\/obcocinas.es\/fr\/wp-json\/wp\/v2\/media\/5754"}],"wp:attachment":[{"href":"https:\/\/obcocinas.es\/fr\/wp-json\/wp\/v2\/media?parent=5751"}],"curies":[{"name":"wp","href":"https:\/\/api.w.org\/{rel}","templated":true}]}}