{"id":5748,"date":"2025-11-19T19:57:53","date_gmt":"2025-11-19T18:57:53","guid":{"rendered":"https:\/\/obcocinas.codeloper.dev\/ce-qui-nous-inspire\/"},"modified":"2025-11-30T23:23:15","modified_gmt":"2025-11-30T22:23:15","slug":"ce-qui-nous-inspire","status":"publish","type":"page","link":"https:\/\/obcocinas.es\/fr\/ce-qui-nous-inspire\/","title":{"rendered":"Ce qui nous inspire"},"content":{"rendered":"\n<div class=\"gb-element-5bbb2b53\">\n<div class=\"gb-element-c82b46e0\"><\/div>\n\n\n\n<div class=\"gb-element-41c50ec5\">\n<p class=\"gb-text gb-text-5303fce7\">Ce qui nous inspire<\/p>\n<\/div>\n<\/div>\n\n\n\n<div>\n<img decoding=\"async\" data-media-id=\"5750\" class=\"gb-media-fcb37a9c\" alt=\"\" src=\"https:\/\/obcocinas.es\/wp-content\/uploads\/2025\/11\/d996dd25bf4d1289df197c06283f59f3d9dd3b86-rsd-jpg.avif\" title=\"bc6f5894db1e0c0e858cb3592a32c384e1928a40-rsd\"\/>\n<\/div>\n\n\n\n<div class=\"gb-element-f62771b3\">\n<div class=\"gb-element-d24b3b5a\">\n<h1 class=\"gb-text gb-text-36f53c5e\">Notre philosophie : des cuisines qui unissent design, \u00e9motion et responsabilit\u00e9<\/h1>\n\n\n\n<div class=\"gb-element-6e8267ac\"><\/div>\n\n\n\n<p class=\"gb-text gb-text-da285a69\">Chez OB Cocinas, nous pensons qu&rsquo;une cuisine est bien plus qu&rsquo;un espace fonctionnel : c&rsquo;est le c\u0153ur de la maison. C&rsquo;est pourquoi notre philosophie combine tradition, innovation et durabilit\u00e9, avec un seul objectif : cr\u00e9er des cuisines qui inspirent confiance et transmettent la beaut\u00e9 dans chaque d\u00e9tail. <\/p>\n<\/div>\n<\/div>\n\n\n\n<div class=\"gb-element-080c7cff\">\n<h2 class=\"gb-text gb-text-20dd0c22\">Valeurs qui nous d\u00e9finissent<\/h2>\n\n\n\n<div class=\"gb-element-b52b7861\">\n<p class=\"gb-text\">Chez OB Cocinas, nous travaillons avec une id\u00e9e simple : nos valeurs se rendent visibles dans chaque d\u00e9tail, des mat\u00e9riaux jusqu&rsquo;\u00e0 la finition finale.<\/p>\n<\/div>\n<\/div>\n\n\n\n<div class=\"gb-element-5945e50b\">\n<div class=\"gb-element-10c5a3c6\">\n<div class=\"gb-element-15703944\">\n<div class=\"gb-element-dae1ad99\"><\/div>\n\n\n\n<div class=\"gb-element-111b6792\"><\/div>\n\n\n\n<div class=\"gb-element-c3ccf976\"><\/div>\n\n\n\n<div class=\"gb-element-b07b8a13\"><\/div>\n\n\n\n<div class=\"gb-element-052a5746\">\n<p class=\"gb-text gb-text-76610936\">DURABILIT\u00c9<\/p>\n\n\n\n<p class=\"gb-text gb-text-afd3dcc8\">Nous s\u00e9lectionnons soigneusement nos fournisseurs et concevons des processus qui minimisent l&rsquo;impact environnemental, optimisent l&rsquo;utilisation des ressources et privil\u00e9gient les mat\u00e9riaux certifi\u00e9s et responsables. Pour nous, la durabilit\u00e9 va au-del\u00e0 du soin de l&rsquo;environnement : c&rsquo;est un principe qui guide l&rsquo;\u00e9thique, la bonne gouvernance et la gestion transparente, favorisant des relations responsables et de confiance avec tous nos collaborateurs, alli\u00e9s et communaut\u00e9s. Chaque d\u00e9cision que nous prenons cherche \u00e0 g\u00e9n\u00e9rer une valeur durable, \u00e9quilibrant croissance, innovation et responsabilit\u00e9 envers les personnes, la plan\u00e8te et la soci\u00e9t\u00e9 dans son ensemble. Cette approche nous permet de contribuer de mani\u00e8re significative \u00e0 un d\u00e9veloppement plus conscient, r\u00e9silient et align\u00e9 sur les d\u00e9fis et les opportunit\u00e9s du futur.   <\/p>\n<\/div>\n<\/div>\n\n\n\n<div class=\"gb-element-03ee27f8\">\n<div class=\"gb-element-7750bfdc\"><\/div>\n\n\n\n<div class=\"gb-element-eebed7b1\"><\/div>\n\n\n\n<div class=\"gb-element-0d83efa0\"><\/div>\n\n\n\n<div class=\"gb-element-ff7b6449\"><\/div>\n\n\n\n<div class=\"gb-element-9795915c\">\n<p class=\"gb-text gb-text-f0d982a8\">QUALIT\u00c9 DANS CHAQUE FINITION<\/p>\n\n\n\n<p class=\"gb-text gb-text-c1d4273b\">Nous ne travaillons qu&rsquo;avec des mat\u00e9riaux \u00e9prouv\u00e9s et d&rsquo;origine fiable : bois nobles, finitions r\u00e9sistantes, ferrures de pr\u00e9cision. L&rsquo;honn\u00eatet\u00e9 commence par ce qui se voit et se touche. <\/p>\n<\/div>\n<\/div>\n\n\n\n<div class=\"gb-element-fd45cc9f\">\n<div class=\"gb-element-9f62957b\"><\/div>\n\n\n\n<div class=\"gb-element-4405ca8d\"><\/div>\n\n\n\n<div class=\"gb-element-a3d8cea2\"><\/div>\n\n\n\n<div class=\"gb-element-f9bdb33c\"><\/div>\n\n\n\n<div class=\"gb-element-b2e3c119\">\n<p class=\"gb-text gb-text-6b856af1\">DESIGN AVEC DU SENS<\/p>\n\n\n\n<p class=\"gb-text gb-text-a1354820\">Nos projets recherchent un \u00e9quilibre clair : que la cuisine soit pratique dans son utilisation quotidienne, avec une esth\u00e9tique soign\u00e9e qui apporte de la valeur \u00e0 l&rsquo;espace, une durabilit\u00e9 qui la maintienne dans le temps et un style pens\u00e9 pour rester actuel au-del\u00e0 des modes.<\/p>\n<\/div>\n<\/div>\n\n\n\n<div class=\"gb-element-43665666\">\n<div class=\"gb-element-e677dd79\"><\/div>\n\n\n\n<div class=\"gb-element-cbe5d74c\"><\/div>\n\n\n\n<div class=\"gb-element-133cc9c3\"><\/div>\n\n\n\n<div class=\"gb-element-852f4f74\"><\/div>\n\n\n\n<div class=\"gb-element-e550424a\">\n<p class=\"gb-text gb-text-0bb39485\">ARTISANAT \u00c9VOLU\u00c9<\/p>\n\n\n\n<p class=\"gb-text gb-text-f049a03e\">Nous respectons le savoir-faire traditionnel, mais nous le renfor\u00e7ons avec une technologie de pointe qui garantit la pr\u00e9cision des finitions, des d\u00e9lais ajust\u00e9s et un produit final plus fiable.<\/p>\n<\/div>\n<\/div>\n\n\n\n<div class=\"gb-element-1216f9a2\">\n<div class=\"gb-element-c85ec5da\"><\/div>\n\n\n\n<div class=\"gb-element-8985c4cc\"><\/div>\n\n\n\n<div class=\"gb-element-a24d99f0\"><\/div>\n\n\n\n<div class=\"gb-element-e1710d71\"><\/div>\n\n\n\n<div class=\"gb-element-865322e3\">\n<p class=\"gb-text gb-text-2f0ae03f\">UN PROJET POUR CHAQUE FOYER<\/p>\n\n\n\n<p class=\"gb-text gb-text-8ac15331\">La personnalisation n&rsquo;est pas un extra : c&rsquo;est notre fa\u00e7on de travailler. Chaque cuisine s&rsquo;adapte aux dimensions, aux besoins et au style de vie de ceux qui vont en profiter. <\/p>\n<\/div>\n<\/div>\n\n\n\n<div class=\"gb-element-5c3e7111\">\n<div class=\"gb-element-48694be2\"><\/div>\n\n\n\n<div class=\"gb-element-5489bb61\"><\/div>\n\n\n\n<div class=\"gb-element-2de3346f\"><\/div>\n\n\n\n<div class=\"gb-element-536707d2\"><\/div>\n\n\n\n<div class=\"gb-element-60fe5625\">\n<p class=\"gb-text gb-text-e03cb33d\">PR\u00c9CISION ET FIABILIT\u00c9<\/p>\n\n\n\n<p class=\"gb-text gb-text-d559a09c\">Chaque porte, tiroir et finition passe par des contr\u00f4les et des tests qui garantissent la r\u00e9sistance, la durabilit\u00e9 et une utilisation sans complications. Nous pr\u00eatons attention \u00e0 chaque ajustement pour assurer un r\u00e9sultat pr\u00e9cis et de qualit\u00e9 maximale, car c&rsquo;est dans les d\u00e9tails que r\u00e9side la diff\u00e9rence. <\/p>\n<\/div>\n<\/div>\n<\/div>\n<\/div>\n\n\n\n<div>\n<img loading=\"lazy\" decoding=\"async\" width=\"2560\" height=\"1707\" class=\"gb-media-16917ad6\" alt=\"e6026a4cc57ac8fccf86ad4fe12d1a0981d6281e\" src=\"https:\/\/obcocinas.es\/wp-content\/uploads\/2025\/11\/e6026a4cc57ac8fccf86ad4fe12d1a0981d6281e-rsd.jpg\" title=\"e6026a4cc57ac8fccf86ad4fe12d1a0981d6281e\" srcset=\"https:\/\/obcocinas.es\/wp-content\/uploads\/2025\/11\/e6026a4cc57ac8fccf86ad4fe12d1a0981d6281e-rsd-jpg.avif 2560w, https:\/\/obcocinas.es\/wp-content\/uploads\/2025\/11\/e6026a4cc57ac8fccf86ad4fe12d1a0981d6281e-rsd-1024x683-jpg.avif 1024w, https:\/\/obcocinas.es\/wp-content\/uploads\/2025\/11\/e6026a4cc57ac8fccf86ad4fe12d1a0981d6281e-rsd-1536x1024-jpg.avif 1536w, https:\/\/obcocinas.es\/wp-content\/uploads\/2025\/11\/e6026a4cc57ac8fccf86ad4fe12d1a0981d6281e-rsd-2048x1366-jpg.avif 2048w\" sizes=\"auto, (max-width: 2560px) 100vw, 2560px\" \/>\n<\/div>\n\n\n\n<div class=\"gb-element-fa9ad712\">\n<h2 class=\"gb-text gb-text-37cd85e8\">Nous concevons en pensant aux personnes<\/h2>\n\n\n\n<div class=\"gb-element-c361dabb\">\n<p class=\"gb-text\">Chaque projet commence par comprendre ceux qui vont le vivre. Leurs besoins, leurs habitudes et leur fa\u00e7on de se relier \u00e0 la cuisine sont le point de d\u00e9part pour concevoir un espace qui refl\u00e8te leur style et qui les accompagne au quotidien. <\/p>\n<\/div>\n<\/div>\n\n\n\n<div class=\"gb-element-0fd56e4d\">\n<div class=\"gb-element-657ccb29\">\n<img loading=\"lazy\" decoding=\"async\" width=\"889\" height=\"853\" class=\"gb-media-bd82da0e\" alt=\"5c119fee4044ada308185438e85e92f0ed5298bb\" src=\"https:\/\/obcocinas.es\/wp-content\/uploads\/2025\/11\/5c119fee4044ada308185438e85e92f0ed5298bb.png\" title=\"5c119fee4044ada308185438e85e92f0ed5298bb\"\/>\n\n\n\n<div class=\"gb-element-2308619c\">\n<div class=\"gb-element-20e01598 camion-fondo\">\n<div class=\"gb-element-defa365c\">\n<p class=\"gb-text gb-text-edd700b5\">CONTACTEZ-NOUS<\/p>\n\n\n\n<div class=\"gb-element-70cddd45\"><\/div>\n<\/div>\n\n\n\n<h2 class=\"gb-text gb-text-1293fe0a\">Vous souhaitez devenir distributeur&nbsp;?<\/h2>\n\n\n\n<p class=\"gb-text gb-text-499c9803\">Rejoignez notre r\u00e9seau de distributeurs.<\/p>\n\n\n\n<a class=\"gb-text gb-text-73374fd9 ob-btn-main contacto\">Renseignez-vous maintenant<\/a>\n<\/div>\n<\/div>\n<\/div>\n\n\n\n<p><\/p>\n<\/div>\n\n\n\n<p><\/p>\n\n\n\n<p><\/p>\n","protected":false},"excerpt":{"rendered":"<p>Ce qui nous inspire Notre philosophie : des cuisines qui unissent design, \u00e9motion et responsabilit\u00e9 Chez OB Cocinas, nous pensons qu&rsquo;une cuisine est bien plus qu&rsquo;un espace fonctionnel : c&rsquo;est le c\u0153ur de la maison. C&rsquo;est pourquoi notre philosophie combine tradition, innovation et durabilit\u00e9, avec un seul objectif : cr\u00e9er des cuisines qui inspirent confiance [&hellip;]<\/p>\n","protected":false},"author":1,"featured_media":5750,"parent":0,"menu_order":0,"comment_status":"closed","ping_status":"closed","template":"wp-custom-template-page-sans-titre","meta":{"footnotes":""},"class_list":["post-5748","page","type-page","status-publish","has-post-thumbnail","hentry"],"_links":{"self":[{"href":"https:\/\/obcocinas.es\/fr\/wp-json\/wp\/v2\/pages\/5748","targetHints":{"allow":["GET"]}}],"collection":[{"href":"https:\/\/obcocinas.es\/fr\/wp-json\/wp\/v2\/pages"}],"about":[{"href":"https:\/\/obcocinas.es\/fr\/wp-json\/wp\/v2\/types\/page"}],"author":[{"embeddable":true,"href":"https:\/\/obcocinas.es\/fr\/wp-json\/wp\/v2\/users\/1"}],"replies":[{"embeddable":true,"href":"https:\/\/obcocinas.es\/fr\/wp-json\/wp\/v2\/comments?post=5748"}],"version-history":[{"count":5,"href":"https:\/\/obcocinas.es\/fr\/wp-json\/wp\/v2\/pages\/5748\/revisions"}],"predecessor-version":[{"id":10622,"href":"https:\/\/obcocinas.es\/fr\/wp-json\/wp\/v2\/pages\/5748\/revisions\/10622"}],"wp:featuredmedia":[{"embeddable":true,"href":"https:\/\/obcocinas.es\/fr\/wp-json\/wp\/v2\/media\/5750"}],"wp:attachment":[{"href":"https:\/\/obcocinas.es\/fr\/wp-json\/wp\/v2\/media?parent=5748"}],"curies":[{"name":"wp","href":"https:\/\/api.w.org\/{rel}","templated":true}]}}