{"id":5718,"date":"2025-11-21T01:40:50","date_gmt":"2025-11-21T00:40:50","guid":{"rendered":"https:\/\/obcocinas.codeloper.dev\/actualites\/"},"modified":"2026-05-12T15:44:06","modified_gmt":"2026-05-12T13:44:06","slug":"actualites","status":"publish","type":"page","link":"https:\/\/obcocinas.es\/fr\/actualites\/","title":{"rendered":"Actualit\u00e9s"},"content":{"rendered":"\n<div class=\"gb-element-5538e0c5 ob-title-project\">\n<h1 class=\"gb-text gb-text-5303fce7\">Actualit\u00e9s <\/h1>\n\n\n\n<div class=\"gb-element-c82b46e0\"><\/div>\n<\/div>\n\n\n\n<div class=\"gb-element-204a86b4 container-filtros\"><ul style=\"text-transform:uppercase;\" class=\"wp-block-categories-list filto-categorias wp-block-categories\">\t<li class=\"cat-item cat-item-1065\"><a href=\"https:\/\/obcocinas.es\/fr\/blog\/category\/conseils\/\">Conseils<\/a>\n<\/li>\n\t<li class=\"cat-item cat-item-1073\"><a href=\"https:\/\/obcocinas.es\/fr\/blog\/category\/entreprise\/\">Entreprise<\/a>\n<\/li>\n\t<li class=\"cat-item cat-item-1066\"><a href=\"https:\/\/obcocinas.es\/fr\/blog\/category\/inspiration-fr\/\">Inspiration<\/a>\n<\/li>\n\t<li class=\"cat-item cat-item-280\"><a href=\"https:\/\/obcocinas.es\/fr\/blog\/category\/non-categorise\/\">Non cat\u00e9goris\u00e9<\/a>\n<\/li>\n\t<li class=\"cat-item cat-item-1070\"><a href=\"https:\/\/obcocinas.es\/fr\/blog\/category\/nos-cuisines\/\">Nos Cuisines<\/a>\n<\/li>\n<\/ul>\n\n<form role=\"search\" method=\"get\" action=\"https:\/\/obcocinas.es\/fr\/\" style=\"margin-top:0;margin-bottom:0;margin-left:0;margin-right:0;\" class=\"wp-block-search__button-outside wp-block-search__text-button wp-block-search\"    ><label class=\"wp-block-search__label screen-reader-text\" for=\"wp-block-search__input-1\" >Buscador de noticias<\/label><div class=\"wp-block-search__inside-wrapper\"  style=\"width: 459px\"><input class=\"wp-block-search__input\" id=\"wp-block-search__input-1\" placeholder=\"Rechercher\" value=\"\" type=\"search\" name=\"s\" required \/><button aria-label=\"Rechercher\" class=\"wp-block-search__button has-background wp-element-button\" type=\"submit\"  style=\"background-color: #8a6eff\">Rechercher<\/button><\/div><\/form><\/div>\n\n\n\n<div class=\"gb-element-82dd7907\">\n<div><div class=\"gb-looper-edd2a240\">\n<div class=\"gb-loop-item post-11210 post type-post status-publish format-standard has-post-thumbnail hentry category-conseils\">\n<a href=\"https:\/\/obcocinas.es\/fr\/blog\/idees-pour-optimiser-espace-dans-les-petites-cuisines\/\"><img decoding=\"async\" data-media-id=\"9601\" class=\"gb-media-48017a73\" src=\"https:\/\/obcocinas.es\/wp-content\/uploads\/2025\/11\/portada_ob_cocinas_-_ideas_para_aprovechar_el_espacio_en_cocinas_pequenas_-_muebles_fran.-pim2-2000_q65-jpg.avif\" alt=\"Id\u00e9es pour optimiser l\u2019espace dans les petites cuisines\"\/><\/a>\n\n\n\n<div class=\"gb-element-079eb05f\">\n<h2 class=\"gb-text gb-text-0bb57b52\"><a href=\"https:\/\/obcocinas.es\/fr\/blog\/idees-pour-optimiser-espace-dans-les-petites-cuisines\/\">Id\u00e9es pour optimiser l\u2019espace dans les petites cuisines<\/a><\/h2>\n\n\n\n<a class=\"gb-text gb-text-5268e653\" href=\"https:\/\/obcocinas.es\/fr\/blog\/idees-pour-optimiser-espace-dans-les-petites-cuisines\/\">En savoir plus<\/a>\n<\/div>\n<\/div>\n\n<div class=\"gb-loop-item post-10751 post type-post status-publish format-standard has-post-thumbnail hentry category-conseils category-inspiration-fr\">\n<a href=\"https:\/\/obcocinas.es\/fr\/blog\/cuisines-ouvertes-types-avantages-et-inconvenients\/\"><img decoding=\"async\" data-media-id=\"9334\" class=\"gb-media-48017a73\" src=\"https:\/\/obcocinas.es\/wp-content\/uploads\/2025\/11\/cabecera.-pim2-2000_q65-2-jpg.avif\" alt=\"Cuisines ouvertes : types, avantages et inconv\u00e9nients\"\/><\/a>\n\n\n\n<div class=\"gb-element-079eb05f\">\n<h2 class=\"gb-text gb-text-0bb57b52\"><a href=\"https:\/\/obcocinas.es\/fr\/blog\/cuisines-ouvertes-types-avantages-et-inconvenients\/\">Cuisines ouvertes : types, avantages et inconv\u00e9nients<\/a><\/h2>\n\n\n\n<a class=\"gb-text gb-text-5268e653\" href=\"https:\/\/obcocinas.es\/fr\/blog\/cuisines-ouvertes-types-avantages-et-inconvenients\/\">En savoir plus<\/a>\n<\/div>\n<\/div>\n\n<div class=\"gb-loop-item post-18860 post type-post status-publish format-standard has-post-thumbnail hentry category-inspiration-fr\">\n<a href=\"https:\/\/obcocinas.es\/fr\/blog\/el-poder-del-color-en-la-cocina-mas-alla-del-blanco\/\"><img decoding=\"async\" data-media-id=\"18859\" class=\"gb-media-48017a73\" src=\"https:\/\/obcocinas.es\/wp-content\/uploads\/2026\/02\/260325-BLOG-Larramendi-Jauregui-jpg.avif\" alt=\"El poder del color en la cocina: m\u00e1s all\u00e1 del blanco\"\/><\/a>\n\n\n\n<div class=\"gb-element-079eb05f\">\n<h2 class=\"gb-text gb-text-0bb57b52\"><a href=\"https:\/\/obcocinas.es\/fr\/blog\/el-poder-del-color-en-la-cocina-mas-alla-del-blanco\/\">El poder del color en la cocina: m\u00e1s all\u00e1 del blanco<\/a><\/h2>\n\n\n\n<a class=\"gb-text gb-text-5268e653\" href=\"https:\/\/obcocinas.es\/fr\/blog\/el-poder-del-color-en-la-cocina-mas-alla-del-blanco\/\">En savoir plus<\/a>\n<\/div>\n<\/div>\n\n<div class=\"gb-loop-item post-18844 post type-post status-publish format-standard has-post-thumbnail hentry category-conseils\">\n<a href=\"https:\/\/obcocinas.es\/fr\/blog\/estas-a-tiempo-evita-estos-errores-en-tu-nueva-cocina\/\"><img loading=\"lazy\" decoding=\"async\" width=\"2560\" height=\"1707\" data-media-id=\"18843\" class=\"gb-media-48017a73\" src=\"https:\/\/obcocinas.es\/wp-content\/uploads\/2026\/02\/260319-BLOG-Mobelrias-Castroman-Exposicion-Berlin-crema-Montreal-y-Valentina-5-scaled.jpg\" alt=\"Est\u00e1s a tiempo: evita estos errores en tu nueva cocina\" srcset=\"https:\/\/obcocinas.es\/wp-content\/uploads\/2026\/02\/260319-BLOG-Mobelrias-Castroman-Exposicion-Berlin-crema-Montreal-y-Valentina-5-scaled.jpg 2560w, https:\/\/obcocinas.es\/wp-content\/uploads\/2026\/02\/260319-BLOG-Mobelrias-Castroman-Exposicion-Berlin-crema-Montreal-y-Valentina-5-1024x683-jpg.avif 1024w, https:\/\/obcocinas.es\/wp-content\/uploads\/2026\/02\/260319-BLOG-Mobelrias-Castroman-Exposicion-Berlin-crema-Montreal-y-Valentina-5-1536x1024-jpg.avif 1536w, https:\/\/obcocinas.es\/wp-content\/uploads\/2026\/02\/260319-BLOG-Mobelrias-Castroman-Exposicion-Berlin-crema-Montreal-y-Valentina-5-2048x1365-jpg.avif 2048w\" sizes=\"auto, (max-width: 2560px) 100vw, 2560px\" \/><\/a>\n\n\n\n<div class=\"gb-element-079eb05f\">\n<h2 class=\"gb-text gb-text-0bb57b52\"><a href=\"https:\/\/obcocinas.es\/fr\/blog\/estas-a-tiempo-evita-estos-errores-en-tu-nueva-cocina\/\">Est\u00e1s a tiempo: evita estos errores en tu nueva cocina<\/a><\/h2>\n\n\n\n<a class=\"gb-text gb-text-5268e653\" href=\"https:\/\/obcocinas.es\/fr\/blog\/estas-a-tiempo-evita-estos-errores-en-tu-nueva-cocina\/\">En savoir plus<\/a>\n<\/div>\n<\/div>\n\n<div class=\"gb-loop-item post-18827 post type-post status-publish format-standard has-post-thumbnail hentry category-nos-cuisines tag-cocinas-de-madera\">\n<a href=\"https:\/\/obcocinas.es\/fr\/blog\/a-fondo-una-cocina-que-se-vive-con-cocinas-domporte\/\"><img decoding=\"async\" data-media-id=\"18826\" class=\"gb-media-48017a73\" src=\"https:\/\/obcocinas.es\/wp-content\/uploads\/2026\/02\/0309-BLOG-3-scaled-jpg.avif\" alt=\"A fondo: una cocina que se vive con Cocinas Domporte\"\/><\/a>\n\n\n\n<div class=\"gb-element-079eb05f\">\n<h2 class=\"gb-text gb-text-0bb57b52\"><a href=\"https:\/\/obcocinas.es\/fr\/blog\/a-fondo-una-cocina-que-se-vive-con-cocinas-domporte\/\">A fondo: una cocina que se vive con Cocinas Domporte<\/a><\/h2>\n\n\n\n<a class=\"gb-text gb-text-5268e653\" href=\"https:\/\/obcocinas.es\/fr\/blog\/a-fondo-una-cocina-que-se-vive-con-cocinas-domporte\/\">En savoir plus<\/a>\n<\/div>\n<\/div>\n\n<div class=\"gb-loop-item post-18776 post type-post status-publish format-standard has-post-thumbnail hentry category-conseils category-inspiration-fr\">\n<a href=\"https:\/\/obcocinas.es\/fr\/blog\/isla-o-peninsula-como-elegir-la-mejor-opcion-para-tu-cocina\/\"><img decoding=\"async\" data-media-id=\"18775\" class=\"gb-media-48017a73\" src=\"https:\/\/obcocinas.es\/wp-content\/uploads\/2026\/02\/260225-Juncal-Urbina-jpg.avif\" alt=\"Isla o pen\u00ednsula: c\u00f3mo elegir la mejor opci\u00f3n para tu cocina\"\/><\/a>\n\n\n\n<div class=\"gb-element-079eb05f\">\n<h2 class=\"gb-text gb-text-0bb57b52\"><a href=\"https:\/\/obcocinas.es\/fr\/blog\/isla-o-peninsula-como-elegir-la-mejor-opcion-para-tu-cocina\/\">Isla o pen\u00ednsula: c\u00f3mo elegir la mejor opci\u00f3n para tu cocina<\/a><\/h2>\n\n\n\n<a class=\"gb-text gb-text-5268e653\" href=\"https:\/\/obcocinas.es\/fr\/blog\/isla-o-peninsula-como-elegir-la-mejor-opcion-para-tu-cocina\/\">En savoir plus<\/a>\n<\/div>\n<\/div>\n\n<div class=\"gb-loop-item post-18512 post type-post status-publish format-standard has-post-thumbnail hentry category-conseils category-non-categorise tag-diseno-de-cocinas\">\n<a href=\"https:\/\/obcocinas.es\/fr\/blog\/diseno-de-cocinas-pensado-para-durar\/\"><img decoding=\"async\" data-media-id=\"18511\" class=\"gb-media-48017a73\" src=\"https:\/\/obcocinas.es\/wp-content\/uploads\/2026\/02\/260209-i9cozinhas-scaled-jpg.avif\" alt=\"Dise\u00f1o de cocinas pensado para durar\"\/><\/a>\n\n\n\n<div class=\"gb-element-079eb05f\">\n<h2 class=\"gb-text gb-text-0bb57b52\"><a href=\"https:\/\/obcocinas.es\/fr\/blog\/diseno-de-cocinas-pensado-para-durar\/\">Dise\u00f1o de cocinas pensado para durar<\/a><\/h2>\n\n\n\n<a class=\"gb-text gb-text-5268e653\" href=\"https:\/\/obcocinas.es\/fr\/blog\/diseno-de-cocinas-pensado-para-durar\/\">En savoir plus<\/a>\n<\/div>\n<\/div>\n\n<div class=\"gb-loop-item post-18462 post type-post status-publish format-standard has-post-thumbnail hentry category-conseils category-inspiration-fr category-non-categorise\">\n<a href=\"https:\/\/obcocinas.es\/fr\/blog\/petite-cuisine-planifiez-la-bien\/\"><img decoding=\"async\" data-media-id=\"18454\" class=\"gb-media-48017a73\" src=\"https:\/\/obcocinas.es\/wp-content\/uploads\/2026\/01\/Apal-vitoria-hueso-y-amazonas-2-1-jpg.avif\" alt=\"Petite cuisine\u00a0? Planifiez-la bien\u00a0!\"\/><\/a>\n\n\n\n<div class=\"gb-element-079eb05f\">\n<h2 class=\"gb-text gb-text-0bb57b52\"><a href=\"https:\/\/obcocinas.es\/fr\/blog\/petite-cuisine-planifiez-la-bien\/\">Petite cuisine&nbsp;? Planifiez-la bien&nbsp;!<\/a><\/h2>\n\n\n\n<a class=\"gb-text gb-text-5268e653\" href=\"https:\/\/obcocinas.es\/fr\/blog\/petite-cuisine-planifiez-la-bien\/\">En savoir plus<\/a>\n<\/div>\n<\/div>\n\n<div class=\"gb-loop-item post-18071 post type-post status-publish format-standard has-post-thumbnail hentry category-inspiration-fr category-non-categorise\">\n<a href=\"https:\/\/obcocinas.es\/fr\/blog\/cuisines-quelles-seront-les-tendances-en-2026\/\"><img decoding=\"async\" data-media-id=\"18126\" class=\"gb-media-48017a73\" src=\"https:\/\/obcocinas.es\/wp-content\/uploads\/2025\/12\/ob-cocinas-que-se-llevara-en-2026-jpg.avif\" alt=\"Cuisines\u00a0: quelles seront les tendances en 2026\u00a0?\"\/><\/a>\n\n\n\n<div class=\"gb-element-079eb05f\">\n<h2 class=\"gb-text gb-text-0bb57b52\"><a href=\"https:\/\/obcocinas.es\/fr\/blog\/cuisines-quelles-seront-les-tendances-en-2026\/\">Cuisines&nbsp;: quelles seront les tendances en 2026&nbsp;?<\/a><\/h2>\n\n\n\n<a class=\"gb-text gb-text-5268e653\" href=\"https:\/\/obcocinas.es\/fr\/blog\/cuisines-quelles-seront-les-tendances-en-2026\/\">En savoir plus<\/a>\n<\/div>\n<\/div>\n\n<div class=\"gb-loop-item post-10739 post type-post status-publish format-standard has-post-thumbnail hentry category-conseils category-inspiration-fr\">\n<a href=\"https:\/\/obcocinas.es\/fr\/blog\/kitchen-as-a-social-space-new-ways-of-enjoying-it\/\"><img decoding=\"async\" data-media-id=\"9642\" class=\"gb-media-48017a73\" src=\"https:\/\/obcocinas.es\/wp-content\/uploads\/2025\/11\/ob_cocinas_la_cocina_como_espacio_social_nuevas_formas_de_disfrutarla_3-3.-pim2-2000_q65-jpg.avif\" alt=\"La cuisine en tant qu\u2019espace social : de nouvelles fa\u00e7ons de l\u2019appr\u00e9cier\"\/><\/a>\n\n\n\n<div class=\"gb-element-079eb05f\">\n<h2 class=\"gb-text gb-text-0bb57b52\"><a href=\"https:\/\/obcocinas.es\/fr\/blog\/kitchen-as-a-social-space-new-ways-of-enjoying-it\/\">La cuisine en tant qu&rsquo;espace social : de nouvelles fa\u00e7ons de l&rsquo;appr\u00e9cier<\/a><\/h2>\n\n\n\n<a class=\"gb-text gb-text-5268e653\" href=\"https:\/\/obcocinas.es\/fr\/blog\/kitchen-as-a-social-space-new-ways-of-enjoying-it\/\">En savoir plus<\/a>\n<\/div>\n<\/div>\n<\/div>\n\n\n<div class=\"gb-element-60528a63 gb-query-loop-pagination\">\n\n<nav class=\"gb-query-page-numbers-df0160d7\"><span aria-current=\"page\" class=\"page-numbers current\">1<\/span>\n<a class=\"page-numbers\" href=\"?query-ed4bcffa-page=2\">2<\/a>\n<a class=\"page-numbers\" href=\"?query-ed4bcffa-page=3\">3<\/a>\n<a class=\"page-numbers\" href=\"?query-ed4bcffa-page=4\">4<\/a>\n<span class=\"page-numbers dots\">\u2026<\/span>\n<a class=\"page-numbers\" href=\"?query-ed4bcffa-page=19\">19<\/a><\/nav>\n\n\n<a class=\"gb-text gb-text-abe7f152\" href=\"\/fr\/wp-json\/wp\/v2\/pages\/5718?query-ed4bcffa-page=2\">Suivant<\/a>\n<\/div>\n\n\n<\/div>\n<\/div>\n","protected":false},"excerpt":{"rendered":"<p>Actualit\u00e9s<\/p>\n","protected":false},"author":1,"featured_media":0,"parent":0,"menu_order":0,"comment_status":"closed","ping_status":"closed","template":"wp-custom-template-page-sans-titre","meta":{"footnotes":""},"class_list":["post-5718","page","type-page","status-publish","hentry"],"_links":{"self":[{"href":"https:\/\/obcocinas.es\/fr\/wp-json\/wp\/v2\/pages\/5718","targetHints":{"allow":["GET"]}}],"collection":[{"href":"https:\/\/obcocinas.es\/fr\/wp-json\/wp\/v2\/pages"}],"about":[{"href":"https:\/\/obcocinas.es\/fr\/wp-json\/wp\/v2\/types\/page"}],"author":[{"embeddable":true,"href":"https:\/\/obcocinas.es\/fr\/wp-json\/wp\/v2\/users\/1"}],"replies":[{"embeddable":true,"href":"https:\/\/obcocinas.es\/fr\/wp-json\/wp\/v2\/comments?post=5718"}],"version-history":[{"count":7,"href":"https:\/\/obcocinas.es\/fr\/wp-json\/wp\/v2\/pages\/5718\/revisions"}],"predecessor-version":[{"id":19631,"href":"https:\/\/obcocinas.es\/fr\/wp-json\/wp\/v2\/pages\/5718\/revisions\/19631"}],"wp:attachment":[{"href":"https:\/\/obcocinas.es\/fr\/wp-json\/wp\/v2\/media?parent=5718"}],"curies":[{"name":"wp","href":"https:\/\/api.w.org\/{rel}","templated":true}]}}