{"id":5717,"date":"2025-11-21T02:00:22","date_gmt":"2025-11-21T01:00:22","guid":{"rendered":"https:\/\/obcocinas.codeloper.dev\/politique-de-cookies\/"},"modified":"2026-05-04T10:53:36","modified_gmt":"2026-05-04T08:53:36","slug":"politique-de-cookies","status":"publish","type":"page","link":"https:\/\/obcocinas.es\/fr\/politique-de-cookies\/","title":{"rendered":"Politique de cookies"},"content":{"rendered":"\n<p><strong>INTRODUCTION<\/strong><\/p>\n\n<p>Le site web de <strong>MUEBLES OB, S.A.<\/strong> utilise des cookies propri\u00e9taires et tiers. Un cookie est un fichier qui est t\u00e9l\u00e9charg\u00e9 sur votre ordinateur lorsque vous acc\u00e9dez \u00e0 certaines pages web. Les cookies permettent \u00e0 une page web, entre autres finalit\u00e9s, d&rsquo;assurer le bon fonctionnement de la page, de permettre \u00e0 l&rsquo;Utilisateur un acc\u00e8s plus rapide aux services s\u00e9lectionn\u00e9s, de stocker et de r\u00e9cup\u00e9rer des informations sur les habitudes de navigation d&rsquo;un utilisateur ou de son \u00e9quipement et m\u00eame, en fonction des informations qu&rsquo;ils contiennent et de la mani\u00e8re dont vous utilisez votre \u00e9quipement, ils peuvent \u00eatre utilis\u00e9s pour reconna\u00eetre l&rsquo;utilisateur. Les cookies sont associ\u00e9s uniquement \u00e0 un utilisateur anonyme et \u00e0 son ordinateur ou appareil et ne fournissent pas de r\u00e9f\u00e9rences permettant de conna\u00eetre ses donn\u00e9es personnelles, sauf autorisation expresse de celui-ci.<\/p>\n\n<p>L&rsquo;utilisateur peut, \u00e0 tout moment, accepter ou refuser les cookies install\u00e9s qui ne sont pas strictement n\u00e9cessaires au bon fonctionnement du site web et \u00e0 l&rsquo;acc\u00e8s de l&rsquo;Utilisateur \u00e0 ses services, via le panneau de r\u00e9glage des cookies fourni sur notre site web. De m\u00eame, il pourra configurer son navigateur \u00e0 tout moment sans que cela nuise \u00e0 la possibilit\u00e9 de l&rsquo;Utilisateur d&rsquo;acc\u00e9der aux contenus. Cependant, nous vous informons que le refus des cookies peut diminuer le bon fonctionnement du site web.  <\/p>\n\n<p><strong>COOKIES AFFECT\u00c9S PAR LA NORMATIVE ET COOKIES EXEMPT\u00c9S<\/strong><\/p>\n\n<p>Selon la directive de l&rsquo;UE, les cookies qui requi\u00e8rent le consentement \u00e9clair\u00e9 de l&rsquo;utilisateur sont les cookies d&rsquo;analyse, les cookies de publicit\u00e9 et d&rsquo;affiliation, \u00e9tant except\u00e9s les cookies de caract\u00e8re technique et ceux n\u00e9cessaires au fonctionnement du site web ou \u00e0 la prestation de services express\u00e9ment demand\u00e9s par l&rsquo;utilisateur.<\/p>\n\n<p><strong>TYPE DE COOKIES<\/strong><\/p>\n\n<p>a) Selon l&rsquo;<strong>entit\u00e9 qui les g\u00e8re<\/strong>, il existe des cookies <strong>propres<\/strong> (ceux qui sont envoy\u00e9s \u00e0 l&rsquo;\u00e9quipement terminal de l&rsquo;utilisateur depuis un \u00e9quipement ou un domaine g\u00e9r\u00e9 par l&rsquo;\u00e9diteur lui-m\u00eame et depuis lequel est pr\u00eat\u00e9 le service sollicit\u00e9 par l&rsquo;utilisateur) et des cookies <strong>tiers<\/strong> (ceux qui sont envoy\u00e9s \u00e0 l&rsquo;\u00e9quipement terminal de l&rsquo;utilisateur depuis un \u00e9quipement ou un domaine qui n&rsquo;est pas g\u00e9r\u00e9 par l&rsquo;\u00e9diteur, mais par une autre entit\u00e9 qui traite les donn\u00e9es obtenues au moyen des cookies).<\/p>\n\n<p>b) Selon le <strong>temps qu&rsquo;ils restent actifs<\/strong>, il y a les cookies de <strong>session<\/strong> (con\u00e7us pour demander et stocker des donn\u00e9es pendant que l&rsquo;utilisateur acc\u00e8de \u00e0 une page web) et les cookies <strong>persistants<\/strong> (dans lesquels les donn\u00e9es sont stock\u00e9es dans le terminal et peuvent \u00eatre consult\u00e9es et trait\u00e9es pendant une p\u00e9riode d\u00e9finie par le responsable du cookie &#8211; cela peut aller de quelques minutes \u00e0 plusieurs ann\u00e9es).<\/p>\n\n<p>c) Selon la <strong>finalit\u00e9<\/strong> pour laquelle ils traitent l&rsquo;information qu&rsquo;ils recueillent, ils peuvent \u00eatre\u00a0:<br\/><strong>&#8211; Cookies techniques<\/strong> (n\u00e9cessaires \u00e0 l&rsquo;utilisation du web et \u00e0 la prestation du service contract\u00e9),<br\/><strong>&#8211; Cookies de personnalisation<\/strong> (qui permettent \u00e0 l&rsquo;utilisateur d&rsquo;acc\u00e9der au service avec des caract\u00e9ristiques pr\u00e9d\u00e9finies, telles que la langue, le type de navigateur, la configuration r\u00e9gionale, etc.)<br\/><strong>&#8211; Cookies d&rsquo;analyse<\/strong> (recueillent des informations sur l&rsquo;utilisation qui est faite du web),<br\/><strong>&#8211; Cookies publicitaires<\/strong> (recueillent des informations sur les pr\u00e9f\u00e9rences et les choix personnels des utilisateurs),<br\/><strong>&#8211; Cookies d&rsquo;affiliation<\/strong> (permettent de suivre les visites provenant d&rsquo;autres sites web, avec lesquels le site web \u00e9tablit un contrat d&rsquo;affiliation).<\/p>\n\n<p>Pendant que vous naviguez sur notre site web, les cookies de nos r\u00e9seaux sociaux peuvent \u00eatre stock\u00e9s dans votre navigateur. Ci-dessous, nous vous indiquons les liens concernant les cookies des r\u00e9seaux sociaux que nous utilisons sur ce site web\u00a0:<br\/>&#8211; Cookies de Facebook, voir plus d&rsquo;informations dans sa politique de cookies<br\/>&#8211; Cookies de Youtube, voir plus d&rsquo;informations dans sa politique de cookies<br\/>&#8211; Cookies de Twitter, voir plus d&rsquo;informations dans sa politique de cookies<br\/>&#8211; Cookies d&rsquo;Instagram, voir plus d&rsquo;informations dans sa politique de cookies<br\/>&#8211; Cookies de Linkedin, voir plus d&rsquo;informations dans sa politique de cookies<br\/>&#8211; Cookies de Pinterest, voir plus d&rsquo;informations dans sa politique de cookies <\/p>\n\n<p><strong>R\u00c9VOCATION<\/strong><\/p>\n\n<p>\u00c0 tout moment, vous pourrez acc\u00e9der \u00e0 la configuration de votre navigateur en acceptant ou en refusant tous les cookies, ou bien en s\u00e9lectionnant ceux dont l&rsquo;installation est admise et ceux qui ne le sont pas, en suivant l&rsquo;une des proc\u00e9dures suivantes, qui d\u00e9pend du navigateur que vous utilisez\u00a0:<\/p>\n\n<p><strong>Google Chrome<\/strong> (dans le menu Outils)\u00a0:<br\/>Configuration&gt; Afficher les options avanc\u00e9es&gt; Confidentialit\u00e9 (Configuration du contenu)&gt; Cookies\u00a0:<br\/>https:\/\/support.google.com\/chrome\/answer\/95647?co=GENIE.Platform%3DDesktop&amp;hl=es<\/p>\n\n<p><strong>Microsoft Internet Explorer<\/strong> (dans le menu Outils)\u00a0:<br\/>Options Internet&gt; Confidentialit\u00e9&gt; Avanc\u00e9\u00a0:<br\/>https:\/\/support.microsoft.com\/es-es\/help\/17442\/windows-internet-explorer-delete-manage-cookies<\/p>\n\n<p><strong>Firefox\u00a0:<\/strong><br\/>Options&gt; Vie priv\u00e9e&gt; Cookies\u00a0:<br\/>https:\/\/support.mozilla.org\/es\/kb\/habilitar-y-deshabilitar-cookies-sitios-web-rastrear-preferencias<\/p>\n\n<p><strong>Opera\u00a0:<\/strong><br\/>Configuration&gt; Options&gt; Avanc\u00e9&gt; Cookies<br\/>http:\/\/help.opera.com\/Windows\/12.00\/es-ES\/cookies.html<\/p>\n\n<p>Ces navigateurs sont soumis \u00e0 des changements ou des modifications, c&rsquo;est pourquoi nous ne pouvons pas garantir qu&rsquo;ils s&rsquo;adaptent compl\u00e8tement \u00e0 la version de votre navigateur. Il est \u00e9galement possible que vous utilisiez un autre navigateur non inclus dans ces liens comme Konqueror, Arora, Flock, etc. Pour \u00e9viter ces d\u00e9sajustements, vous pouvez acc\u00e9der directement depuis les options de votre navigateur, g\u00e9n\u00e9ralement dans le menu \u00ab\u00a0Options\u00a0\u00bb dans la section \u00ab\u00a0Confidentialit\u00e9\u00a0\u00bb. (Veuillez consulter l&rsquo;aide de votre navigateur pour plus d&rsquo;informations).   <\/p>\n\n<p><strong>MODIFICATIONS DE LA PR\u00c9SENTE POLITIQUE DE COOKIES<\/strong><\/p>\n\n<p><strong>MUEBLES OB, S.A.<\/strong> se r\u00e9serve le droit de modifier la pr\u00e9sente politique pour l&rsquo;adapter aux nouveaut\u00e9s l\u00e9gislatives ou jurisprudentielles.<\/p>\n\n<p><strong>D\u00c9SACTIVATION \/ ACTIVATION ET SUPPRESSION DES COOKIES<\/strong><\/p>\n\n<p>Pour restreindre ou bloquer les cookies, cela se fait via la configuration du navigateur.<\/p>\n\n<p>Si vous ne souhaitez pas que les sites web placent des cookies sur votre ordinateur, vous pouvez adapter la configuration du navigateur de mani\u00e8re \u00e0 ce que vous soyez averti avant qu&rsquo;un cookie ne soit plac\u00e9. De m\u00eame, vous pouvez adapter la configuration de mani\u00e8re \u00e0 ce que le navigateur refuse tous les cookies, ou uniquement les cookies de tiers. Vous pouvez \u00e9galement supprimer tous les cookies qui se trouvent d\u00e9j\u00e0 sur l&rsquo;ordinateur. N&rsquo;oubliez pas que vous devrez adapter s\u00e9par\u00e9ment la configuration de chaque navigateur et ordinateur que vous utilisez.   <\/p>\n\n<p>N&rsquo;oubliez pas que si vous ne souhaitez pas recevoir de cookies, nous ne pourrons plus garantir que notre site web fonctionne correctement. Certaines fonctions du site peuvent \u00eatre perdues et il est possible que vous ne puissiez plus voir certains sites web. De plus, le fait de refuser les cookies ne signifie pas que vous n&rsquo;allez plus voir de publicit\u00e9s. Simplement, les publicit\u00e9s ne s&rsquo;ajusteront pas \u00e0 vos int\u00e9r\u00eats et se r\u00e9p\u00e9teront plus fr\u00e9quemment.   <\/p>\n\n<p>Chaque navigateur a une m\u00e9thode diff\u00e9rente pour adapter la configuration. Si n\u00e9cessaire, consultez la fonction d&rsquo;aide du navigateur pour \u00e9tablir la configuration correcte. <\/p>\n\n<p>Pour d\u00e9sactiver les cookies sur le t\u00e9l\u00e9phone portable, consultez le manuel de l&rsquo;appareil pour obtenir plus d&rsquo;informations.<\/p>\n\n<p>Vous pouvez obtenir plus d&rsquo;informations sur les cookies sur Internet, <a href=\"http:\/\/www.aboutcookies.org\/\" target=\"_blank\" rel=\"noopener\">http:\/\/www.aboutcookies.org\/<\/a>.<\/p>\n\n<p>Compte tenu de la fa\u00e7on dont Internet et les sites web fonctionnent, nous ne disposons pas toujours d&rsquo;informations sur les cookies que placent des tiers via notre site web. Cela s&rsquo;applique particuli\u00e8rement aux cas o\u00f9 la page web contient ce que l&rsquo;on appelle des \u00e9l\u00e9ments int\u00e9gr\u00e9s\u00a0: textes, documents, images ou courts films qui sont stock\u00e9s ailleurs, mais qui sont affich\u00e9s sur notre site web ou via celui-ci. <\/p>\n\n<p>Par cons\u00e9quent, si vous rencontrez ce type de cookies sur ce site web et qu&rsquo;ils ne sont pas \u00e9num\u00e9r\u00e9s dans la liste pr\u00e9c\u00e9dente, nous vous prions de nous le communiquer. Ou bien, mettez-vous en contact directement avec le tiers pour lui demander des informations sur les cookies qu&rsquo;il place, la finalit\u00e9 et la dur\u00e9e du cookie, et comment il a garanti votre vie priv\u00e9e. <\/p>\n\n<p><strong>INFORMATIONS RELATIVES AU TRAITEMENT DES DONN\u00c9ES PERSONNELLES (ART.13 RGPD) <\/strong><\/p>\n\n<p><strong>Qui est le responsable du traitement de vos donn\u00e9es personnelles\u00a0?<\/strong><\/p>\n\n<p><strong>MUEBLES OB, S.A.<\/strong> est le responsable du traitement des donn\u00e9es personnelles que vous nous fournissez, situ\u00e9 \u00e0 Camino de C\u00f3rdoba Km2, Villafranca de C\u00f3rdoba, 14420, C\u00f3rdoba et avec CIF A14372874 et mail de contact dpd@kbc-group.com.<\/p>\n\n<p><strong>\u00c0 quelles fins utilisons-nous vos donn\u00e9es personnelles\u00a0?<\/strong><\/p>\n\n<p>L&rsquo;information recueillie \u00e0 travers les cookies propres (cookies de session et d&rsquo;entr\u00e9e d&rsquo;utilisateur) est g\u00e9n\u00e9ralement utilis\u00e9e pour suivre les actions de l&rsquo;utilisateur lors du remplissage des formulaires en ligne sur plusieurs pages, ou comme panier d&rsquo;achat pour faire le suivi des articles que l&rsquo;utilisateur a s\u00e9lectionn\u00e9s en cliquant sur un bouton, ou pour personnaliser l&rsquo;interface de l&rsquo;utilisateur lors de la visite de la page web.<\/p>\n\n<p>L&rsquo;information recueillie \u00e0 travers les cookies de tiers est la suivante\u00a0:<br\/>&#8211; \u00c0 travers les cookies analytiques, on analyse vos habitudes de navigation pour am\u00e9liorer les services pr\u00eat\u00e9s\u00a0;<br\/>&#8211; \u00c0 travers les cookies comportementaux, on recueille des informations sur les pr\u00e9f\u00e9rences de l&rsquo;utilisateur pour g\u00e9rer les espaces publicitaires de la mani\u00e8re la plus efficace possible\u00a0;<br\/>&#8211; et \u00e0 travers les cookies publicitaires, on mesure le rendement des annonces et on fournit des recommandations relatives \u00e0 des produits bas\u00e9es sur des donn\u00e9es statistiques.<\/p>\n\n<p>Pour voir exactement l&rsquo;utilisation des cookies, veuillez consulter le tableau sur l&rsquo;utilisation des cookies sur ce site web.<\/p>\n\n<p><strong>Quelle est la base l\u00e9gale pour le traitement de vos donn\u00e9es personnelles\u00a0?<\/strong><br\/>La l\u00e9gitimation pour le traitement de vos donn\u00e9es personnelles est donn\u00e9e par votre consentement, accord\u00e9 au moment de nous contacter, pour l&rsquo;utilisation de cookies analytiques, comportementaux et publicitaires\u00a0; pour les cookies de session ou de personnalisation, la l\u00e9gitimation pour le traitement est donn\u00e9e par l&rsquo;int\u00e9r\u00eat l\u00e9gitime du prestataire (responsable du traitement).<\/p>\n\n<p><strong>\u00c0 qui communiquons-nous vos donn\u00e9es\u00a0?<\/strong><br\/>Aucune donn\u00e9e ne sera c\u00e9d\u00e9e ni communiqu\u00e9e \u00e0 des tiers, sauf par obligation l\u00e9gale ou aux tiers indiqu\u00e9s dans le cas d&rsquo;utilisation de cookies g\u00e9r\u00e9s par ceux-ci.<\/p>\n\n<p><strong>Quelle est la dur\u00e9e de conservation de vos donn\u00e9es\u00a0?<\/strong><br\/>La dur\u00e9e de conservation des donn\u00e9es recueillies est celle indiqu\u00e9e dans le tableau sur l&rsquo;utilisation des cookies sur ce site web.<\/p>\n\n<p><strong>Quels sont vos droits\u00a0?<\/strong><br\/>Les droits qui prot\u00e8gent l&rsquo;utilisateur sont ceux d&rsquo;acc\u00e8s, de rectification, de suppression, de portabilit\u00e9 de ceux-ci, de retrait du consentement (sans que cela n&rsquo;affecte la lic\u00e9it\u00e9 du traitement accord\u00e9 pr\u00e9alablement \u00e0 son retrait), d&rsquo;opposition au traitement, de limitation (dans certaines circonstances) et de pr\u00e9sentation d&rsquo;une r\u00e9clamation aupr\u00e8s de l&rsquo;autorit\u00e9 de contr\u00f4le (l&rsquo;Agence Espagnole de protection des donn\u00e9es, <a href=\"http:\/\/www.aepd.es\/\" target=\"_blank\" rel=\"noopener\">www.aepd.es<\/a>).<\/p>\n\n<p>Ce site web utilise des cookies. Les cookies de ce site web sont utilis\u00e9s pour personnaliser le contenu et les annonces, offrir des fonctions de r\u00e9seaux sociaux et analyser le trafic. De plus, nous partageons des informations sur l&rsquo;utilisation que vous faites du site web avec nos partenaires de r\u00e9seaux sociaux, de publicit\u00e9 et d&rsquo;analyse web, qui peuvent les combiner avec d&rsquo;autres informations que vous leur avez fournies ou qu&rsquo;ils ont recueillies \u00e0 partir de l&rsquo;utilisation que vous avez faite de leurs services.  <\/p>\n\n<p>Les cookies sont de petits fichiers de texte que les pages web peuvent utiliser pour rendre plus efficace l&rsquo;exp\u00e9rience de l&rsquo;utilisateur.<br\/><br\/>La loi affirme que nous pouvons stocker des cookies sur votre appareil s&rsquo;ils sont strictement n\u00e9cessaires au fonctionnement de cette page. Pour tous les autres types de cookies, nous avons besoin de votre permission. <br\/><br\/>Cette page utilise diff\u00e9rents types de cookies. Certains cookies sont plac\u00e9s par des services de tiers qui apparaissent sur nos pages. <br\/><br\/>\u00c0 tout moment, vous pouvez modifier ou retirer votre consentement depuis la D\u00e9claration de cookies sur notre site web.<br\/><br\/>Obtenez plus d&rsquo;informations sur qui nous sommes, comment vous pouvez nous contacter et comment nous traitons les donn\u00e9es personnelles dans notre Politique de confidentialit\u00e9.<br\/><br\/>En nous contactant concernant votre consentement, veuillez indiquer l&rsquo;ID et la date de votre consentement.<\/p>\n\n<p>Votre consentement s&rsquo;applique aux domaines suivants\u00a0: obcocinas.es<\/p>\n\n<p>Votre \u00e9tat actuel\u00a0: Autoriser tout.  <\/p>\n\n<p id=\"CookieDeclarationConsentIdAndDate\">ID de votre consentement\u00a0: KeW152I9Cg8N4RxYq5po2XI9YsMl19XVfPpBzSllAH3sMMZYWBQLUQ==Date du consentement\u00a0: mercredi 2 juillet 2025, 12:26:11 GMT-4<\/p>\n","protected":false},"excerpt":{"rendered":"<p>INTRODUCTION Le site web de MUEBLES OB, S.A. utilise des cookies propri\u00e9taires et tiers. Un cookie est un fichier qui est t\u00e9l\u00e9charg\u00e9 sur votre ordinateur lorsque vous acc\u00e9dez \u00e0 certaines pages web. Les cookies permettent \u00e0 une page web, entre autres finalit\u00e9s, d&rsquo;assurer le bon fonctionnement de la page, de permettre \u00e0 l&rsquo;Utilisateur un acc\u00e8s [&hellip;]<\/p>\n","protected":false},"author":1,"featured_media":0,"parent":0,"menu_order":0,"comment_status":"closed","ping_status":"closed","template":"","meta":{"footnotes":""},"class_list":["post-5717","page","type-page","status-publish","hentry"],"_links":{"self":[{"href":"https:\/\/obcocinas.es\/fr\/wp-json\/wp\/v2\/pages\/5717","targetHints":{"allow":["GET"]}}],"collection":[{"href":"https:\/\/obcocinas.es\/fr\/wp-json\/wp\/v2\/pages"}],"about":[{"href":"https:\/\/obcocinas.es\/fr\/wp-json\/wp\/v2\/types\/page"}],"author":[{"embeddable":true,"href":"https:\/\/obcocinas.es\/fr\/wp-json\/wp\/v2\/users\/1"}],"replies":[{"embeddable":true,"href":"https:\/\/obcocinas.es\/fr\/wp-json\/wp\/v2\/comments?post=5717"}],"version-history":[{"count":1,"href":"https:\/\/obcocinas.es\/fr\/wp-json\/wp\/v2\/pages\/5717\/revisions"}],"predecessor-version":[{"id":5721,"href":"https:\/\/obcocinas.es\/fr\/wp-json\/wp\/v2\/pages\/5717\/revisions\/5721"}],"wp:attachment":[{"href":"https:\/\/obcocinas.es\/fr\/wp-json\/wp\/v2\/media?parent=5717"}],"curies":[{"name":"wp","href":"https:\/\/api.w.org\/{rel}","templated":true}]}}