{"id":19355,"date":"2026-03-11T19:50:50","date_gmt":"2026-03-11T18:50:50","guid":{"rendered":"https:\/\/obcocinas.es\/configura-tu-cocina\/"},"modified":"2026-05-04T10:49:26","modified_gmt":"2026-05-04T08:49:26","slug":"configura-tu-cocina","status":"publish","type":"page","link":"https:\/\/obcocinas.es\/fr\/configura-tu-cocina\/","title":{"rendered":"Am\u00e9nagez votre cuisine"},"content":{"rendered":"\n<div class=\"gb-element-04f3aae7 ob-projects\">\n<div class=\"gb-element-0cb7d43d ob-swiper-projects-container\">\n<div class=\"gb-element-5538e0c5\">\n<div class=\"gb-element-f34fe11a\">\n<h1 class=\"gb-text gb-text-5303fce7\">Planificateur de Cuisines<\/h1>\n\n\n\n<div class=\"gb-element-c82b46e0\"><\/div>\n<\/div>\n<\/div>\n<\/div>\n\n\n\n<div class=\"gb-element-176f9b2e\">\n<div class=\"gb-element-dae1ad99\"><\/div>\n\n\n\n<div class=\"gb-element-111b6792\"><\/div>\n\n\n\n<div class=\"gb-element-c3ccf976\"><\/div>\n\n\n\n<div class=\"gb-element-b07b8a13\"><\/div>\n\n\n\n<a class=\"gb-element-cbe38fbc caja-planificador-ob\" href=\"https:\/\/obcocinas.es\/standalone-kitchen-configurator\/configurators\/lineal\/\" rel=\"nofollow\">\n<h2 class=\"wp-block-heading\">Lin\u00e9aire<\/h2>\n\n\n\n<p>Cuisine en ligne droite<\/p>\n<\/a>\n\n\n\n<a class=\"gb-element-10c82148 caja-planificador-ob\" href=\"https:\/\/obcocinas.es\/standalone-kitchen-configurator\/configurators\/en-l\/\" rel=\"nofollow\">\n<h2 class=\"wp-block-heading\">En L<\/h2>\n\n\n\n<p>Cuisine en forme de L<\/p>\n<\/a>\n\n\n\n<a class=\"gb-element-4f602a2f caja-planificador-ob\" href=\"https:\/\/obcocinas.es\/standalone-kitchen-configurator\/configurators\/paralelo\/\" rel=\"nofollow\">\n<h2 class=\"wp-block-heading\">Parall\u00e8le<\/h2>\n\n\n\n<p>Cuisine avec deux lin\u00e9aires parall\u00e8les<\/p>\n<\/a>\n\n\n\n<a class=\"gb-element-65cb0e01 caja-planificador-ob\" href=\"https:\/\/obcocinas.es\/standalone-kitchen-configurator\/configurators\/isla\/\" rel=\"nofollow\">\n<h2 class=\"wp-block-heading\">\u00celot<\/h2>\n\n\n\n<p>Cuisine avec \u00eelot central<\/p>\n<\/a>\n<\/div>\n<\/div>\n","protected":false},"excerpt":{"rendered":"<p>Planificateur de Cuisines Lin\u00e9aire Cuisine en ligne droite En L Cuisine en forme de L Parall\u00e8le Cuisine avec deux lin\u00e9aires parall\u00e8les \u00celot Cuisine avec \u00eelot central<\/p>\n","protected":false},"author":2,"featured_media":0,"parent":0,"menu_order":0,"comment_status":"closed","ping_status":"closed","template":"page-no-title","meta":{"footnotes":""},"class_list":["post-19355","page","type-page","status-publish","hentry"],"_links":{"self":[{"href":"https:\/\/obcocinas.es\/fr\/wp-json\/wp\/v2\/pages\/19355","targetHints":{"allow":["GET"]}}],"collection":[{"href":"https:\/\/obcocinas.es\/fr\/wp-json\/wp\/v2\/pages"}],"about":[{"href":"https:\/\/obcocinas.es\/fr\/wp-json\/wp\/v2\/types\/page"}],"author":[{"embeddable":true,"href":"https:\/\/obcocinas.es\/fr\/wp-json\/wp\/v2\/users\/2"}],"replies":[{"embeddable":true,"href":"https:\/\/obcocinas.es\/fr\/wp-json\/wp\/v2\/comments?post=19355"}],"version-history":[{"count":3,"href":"https:\/\/obcocinas.es\/fr\/wp-json\/wp\/v2\/pages\/19355\/revisions"}],"predecessor-version":[{"id":19500,"href":"https:\/\/obcocinas.es\/fr\/wp-json\/wp\/v2\/pages\/19355\/revisions\/19500"}],"wp:attachment":[{"href":"https:\/\/obcocinas.es\/fr\/wp-json\/wp\/v2\/media?parent=19355"}],"curies":[{"name":"wp","href":"https:\/\/api.w.org\/{rel}","templated":true}]}}