{"id":19201,"date":"2026-02-04T21:55:23","date_gmt":"2026-02-04T20:55:23","guid":{"rendered":"https:\/\/obcocinas.es\/les-professionnels\/"},"modified":"2026-03-05T21:07:27","modified_gmt":"2026-03-05T20:07:27","slug":"les-professionnels","status":"publish","type":"page","link":"https:\/\/obcocinas.es\/fr\/les-professionnels\/","title":{"rendered":"Les professionnels"},"content":{"rendered":"\n<div class=\"gb-element-34d1ced1\">\n<div class=\"wp-block-cover\" style=\"min-height:100%;aspect-ratio:unset;\"><img loading=\"lazy\" decoding=\"async\" width=\"2560\" height=\"1707\" sizes=\"auto, (max-width: 2172px) 100vw, 2172px\" class=\"wp-block-cover__image-background wp-image-18300 size-full\" alt=\"Profesionales viendo un cat\u00e1logo\" src=\"https:\/\/obcocinas.es\/wp-content\/uploads\/2026\/02\/MC_5683-scaled.webp\" data-object-fit=\"cover\" srcset=\"https:\/\/obcocinas.es\/wp-content\/uploads\/2026\/02\/MC_5683-scaled.webp 2560w, https:\/\/obcocinas.es\/wp-content\/uploads\/2026\/02\/MC_5683-1024x683.webp 1024w, https:\/\/obcocinas.es\/wp-content\/uploads\/2026\/02\/MC_5683-1536x1024.webp 1536w, https:\/\/obcocinas.es\/wp-content\/uploads\/2026\/02\/MC_5683-2048x1366.webp 2048w\" \/><span aria-hidden=\"true\" class=\"wp-block-cover__background has-background-dim-0 has-background-dim\" style=\"background-color:#7d736f\"><\/span><div class=\"wp-block-cover__inner-container is-layout-flow wp-block-cover-is-layout-flow\">\n<p class=\"has-text-align-center has-large-font-size\"><\/p>\n<\/div><\/div>\n<\/div>\n\n\n\n<div class=\"gb-element-2dcbf3b7\">\n<div class=\"gb-element-a4ba9e1b\">\n<h1 class=\"gb-text gb-text-f6667fad\">Devenir distributeur<\/h1>\n\n\n\n<a class=\"gb-text gb-text-36362df6 ob-btn-main contacto\">Contactez-nous<\/a>\n<\/div>\n<\/div>\n\n\n\n<div class=\"gb-element-7702ef1d\">\n<div class=\"gb-element-56aec13b\">\n<div class=\"gb-element-aad1cca0\">\n<div class=\"gb-element-5f7c68f7\"><\/div>\n\n\n\n<div class=\"gb-element-36db1b0d\"><\/div>\n\n\n\n<div class=\"gb-element-282eced4\"><\/div>\n\n\n\n<div class=\"gb-element-32da5cbc\"><\/div>\n\n\n\n<div class=\"gb-element-8a0e31e4\">\n<p class=\"gb-text gb-text-eb0f8090\">+400<\/p>\n\n\n\n<p class=\"gb-text gb-text-6c293fde\">points de vente dans le monde<\/p>\n<\/div>\n\n\n\n<div class=\"gb-element-919d247a\">\n<p class=\"gb-text gb-text-698d25a7\">115.000<\/p>\n\n\n\n<p class=\"gb-text gb-text-72f2d233\">modules de cuisine fabriqu\u00e9s chaque ann\u00e9e<\/p>\n<\/div>\n\n\n\n<div class=\"gb-element-cabd418d\">\n<div class=\"gb-element-b521dfbb\">\n<p class=\"gb-text gb-text-12cee62d\">40.000  <\/p>\n\n\n\n<span class=\"gb-text gb-text-049f9748\">m2<\/span>\n<\/div>\n\n\n\n<p class=\"gb-text gb-text-5191d466\">d&rsquo;installations<\/p>\n<\/div>\n\n\n\n<div class=\"gb-element-2e00d923\">\n<p class=\"gb-text gb-text-fb7a9cdb\">+45<\/p>\n\n\n\n<p class=\"gb-text gb-text-08ce31fc\">ans d\u2019exp\u00e9rience<\/p>\n<\/div>\n\n\n\n<div class=\"gb-element-ff70c888\">\n<div class=\"gb-element-a3c9295a\">\n<p class=\"gb-text gb-text-b51deb18\">+15<\/p>\n\n\n\n<span class=\"gb-text gb-text-f79bed7a\">pays<\/span>\n<\/div>\n\n\n\n<p class=\"gb-text gb-text-3a713d50\">\u00e0 l\u2019export<\/p>\n<\/div>\n\n\n\n<div class=\"gb-element-970d7d92\">\n<div class=\"gb-element-32c25569\">\n<p class=\"gb-text gb-text-620dd78b\">1.000.000<\/p>\n\n\n\n<span class=\"gb-text gb-text-3ffcc88c\">watts<\/span>\n<\/div>\n\n\n\n<p class=\"gb-text gb-text-eff1d1f7\">d\u2019\u00e9nergie solaire g\u00e9n\u00e9r\u00e9e<\/p>\n<\/div>\n<\/div>\n<\/div>\n<\/div>\n\n\n\n<div class=\"gb-element-baa8ad04\">\n<div class=\"gb-element-f4ce6198\">\n<img loading=\"lazy\" decoding=\"async\" width=\"2560\" height=\"1706\" class=\"gb-media-8bce93f1\" alt=\"empresa\" src=\"https:\/\/obcocinas.es\/wp-content\/uploads\/2026\/02\/empresa-scaled.webp\" title=\"empresa\" srcset=\"https:\/\/obcocinas.es\/wp-content\/uploads\/2026\/02\/empresa-scaled.webp 2560w, https:\/\/obcocinas.es\/wp-content\/uploads\/2026\/02\/empresa-1024x683.webp 1024w, https:\/\/obcocinas.es\/wp-content\/uploads\/2026\/02\/empresa-1536x1024.webp 1536w, https:\/\/obcocinas.es\/wp-content\/uploads\/2026\/02\/empresa-2048x1365.webp 2048w\" sizes=\"auto, (max-width: 2560px) 100vw, 2560px\" \/>\n<\/div>\n\n\n\n<div class=\"gb-element-cecfca83\">\n<h2 class=\"gb-text gb-text-a49f5062\">Qualit\u00e9, efficacit\u00e9 <br>et excellence<\/h2>\n\n\n\n<div class=\"gb-element-dbd871c3\">\n<p style=\"margin-top:0px;margin-bottom:0px\">Chez OB COCINAS, nous sommes sp\u00e9cialis\u00e9s dans la conception, la fabrication et la fourniture de cuisines de haute qualit\u00e9.<br><br><br>Avec plus de <strong>45 ans <\/strong>d\u2019exp\u00e9rience, notre engagement envers la qualit\u00e9, l\u2019efficacit\u00e9 et l\u2019excellence du service fait de nous une r\u00e9f\u00e9rence dans le secteur.<br><br><br>En combinant technologie, automatisation et processus de production optimis\u00e9s, nous cr\u00e9ons des cuisines uniques, simples et \u00e9l\u00e9gantes.<br><\/p>\n<\/div>\n<\/div>\n<\/div>\n\n\n\n<div class=\"gb-element-d3fb5e9b\">\n<div class=\"gb-element-a2db1c6a\">\n<div class=\"gb-element-ab482ced\">\n<img loading=\"lazy\" decoding=\"async\" width=\"1280\" height=\"482\" class=\"gb-media-3f3d34c9\" alt=\"logo carb 2\" src=\"https:\/\/obcocinas.es\/wp-content\/uploads\/2026\/02\/Copia-de-logo-carb-2-negro.webp\" title=\"logo carb 2\" srcset=\"https:\/\/obcocinas.es\/wp-content\/uploads\/2026\/02\/Copia-de-logo-carb-2-negro.webp 1280w, https:\/\/obcocinas.es\/wp-content\/uploads\/2026\/02\/Copia-de-logo-carb-2-negro-1024x386.webp 1024w\" sizes=\"auto, (max-width: 1280px) 100vw, 1280px\" \/>\n<\/div>\n\n\n\n<div class=\"gb-element-afef0c05\">\n<img loading=\"lazy\" decoding=\"async\" width=\"400\" height=\"374\" class=\"gb-media-0638f12a\" alt=\"logo B Corp\" src=\"https:\/\/obcocinas.es\/wp-content\/uploads\/2026\/02\/Copia-de-B-Corp.webp\" title=\"logo B Corp\"\/>\n<\/div>\n\n\n\n<div class=\"gb-element-513a11a5\">\n<img loading=\"lazy\" decoding=\"async\" width=\"2560\" height=\"1236\" class=\"gb-media-ea0ed663\" alt=\"Logo ISO-9001\" src=\"https:\/\/obcocinas.es\/wp-content\/uploads\/2026\/02\/ISO-9001-RGB-negro-scaled.webp\" title=\"Logo ISO-9001\" srcset=\"https:\/\/obcocinas.es\/wp-content\/uploads\/2026\/02\/ISO-9001-RGB-negro-scaled.webp 2560w, https:\/\/obcocinas.es\/wp-content\/uploads\/2026\/02\/ISO-9001-RGB-negro-1024x494.webp 1024w, https:\/\/obcocinas.es\/wp-content\/uploads\/2026\/02\/ISO-9001-RGB-negro-1536x742.webp 1536w, https:\/\/obcocinas.es\/wp-content\/uploads\/2026\/02\/ISO-9001-RGB-negro-2048x989.webp 2048w\" sizes=\"auto, (max-width: 2560px) 100vw, 2560px\" \/>\n<\/div>\n\n\n\n<div class=\"gb-element-abb19fe2\">\n<img loading=\"lazy\" decoding=\"async\" width=\"563\" height=\"212\" class=\"gb-media-a947e334\" alt=\"LOGO-GARANTIA\" src=\"https:\/\/obcocinas.es\/wp-content\/uploads\/2026\/02\/Copia-de-LOGO-GARANTIA.webp\" title=\"LOGO-GARANTIA\"\/>\n<\/div>\n<\/div>\n<\/div>\n\n\n\n<div class=\"gb-element-0cf74a7e\">\n<div class=\"gb-element-197cf0d0\" id=\"view-catalog\">\n<div class=\"gb-element-7fc28851\">\n<div class=\"gb-element-ed89e417\">\n<div class=\"gb-element-a1a9663f\">\n<div class=\"gb-element-0dfefa10\">\n<div class=\"gb-element-387bc205\">\n<hr class=\"wp-block-separator has-text-color has-alpha-channel-opacity has-background\" style=\"margin-top:5px;background-color:#805ee8;color:#805ee8\"\/>\n<\/div>\n\n\n\n<p class=\"gb-text gb-text-26fae74a\">Contactez-nous<\/p>\n<\/div>\n\n\n\n<h2 class=\"gb-text gb-text-6794779f\">Vous souhaitez devenir distributeur ?<\/h2>\n\n\n\n<p class=\"gb-text gb-text-c24ca27e\">Rejoignez notre r\u00e9seau international de distributeurs<\/p>\n<\/div>\n\n\n\n<div class=\"gb-element-790e2d84\">\n<a class=\"gb-text gb-text-9a5cb6a8 ob-btn-main contacto\" href=\"https:\/\/obcocinas.es\/wp-content\/uploads\/2025\/11\/CATALOGO-DE-IMAGEN-2025.pdf\">En savoir plus<\/a>\n<\/div>\n<\/div>\n<\/div>\n<\/div>\n<\/div>\n\n\n\n<div class=\"gb-element-04f3aae7 ob-projects\">\n<div class=\"gb-element-0cb7d43d ob-swiper-projects-container\">\n<div class=\"gb-element-f34fe11a\">\n<h2 class=\"gb-text gb-text-5303fce7\">Projets<\/h2>\n\n\n\n<div class=\"gb-element-c82b46e0\"><\/div>\n<\/div>\n\n\n\n<div class=\"gb-query-ed4bcffa ob-swiper-projects\"><div class=\"gb-looper-edd2a240 swiper-wrapper\">\n<div class=\"gb-loop-item swiper-slide ob-sn-card post-6379 proyectos type-proyectos status-publish has-post-thumbnail hentry\">\n<a href=\"https:\/\/obcocinas.es\/fr\/projets\/casella\/\"><img decoding=\"async\" data-media-id=\"6392\" class=\"gb-media-48017a73\" src=\"https:\/\/obcocinas.es\/wp-content\/uploads\/2025\/11\/Copia-de-OB_COMPOSICION-7-jpg.avif\" alt=\"Casella\"\/><\/a>\n\n\n\n<div>\n<h3 class=\"gb-text gb-text-0bb57b52\"><a href=\"https:\/\/obcocinas.es\/fr\/projets\/casella\/\">Casella<\/a><\/h3>\n\n\n\n<a class=\"gb-text gb-text-5268e653\" href=\"https:\/\/obcocinas.es\/fr\/projets\/casella\/\">D\u00e9couvrir davantage<\/a>\n<\/div>\n<\/div>\n\n<div class=\"gb-loop-item swiper-slide ob-sn-card post-6411 proyectos type-proyectos status-publish has-post-thumbnail hentry\">\n<a href=\"https:\/\/obcocinas.es\/fr\/projets\/dakar\/\"><img decoding=\"async\" data-media-id=\"6388\" class=\"gb-media-48017a73\" src=\"https:\/\/obcocinas.es\/wp-content\/uploads\/2025\/11\/Copia-de-OB_COMPOSICION-1-jpg.avif\" alt=\"Dakar\"\/><\/a>\n\n\n\n<div>\n<h3 class=\"gb-text gb-text-0bb57b52\"><a href=\"https:\/\/obcocinas.es\/fr\/projets\/dakar\/\">Dakar<\/a><\/h3>\n\n\n\n<a class=\"gb-text gb-text-5268e653\" href=\"https:\/\/obcocinas.es\/fr\/projets\/dakar\/\">D\u00e9couvrir davantage<\/a>\n<\/div>\n<\/div>\n\n<div class=\"gb-loop-item swiper-slide ob-sn-card post-6366 proyectos type-proyectos status-publish has-post-thumbnail hentry\">\n<a href=\"https:\/\/obcocinas.es\/fr\/projets\/namibie\/\"><img decoding=\"async\" data-media-id=\"18011\" class=\"gb-media-48017a73\" src=\"https:\/\/obcocinas.es\/wp-content\/uploads\/2025\/11\/OB_COMPOSICION-8-2-jpg.avif\" alt=\"Namibia\"\/><\/a>\n\n\n\n<div>\n<h3 class=\"gb-text gb-text-0bb57b52\"><a href=\"https:\/\/obcocinas.es\/fr\/projets\/namibie\/\">Namibia<\/a><\/h3>\n\n\n\n<a class=\"gb-text gb-text-5268e653\" href=\"https:\/\/obcocinas.es\/fr\/projets\/namibie\/\">D\u00e9couvrir davantage<\/a>\n<\/div>\n<\/div>\n\n<div class=\"gb-loop-item swiper-slide ob-sn-card post-6326 proyectos type-proyectos status-publish has-post-thumbnail hentry\">\n<a href=\"https:\/\/obcocinas.es\/fr\/projets\/aviano\/\"><img decoding=\"async\" data-media-id=\"6334\" class=\"gb-media-48017a73\" src=\"https:\/\/obcocinas.es\/wp-content\/uploads\/2025\/11\/OB_COMPOSICION-9-jpg.avif\" alt=\"Aviano\"\/><\/a>\n\n\n\n<div>\n<h3 class=\"gb-text gb-text-0bb57b52\"><a href=\"https:\/\/obcocinas.es\/fr\/projets\/aviano\/\">Aviano<\/a><\/h3>\n\n\n\n<a class=\"gb-text gb-text-5268e653\" href=\"https:\/\/obcocinas.es\/fr\/projets\/aviano\/\">D\u00e9couvrir davantage<\/a>\n<\/div>\n<\/div>\n\n<div class=\"gb-loop-item swiper-slide ob-sn-card post-6287 proyectos type-proyectos status-publish has-post-thumbnail hentry\">\n<a href=\"https:\/\/obcocinas.es\/fr\/projets\/acropole\/\"><img decoding=\"async\" data-media-id=\"18020\" class=\"gb-media-48017a73\" src=\"https:\/\/obcocinas.es\/wp-content\/uploads\/2025\/11\/OB_COMPOSICION-3-2-jpg.avif\" alt=\"Acr\u00f3polis\"\/><\/a>\n\n\n\n<div>\n<h3 class=\"gb-text gb-text-0bb57b52\"><a href=\"https:\/\/obcocinas.es\/fr\/projets\/acropole\/\">Acr\u00f3polis<\/a><\/h3>\n\n\n\n<a class=\"gb-text gb-text-5268e653\" href=\"https:\/\/obcocinas.es\/fr\/projets\/acropole\/\">D\u00e9couvrir davantage<\/a>\n<\/div>\n<\/div>\n\n<div class=\"gb-loop-item swiper-slide ob-sn-card post-6313 proyectos type-proyectos status-publish has-post-thumbnail hentry\">\n<a href=\"https:\/\/obcocinas.es\/fr\/projets\/montreal\/\"><img loading=\"lazy\" decoding=\"async\" width=\"2400\" height=\"1301\" data-media-id=\"6324\" class=\"gb-media-48017a73\" src=\"https:\/\/obcocinas.es\/wp-content\/uploads\/2025\/11\/Copia-de-OB_COMPOSICION-2-FRONTAL.jpg\" alt=\"Montreal\" srcset=\"https:\/\/obcocinas.es\/wp-content\/uploads\/2025\/11\/Copia-de-OB_COMPOSICION-2-FRONTAL.jpg 2400w, https:\/\/obcocinas.es\/wp-content\/uploads\/2025\/11\/Copia-de-OB_COMPOSICION-2-FRONTAL-1024x555.jpg 1024w, https:\/\/obcocinas.es\/wp-content\/uploads\/2025\/11\/Copia-de-OB_COMPOSICION-2-FRONTAL-1536x833.jpg 1536w, https:\/\/obcocinas.es\/wp-content\/uploads\/2025\/11\/Copia-de-OB_COMPOSICION-2-FRONTAL-2048x1110-jpg.avif 2048w\" sizes=\"auto, (max-width: 2400px) 100vw, 2400px\" \/><\/a>\n\n\n\n<div>\n<h3 class=\"gb-text gb-text-0bb57b52\"><a href=\"https:\/\/obcocinas.es\/fr\/projets\/montreal\/\">Montreal<\/a><\/h3>\n\n\n\n<a class=\"gb-text gb-text-5268e653\" href=\"https:\/\/obcocinas.es\/fr\/projets\/montreal\/\">D\u00e9couvrir davantage<\/a>\n<\/div>\n<\/div>\n\n<div class=\"gb-loop-item swiper-slide ob-sn-card post-6273 proyectos type-proyectos status-publish has-post-thumbnail hentry\">\n<a href=\"https:\/\/obcocinas.es\/fr\/projets\/parona\/\"><img decoding=\"async\" data-media-id=\"6279\" class=\"gb-media-48017a73\" src=\"https:\/\/obcocinas.es\/wp-content\/uploads\/2025\/11\/Copia-de-OB_COMPOSICION-4-jpg.avif\" alt=\"Parona\"\/><\/a>\n\n\n\n<div>\n<h3 class=\"gb-text gb-text-0bb57b52\"><a href=\"https:\/\/obcocinas.es\/fr\/projets\/parona\/\">Parona<\/a><\/h3>\n\n\n\n<a class=\"gb-text gb-text-5268e653\" href=\"https:\/\/obcocinas.es\/fr\/projets\/parona\/\">D\u00e9couvrir davantage<\/a>\n<\/div>\n<\/div>\n\n<div class=\"gb-loop-item swiper-slide ob-sn-card post-6242 proyectos type-proyectos status-publish has-post-thumbnail hentry\">\n<a href=\"https:\/\/obcocinas.es\/fr\/projets\/moa\/\"><img decoding=\"async\" data-media-id=\"6244\" class=\"gb-media-48017a73\" src=\"https:\/\/obcocinas.es\/wp-content\/uploads\/2025\/11\/OB_COMPOSICION-6-jpg.avif\" alt=\"Moa\"\/><\/a>\n\n\n\n<div>\n<h3 class=\"gb-text gb-text-0bb57b52\"><a href=\"https:\/\/obcocinas.es\/fr\/projets\/moa\/\">Moa<\/a><\/h3>\n\n\n\n<a class=\"gb-text gb-text-5268e653\" href=\"https:\/\/obcocinas.es\/fr\/projets\/moa\/\">D\u00e9couvrir davantage<\/a>\n<\/div>\n<\/div>\n\n<div class=\"gb-loop-item swiper-slide ob-sn-card post-6267 proyectos type-proyectos status-publish has-post-thumbnail hentry\">\n<a href=\"https:\/\/obcocinas.es\/fr\/projets\/liverpool\/\"><img decoding=\"async\" data-media-id=\"6274\" class=\"gb-media-48017a73\" src=\"https:\/\/obcocinas.es\/wp-content\/uploads\/2025\/11\/OB_COMPOSICION-5_AUX-jpg.avif\" alt=\"Liverpool\"\/><\/a>\n\n\n\n<div>\n<h3 class=\"gb-text gb-text-0bb57b52\"><a href=\"https:\/\/obcocinas.es\/fr\/projets\/liverpool\/\">Liverpool<\/a><\/h3>\n\n\n\n<a class=\"gb-text gb-text-5268e653\" href=\"https:\/\/obcocinas.es\/fr\/projets\/liverpool\/\">D\u00e9couvrir davantage<\/a>\n<\/div>\n<\/div>\n<\/div>\n\n<\/div>\n\n\n\n<div class=\"gb-element-9b1518ee ob-projects-pagination swiper-pagination\"><\/div>\n\n\n\n<div class=\"gb-element-7a6a5263\">\n<div class=\"gb-element-de654cab ob-projects-prev\">\n<img loading=\"lazy\" decoding=\"async\" width=\"14\" height=\"19\" class=\"gb-media-63d2856a\" alt=\"Flecha hacia la derecha\" src=\"https:\/\/obcocinas.es\/wp-content\/uploads\/2025\/11\/slider-arrow.svg\" title=\"slider-arrow\"\/>\n<\/div>\n\n\n\n<div class=\"gb-element-fdd056d2 ob-projects-next\">\n<img loading=\"lazy\" decoding=\"async\" width=\"14\" height=\"19\" class=\"gb-media-ddaa1d62\" alt=\"Flecha hacia la derecha\" src=\"https:\/\/obcocinas.es\/wp-content\/uploads\/2025\/11\/slider-arrow.svg\" title=\"slider-arrow\"\/>\n<\/div>\n<\/div>\n\n\n\n<div class=\"gb-element-cb331b6c ob-projects-progress\">\n<div class=\"gb-element-be0302fd ob-projects-progress-track\">\n<div class=\"gb-element-a9dd5106 ob-projects-progress-fill\" id=\"projectsProgressFill\"><\/div>\n<\/div>\n<\/div>\n<\/div>\n\n\n\n<div><\/div>\n<\/div>\n\n\n\n<div class=\"gb-element-5dbdf440\">\n<div class=\"gb-element-d2649208\">\n<div class=\"gb-element-3492877c\">\n<div class=\"gb-element-f00b71b4\">\n<h2 class=\"gb-text gb-text-6a8ca0b9\">La cuisine est le langage<br>le plus universel au monde<\/h2>\n\n\n\n<a class=\"gb-text gb-text-3d1bf574 ob-btn-main\" href=\"https:\/\/obcocinas.es\/wp-content\/uploads\/2025\/11\/CATALOGO-DE-IMAGEN-2025.pdf\">Voir le catalogue<\/a>\n<\/div>\n\n\n\n<div class=\"gb-element-e26e2788\">\n<img loading=\"lazy\" decoding=\"async\" width=\"629\" height=\"786\" class=\"gb-media-0a0a3f6f\" alt=\"OB Cocinas libro\" src=\"https:\/\/obcocinas.es\/wp-content\/uploads\/2025\/11\/obcocinas-libro-.png\" title=\"obcocinas-libro\" srcset=\"https:\/\/obcocinas.es\/wp-content\/uploads\/2025\/11\/obcocinas-libro--png.avif 629w, https:\/\/obcocinas.es\/wp-content\/uploads\/2025\/11\/obcocinas-libro--240x300-png.avif 240w\" sizes=\"auto, (max-width: 629px) 100vw, 629px\" \/>\n<\/div>\n<\/div>\n<\/div>\n<\/div>\n\n\n\n<div style=\"height:30px\" aria-hidden=\"true\" class=\"wp-block-spacer\"><\/div>\n","protected":false},"excerpt":{"rendered":"<p>Devenir distributeur Contactez-nous +400 points de vente dans le monde 115.000 modules de cuisine fabriqu\u00e9s chaque ann\u00e9e 40.000 m2 d&rsquo;installations +45 ans d\u2019exp\u00e9rience +15 pays \u00e0 l\u2019export 1.000.000 watts d\u2019\u00e9nergie solaire g\u00e9n\u00e9r\u00e9e Qualit\u00e9, efficacit\u00e9 et excellence Chez OB COCINAS, nous sommes sp\u00e9cialis\u00e9s dans la conception, la fabrication et la fourniture de cuisines de haute qualit\u00e9. [&hellip;]<\/p>\n","protected":false},"author":14,"featured_media":0,"parent":0,"menu_order":0,"comment_status":"closed","ping_status":"closed","template":"wp-custom-template-page-sans-titre","meta":{"footnotes":""},"class_list":["post-19201","page","type-page","status-publish","hentry"],"_links":{"self":[{"href":"https:\/\/obcocinas.es\/fr\/wp-json\/wp\/v2\/pages\/19201","targetHints":{"allow":["GET"]}}],"collection":[{"href":"https:\/\/obcocinas.es\/fr\/wp-json\/wp\/v2\/pages"}],"about":[{"href":"https:\/\/obcocinas.es\/fr\/wp-json\/wp\/v2\/types\/page"}],"author":[{"embeddable":true,"href":"https:\/\/obcocinas.es\/fr\/wp-json\/wp\/v2\/users\/14"}],"replies":[{"embeddable":true,"href":"https:\/\/obcocinas.es\/fr\/wp-json\/wp\/v2\/comments?post=19201"}],"version-history":[{"count":5,"href":"https:\/\/obcocinas.es\/fr\/wp-json\/wp\/v2\/pages\/19201\/revisions"}],"predecessor-version":[{"id":19206,"href":"https:\/\/obcocinas.es\/fr\/wp-json\/wp\/v2\/pages\/19201\/revisions\/19206"}],"wp:attachment":[{"href":"https:\/\/obcocinas.es\/fr\/wp-json\/wp\/v2\/media?parent=19201"}],"curies":[{"name":"wp","href":"https:\/\/api.w.org\/{rel}","templated":true}]}}