{"id":5715,"date":"2025-11-21T01:40:50","date_gmt":"2025-11-21T00:40:50","guid":{"rendered":"https:\/\/obcocinas.codeloper.dev\/news\/"},"modified":"2026-05-12T15:43:12","modified_gmt":"2026-05-12T13:43:12","slug":"news","status":"publish","type":"page","link":"https:\/\/obcocinas.es\/en\/news\/","title":{"rendered":"News"},"content":{"rendered":"\n<div class=\"gb-element-5538e0c5 ob-title-project\">\n<h1 class=\"gb-text gb-text-5303fce7\">News<\/h1>\n\n\n\n<div class=\"gb-element-c82b46e0\"><\/div>\n<\/div>\n\n\n\n<div class=\"gb-element-204a86b4 container-filtros\"><ul style=\"text-transform:uppercase;\" class=\"wp-block-categories-list filto-categorias wp-block-categories\">\t<li class=\"cat-item cat-item-1072\"><a href=\"https:\/\/obcocinas.es\/en\/blog\/category\/corporate\/\">Corporate<\/a>\n<\/li>\n\t<li class=\"cat-item cat-item-1064\"><a href=\"https:\/\/obcocinas.es\/en\/blog\/category\/inspiration\/\">Inspiration<\/a>\n<\/li>\n\t<li class=\"cat-item cat-item-1069\"><a href=\"https:\/\/obcocinas.es\/en\/blog\/category\/our-kitchens\/\">Our Kitchens<\/a>\n<\/li>\n\t<li class=\"cat-item cat-item-1339\"><a href=\"https:\/\/obcocinas.es\/en\/blog\/category\/sin-categoria\/\">Sin categor\u00eda<\/a>\n<\/li>\n\t<li class=\"cat-item cat-item-1063\"><a href=\"https:\/\/obcocinas.es\/en\/blog\/category\/tips\/\">Tips<\/a>\n<\/li>\n<\/ul>\n\n<form role=\"search\" method=\"get\" action=\"https:\/\/obcocinas.es\/en\/\" style=\"margin-top:0;margin-bottom:0;margin-left:0;margin-right:0;\" class=\"wp-block-search__button-outside wp-block-search__text-button wp-block-search\"    ><label class=\"wp-block-search__label screen-reader-text\" for=\"wp-block-search__input-1\" >Buscador de noticias<\/label><div class=\"wp-block-search__inside-wrapper\"  style=\"width: 459px\"><input class=\"wp-block-search__input\" id=\"wp-block-search__input-1\" placeholder=\"Search\" value=\"\" type=\"search\" name=\"s\" required \/><button aria-label=\"Search\" class=\"wp-block-search__button has-background wp-element-button\" type=\"submit\"  style=\"background-color: #8a6eff\">Search<\/button><\/div><\/form><\/div>\n\n\n\n<div class=\"gb-element-82dd7907\">\n<div><div class=\"gb-looper-edd2a240\">\n<div class=\"gb-loop-item post-11209 post type-post status-publish format-standard has-post-thumbnail hentry category-tips\">\n<a href=\"https:\/\/obcocinas.es\/en\/blog\/ideas-to-make-the-most-of-the-space-in-small-kitchens\/\"><img decoding=\"async\" data-media-id=\"8672\" class=\"gb-media-48017a73\" src=\"https:\/\/obcocinas.es\/wp-content\/uploads\/2025\/11\/portada_ob_cocinas_-_ideas_para_aprovechar_el_espacio_en_cocinas_pequenas_-_muebles_fran.-pim2-2000_q65-jpg.avif\" alt=\"Ideas to make the most of the space in small kitchens\"\/><\/a>\n\n\n\n<div class=\"gb-element-079eb05f\">\n<h2 class=\"gb-text gb-text-0bb57b52\"><a href=\"https:\/\/obcocinas.es\/en\/blog\/ideas-to-make-the-most-of-the-space-in-small-kitchens\/\">Ideas to make the most of the space in small kitchens<\/a><\/h2>\n\n\n\n<a class=\"gb-text gb-text-5268e653\" href=\"https:\/\/obcocinas.es\/en\/blog\/ideas-to-make-the-most-of-the-space-in-small-kitchens\/\">Discover more<\/a>\n<\/div>\n<\/div>\n\n<div class=\"gb-loop-item post-10750 post type-post status-publish format-standard has-post-thumbnail hentry category-inspiration category-tips\">\n<a href=\"https:\/\/obcocinas.es\/en\/blog\/open-kitchens-types-pros-and-cons\/\"><img decoding=\"async\" data-media-id=\"8405\" class=\"gb-media-48017a73\" src=\"https:\/\/obcocinas.es\/wp-content\/uploads\/2025\/11\/cabecera.-pim2-2000_q65-2-jpg.avif\" alt=\"Open kitchens: types, pros and cons\"\/><\/a>\n\n\n\n<div class=\"gb-element-079eb05f\">\n<h2 class=\"gb-text gb-text-0bb57b52\"><a href=\"https:\/\/obcocinas.es\/en\/blog\/open-kitchens-types-pros-and-cons\/\">Open kitchens: types, pros and cons<\/a><\/h2>\n\n\n\n<a class=\"gb-text gb-text-5268e653\" href=\"https:\/\/obcocinas.es\/en\/blog\/open-kitchens-types-pros-and-cons\/\">Discover more<\/a>\n<\/div>\n<\/div>\n\n<div class=\"gb-loop-item post-18854 post type-post status-publish format-standard has-post-thumbnail hentry category-inspiration\">\n<a href=\"https:\/\/obcocinas.es\/en\/blog\/el-poder-del-color-en-la-cocina-mas-alla-del-blanco\/\"><img decoding=\"async\" data-media-id=\"18853\" class=\"gb-media-48017a73\" src=\"https:\/\/obcocinas.es\/wp-content\/uploads\/2026\/02\/260325-BLOG-Larramendi-Jauregui-jpg.avif\" alt=\"El poder del color en la cocina: m\u00e1s all\u00e1 del blanco\"\/><\/a>\n\n\n\n<div class=\"gb-element-079eb05f\">\n<h2 class=\"gb-text gb-text-0bb57b52\"><a href=\"https:\/\/obcocinas.es\/en\/blog\/el-poder-del-color-en-la-cocina-mas-alla-del-blanco\/\">El poder del color en la cocina: m\u00e1s all\u00e1 del blanco<\/a><\/h2>\n\n\n\n<a class=\"gb-text gb-text-5268e653\" href=\"https:\/\/obcocinas.es\/en\/blog\/el-poder-del-color-en-la-cocina-mas-alla-del-blanco\/\">Discover more<\/a>\n<\/div>\n<\/div>\n\n<div class=\"gb-loop-item post-18839 post type-post status-publish format-standard has-post-thumbnail hentry category-tips\">\n<a href=\"https:\/\/obcocinas.es\/en\/blog\/estas-a-tiempo-evita-estos-errores-en-tu-nueva-cocina\/\"><img loading=\"lazy\" decoding=\"async\" width=\"2560\" height=\"1707\" data-media-id=\"18838\" class=\"gb-media-48017a73\" src=\"https:\/\/obcocinas.es\/wp-content\/uploads\/2026\/02\/260319-BLOG-Mobelrias-Castroman-Exposicion-Berlin-crema-Montreal-y-Valentina-5-scaled.jpg\" alt=\"Est\u00e1s a tiempo: evita estos errores en tu nueva cocina\" srcset=\"https:\/\/obcocinas.es\/wp-content\/uploads\/2026\/02\/260319-BLOG-Mobelrias-Castroman-Exposicion-Berlin-crema-Montreal-y-Valentina-5-scaled.jpg 2560w, https:\/\/obcocinas.es\/wp-content\/uploads\/2026\/02\/260319-BLOG-Mobelrias-Castroman-Exposicion-Berlin-crema-Montreal-y-Valentina-5-1024x683-jpg.avif 1024w, https:\/\/obcocinas.es\/wp-content\/uploads\/2026\/02\/260319-BLOG-Mobelrias-Castroman-Exposicion-Berlin-crema-Montreal-y-Valentina-5-1536x1024-jpg.avif 1536w, https:\/\/obcocinas.es\/wp-content\/uploads\/2026\/02\/260319-BLOG-Mobelrias-Castroman-Exposicion-Berlin-crema-Montreal-y-Valentina-5-2048x1365-jpg.avif 2048w\" sizes=\"auto, (max-width: 2560px) 100vw, 2560px\" \/><\/a>\n\n\n\n<div class=\"gb-element-079eb05f\">\n<h2 class=\"gb-text gb-text-0bb57b52\"><a href=\"https:\/\/obcocinas.es\/en\/blog\/estas-a-tiempo-evita-estos-errores-en-tu-nueva-cocina\/\">Est\u00e1s a tiempo: evita estos errores en tu nueva cocina<\/a><\/h2>\n\n\n\n<a class=\"gb-text gb-text-5268e653\" href=\"https:\/\/obcocinas.es\/en\/blog\/estas-a-tiempo-evita-estos-errores-en-tu-nueva-cocina\/\">Discover more<\/a>\n<\/div>\n<\/div>\n\n<div class=\"gb-loop-item post-18819 post type-post status-publish format-standard has-post-thumbnail hentry category-our-kitchens tag-cocinas-de-madera\">\n<a href=\"https:\/\/obcocinas.es\/en\/blog\/a-fondo-una-cocina-que-se-vive-con-cocinas-domporte\/\"><img decoding=\"async\" data-media-id=\"18818\" class=\"gb-media-48017a73\" src=\"https:\/\/obcocinas.es\/wp-content\/uploads\/2026\/02\/0309-BLOG-3-scaled-jpg.avif\" alt=\"A fondo: una cocina que se vive con Cocinas Domporte\"\/><\/a>\n\n\n\n<div class=\"gb-element-079eb05f\">\n<h2 class=\"gb-text gb-text-0bb57b52\"><a href=\"https:\/\/obcocinas.es\/en\/blog\/a-fondo-una-cocina-que-se-vive-con-cocinas-domporte\/\">A fondo: una cocina que se vive con Cocinas Domporte<\/a><\/h2>\n\n\n\n<a class=\"gb-text gb-text-5268e653\" href=\"https:\/\/obcocinas.es\/en\/blog\/a-fondo-una-cocina-que-se-vive-con-cocinas-domporte\/\">Discover more<\/a>\n<\/div>\n<\/div>\n\n<div class=\"gb-loop-item post-18522 post type-post status-publish format-standard has-post-thumbnail hentry category-inspiration category-tips\">\n<a href=\"https:\/\/obcocinas.es\/en\/blog\/isla-o-peninsula-como-elegir-la-mejor-opcion-para-tu-cocina\/\"><img decoding=\"async\" data-media-id=\"18521\" class=\"gb-media-48017a73\" src=\"https:\/\/obcocinas.es\/wp-content\/uploads\/2026\/02\/260225-Juncal-Urbina-jpg.avif\" alt=\"Isla o pen\u00ednsula: c\u00f3mo elegir la mejor opci\u00f3n para tu cocina\"\/><\/a>\n\n\n\n<div class=\"gb-element-079eb05f\">\n<h2 class=\"gb-text gb-text-0bb57b52\"><a href=\"https:\/\/obcocinas.es\/en\/blog\/isla-o-peninsula-como-elegir-la-mejor-opcion-para-tu-cocina\/\">Isla o pen\u00ednsula: c\u00f3mo elegir la mejor opci\u00f3n para tu cocina<\/a><\/h2>\n\n\n\n<a class=\"gb-text gb-text-5268e653\" href=\"https:\/\/obcocinas.es\/en\/blog\/isla-o-peninsula-como-elegir-la-mejor-opcion-para-tu-cocina\/\">Discover more<\/a>\n<\/div>\n<\/div>\n\n<div class=\"gb-loop-item post-18526 post type-post status-publish format-standard has-post-thumbnail hentry category-inspiration category-our-kitchens\">\n<a href=\"https:\/\/obcocinas.es\/en\/blog\/in-depth-combination-of-materials-with-apunto-reformas\/\"><img decoding=\"async\" data-media-id=\"18525\" class=\"gb-media-48017a73\" src=\"https:\/\/obcocinas.es\/wp-content\/uploads\/2026\/02\/260219-BLOG-A-fondo-a-punto-reformas-4-scaled-jpeg.avif\" alt=\"In depth: combination of materials with Apunto Reformas\"\/><\/a>\n\n\n\n<div class=\"gb-element-079eb05f\">\n<h2 class=\"gb-text gb-text-0bb57b52\"><a href=\"https:\/\/obcocinas.es\/en\/blog\/in-depth-combination-of-materials-with-apunto-reformas\/\">In depth: combination of materials with Apunto Reformas<\/a><\/h2>\n\n\n\n<a class=\"gb-text gb-text-5268e653\" href=\"https:\/\/obcocinas.es\/en\/blog\/in-depth-combination-of-materials-with-apunto-reformas\/\">Discover more<\/a>\n<\/div>\n<\/div>\n\n<div class=\"gb-loop-item post-18508 post type-post status-publish format-standard has-post-thumbnail hentry category-sin-categoria category-tips tag-kitchen-design\">\n<a href=\"https:\/\/obcocinas.es\/en\/blog\/kitchen-design-made-to-last\/\"><img decoding=\"async\" data-media-id=\"18507\" class=\"gb-media-48017a73\" src=\"https:\/\/obcocinas.es\/wp-content\/uploads\/2026\/02\/260209-i9cozinhas-scaled-jpg.avif\" alt=\"Kitchen design made to last\"\/><\/a>\n\n\n\n<div class=\"gb-element-079eb05f\">\n<h2 class=\"gb-text gb-text-0bb57b52\"><a href=\"https:\/\/obcocinas.es\/en\/blog\/kitchen-design-made-to-last\/\">Kitchen design made to last<\/a><\/h2>\n\n\n\n<a class=\"gb-text gb-text-5268e653\" href=\"https:\/\/obcocinas.es\/en\/blog\/kitchen-design-made-to-last\/\">Discover more<\/a>\n<\/div>\n<\/div>\n\n<div class=\"gb-loop-item post-18460 post type-post status-publish format-standard has-post-thumbnail hentry category-inspiration category-sin-categoria category-tips\">\n<a href=\"https:\/\/obcocinas.es\/en\/blog\/small-kitchen-plan-it-well\/\"><img decoding=\"async\" data-media-id=\"18451\" class=\"gb-media-48017a73\" src=\"https:\/\/obcocinas.es\/wp-content\/uploads\/2026\/01\/Apal-vitoria-hueso-y-amazonas-2-1-jpg.avif\" alt=\"Small kitchen? Plan it well!\"\/><\/a>\n\n\n\n<div class=\"gb-element-079eb05f\">\n<h2 class=\"gb-text gb-text-0bb57b52\"><a href=\"https:\/\/obcocinas.es\/en\/blog\/small-kitchen-plan-it-well\/\">Small kitchen? Plan it well!<\/a><\/h2>\n\n\n\n<a class=\"gb-text gb-text-5268e653\" href=\"https:\/\/obcocinas.es\/en\/blog\/small-kitchen-plan-it-well\/\">Discover more<\/a>\n<\/div>\n<\/div>\n\n<div class=\"gb-loop-item post-18190 post type-post status-publish format-standard has-post-thumbnail hentry category-inspiration category-our-kitchens category-sin-categoria\">\n<a href=\"https:\/\/obcocinas.es\/en\/blog\/5-cocinas-que-han-arrasado-en-nuestras-redes-en-2025\/\"><img decoding=\"async\" data-media-id=\"18189\" class=\"gb-media-48017a73\" src=\"https:\/\/obcocinas.es\/wp-content\/uploads\/2025\/12\/OB-Cocinas-Las-cocinas-que-han-arrasado-en-2025-jpg.avif\" alt=\"5 cocinas que han arrasado en nuestras redes en 2025\"\/><\/a>\n\n\n\n<div class=\"gb-element-079eb05f\">\n<h2 class=\"gb-text gb-text-0bb57b52\"><a href=\"https:\/\/obcocinas.es\/en\/blog\/5-cocinas-que-han-arrasado-en-nuestras-redes-en-2025\/\">5 cocinas que han arrasado en nuestras redes en 2025<\/a><\/h2>\n\n\n\n<a class=\"gb-text gb-text-5268e653\" href=\"https:\/\/obcocinas.es\/en\/blog\/5-cocinas-que-han-arrasado-en-nuestras-redes-en-2025\/\">Discover more<\/a>\n<\/div>\n<\/div>\n<\/div>\n\n\n<div class=\"gb-element-60528a63 gb-query-loop-pagination\">\n\n<nav class=\"gb-query-page-numbers-df0160d7\"><span aria-current=\"page\" class=\"page-numbers current\">1<\/span>\n<a class=\"page-numbers\" href=\"?query-ed4bcffa-page=2\">2<\/a>\n<a class=\"page-numbers\" href=\"?query-ed4bcffa-page=3\">3<\/a>\n<a class=\"page-numbers\" href=\"?query-ed4bcffa-page=4\">4<\/a>\n<span class=\"page-numbers dots\">&hellip;<\/span>\n<a class=\"page-numbers\" href=\"?query-ed4bcffa-page=20\">20<\/a><\/nav>\n\n\n<a class=\"gb-text gb-text-abe7f152\" href=\"\/en\/wp-json\/wp\/v2\/pages\/5715?query-ed4bcffa-page=2\">Next<\/a>\n<\/div>\n\n\n<\/div>\n<\/div>\n","protected":false},"excerpt":{"rendered":"<p>News<\/p>\n","protected":false},"author":1,"featured_media":0,"parent":0,"menu_order":0,"comment_status":"closed","ping_status":"closed","template":"wp-custom-template-page-no-title","meta":{"footnotes":""},"class_list":["post-5715","page","type-page","status-publish","hentry"],"_links":{"self":[{"href":"https:\/\/obcocinas.es\/en\/wp-json\/wp\/v2\/pages\/5715","targetHints":{"allow":["GET"]}}],"collection":[{"href":"https:\/\/obcocinas.es\/en\/wp-json\/wp\/v2\/pages"}],"about":[{"href":"https:\/\/obcocinas.es\/en\/wp-json\/wp\/v2\/types\/page"}],"author":[{"embeddable":true,"href":"https:\/\/obcocinas.es\/en\/wp-json\/wp\/v2\/users\/1"}],"replies":[{"embeddable":true,"href":"https:\/\/obcocinas.es\/en\/wp-json\/wp\/v2\/comments?post=5715"}],"version-history":[{"count":8,"href":"https:\/\/obcocinas.es\/en\/wp-json\/wp\/v2\/pages\/5715\/revisions"}],"predecessor-version":[{"id":19633,"href":"https:\/\/obcocinas.es\/en\/wp-json\/wp\/v2\/pages\/5715\/revisions\/19633"}],"wp:attachment":[{"href":"https:\/\/obcocinas.es\/en\/wp-json\/wp\/v2\/media?parent=5715"}],"curies":[{"name":"wp","href":"https:\/\/api.w.org\/{rel}","templated":true}]}}